{"id":843,"date":"2025-04-07T14:34:19","date_gmt":"2025-04-07T18:34:19","guid":{"rendered":"https:\/\/www.usemb.nl\/fornya-usas-visum-i-nederlanderna\/"},"modified":"2025-04-07T14:48:26","modified_gmt":"2025-04-07T18:48:26","slug":"fornya-usas-visum-i-nederlanderna","status":"publish","type":"page","link":"https:\/\/www.usemb.nl\/sv\/fornya-usas-visum-i-nederlanderna\/","title":{"rendered":"F\u00f6rnya ett amerikanskt visum i Nederl\u00e4nderna"},"content":{"rendered":"\n<h1 class=\"wp-block-heading\">F\u00f6rnya ditt visum till USA fr\u00e5n Nederl\u00e4nderna<\/h1>\n\n<p>Att f\u00f6rnya ditt visum till USA fr\u00e5n Nederl\u00e4nderna \u00e4r en enkel process, men det \u00e4r viktigt att vara informerad om kriterierna, tidslinjerna och eventuella undantag f\u00f6r att s\u00e4kerst\u00e4lla en smidig upplevelse.<\/p>\n\n<h2 class=\"wp-block-heading\">Beh\u00f6righetskriterier f\u00f6r f\u00f6rnyelse av visum till USA<\/h2>\n\n<p>Du \u00e4r i allm\u00e4nhet ber\u00e4ttigad till f\u00f6rnyelse av visum utan en intervju om:<\/p>\n\n<ul class=\"wp-block-list\">\n<li>Du f\u00f6rnyar en visering med samma klassificering som din tidigare visering.<\/li>\n\n\n\n<li>Ditt tidigare visum utf\u00e4rdades n\u00e4r du var 14 \u00e5r eller \u00e4ldre.<\/li>\n\n\n\n<li>Ditt visum \u00e4r antingen fortfarande giltigt eller har l\u00f6pt ut under de senaste 48 m\u00e5naderna.<\/li>\n\n\n\n<li>Du har inte nekats visum till USA efter utf\u00e4rdandet av ditt tidigare visum.<\/li>\n\n\n\n<li>Du \u00e4r fysiskt n\u00e4rvarande i Nederl\u00e4nderna under din ans\u00f6kan om f\u00f6rnyelse.<\/li>\n<\/ul>\n\n<div style=\"height:20px\" aria-hidden=\"true\" class=\"wp-block-spacer\"><\/div>\n\n<h2 class=\"wp-block-heading\">F\u00f6rnyelseprocess<\/h2>\n\n<h3 class=\"wp-block-heading\">Steg-f\u00f6r-steg-guide:<\/h3>\n\n<ol start=\"1\" class=\"wp-block-list\">\n<li><strong>Fyll i formul\u00e4ret DS-160 online<\/strong>:\n<ul class=\"wp-block-list\">\n<li>Fyll i ans\u00f6kan om icke-immigrantvisum <a href=\"https:\/\/travel.state.gov\/content\/travel\/en\/us-visas\/visa-information-resources\/forms\/ds-160-online-nonimmigrant-visa-application.html\">DS-160<\/a>.<\/li>\n\n\n\n<li>Skriv ut och spara bekr\u00e4ftelsesidan med streckkoden.<\/li>\n<\/ul>\n<\/li>\n\n\n\n<li><strong>Betala ans\u00f6kningsavgiften f\u00f6r visum<\/strong>:\n<ul class=\"wp-block-list\">\n<li>Betala <a href=\"https:\/\/usa-b2.com\/en\/fees-b2-visa\/\">viseringsavgiften<\/a> online via den officiella webbplatsen f\u00f6r tidsbokning.<\/li>\n\n\n\n<li>Skriv ut kvittot p\u00e5 betalningsbekr\u00e4ftelsen.<\/li>\n<\/ul>\n<\/li>\n\n\n\n<li><strong>Kontrollera om du \u00e4r ber\u00e4ttigad till undantag fr\u00e5n intervjun<\/strong>:\n<ul class=\"wp-block-list\">\n<li>Kontrollera om du \u00e4r ber\u00e4ttigad till undantag fr\u00e5n intervjuprogrammet p\u00e5 den <a href=\"https:\/\/nl.usembassy.gov\/\">amerikanska ambassaden i Nederl\u00e4ndernas webbplats<\/a>.<\/li>\n<\/ul>\n<\/li>\n\n\n\n<li><strong>Boka tid eller skicka in dokument<\/strong>:\n<ul class=\"wp-block-list\">\n<li>Om du \u00e4r ber\u00e4ttigad till undantag fr\u00e5n intervjun ska du f\u00f6lja anvisningarna f\u00f6r att skicka ditt pass och dina handlingar.<\/li>\n\n\n\n<li>Om en intervju kr\u00e4vs, boka din tid online.<\/li>\n<\/ul>\n<\/li>\n\n\n\n<li><strong>Skicka in dina dokument<\/strong>:\n<ul class=\"wp-block-list\">\n<li>Bifoga ditt pass, DS-160-bekr\u00e4ftelse, kvitto p\u00e5 visumavgift, ett nytaget foto och styrkande handlingar (t.ex. kopia av tidigare visum).<\/li>\n<\/ul>\n<\/li>\n<\/ol>\n\n<div style=\"height:20px\" aria-hidden=\"true\" class=\"wp-block-spacer\"><\/div>\n\n<h2 class=\"wp-block-heading\">Tidslinjer<\/h2>\n\n<p>Behandlingstiderna varierar vanligtvis fr\u00e5n <strong>7 till 15 arbetsdagar<\/strong> f\u00f6r f\u00f6rnyelse av undantag fr\u00e5n intervjuer. Om en intervju kr\u00e4vs kan behandlingstiderna variera beroende p\u00e5 tillg\u00e4nglighet f\u00f6r m\u00f6ten och s\u00e4songsm\u00e4ssig efterfr\u00e5gan. <\/p>\n\n<h2 class=\"wp-block-heading\">Undantag<\/h2>\n\n<p>Du kan beh\u00f6va en intervju om:<\/p>\n\n<ul class=\"wp-block-list\">\n<li>Ditt tidigare visum har f\u00f6rsvunnit, stulits eller annullerats.<\/li>\n\n\n\n<li>Du har tidigare stannat l\u00e4ngre \u00e4n till\u00e5tet i USA.<\/li>\n\n\n\n<li>Du har bytt visumkategori eller upplevt betydande f\u00f6r\u00e4ndringar i din personliga status.<\/li>\n\n\n\n<li>Den konsul\u00e4ra tj\u00e4nstemannen bed\u00f6mer att en intervju \u00e4r n\u00f6dv\u00e4ndig.<\/li>\n<\/ul>\n\n<div style=\"height:20px\" aria-hidden=\"true\" class=\"wp-block-spacer\"><\/div>\n\n<p>Kontrollera alltid din status och de s\u00e4rskilda anvisningarna i <a href=\"https:\/\/www.usemb.nl\/sv\/visumtjanster-for-nederlandska-medborgare-vid-usas-ambassad-i-nederlanderna\/\">visumans\u00f6kan f\u00f6r nederl\u00e4ndska medborgare i USA f\u00f6r<\/a> att s\u00e4kerst\u00e4lla att de st\u00e4mmer.<\/p>\n\n<h2 class=\"wp-block-heading\">Ytterligare tips<\/h2>\n\n<p>B\u00f6rja f\u00f6rnyelseprocessen minst 3 m\u00e5nader f\u00f6re din planerade resa f\u00f6r att undvika f\u00f6rseningar. Se till att ditt pass \u00e4r giltigt minst sex m\u00e5nader l\u00e4ngre \u00e4n din planerade vistelse i USA och f\u00f6lj noga instruktionerna f\u00f6r inl\u00e4mning av dokument f\u00f6r att undvika f\u00f6rseningar i handl\u00e4ggningen. <\/p>\n","protected":false},"excerpt":{"rendered":"<p>F\u00f6rnya ditt visum till USA fr\u00e5n Nederl\u00e4nderna Att f\u00f6rnya ditt visum till USA fr\u00e5n Nederl\u00e4nderna \u00e4r en enkel process, men det \u00e4r viktigt att vara informerad om kriterierna, tidslinjerna och eventuella undantag f\u00f6r att s\u00e4kerst\u00e4lla en smidig upplevelse. Beh\u00f6righetskriterier f\u00f6r f\u00f6rnyelse av visum till USA Du \u00e4r i allm\u00e4nhet ber\u00e4ttigad till f\u00f6rnyelse av visum utan [&hellip;]<\/p>\n","protected":false},"author":1,"featured_media":0,"parent":0,"menu_order":0,"comment_status":"closed","ping_status":"closed","template":"","meta":{"footnotes":""},"class_list":["post-843","page","type-page","status-publish","hentry"],"yoast_head":"<!-- This site is optimized with the Yoast SEO plugin v26.2 - https:\/\/yoast.com\/wordpress\/plugins\/seo\/ -->\n<title>F\u00f6rnya ett amerikanskt visum i Nederl\u00e4nderna - USA<\/title>\n<meta name=\"description\" content=\"F\u00f6rnyelse av ett amerikanskt visum fr\u00e5n Nederl\u00e4nderna m\u00e5ste f\u00f6lja instruktioner och tidslinjer f\u00f6r att s\u00e4kerst\u00e4lla en smidig upplevelse\" \/>\n<meta name=\"robots\" content=\"index, follow, max-snippet:-1, max-image-preview:large, max-video-preview:-1\" \/>\n<link rel=\"canonical\" href=\"https:\/\/www.usemb.nl\/sv\/fornya-usas-visum-i-nederlanderna\/\" \/>\n<meta property=\"og:locale\" content=\"sv_SE\" \/>\n<meta property=\"og:type\" content=\"article\" \/>\n<meta property=\"og:title\" content=\"F\u00f6rnya ett amerikanskt visum i Nederl\u00e4nderna - USA\" \/>\n<meta property=\"og:description\" content=\"F\u00f6rnyelse av ett amerikanskt visum fr\u00e5n Nederl\u00e4nderna m\u00e5ste f\u00f6lja instruktioner och tidslinjer f\u00f6r att s\u00e4kerst\u00e4lla en smidig upplevelse\" \/>\n<meta property=\"og:url\" content=\"https:\/\/www.usemb.nl\/sv\/fornya-usas-visum-i-nederlanderna\/\" \/>\n<meta property=\"og:site_name\" content=\"USA\" \/>\n<meta property=\"article:modified_time\" content=\"2025-04-07T18:48:26+00:00\" \/>\n<meta name=\"twitter:card\" content=\"summary_large_image\" \/>\n<meta name=\"twitter:label1\" content=\"Ber\u00e4knad l\u00e4stid\" \/>\n\t<meta name=\"twitter:data1\" content=\"2 minuter\" \/>\n<script type=\"application\/ld+json\" class=\"yoast-schema-graph\">{\"@context\":\"https:\/\/schema.org\",\"@graph\":[{\"@type\":\"WebPage\",\"@id\":\"https:\/\/www.usemb.nl\/sv\/fornya-usas-visum-i-nederlanderna\/\",\"url\":\"https:\/\/www.usemb.nl\/sv\/fornya-usas-visum-i-nederlanderna\/\",\"name\":\"F\u00f6rnya ett amerikanskt visum i Nederl\u00e4nderna - USA\",\"isPartOf\":{\"@id\":\"https:\/\/www.usemb.nl\/sv\/#website\"},\"datePublished\":\"2025-04-07T18:34:19+00:00\",\"dateModified\":\"2025-04-07T18:48:26+00:00\",\"description\":\"F\u00f6rnyelse av ett amerikanskt visum fr\u00e5n Nederl\u00e4nderna m\u00e5ste f\u00f6lja instruktioner och tidslinjer f\u00f6r att s\u00e4kerst\u00e4lla en smidig upplevelse\",\"breadcrumb\":{\"@id\":\"https:\/\/www.usemb.nl\/sv\/fornya-usas-visum-i-nederlanderna\/#breadcrumb\"},\"inLanguage\":\"sv-SE\",\"potentialAction\":[{\"@type\":\"ReadAction\",\"target\":[\"https:\/\/www.usemb.nl\/sv\/fornya-usas-visum-i-nederlanderna\/\"]}]},{\"@type\":\"BreadcrumbList\",\"@id\":\"https:\/\/www.usemb.nl\/sv\/fornya-usas-visum-i-nederlanderna\/#breadcrumb\",\"itemListElement\":[{\"@type\":\"ListItem\",\"position\":1,\"name\":\"Home\",\"item\":\"https:\/\/www.usemb.nl\/sv\/\"},{\"@type\":\"ListItem\",\"position\":2,\"name\":\"F\u00f6rnya ett amerikanskt visum i Nederl\u00e4nderna\"}]},{\"@type\":\"WebSite\",\"@id\":\"https:\/\/www.usemb.nl\/sv\/#website\",\"url\":\"https:\/\/www.usemb.nl\/sv\/\",\"name\":\"USA\",\"description\":\"United States of America\",\"potentialAction\":[{\"@type\":\"SearchAction\",\"target\":{\"@type\":\"EntryPoint\",\"urlTemplate\":\"https:\/\/www.usemb.nl\/sv\/?s={search_term_string}\"},\"query-input\":{\"@type\":\"PropertyValueSpecification\",\"valueRequired\":true,\"valueName\":\"search_term_string\"}}],\"inLanguage\":\"sv-SE\"}]}<\/script>\n<!-- \/ Yoast SEO plugin. -->","yoast_head_json":{"title":"F\u00f6rnya ett amerikanskt visum i Nederl\u00e4nderna - USA","description":"F\u00f6rnyelse av ett amerikanskt visum fr\u00e5n Nederl\u00e4nderna m\u00e5ste f\u00f6lja instruktioner och tidslinjer f\u00f6r att s\u00e4kerst\u00e4lla en smidig upplevelse","robots":{"index":"index","follow":"follow","max-snippet":"max-snippet:-1","max-image-preview":"max-image-preview:large","max-video-preview":"max-video-preview:-1"},"canonical":"https:\/\/www.usemb.nl\/sv\/fornya-usas-visum-i-nederlanderna\/","og_locale":"sv_SE","og_type":"article","og_title":"F\u00f6rnya ett amerikanskt visum i Nederl\u00e4nderna - USA","og_description":"F\u00f6rnyelse av ett amerikanskt visum fr\u00e5n Nederl\u00e4nderna m\u00e5ste f\u00f6lja instruktioner och tidslinjer f\u00f6r att s\u00e4kerst\u00e4lla en smidig upplevelse","og_url":"https:\/\/www.usemb.nl\/sv\/fornya-usas-visum-i-nederlanderna\/","og_site_name":"USA","article_modified_time":"2025-04-07T18:48:26+00:00","twitter_card":"summary_large_image","twitter_misc":{"Ber\u00e4knad l\u00e4stid":"2 minuter"},"schema":{"@context":"https:\/\/schema.org","@graph":[{"@type":"WebPage","@id":"https:\/\/www.usemb.nl\/sv\/fornya-usas-visum-i-nederlanderna\/","url":"https:\/\/www.usemb.nl\/sv\/fornya-usas-visum-i-nederlanderna\/","name":"F\u00f6rnya ett amerikanskt visum i Nederl\u00e4nderna - USA","isPartOf":{"@id":"https:\/\/www.usemb.nl\/sv\/#website"},"datePublished":"2025-04-07T18:34:19+00:00","dateModified":"2025-04-07T18:48:26+00:00","description":"F\u00f6rnyelse av ett amerikanskt visum fr\u00e5n Nederl\u00e4nderna m\u00e5ste f\u00f6lja instruktioner och tidslinjer f\u00f6r att s\u00e4kerst\u00e4lla en smidig upplevelse","breadcrumb":{"@id":"https:\/\/www.usemb.nl\/sv\/fornya-usas-visum-i-nederlanderna\/#breadcrumb"},"inLanguage":"sv-SE","potentialAction":[{"@type":"ReadAction","target":["https:\/\/www.usemb.nl\/sv\/fornya-usas-visum-i-nederlanderna\/"]}]},{"@type":"BreadcrumbList","@id":"https:\/\/www.usemb.nl\/sv\/fornya-usas-visum-i-nederlanderna\/#breadcrumb","itemListElement":[{"@type":"ListItem","position":1,"name":"Home","item":"https:\/\/www.usemb.nl\/sv\/"},{"@type":"ListItem","position":2,"name":"F\u00f6rnya ett amerikanskt visum i Nederl\u00e4nderna"}]},{"@type":"WebSite","@id":"https:\/\/www.usemb.nl\/sv\/#website","url":"https:\/\/www.usemb.nl\/sv\/","name":"USA","description":"United States of America","potentialAction":[{"@type":"SearchAction","target":{"@type":"EntryPoint","urlTemplate":"https:\/\/www.usemb.nl\/sv\/?s={search_term_string}"},"query-input":{"@type":"PropertyValueSpecification","valueRequired":true,"valueName":"search_term_string"}}],"inLanguage":"sv-SE"}]}},"_links":{"self":[{"href":"https:\/\/www.usemb.nl\/sv\/wp-json\/wp\/v2\/pages\/843","targetHints":{"allow":["GET"]}}],"collection":[{"href":"https:\/\/www.usemb.nl\/sv\/wp-json\/wp\/v2\/pages"}],"about":[{"href":"https:\/\/www.usemb.nl\/sv\/wp-json\/wp\/v2\/types\/page"}],"author":[{"embeddable":true,"href":"https:\/\/www.usemb.nl\/sv\/wp-json\/wp\/v2\/users\/1"}],"replies":[{"embeddable":true,"href":"https:\/\/www.usemb.nl\/sv\/wp-json\/wp\/v2\/comments?post=843"}],"version-history":[{"count":4,"href":"https:\/\/www.usemb.nl\/sv\/wp-json\/wp\/v2\/pages\/843\/revisions"}],"predecessor-version":[{"id":907,"href":"https:\/\/www.usemb.nl\/sv\/wp-json\/wp\/v2\/pages\/843\/revisions\/907"}],"wp:attachment":[{"href":"https:\/\/www.usemb.nl\/sv\/wp-json\/wp\/v2\/media?parent=843"}],"curies":[{"name":"wp","href":"https:\/\/api.w.org\/{rel}","templated":true}]}}