{"id":252,"date":"2022-05-20T05:44:02","date_gmt":"2022-05-20T09:44:02","guid":{"rendered":"https:\/\/www.usemb.nl\/resa-till-usa\/"},"modified":"2025-01-30T03:45:00","modified_gmt":"2025-01-30T08:45:00","slug":"resa-till-usa","status":"publish","type":"page","link":"https:\/\/www.usemb.nl\/sv\/resa-till-usa\/","title":{"rendered":"Vad \u00e4r ESTA?"},"content":{"rendered":"\n<h1 class=\"wp-block-heading\">Elektroniskt system f\u00f6r resetillst\u00e5nd<\/h1>\n\n<p>ESTA \u00e4r ett elektroniskt resetillst\u00e5nd f\u00f6r inresa till USA. Det \u00e4r obligatoriskt om du anl\u00e4nder till sj\u00f6ss eller med flyg, inklusive n\u00e4r du \u00e4r p\u00e5 transit genom USA. Denna beg\u00e4ran inf\u00f6rdes f\u00f6r att underl\u00e4tta f\u00f6rfarandena f\u00f6r inresa till USA f\u00f6r medborgare i de 41 medlemsl\u00e4nderna i Waiver Visa Program.<\/p>\n\n<p>ESTA-ans\u00f6kningar hanteras av USA:s <a href=\"https:\/\/www.dhs.gov\/\">Homeland Security Department<\/a> (DHS), som ansvarar f\u00f6r den inre s\u00e4kerheten i USA. \u00c5 andra sidan, trots ditt ESTA-tillst\u00e5nd som validerats av DHS, \u00e4r det bara tullen som kan till\u00e5ta dig att komma in i amerikanskt territorium n\u00e4r du g\u00e5r av planet.<\/p>\n\n<h2 class=\"wp-block-heading\">ESTA giltighetstid<\/h2>\n\n<p><a href=\"https:\/\/www.usemb.nl\/sv\/grunderna-om-esta\/\" data-type=\"page\" data-id=\"88\">ESTA-tillst\u00e5ndet<\/a> \u00e4r giltigt i tv\u00e5 \u00e5r fr\u00e5n utf\u00e4rdandedatum. D\u00e4remot f\u00f6rbinder du dig att rapportera eventuella f\u00f6r\u00e4ndringar i din situation under 2-\u00e5rsperioden, i synnerhet vid f\u00f6r\u00e4ndring av civilst\u00e5nd, juridisk och medicinsk historia. Om giltighetstiden f\u00f6r ditt pass l\u00f6per ut under dessa tv\u00e5 \u00e5r f\u00f6rfaller din auktorisation och du m\u00e5ste d\u00e4rf\u00f6r l\u00e4mna in en ny ans\u00f6kan. <\/p>\n\n<p>F\u00e5 inte panik om ditt ESTA-tillst\u00e5nd g\u00e5r ut under din resa, du kommer att kunna sluta och \u00e5terv\u00e4nda hem eftersom tillst\u00e5ndet bara kr\u00e4vs f\u00f6r att komma in i amerikanskt territorium men inte f\u00f6r att l\u00e4mna det.<\/p>\n\n<p>Var f\u00f6rsiktig, \u00e4ven om ditt ESTA-tillst\u00e5nd \u00e4r giltigt i tv\u00e5 \u00e5r kan du inte stanna mer \u00e4n 90 dagar i USA. Var ocks\u00e5 medveten om att om du inte har en giltig ESTA p\u00e5 flygplatsen p\u00e5 avresedagen kan ditt boardingkort inte redigeras, du kommer d\u00e5 inte att kunna g\u00e5 ombord p\u00e5 planet.<\/p>\n\n<p>Om du vill stanna i mer \u00e4n 90 dagar m\u00e5ste du ans\u00f6ka om ett amerikanskt visum. Om du vill bo permanent i USA m\u00e5ste du ans\u00f6ka om ett USA Green Card.<\/p>\n\n<h2 class=\"wp-block-heading\">\u00c4r barn oroade av ESTA<\/h2>\n\n<p>Alla VWP-medborgare ber\u00f6rs av ESTA-ans\u00f6kan oavsett \u00e5lder. Minder\u00e5riga barn \u00e4r d\u00e4rf\u00f6r ocks\u00e5 ber\u00f6rda och m\u00e5ste ha ett resetillst\u00e5nd. Observera att f\u00f6r att f\u00f6r\u00e4ldern som inte b\u00e4r samma namn som barnet han reser med m\u00e5ste han ha familjejournalen. N\u00e4r det g\u00e4ller skolresor ska \u00e4ven ett s\u00e4rskilt tillst\u00e5nd finnas hos resen\u00e4ren.<\/p>\n\n<h2 class=\"wp-block-heading\">Hur man ans\u00f6ker om ESTA<\/h2>\n\n<p>Du beh\u00f6ver inte komma till ambassaden f\u00f6r att ans\u00f6ka. F\u00f6r att s\u00e4kerst\u00e4lla effektiv och snabb behandling utf\u00f6rs processen endast via Internet p\u00e5 <a href=\"https:\/\/esta.cbp.dhs.gov\/\">https:\/\/esta.cbp.dhs.gov\/<\/a>.<\/p>\n\n<h2 class=\"wp-block-heading\">Vad \u00e4r priset p\u00e5 ESTA<\/h2>\n\n<p>Kostnaden f\u00f6r att behandla ESTA-ans\u00f6kan \u00e4r fastst\u00e4lld till 21 USD. Dessa kostnader \u00e4r uppdelade i tv\u00e5 delar:<\/p>\n\n<ul class=\"wp-block-list\">\n<li>$4 behandlingsavgift f\u00f6r alla resen\u00e4rer som l\u00e4mnar in en reklamation;<\/li>\n\n\n\n<li>$17 US Travel promotion-avgift f\u00f6r alla resen\u00e4rer som f\u00e5r ett ESTA.<\/li>\n<\/ul>\n\n<p>Om din beg\u00e4ran avsl\u00e5s kommer du att ers\u00e4ttas med 17 USD.<\/p>\n\n<h2 class=\"wp-block-heading\">Hur man betalar min ESTA-ans\u00f6kan<\/h2>\n\n<p>ESTA-f\u00f6rfr\u00e5gan \u00e4r 100 % elektronisk, d\u00e4rf\u00f6r m\u00e5ste betalning g\u00f6ras med kreditkort p\u00e5 den s\u00e4kra sidan. Detta dematerialiserade tillv\u00e4gag\u00e5ngss\u00e4tt syftar till att s\u00e4kerst\u00e4lla snabb bearbetning.<\/p>\n","protected":false},"excerpt":{"rendered":"<p>Elektroniskt system f\u00f6r resetillst\u00e5nd ESTA \u00e4r ett elektroniskt resetillst\u00e5nd f\u00f6r inresa till USA. Det \u00e4r obligatoriskt om du anl\u00e4nder till sj\u00f6ss eller med flyg, inklusive n\u00e4r du \u00e4r p\u00e5 transit genom USA. Denna beg\u00e4ran inf\u00f6rdes f\u00f6r att underl\u00e4tta f\u00f6rfarandena f\u00f6r inresa till USA f\u00f6r medborgare i de 41 medlemsl\u00e4nderna i Waiver Visa Program. ESTA-ans\u00f6kningar hanteras [&hellip;]<\/p>\n","protected":false},"author":1,"featured_media":0,"parent":0,"menu_order":0,"comment_status":"closed","ping_status":"closed","template":"","meta":{"footnotes":""},"class_list":["post-252","page","type-page","status-publish","hentry"],"yoast_head":"<!-- This site is optimized with the Yoast SEO plugin v26.2 - https:\/\/yoast.com\/wordpress\/plugins\/seo\/ -->\n<title>Vad \u00e4r ESTA? - USA<\/title>\n<meta name=\"robots\" content=\"index, follow, max-snippet:-1, max-image-preview:large, max-video-preview:-1\" \/>\n<link rel=\"canonical\" href=\"https:\/\/www.usemb.nl\/sv\/resa-till-usa\/\" \/>\n<meta property=\"og:locale\" content=\"sv_SE\" \/>\n<meta property=\"og:type\" content=\"article\" \/>\n<meta property=\"og:title\" content=\"Vad \u00e4r ESTA? - USA\" \/>\n<meta property=\"og:description\" content=\"Elektroniskt system f\u00f6r resetillst\u00e5nd ESTA \u00e4r ett elektroniskt resetillst\u00e5nd f\u00f6r inresa till USA. Det \u00e4r obligatoriskt om du anl\u00e4nder till sj\u00f6ss eller med flyg, inklusive n\u00e4r du \u00e4r p\u00e5 transit genom USA. Denna beg\u00e4ran inf\u00f6rdes f\u00f6r att underl\u00e4tta f\u00f6rfarandena f\u00f6r inresa till USA f\u00f6r medborgare i de 41 medlemsl\u00e4nderna i Waiver Visa Program. ESTA-ans\u00f6kningar hanteras [&hellip;]\" \/>\n<meta property=\"og:url\" content=\"https:\/\/www.usemb.nl\/sv\/resa-till-usa\/\" \/>\n<meta property=\"og:site_name\" content=\"USA\" \/>\n<meta property=\"article:modified_time\" content=\"2025-01-30T08:45:00+00:00\" \/>\n<meta name=\"twitter:card\" content=\"summary_large_image\" \/>\n<meta name=\"twitter:label1\" content=\"Ber\u00e4knad l\u00e4stid\" \/>\n\t<meta name=\"twitter:data1\" content=\"3 minuter\" \/>\n<script type=\"application\/ld+json\" class=\"yoast-schema-graph\">{\"@context\":\"https:\/\/schema.org\",\"@graph\":[{\"@type\":\"WebPage\",\"@id\":\"https:\/\/www.usemb.nl\/sv\/resa-till-usa\/\",\"url\":\"https:\/\/www.usemb.nl\/sv\/resa-till-usa\/\",\"name\":\"Vad \u00e4r ESTA? - USA\",\"isPartOf\":{\"@id\":\"https:\/\/www.usemb.nl\/sv\/#website\"},\"datePublished\":\"2022-05-20T09:44:02+00:00\",\"dateModified\":\"2025-01-30T08:45:00+00:00\",\"breadcrumb\":{\"@id\":\"https:\/\/www.usemb.nl\/sv\/resa-till-usa\/#breadcrumb\"},\"inLanguage\":\"sv-SE\",\"potentialAction\":[{\"@type\":\"ReadAction\",\"target\":[\"https:\/\/www.usemb.nl\/sv\/resa-till-usa\/\"]}]},{\"@type\":\"BreadcrumbList\",\"@id\":\"https:\/\/www.usemb.nl\/sv\/resa-till-usa\/#breadcrumb\",\"itemListElement\":[{\"@type\":\"ListItem\",\"position\":1,\"name\":\"Home\",\"item\":\"https:\/\/www.usemb.nl\/sv\/\"},{\"@type\":\"ListItem\",\"position\":2,\"name\":\"Vad \u00e4r ESTA?\"}]},{\"@type\":\"WebSite\",\"@id\":\"https:\/\/www.usemb.nl\/sv\/#website\",\"url\":\"https:\/\/www.usemb.nl\/sv\/\",\"name\":\"USA\",\"description\":\"United States of America\",\"potentialAction\":[{\"@type\":\"SearchAction\",\"target\":{\"@type\":\"EntryPoint\",\"urlTemplate\":\"https:\/\/www.usemb.nl\/sv\/?s={search_term_string}\"},\"query-input\":{\"@type\":\"PropertyValueSpecification\",\"valueRequired\":true,\"valueName\":\"search_term_string\"}}],\"inLanguage\":\"sv-SE\"}]}<\/script>\n<!-- \/ Yoast SEO plugin. -->","yoast_head_json":{"title":"Vad \u00e4r ESTA? - USA","robots":{"index":"index","follow":"follow","max-snippet":"max-snippet:-1","max-image-preview":"max-image-preview:large","max-video-preview":"max-video-preview:-1"},"canonical":"https:\/\/www.usemb.nl\/sv\/resa-till-usa\/","og_locale":"sv_SE","og_type":"article","og_title":"Vad \u00e4r ESTA? - USA","og_description":"Elektroniskt system f\u00f6r resetillst\u00e5nd ESTA \u00e4r ett elektroniskt resetillst\u00e5nd f\u00f6r inresa till USA. Det \u00e4r obligatoriskt om du anl\u00e4nder till sj\u00f6ss eller med flyg, inklusive n\u00e4r du \u00e4r p\u00e5 transit genom USA. Denna beg\u00e4ran inf\u00f6rdes f\u00f6r att underl\u00e4tta f\u00f6rfarandena f\u00f6r inresa till USA f\u00f6r medborgare i de 41 medlemsl\u00e4nderna i Waiver Visa Program. ESTA-ans\u00f6kningar hanteras [&hellip;]","og_url":"https:\/\/www.usemb.nl\/sv\/resa-till-usa\/","og_site_name":"USA","article_modified_time":"2025-01-30T08:45:00+00:00","twitter_card":"summary_large_image","twitter_misc":{"Ber\u00e4knad l\u00e4stid":"3 minuter"},"schema":{"@context":"https:\/\/schema.org","@graph":[{"@type":"WebPage","@id":"https:\/\/www.usemb.nl\/sv\/resa-till-usa\/","url":"https:\/\/www.usemb.nl\/sv\/resa-till-usa\/","name":"Vad \u00e4r ESTA? - USA","isPartOf":{"@id":"https:\/\/www.usemb.nl\/sv\/#website"},"datePublished":"2022-05-20T09:44:02+00:00","dateModified":"2025-01-30T08:45:00+00:00","breadcrumb":{"@id":"https:\/\/www.usemb.nl\/sv\/resa-till-usa\/#breadcrumb"},"inLanguage":"sv-SE","potentialAction":[{"@type":"ReadAction","target":["https:\/\/www.usemb.nl\/sv\/resa-till-usa\/"]}]},{"@type":"BreadcrumbList","@id":"https:\/\/www.usemb.nl\/sv\/resa-till-usa\/#breadcrumb","itemListElement":[{"@type":"ListItem","position":1,"name":"Home","item":"https:\/\/www.usemb.nl\/sv\/"},{"@type":"ListItem","position":2,"name":"Vad \u00e4r ESTA?"}]},{"@type":"WebSite","@id":"https:\/\/www.usemb.nl\/sv\/#website","url":"https:\/\/www.usemb.nl\/sv\/","name":"USA","description":"United States of America","potentialAction":[{"@type":"SearchAction","target":{"@type":"EntryPoint","urlTemplate":"https:\/\/www.usemb.nl\/sv\/?s={search_term_string}"},"query-input":{"@type":"PropertyValueSpecification","valueRequired":true,"valueName":"search_term_string"}}],"inLanguage":"sv-SE"}]}},"_links":{"self":[{"href":"https:\/\/www.usemb.nl\/sv\/wp-json\/wp\/v2\/pages\/252","targetHints":{"allow":["GET"]}}],"collection":[{"href":"https:\/\/www.usemb.nl\/sv\/wp-json\/wp\/v2\/pages"}],"about":[{"href":"https:\/\/www.usemb.nl\/sv\/wp-json\/wp\/v2\/types\/page"}],"author":[{"embeddable":true,"href":"https:\/\/www.usemb.nl\/sv\/wp-json\/wp\/v2\/users\/1"}],"replies":[{"embeddable":true,"href":"https:\/\/www.usemb.nl\/sv\/wp-json\/wp\/v2\/comments?post=252"}],"version-history":[{"count":8,"href":"https:\/\/www.usemb.nl\/sv\/wp-json\/wp\/v2\/pages\/252\/revisions"}],"predecessor-version":[{"id":624,"href":"https:\/\/www.usemb.nl\/sv\/wp-json\/wp\/v2\/pages\/252\/revisions\/624"}],"wp:attachment":[{"href":"https:\/\/www.usemb.nl\/sv\/wp-json\/wp\/v2\/media?parent=252"}],"curies":[{"name":"wp","href":"https:\/\/api.w.org\/{rel}","templated":true}]}}