{"id":250,"date":"2022-05-20T05:42:35","date_gmt":"2022-05-20T09:42:35","guid":{"rendered":"https:\/\/www.usemb.nl\/grunderna-om-esta\/"},"modified":"2025-01-30T03:45:05","modified_gmt":"2025-01-30T08:45:05","slug":"grunderna-om-esta","status":"publish","type":"page","link":"https:\/\/www.usemb.nl\/sv\/grunderna-om-esta\/","title":{"rendered":"Grunderna om ESTA"},"content":{"rendered":"\n<h1 class=\"wp-block-heading\">Hur anv\u00e4ndbart \u00e4r ESTA<\/h1>\n\n<p>ESTA-deklarationen g\u00f6r att du framf\u00f6r allt kan frig\u00f6ra dig fr\u00e5n en traditionell visumans\u00f6kan om din resa inte \u00f6verstiger 90 dagar. Tack vare Visa Waiver-programmet kan alla medborgare i n\u00e5got av de 41 deltagande l\u00e4nderna ans\u00f6ka om detta resetillst\u00e5nd innan de reser till USA. ESTA g\u00f6r det m\u00f6jligt att :<\/p>\n\n<ol class=\"wp-block-list\">\n<li>Ta en aff\u00e4rsresa: delta i m\u00f6ten, underteckna kontrakt med partners, men ocks\u00e5 delta i kortvarig och obetald utbildning ;<\/li>\n\n\n\n<li>Turistresa: resa fritt i hela landet, delta i olika kulturella aktiviteter, g\u00e5 kurser f\u00f6rutsatt att de inte ger po\u00e4ng f\u00f6r att f\u00e5 en universitetsexamen.<\/li>\n<\/ol>\n\n<p>ESTA \u00e4r ett system som inf\u00f6rdes 2009 f\u00f6r att ge resen\u00e4rer s\u00e4krare resef\u00f6rh\u00e5llanden och d\u00e4rmed st\u00e4rka s\u00e4kerheten p\u00e5 amerikanskt territorium. Handl\u00e4ggningsavgifterna p\u00e5 21 USD anv\u00e4nds f\u00f6r att modernisera de s\u00e4kerhetssystem som redan finns p\u00e5 plats, men ocks\u00e5 f\u00f6r att fr\u00e4mja turismen till USA. F\u00f6r att slutf\u00f6ra din ESTA-deklaration kan du slutf\u00f6ra processen p\u00e5 den <a href=\"https:\/\/esta.cbp.dhs.gov\/\">officiella amerikanska tullens webbplats<\/a> eller dra nytta av fullst\u00e4ndig hj\u00e4lp genom att anv\u00e4nda ett specialformul\u00e4r.<\/p>\n\n<p>Programmet f\u00f6r viseringsundantag har inspirerat flera andra l\u00e4nder runt om i v\u00e4rlden. \u00c5r 2024 lanserades det brittiska eTA-auktorisationen f\u00f6r resen\u00e4rer som vistas mindre \u00e4n 90 dagar i Storbritannien. <\/p>\n\n<p>Om du av n\u00e5gon anledning f\u00e5r avslag p\u00e5 din ESTA-ans\u00f6kan b\u00f6r du \u00f6verv\u00e4ga att ans\u00f6ka om ett amerikanskt visum. F\u00f6r turistresor kan du hitta mer information online om B2 turistvisum. <\/p>\n\n<h2 class=\"wp-block-heading\">Hemskyddsavdelningens funktioner<\/h2>\n\n<p><a href=\"https:\/\/www.dhs.gov\/\">Department of Homeland Security<\/a> bildades 2002 som svar p\u00e5 attackerna den 11 september, f\u00f6r att \u00f6ka den inre s\u00e4kerheten i USA.<\/p>\n\n<p>Best\u00e5r av 15 federala myndigheter och verkar under den amerikanska regeringens beskydd. Funktionerna hos DHS \u00e4r olika. Denna specifika tj\u00e4nst s\u00e4kerst\u00e4ller bland annat hanteringen av Visa Waiver Program (VWP). Resen\u00e4rer som vill resa till USA utan visum m\u00e5ste fylla i ett ESTA-formul\u00e4r som inneh\u00e5ller flera fr\u00e5gor som r\u00f6r s\u00f6kandens identitet, hans h\u00e4lsotillst\u00e5nd, hans brottsregister &#8230; Dessa svar skickas sedan till DHS som best\u00e4mmer huruvida den s\u00f6kandes uppeh\u00e5llstillst\u00e5nd ska beviljas eller inte. Faktum \u00e4r att myndigheter som vill begr\u00e4nsa terrorhotet s\u00e5 mycket som m\u00f6jligt kan, vid en \u201drisk\u201d profil, v\u00e4lja att inte utf\u00e4rda handlingen.<\/p>\n\n<h2 class=\"wp-block-heading\">Pass som \u00e4r till\u00e5tna att stanna i USA<\/h2>\n\n<p>Om du planerar att \u00e5ka till USA, var medveten om att du m\u00e5ste ha ett giltigt pass, annars kommer ombordstigning att nekas. Tv\u00e5 typer av pass accepteras f\u00f6r n\u00e4rvarande:<\/p>\n\n<ul class=\"wp-block-list\">\n<li>Elektroniskt pass: anv\u00e4nt sedan 2006, det inneh\u00e5ller ett elektroniskt chip. Den registrerade informationen kan l\u00e4sas p\u00e5 kort avst\u00e5nd via en elektromagnetisk l\u00e4sare (namn, nationalitet, f\u00f6delsedatum, passnummer).<\/li>\n\n\n\n<li>Det biometriska passet: sattes i omlopp 2009, det har ett elektroniskt chip som inneh\u00e5ller mer information \u00e4n det elektroniska passet: innehavarens foto och fingeravtryck \u00e4r integrerade. Denna nya version har implementerats f\u00f6r att ytterligare begr\u00e4nsa risken f\u00f6r identitetsst\u00f6ld.<\/li>\n<\/ul>\n\n<p>Ett pass \u00e4r giltigt i 10 \u00e5r f\u00f6r vuxna och 5 \u00e5r f\u00f6r minder\u00e5riga. Om du inte har ett pass eller om det har g\u00e5tt ut, g\u00e5 till Stadshuset. Flera dokument kommer att kr\u00e4vas:<\/p>\n\n<ul class=\"wp-block-list\">\n<li>Ett identitetskort eller det gamla passet;<\/li>\n\n\n\n<li>Ett giltigt identitetsfoto;<\/li>\n\n\n\n<li>Adressbevis: original + fotokopia;<\/li>\n\n\n\n<li>Ett f\u00f6rhandsbeg\u00e4rannummer eller det vederb\u00f6rligen ifyllda f\u00f6rfr\u00e5gningsformul\u00e4ret;<\/li>\n\n\n\n<li>En skattest\u00e4mpel.<\/li>\n<\/ul>\n\n<p>Personer som bor utomlands m\u00e5ste ans\u00f6ka p\u00e5 konsulatet och betala ett belopp p\u00e5 96 euro.<br\/>Innan du reser till USA, kom ocks\u00e5 ih\u00e5g att kontrollera att numret som st\u00e5r i ditt pass \u00e4r detsamma som det som anges p\u00e5 din ESTA. Om du har bytt pass under tiden m\u00e5ste du ans\u00f6ka om ESTA igen.<\/p>\n","protected":false},"excerpt":{"rendered":"<p>Hur anv\u00e4ndbart \u00e4r ESTA ESTA-deklarationen g\u00f6r att du framf\u00f6r allt kan frig\u00f6ra dig fr\u00e5n en traditionell visumans\u00f6kan om din resa inte \u00f6verstiger 90 dagar. Tack vare Visa Waiver-programmet kan alla medborgare i n\u00e5got av de 41 deltagande l\u00e4nderna ans\u00f6ka om detta resetillst\u00e5nd innan de reser till USA. ESTA g\u00f6r det m\u00f6jligt att : ESTA \u00e4r [&hellip;]<\/p>\n","protected":false},"author":1,"featured_media":0,"parent":0,"menu_order":0,"comment_status":"closed","ping_status":"closed","template":"","meta":{"footnotes":""},"class_list":["post-250","page","type-page","status-publish","hentry"],"yoast_head":"<!-- This site is optimized with the Yoast SEO plugin v26.2 - https:\/\/yoast.com\/wordpress\/plugins\/seo\/ -->\n<title>Grunderna om ESTA - USA<\/title>\n<meta name=\"robots\" content=\"index, follow, max-snippet:-1, max-image-preview:large, max-video-preview:-1\" \/>\n<link rel=\"canonical\" href=\"https:\/\/www.usemb.nl\/sv\/grunderna-om-esta\/\" \/>\n<meta property=\"og:locale\" content=\"sv_SE\" \/>\n<meta property=\"og:type\" content=\"article\" \/>\n<meta property=\"og:title\" content=\"Grunderna om ESTA - USA\" \/>\n<meta property=\"og:description\" content=\"Hur anv\u00e4ndbart \u00e4r ESTA ESTA-deklarationen g\u00f6r att du framf\u00f6r allt kan frig\u00f6ra dig fr\u00e5n en traditionell visumans\u00f6kan om din resa inte \u00f6verstiger 90 dagar. Tack vare Visa Waiver-programmet kan alla medborgare i n\u00e5got av de 41 deltagande l\u00e4nderna ans\u00f6ka om detta resetillst\u00e5nd innan de reser till USA. ESTA g\u00f6r det m\u00f6jligt att : ESTA \u00e4r [&hellip;]\" \/>\n<meta property=\"og:url\" content=\"https:\/\/www.usemb.nl\/sv\/grunderna-om-esta\/\" \/>\n<meta property=\"og:site_name\" content=\"USA\" \/>\n<meta property=\"article:modified_time\" content=\"2025-01-30T08:45:05+00:00\" \/>\n<meta name=\"twitter:card\" content=\"summary_large_image\" \/>\n<meta name=\"twitter:label1\" content=\"Ber\u00e4knad l\u00e4stid\" \/>\n\t<meta name=\"twitter:data1\" content=\"3 minuter\" \/>\n<script type=\"application\/ld+json\" class=\"yoast-schema-graph\">{\"@context\":\"https:\/\/schema.org\",\"@graph\":[{\"@type\":\"WebPage\",\"@id\":\"https:\/\/www.usemb.nl\/sv\/grunderna-om-esta\/\",\"url\":\"https:\/\/www.usemb.nl\/sv\/grunderna-om-esta\/\",\"name\":\"Grunderna om ESTA - USA\",\"isPartOf\":{\"@id\":\"https:\/\/www.usemb.nl\/sv\/#website\"},\"datePublished\":\"2022-05-20T09:42:35+00:00\",\"dateModified\":\"2025-01-30T08:45:05+00:00\",\"breadcrumb\":{\"@id\":\"https:\/\/www.usemb.nl\/sv\/grunderna-om-esta\/#breadcrumb\"},\"inLanguage\":\"sv-SE\",\"potentialAction\":[{\"@type\":\"ReadAction\",\"target\":[\"https:\/\/www.usemb.nl\/sv\/grunderna-om-esta\/\"]}]},{\"@type\":\"BreadcrumbList\",\"@id\":\"https:\/\/www.usemb.nl\/sv\/grunderna-om-esta\/#breadcrumb\",\"itemListElement\":[{\"@type\":\"ListItem\",\"position\":1,\"name\":\"Home\",\"item\":\"https:\/\/www.usemb.nl\/sv\/\"},{\"@type\":\"ListItem\",\"position\":2,\"name\":\"Grunderna om ESTA\"}]},{\"@type\":\"WebSite\",\"@id\":\"https:\/\/www.usemb.nl\/sv\/#website\",\"url\":\"https:\/\/www.usemb.nl\/sv\/\",\"name\":\"USA\",\"description\":\"United States of America\",\"potentialAction\":[{\"@type\":\"SearchAction\",\"target\":{\"@type\":\"EntryPoint\",\"urlTemplate\":\"https:\/\/www.usemb.nl\/sv\/?s={search_term_string}\"},\"query-input\":{\"@type\":\"PropertyValueSpecification\",\"valueRequired\":true,\"valueName\":\"search_term_string\"}}],\"inLanguage\":\"sv-SE\"}]}<\/script>\n<!-- \/ Yoast SEO plugin. -->","yoast_head_json":{"title":"Grunderna om ESTA - USA","robots":{"index":"index","follow":"follow","max-snippet":"max-snippet:-1","max-image-preview":"max-image-preview:large","max-video-preview":"max-video-preview:-1"},"canonical":"https:\/\/www.usemb.nl\/sv\/grunderna-om-esta\/","og_locale":"sv_SE","og_type":"article","og_title":"Grunderna om ESTA - USA","og_description":"Hur anv\u00e4ndbart \u00e4r ESTA ESTA-deklarationen g\u00f6r att du framf\u00f6r allt kan frig\u00f6ra dig fr\u00e5n en traditionell visumans\u00f6kan om din resa inte \u00f6verstiger 90 dagar. Tack vare Visa Waiver-programmet kan alla medborgare i n\u00e5got av de 41 deltagande l\u00e4nderna ans\u00f6ka om detta resetillst\u00e5nd innan de reser till USA. ESTA g\u00f6r det m\u00f6jligt att : ESTA \u00e4r [&hellip;]","og_url":"https:\/\/www.usemb.nl\/sv\/grunderna-om-esta\/","og_site_name":"USA","article_modified_time":"2025-01-30T08:45:05+00:00","twitter_card":"summary_large_image","twitter_misc":{"Ber\u00e4knad l\u00e4stid":"3 minuter"},"schema":{"@context":"https:\/\/schema.org","@graph":[{"@type":"WebPage","@id":"https:\/\/www.usemb.nl\/sv\/grunderna-om-esta\/","url":"https:\/\/www.usemb.nl\/sv\/grunderna-om-esta\/","name":"Grunderna om ESTA - USA","isPartOf":{"@id":"https:\/\/www.usemb.nl\/sv\/#website"},"datePublished":"2022-05-20T09:42:35+00:00","dateModified":"2025-01-30T08:45:05+00:00","breadcrumb":{"@id":"https:\/\/www.usemb.nl\/sv\/grunderna-om-esta\/#breadcrumb"},"inLanguage":"sv-SE","potentialAction":[{"@type":"ReadAction","target":["https:\/\/www.usemb.nl\/sv\/grunderna-om-esta\/"]}]},{"@type":"BreadcrumbList","@id":"https:\/\/www.usemb.nl\/sv\/grunderna-om-esta\/#breadcrumb","itemListElement":[{"@type":"ListItem","position":1,"name":"Home","item":"https:\/\/www.usemb.nl\/sv\/"},{"@type":"ListItem","position":2,"name":"Grunderna om ESTA"}]},{"@type":"WebSite","@id":"https:\/\/www.usemb.nl\/sv\/#website","url":"https:\/\/www.usemb.nl\/sv\/","name":"USA","description":"United States of America","potentialAction":[{"@type":"SearchAction","target":{"@type":"EntryPoint","urlTemplate":"https:\/\/www.usemb.nl\/sv\/?s={search_term_string}"},"query-input":{"@type":"PropertyValueSpecification","valueRequired":true,"valueName":"search_term_string"}}],"inLanguage":"sv-SE"}]}},"_links":{"self":[{"href":"https:\/\/www.usemb.nl\/sv\/wp-json\/wp\/v2\/pages\/250","targetHints":{"allow":["GET"]}}],"collection":[{"href":"https:\/\/www.usemb.nl\/sv\/wp-json\/wp\/v2\/pages"}],"about":[{"href":"https:\/\/www.usemb.nl\/sv\/wp-json\/wp\/v2\/types\/page"}],"author":[{"embeddable":true,"href":"https:\/\/www.usemb.nl\/sv\/wp-json\/wp\/v2\/users\/1"}],"replies":[{"embeddable":true,"href":"https:\/\/www.usemb.nl\/sv\/wp-json\/wp\/v2\/comments?post=250"}],"version-history":[{"count":10,"href":"https:\/\/www.usemb.nl\/sv\/wp-json\/wp\/v2\/pages\/250\/revisions"}],"predecessor-version":[{"id":633,"href":"https:\/\/www.usemb.nl\/sv\/wp-json\/wp\/v2\/pages\/250\/revisions\/633"}],"wp:attachment":[{"href":"https:\/\/www.usemb.nl\/sv\/wp-json\/wp\/v2\/media?parent=250"}],"curies":[{"name":"wp","href":"https:\/\/api.w.org\/{rel}","templated":true}]}}