{"id":246,"date":"2022-05-20T05:42:00","date_gmt":"2022-05-20T09:42:00","guid":{"rendered":"https:\/\/www.usemb.nl\/hem\/"},"modified":"2025-04-07T14:46:44","modified_gmt":"2025-04-07T18:46:44","slug":"hem","status":"publish","type":"page","link":"https:\/\/www.usemb.nl\/sv\/","title":{"rendered":"Hem"},"content":{"rendered":"\t\t<div data-elementor-type=\"wp-page\" data-elementor-id=\"246\" class=\"elementor elementor-246 elementor-39\" data-elementor-post-type=\"page\">\n\t\t\t\t\t\t<section class=\"elementor-section elementor-top-section elementor-element elementor-element-0f7719f elementor-section-boxed elementor-section-height-default elementor-section-height-default\" data-id=\"0f7719f\" data-element_type=\"section\">\n\t\t\t\t\t\t<div class=\"elementor-container elementor-column-gap-default\">\n\t\t\t\t\t<div class=\"elementor-column elementor-col-100 elementor-top-column elementor-element elementor-element-c4cdb2c\" data-id=\"c4cdb2c\" data-element_type=\"column\">\n\t\t\t<div class=\"elementor-widget-wrap elementor-element-populated\">\n\t\t\t\t\t\t<div class=\"elementor-element elementor-element-5e446b2 elementor-widget elementor-widget-image\" data-id=\"5e446b2\" data-element_type=\"widget\" data-widget_type=\"image.default\">\n\t\t\t\t<div class=\"elementor-widget-container\">\n\t\t\t\t\t\t\t\t\t\t\t\t\t\t\t<img fetchpriority=\"high\" decoding=\"async\" width=\"2048\" height=\"318\" src=\"https:\/\/www.usemb.nl\/wp-content\/uploads\/2022\/05\/usa-visa-image.jpg\" class=\"attachment-full size-full wp-image-311\" alt=\"Amerikanskt visum USA\" srcset=\"https:\/\/www.usemb.nl\/wp-content\/uploads\/2022\/05\/usa-visa-image.jpg 2048w, https:\/\/www.usemb.nl\/wp-content\/uploads\/2022\/05\/usa-visa-image-300x47.jpg 300w, https:\/\/www.usemb.nl\/wp-content\/uploads\/2022\/05\/usa-visa-image-1024x159.jpg 1024w, https:\/\/www.usemb.nl\/wp-content\/uploads\/2022\/05\/usa-visa-image-768x119.jpg 768w, https:\/\/www.usemb.nl\/wp-content\/uploads\/2022\/05\/usa-visa-image-1536x239.jpg 1536w\" sizes=\"(max-width: 2048px) 100vw, 2048px\" \/>\t\t\t\t\t\t\t\t\t\t\t\t\t\t\t<\/div>\n\t\t\t\t<\/div>\n\t\t\t\t\t<\/div>\n\t\t<\/div>\n\t\t\t\t\t<\/div>\n\t\t<\/section>\n\t\t\t\t<section class=\"elementor-section elementor-top-section elementor-element elementor-element-bef3891 elementor-section-boxed elementor-section-height-default elementor-section-height-default\" data-id=\"bef3891\" data-element_type=\"section\">\n\t\t\t\t\t\t<div class=\"elementor-container elementor-column-gap-default\">\n\t\t\t\t\t<div class=\"elementor-column elementor-col-100 elementor-top-column elementor-element elementor-element-31ee7ae\" data-id=\"31ee7ae\" data-element_type=\"column\">\n\t\t\t<div class=\"elementor-widget-wrap elementor-element-populated\">\n\t\t\t\t\t\t<div class=\"elementor-element elementor-element-d91e52a elementor-widget elementor-widget-heading\" data-id=\"d91e52a\" data-element_type=\"widget\" data-widget_type=\"heading.default\">\n\t\t\t\t<div class=\"elementor-widget-container\">\n\t\t\t\t\t<h1 class=\"elementor-heading-title elementor-size-default\">Resa till USA<\/h1>\t\t\t\t<\/div>\n\t\t\t\t<\/div>\n\t\t\t\t\t<\/div>\n\t\t<\/div>\n\t\t\t\t\t<\/div>\n\t\t<\/section>\n\t\t\t\t<section class=\"elementor-section elementor-top-section elementor-element elementor-element-71e9513 elementor-section-boxed elementor-section-height-default elementor-section-height-default\" data-id=\"71e9513\" data-element_type=\"section\">\n\t\t\t\t\t\t<div class=\"elementor-container elementor-column-gap-default\">\n\t\t\t\t\t<div class=\"elementor-column elementor-col-100 elementor-top-column elementor-element elementor-element-df07416\" data-id=\"df07416\" data-element_type=\"column\">\n\t\t\t<div class=\"elementor-widget-wrap elementor-element-populated\">\n\t\t\t\t\t\t<div class=\"elementor-element elementor-element-c1e32ad elementor-widget elementor-widget-text-editor\" data-id=\"c1e32ad\" data-element_type=\"widget\" data-widget_type=\"text-editor.default\">\n\t\t\t\t<div class=\"elementor-widget-container\">\n\t\t\t\t\t\t\t\t\t<p>Att resa till USA kr\u00e4ver att man \u00e4r medveten om de sista kraven. Du b\u00f6r kontakta den amerikanska ambassaden f\u00f6r att f\u00e5 uppdaterad situationsinformation. Reglerna f\u00f6r utl\u00e4nningar som reser till USA \u00e4ndras ofta med en kort f\u00f6rdr\u00f6jning. <\/p>\t\t\t\t\t\t\t\t<\/div>\n\t\t\t\t<\/div>\n\t\t\t\t\t<\/div>\n\t\t<\/div>\n\t\t\t\t\t<\/div>\n\t\t<\/section>\n\t\t\t\t<section class=\"elementor-section elementor-top-section elementor-element elementor-element-907ce81 elementor-section-boxed elementor-section-height-default elementor-section-height-default\" data-id=\"907ce81\" data-element_type=\"section\">\n\t\t\t\t\t\t<div class=\"elementor-container elementor-column-gap-default\">\n\t\t\t\t\t<div class=\"elementor-column elementor-col-100 elementor-top-column elementor-element elementor-element-17535b7\" data-id=\"17535b7\" data-element_type=\"column\">\n\t\t\t<div class=\"elementor-widget-wrap elementor-element-populated\">\n\t\t\t\t\t\t<div class=\"elementor-element elementor-element-18fed13 elementor-widget elementor-widget-text-editor\" data-id=\"18fed13\" data-element_type=\"widget\" data-widget_type=\"text-editor.default\">\n\t\t\t\t<div class=\"elementor-widget-container\">\n\t\t\t\t\t\t\t\t\t<h2>USA:s ambassad<\/h2><p>USA:s <span style=\"text-decoration: underline;\"><a href=\"https:\/\/nl.usembassy.gov\/\">Amerikanska ambassaden<\/a><\/span> \u00e4r ansvarig f\u00f6r f\u00f6rbindelserna mellan USA och Nederl\u00e4nderna. De arbetar aktivt f\u00f6r att fr\u00e4mja samarbetet i olika internationella syften och st\u00e4rka USA:s <span style=\"color: var( --e-global-color-text ); font-family: var( --e-global-typography-text-font-family ), Sans-serif; font-weight: var( --e-global-typography-text-font-weight ); font-size: 1rem;\">ambassad i alla EU-l\u00e4nder som en stark internationell partner f\u00f6r ekonomiska m\u00e5l.<\/span><\/p><p>Den amerikanska ambassaden i Haag har ingen konsul\u00e4r sektion. Det finns ett amerikanskt konsulat i Amsterdam som tillhandah\u00e5ller tj\u00e4nster f\u00f6r USA:s befolkning i Nederl\u00e4nderna.<\/p>\t\t\t\t\t\t\t\t<\/div>\n\t\t\t\t<\/div>\n\t\t\t\t\t<\/div>\n\t\t<\/div>\n\t\t\t\t\t<\/div>\n\t\t<\/section>\n\t\t\t\t<section class=\"elementor-section elementor-top-section elementor-element elementor-element-6ad2359 elementor-section-boxed elementor-section-height-default elementor-section-height-default\" data-id=\"6ad2359\" data-element_type=\"section\">\n\t\t\t\t\t\t<div class=\"elementor-container elementor-column-gap-default\">\n\t\t\t\t\t<div class=\"elementor-column elementor-col-50 elementor-top-column elementor-element elementor-element-c3f4328\" data-id=\"c3f4328\" data-element_type=\"column\">\n\t\t\t<div class=\"elementor-widget-wrap elementor-element-populated\">\n\t\t\t\t\t\t<div class=\"elementor-element elementor-element-ce0de21 elementor-widget elementor-widget-text-editor\" data-id=\"ce0de21\" data-element_type=\"widget\" data-widget_type=\"text-editor.default\">\n\t\t\t\t<div class=\"elementor-widget-container\">\n\t\t\t\t\t\t\t\t\t<h2>USA:s ambassad i Nederl\u00e4nderna<\/h2><p>USA:s <strong>ambassad i Nederl\u00e4nderna<\/strong>, som ligger i Haag, \u00e4r en viktig kontaktpunkt f\u00f6r nederl\u00e4ndska medborgare och amerikanska medborgare som bor i eller bes\u00f6ker Nederl\u00e4nderna. P\u00e5 denna webbplats finns detaljerad information om ambassadens tj\u00e4nster, villkoren f\u00f6r att resa till USA och det historiska f\u00f6rh\u00e5llandet mellan Nederl\u00e4nderna och USA. <\/p>\t\t\t\t\t\t\t\t<\/div>\n\t\t\t\t<\/div>\n\t\t\t\t\t<\/div>\n\t\t<\/div>\n\t\t\t\t<div class=\"elementor-column elementor-col-50 elementor-top-column elementor-element elementor-element-e48fb14\" data-id=\"e48fb14\" data-element_type=\"column\">\n\t\t\t<div class=\"elementor-widget-wrap elementor-element-populated\">\n\t\t\t\t\t\t<div class=\"elementor-element elementor-element-6454c44 elementor-widget elementor-widget-text-editor\" data-id=\"6454c44\" data-element_type=\"widget\" data-widget_type=\"text-editor.default\">\n\t\t\t\t<div class=\"elementor-widget-container\">\n\t\t\t\t\t\t\t\t\t<h2>Plats och kontaktinformation<\/h2><p>USA:s ambassad i Nederl\u00e4nderna ligger i Haag.<\/p><ul><li><strong>Adress<\/strong>: John Adams Park 1 John Adams Park 1, 2244 BZ, Wassenaar.<\/li><li><strong>Telefon<\/strong>: +31 70 310 2209 +31 70 310 2209.<\/li><li><strong>E-post<\/strong>: Kontakt via den officiella webbplatsen.<\/li><li><strong>Hemsida<\/strong>: Bes\u00f6k den <span style=\"text-decoration: underline;\"><a href=\"https:\/\/nl.usembassy.gov\/\" target=\"_new\" rel=\"noopener\">officiella webbplatsen f\u00f6r USA:s ambassad<\/a><\/span> f\u00f6r de senaste uppdateringarna.<\/li><\/ul><h2>\u00d6ppettider<\/h2><ul><li>M\u00e5ndag till fredag: 8:30 &#8211; 17:00<\/li><li>St\u00e4ngt p\u00e5 helger och officiella helgdagar i USA och Nederl\u00e4nderna.<\/li><\/ul>\t\t\t\t\t\t\t\t<\/div>\n\t\t\t\t<\/div>\n\t\t\t\t\t<\/div>\n\t\t<\/div>\n\t\t\t\t\t<\/div>\n\t\t<\/section>\n\t\t\t\t<section class=\"elementor-section elementor-top-section elementor-element elementor-element-ae80f05 elementor-section-boxed elementor-section-height-default elementor-section-height-default\" data-id=\"ae80f05\" data-element_type=\"section\">\n\t\t\t\t\t\t<div class=\"elementor-container elementor-column-gap-default\">\n\t\t\t\t\t<div class=\"elementor-column elementor-col-100 elementor-top-column elementor-element elementor-element-48ceb10\" data-id=\"48ceb10\" data-element_type=\"column\">\n\t\t\t<div class=\"elementor-widget-wrap elementor-element-populated\">\n\t\t\t\t\t\t<div class=\"elementor-element elementor-element-cba6da5 elementor-widget elementor-widget-heading\" data-id=\"cba6da5\" data-element_type=\"widget\" data-widget_type=\"heading.default\">\n\t\t\t\t<div class=\"elementor-widget-container\">\n\t\t\t\t\t<h2 class=\"elementor-heading-title elementor-size-default\">Tj\u00e4nster som erbjuds av USA:s ambassad<\/h2>\t\t\t\t<\/div>\n\t\t\t\t<\/div>\n\t\t\t\t\t<\/div>\n\t\t<\/div>\n\t\t\t\t\t<\/div>\n\t\t<\/section>\n\t\t\t\t<section class=\"elementor-section elementor-top-section elementor-element elementor-element-5e528fb elementor-section-boxed elementor-section-height-default elementor-section-height-default\" data-id=\"5e528fb\" data-element_type=\"section\">\n\t\t\t\t\t\t<div class=\"elementor-container elementor-column-gap-default\">\n\t\t\t\t\t<div class=\"elementor-column elementor-col-100 elementor-top-column elementor-element elementor-element-c53100a\" data-id=\"c53100a\" data-element_type=\"column\">\n\t\t\t<div class=\"elementor-widget-wrap elementor-element-populated\">\n\t\t\t\t\t\t<div class=\"elementor-element elementor-element-d1f17e9 elementor-widget elementor-widget-text-editor\" data-id=\"d1f17e9\" data-element_type=\"widget\" data-widget_type=\"text-editor.default\">\n\t\t\t\t<div class=\"elementor-widget-container\">\n\t\t\t\t\t\t\t\t\t<p>  Ambassaden erbjuder ett brett utbud av tj\u00e4nster f\u00f6r b\u00e5de amerikanska medborgare och nederl\u00e4ndska medborgare:<\/p><h3><strong>1. Tj\u00e4nster f\u00f6r amerikanska medborgare<\/strong><\/h3><ul><li><strong>Passtj\u00e4nster<\/strong>: F\u00f6rnya eller byt ut ditt amerikanska pass.<\/li><li><strong>Notariella tj\u00e4nster<\/strong>: Notariseringar av juridiska dokument.<\/li><li><strong>Hj\u00e4lp<\/strong> i n\u00f6dsituationer: St\u00f6d till amerikanska medborgare i n\u00f6d.<\/li><\/ul><h3> <\/h3><h3><strong>2. Viseringstj\u00e4nster f\u00f6r nederl\u00e4ndska medborgare<\/strong><\/h3><p>Ambassaden behandlar visumans\u00f6kningar f\u00f6r dem som reser till USA f\u00f6r:<\/p><ul><li><a href=\"https:\/\/www.usemb.nl\/sv\/visumtjanster-for-nederlandska-medborgare-vid-usas-ambassad-i-nederlanderna\/\">Turism eller f\u00f6retag B1\/B2 Visum<\/a>.<\/li><li><strong>Arbete eller studier<\/strong>: Inklusive H-1B-, F-1- och J-1-visum.<\/li><li><strong>Invandringsvisum<\/strong>: F\u00f6r personer som flyttar permanent till USA.<\/li><\/ul><div><br>Det \u00e4r ocks\u00e5 m\u00f6jligt att <a href=\"https:\/\/www.usemb.nl\/sv\/fornya-usas-visum-i-nederlanderna\/\">f\u00f6rnya ett amerikanskt visum fr\u00e5n Nederl\u00e4nderna.<\/a><\/div><div> <\/div><h3><strong>3. Utbildnings- och kulturprogram<\/strong><\/h3><ul><li>Stipendier och utbytesprogram som <strong>Fulbright<\/strong>.<\/li><li>St\u00f6d till kulturella samarbeten mellan USA och Nederl\u00e4nderna.<\/li><\/ul>\t\t\t\t\t\t\t\t<\/div>\n\t\t\t\t<\/div>\n\t\t\t\t\t<\/div>\n\t\t<\/div>\n\t\t\t\t\t<\/div>\n\t\t<\/section>\n\t\t\t\t<section class=\"elementor-section elementor-top-section elementor-element elementor-element-0a852d1 elementor-section-boxed elementor-section-height-default elementor-section-height-default\" data-id=\"0a852d1\" data-element_type=\"section\">\n\t\t\t\t\t\t<div class=\"elementor-container elementor-column-gap-default\">\n\t\t\t\t\t<div class=\"elementor-column elementor-col-100 elementor-top-column elementor-element elementor-element-81f6366\" data-id=\"81f6366\" data-element_type=\"column\">\n\t\t\t<div class=\"elementor-widget-wrap elementor-element-populated\">\n\t\t\t\t\t\t<div class=\"elementor-element elementor-element-65d49dd elementor-widget elementor-widget-heading\" data-id=\"65d49dd\" data-element_type=\"widget\" data-widget_type=\"heading.default\">\n\t\t\t\t<div class=\"elementor-widget-container\">\n\t\t\t\t\t<h2 class=\"elementor-heading-title elementor-size-default\">Historia om relationerna mellan USA och Nederl\u00e4nderna<\/h2>\t\t\t\t<\/div>\n\t\t\t\t<\/div>\n\t\t\t\t\t<\/div>\n\t\t<\/div>\n\t\t\t\t\t<\/div>\n\t\t<\/section>\n\t\t\t\t<section class=\"elementor-section elementor-top-section elementor-element elementor-element-8edf6bf elementor-section-boxed elementor-section-height-default elementor-section-height-default\" data-id=\"8edf6bf\" data-element_type=\"section\">\n\t\t\t\t\t\t<div class=\"elementor-container elementor-column-gap-default\">\n\t\t\t\t\t<div class=\"elementor-column elementor-col-100 elementor-top-column elementor-element elementor-element-692661e\" data-id=\"692661e\" data-element_type=\"column\">\n\t\t\t<div class=\"elementor-widget-wrap elementor-element-populated\">\n\t\t\t\t\t\t<div class=\"elementor-element elementor-element-2c84039 elementor-widget elementor-widget-text-editor\" data-id=\"2c84039\" data-element_type=\"widget\" data-widget_type=\"text-editor.default\">\n\t\t\t\t<div class=\"elementor-widget-container\">\n\t\t\t\t\t\t\t\t\t<p>Partnerskapet mellan USA och Nederl\u00e4nderna har sina r\u00f6tter i den amerikanska revolutionen, under vilken Nederl\u00e4nderna erbj\u00f6d sitt st\u00f6d.<\/p>\n<p>Diplomatiska f\u00f6rbindelser mellan de tv\u00e5 l\u00e4nderna uppr\u00e4ttades officiellt 1782, vilket inneb\u00e4r att USA har en av de \u00e4ldsta kontinuerliga bilaterala f\u00f6rbindelserna.\nDessa starka band bygger p\u00e5 en gemensam historia, kultur och ett \u00f6msesidigt engagemang f\u00f6r individuell frihet och m\u00e4nskliga r\u00e4ttigheter. <\/p>\n<p>USA och Nederl\u00e4nderna har liknande \u00e5sikter i m\u00e5nga viktiga fr\u00e5gor och samarbetar b\u00e5de bilateralt och inom internationella organisationer som F\u00f6renta nationerna (FN) och Nordatlantiska f\u00f6rdragsorganisationen (NATO).<\/p>\t\t\t\t\t\t\t\t<\/div>\n\t\t\t\t<\/div>\n\t\t\t\t\t<\/div>\n\t\t<\/div>\n\t\t\t\t\t<\/div>\n\t\t<\/section>\n\t\t\t\t<section class=\"elementor-section elementor-top-section elementor-element elementor-element-1922d4d elementor-section-boxed elementor-section-height-default elementor-section-height-default\" data-id=\"1922d4d\" data-element_type=\"section\">\n\t\t\t\t\t\t<div class=\"elementor-container elementor-column-gap-default\">\n\t\t\t\t\t<div class=\"elementor-column elementor-col-100 elementor-top-column elementor-element elementor-element-06748f3\" data-id=\"06748f3\" data-element_type=\"column\">\n\t\t\t<div class=\"elementor-widget-wrap elementor-element-populated\">\n\t\t\t\t\t\t<div class=\"elementor-element elementor-element-482ff2a elementor-widget elementor-widget-heading\" data-id=\"482ff2a\" data-element_type=\"widget\" data-widget_type=\"heading.default\">\n\t\t\t\t<div class=\"elementor-widget-container\">\n\t\t\t\t\t<h2 class=\"elementor-heading-title elementor-size-default\">\u00c4ndrade reseregler mellan USA och Nederl\u00e4nderna<\/h2>\t\t\t\t<\/div>\n\t\t\t\t<\/div>\n\t\t\t\t\t<\/div>\n\t\t<\/div>\n\t\t\t\t\t<\/div>\n\t\t<\/section>\n\t\t\t\t<section class=\"elementor-section elementor-top-section elementor-element elementor-element-a710781 elementor-section-boxed elementor-section-height-default elementor-section-height-default\" data-id=\"a710781\" data-element_type=\"section\">\n\t\t\t\t\t\t<div class=\"elementor-container elementor-column-gap-default\">\n\t\t\t\t\t<div class=\"elementor-column elementor-col-100 elementor-top-column elementor-element elementor-element-9a8705b\" data-id=\"9a8705b\" data-element_type=\"column\">\n\t\t\t<div class=\"elementor-widget-wrap elementor-element-populated\">\n\t\t\t\t\t\t<div class=\"elementor-element elementor-element-806f117 elementor-widget elementor-widget-text-editor\" data-id=\"806f117\" data-element_type=\"widget\" data-widget_type=\"text-editor.default\">\n\t\t\t\t<div class=\"elementor-widget-container\">\n\t\t\t\t\t\t\t\t\t<p>Fr\u00e5n och med slutet av 2025 kommer amerikanska medborgare att beh\u00f6va ett <a href=\"https:\/\/etias-eu.net\/en\/etias-netherlands\/\">ETIAS-godk\u00e4nnande innan de reser till Nederl\u00e4nderna<\/a>. Amerikaner har traditionellt \u00e5tnjutit visumfrihet f\u00f6r kortare vistelser, men det kommande ETIAS-systemet kommer att inf\u00f6ra en ny f\u00f6rhandsgranskningsprocess, liknande den som USA har till\u00e4mpat i flera \u00e5r med ESTA (Electronic System for Travel Authorization). <\/p><p>Denna f\u00f6r\u00e4ndring speglar det \u00f6msesidiga f\u00f6rh\u00e5llningss\u00e4tt till reses\u00e4kerhet som EU har antagit. Sedan 2009 har resen\u00e4rer fr\u00e5n Europa beh\u00f6vt ans\u00f6ka om ett ESTA innan de flyger till USA. Nu m\u00e5ste amerikaner ocks\u00e5 registrera sig online f\u00f6re sin resa, betala en liten avgift och f\u00e5 ett godk\u00e4nnande innan de g\u00e5r ombord p\u00e5 sitt flyg till Nederl\u00e4nderna eller n\u00e5got annat land i Schengenomr\u00e5det.  <\/p><p>\u00c4ven om ETIAS inte \u00e4r ett visum kommer det att vara obligatoriskt f\u00f6r alla bes\u00f6kare med kortare vistelser fr\u00e5n visumfria l\u00e4nder. F\u00f6r amerikanska turister, aff\u00e4rsresen\u00e4rer eller de som bes\u00f6ker v\u00e4nner och familj i Nederl\u00e4nderna inneb\u00e4r detta att man m\u00e5ste planera i f\u00f6rv\u00e4g och se till att ETIAS godk\u00e4nns f\u00f6re avresan. Processen f\u00f6rv\u00e4ntas g\u00e5 snabbt och vara giltig f\u00f6r flera inresor under en tre\u00e5rsperiod.  <\/p>\t\t\t\t\t\t\t\t<\/div>\n\t\t\t\t<\/div>\n\t\t\t\t\t<\/div>\n\t\t<\/div>\n\t\t\t\t\t<\/div>\n\t\t<\/section>\n\t\t\t\t<\/div>\n\t\t","protected":false},"excerpt":{"rendered":"<p>Resa till USA Att resa till USA kr\u00e4ver att man \u00e4r medveten om de sista kraven. Du b\u00f6r kontakta den amerikanska ambassaden f\u00f6r att f\u00e5 uppdaterad situationsinformation. Reglerna f\u00f6r utl\u00e4nningar som reser till USA \u00e4ndras ofta med en kort f\u00f6rdr\u00f6jning. USA:s ambassad USA:s Amerikanska ambassaden \u00e4r ansvarig f\u00f6r f\u00f6rbindelserna mellan USA och Nederl\u00e4nderna. De arbetar [&hellip;]<\/p>\n","protected":false},"author":1,"featured_media":0,"parent":0,"menu_order":0,"comment_status":"closed","ping_status":"closed","template":"","meta":{"footnotes":""},"class_list":["post-246","page","type-page","status-publish","hentry"],"yoast_head":"<!-- This site is optimized with the Yoast SEO plugin v26.2 - https:\/\/yoast.com\/wordpress\/plugins\/seo\/ -->\n<title>Hem - USA<\/title>\n<meta name=\"robots\" content=\"index, follow, max-snippet:-1, max-image-preview:large, max-video-preview:-1\" \/>\n<link rel=\"canonical\" href=\"https:\/\/www.usemb.nl\/sv\/\" \/>\n<meta property=\"og:locale\" content=\"sv_SE\" \/>\n<meta property=\"og:type\" content=\"article\" \/>\n<meta property=\"og:title\" content=\"Hem - USA\" \/>\n<meta property=\"og:description\" content=\"Resa till USA Att resa till USA kr\u00e4ver att man \u00e4r medveten om de sista kraven. Du b\u00f6r kontakta den amerikanska ambassaden f\u00f6r att f\u00e5 uppdaterad situationsinformation. Reglerna f\u00f6r utl\u00e4nningar som reser till USA \u00e4ndras ofta med en kort f\u00f6rdr\u00f6jning. USA:s ambassad USA:s Amerikanska ambassaden \u00e4r ansvarig f\u00f6r f\u00f6rbindelserna mellan USA och Nederl\u00e4nderna. De arbetar [&hellip;]\" \/>\n<meta property=\"og:url\" content=\"https:\/\/www.usemb.nl\/sv\/\" \/>\n<meta property=\"og:site_name\" content=\"USA\" \/>\n<meta property=\"article:modified_time\" content=\"2025-04-07T18:46:44+00:00\" \/>\n<meta property=\"og:image\" content=\"https:\/\/www.usemb.nl\/wp-content\/uploads\/2022\/05\/usa-visa-image.jpg\" \/>\n<meta name=\"twitter:card\" content=\"summary_large_image\" \/>\n<meta name=\"twitter:label1\" content=\"Ber\u00e4knad l\u00e4stid\" \/>\n\t<meta name=\"twitter:data1\" content=\"4 minuter\" \/>\n<script type=\"application\/ld+json\" class=\"yoast-schema-graph\">{\"@context\":\"https:\/\/schema.org\",\"@graph\":[{\"@type\":\"WebPage\",\"@id\":\"https:\/\/www.usemb.nl\/sv\/\",\"url\":\"https:\/\/www.usemb.nl\/sv\/\",\"name\":\"Hem - USA\",\"isPartOf\":{\"@id\":\"https:\/\/www.usemb.nl\/sv\/#website\"},\"primaryImageOfPage\":{\"@id\":\"https:\/\/www.usemb.nl\/sv\/#primaryimage\"},\"image\":{\"@id\":\"https:\/\/www.usemb.nl\/sv\/#primaryimage\"},\"thumbnailUrl\":\"https:\/\/www.usemb.nl\/wp-content\/uploads\/2022\/05\/usa-visa-image.jpg\",\"datePublished\":\"2022-05-20T09:42:00+00:00\",\"dateModified\":\"2025-04-07T18:46:44+00:00\",\"breadcrumb\":{\"@id\":\"https:\/\/www.usemb.nl\/sv\/#breadcrumb\"},\"inLanguage\":\"sv-SE\",\"potentialAction\":[{\"@type\":\"ReadAction\",\"target\":[\"https:\/\/www.usemb.nl\/sv\/\"]}]},{\"@type\":\"ImageObject\",\"inLanguage\":\"sv-SE\",\"@id\":\"https:\/\/www.usemb.nl\/sv\/#primaryimage\",\"url\":\"https:\/\/www.usemb.nl\/wp-content\/uploads\/2022\/05\/usa-visa-image.jpg\",\"contentUrl\":\"https:\/\/www.usemb.nl\/wp-content\/uploads\/2022\/05\/usa-visa-image.jpg\"},{\"@type\":\"BreadcrumbList\",\"@id\":\"https:\/\/www.usemb.nl\/sv\/#breadcrumb\",\"itemListElement\":[{\"@type\":\"ListItem\",\"position\":1,\"name\":\"Home\",\"item\":\"https:\/\/www.usemb.nl\/sv\/\"},{\"@type\":\"ListItem\",\"position\":2,\"name\":\"Hem\"}]},{\"@type\":\"WebSite\",\"@id\":\"https:\/\/www.usemb.nl\/sv\/#website\",\"url\":\"https:\/\/www.usemb.nl\/sv\/\",\"name\":\"USA\",\"description\":\"United States of America\",\"potentialAction\":[{\"@type\":\"SearchAction\",\"target\":{\"@type\":\"EntryPoint\",\"urlTemplate\":\"https:\/\/www.usemb.nl\/sv\/?s={search_term_string}\"},\"query-input\":{\"@type\":\"PropertyValueSpecification\",\"valueRequired\":true,\"valueName\":\"search_term_string\"}}],\"inLanguage\":\"sv-SE\"}]}<\/script>\n<!-- \/ Yoast SEO plugin. -->","yoast_head_json":{"title":"Hem - USA","robots":{"index":"index","follow":"follow","max-snippet":"max-snippet:-1","max-image-preview":"max-image-preview:large","max-video-preview":"max-video-preview:-1"},"canonical":"https:\/\/www.usemb.nl\/sv\/","og_locale":"sv_SE","og_type":"article","og_title":"Hem - USA","og_description":"Resa till USA Att resa till USA kr\u00e4ver att man \u00e4r medveten om de sista kraven. Du b\u00f6r kontakta den amerikanska ambassaden f\u00f6r att f\u00e5 uppdaterad situationsinformation. Reglerna f\u00f6r utl\u00e4nningar som reser till USA \u00e4ndras ofta med en kort f\u00f6rdr\u00f6jning. USA:s ambassad USA:s Amerikanska ambassaden \u00e4r ansvarig f\u00f6r f\u00f6rbindelserna mellan USA och Nederl\u00e4nderna. De arbetar [&hellip;]","og_url":"https:\/\/www.usemb.nl\/sv\/","og_site_name":"USA","article_modified_time":"2025-04-07T18:46:44+00:00","og_image":[{"url":"https:\/\/www.usemb.nl\/wp-content\/uploads\/2022\/05\/usa-visa-image.jpg","type":"","width":"","height":""}],"twitter_card":"summary_large_image","twitter_misc":{"Ber\u00e4knad l\u00e4stid":"4 minuter"},"schema":{"@context":"https:\/\/schema.org","@graph":[{"@type":"WebPage","@id":"https:\/\/www.usemb.nl\/sv\/","url":"https:\/\/www.usemb.nl\/sv\/","name":"Hem - USA","isPartOf":{"@id":"https:\/\/www.usemb.nl\/sv\/#website"},"primaryImageOfPage":{"@id":"https:\/\/www.usemb.nl\/sv\/#primaryimage"},"image":{"@id":"https:\/\/www.usemb.nl\/sv\/#primaryimage"},"thumbnailUrl":"https:\/\/www.usemb.nl\/wp-content\/uploads\/2022\/05\/usa-visa-image.jpg","datePublished":"2022-05-20T09:42:00+00:00","dateModified":"2025-04-07T18:46:44+00:00","breadcrumb":{"@id":"https:\/\/www.usemb.nl\/sv\/#breadcrumb"},"inLanguage":"sv-SE","potentialAction":[{"@type":"ReadAction","target":["https:\/\/www.usemb.nl\/sv\/"]}]},{"@type":"ImageObject","inLanguage":"sv-SE","@id":"https:\/\/www.usemb.nl\/sv\/#primaryimage","url":"https:\/\/www.usemb.nl\/wp-content\/uploads\/2022\/05\/usa-visa-image.jpg","contentUrl":"https:\/\/www.usemb.nl\/wp-content\/uploads\/2022\/05\/usa-visa-image.jpg"},{"@type":"BreadcrumbList","@id":"https:\/\/www.usemb.nl\/sv\/#breadcrumb","itemListElement":[{"@type":"ListItem","position":1,"name":"Home","item":"https:\/\/www.usemb.nl\/sv\/"},{"@type":"ListItem","position":2,"name":"Hem"}]},{"@type":"WebSite","@id":"https:\/\/www.usemb.nl\/sv\/#website","url":"https:\/\/www.usemb.nl\/sv\/","name":"USA","description":"United States of America","potentialAction":[{"@type":"SearchAction","target":{"@type":"EntryPoint","urlTemplate":"https:\/\/www.usemb.nl\/sv\/?s={search_term_string}"},"query-input":{"@type":"PropertyValueSpecification","valueRequired":true,"valueName":"search_term_string"}}],"inLanguage":"sv-SE"}]}},"_links":{"self":[{"href":"https:\/\/www.usemb.nl\/sv\/wp-json\/wp\/v2\/pages\/246","targetHints":{"allow":["GET"]}}],"collection":[{"href":"https:\/\/www.usemb.nl\/sv\/wp-json\/wp\/v2\/pages"}],"about":[{"href":"https:\/\/www.usemb.nl\/sv\/wp-json\/wp\/v2\/types\/page"}],"author":[{"embeddable":true,"href":"https:\/\/www.usemb.nl\/sv\/wp-json\/wp\/v2\/users\/1"}],"replies":[{"embeddable":true,"href":"https:\/\/www.usemb.nl\/sv\/wp-json\/wp\/v2\/comments?post=246"}],"version-history":[{"count":15,"href":"https:\/\/www.usemb.nl\/sv\/wp-json\/wp\/v2\/pages\/246\/revisions"}],"predecessor-version":[{"id":891,"href":"https:\/\/www.usemb.nl\/sv\/wp-json\/wp\/v2\/pages\/246\/revisions\/891"}],"wp:attachment":[{"href":"https:\/\/www.usemb.nl\/sv\/wp-json\/wp\/v2\/media?parent=246"}],"curies":[{"name":"wp","href":"https:\/\/api.w.org\/{rel}","templated":true}]}}