{"id":847,"date":"2025-04-07T14:34:20","date_gmt":"2025-04-07T18:34:20","guid":{"rendered":"https:\/\/www.usemb.nl\/renova-a-visita-dos-eua-aos-paises-baixos\/"},"modified":"2025-04-07T14:47:44","modified_gmt":"2025-04-07T18:47:44","slug":"renova-a-visita-dos-eua-aos-paises-baixos","status":"publish","type":"page","link":"https:\/\/www.usemb.nl\/pt-pt\/renova-a-visita-dos-eua-aos-paises-baixos\/","title":{"rendered":"Renovar um visto dos EUA nos Pa\u00edses Baixos"},"content":{"rendered":"\n<h1 class=\"wp-block-heading\">Renovar o teu visto dos EUA a partir dos Pa\u00edses Baixos<\/h1>\n\n<p>Renovar o teu visto dos EUA a partir dos Pa\u00edses Baixos \u00e9 um processo simples, mas \u00e9 essencial estar informado sobre os crit\u00e9rios, os prazos e as poss\u00edveis excep\u00e7\u00f5es para garantir uma experi\u00eancia tranquila.<\/p>\n\n<h2 class=\"wp-block-heading\">Crit\u00e9rios de elegibilidade para a renova\u00e7\u00e3o do visto para os EUA<\/h2>\n\n<p>Em geral, podes renovar o teu visto sem entrevista se<\/p>\n\n<ul class=\"wp-block-list\">\n<li>Renovas um visto com a mesma classifica\u00e7\u00e3o do teu visto anterior.<\/li>\n\n\n\n<li>O teu visto anterior foi emitido quando tinhas 14 anos de idade ou mais.<\/li>\n\n\n\n<li>O teu visto ainda \u00e9 v\u00e1lido ou caducou nos \u00faltimos 48 meses.<\/li>\n\n\n\n<li>N\u00e3o te foi recusado um visto dos EUA ap\u00f3s a emiss\u00e3o do teu visto anterior.<\/li>\n\n\n\n<li>Est\u00e1s fisicamente presente nos Pa\u00edses Baixos durante a apresenta\u00e7\u00e3o do pedido de renova\u00e7\u00e3o.<\/li>\n<\/ul>\n\n<div style=\"height:20px\" aria-hidden=\"true\" class=\"wp-block-spacer\"><\/div>\n\n<h2 class=\"wp-block-heading\">Processo de renova\u00e7\u00e3o<\/h2>\n\n<h3 class=\"wp-block-heading\">Guia passo-a-passo:<\/h3>\n\n<ol start=\"1\" class=\"wp-block-list\">\n<li><strong>Preenche o formul\u00e1rio DS-160 online<\/strong>:\n<ul class=\"wp-block-list\">\n<li>Preenche o pedido de visto de n\u00e3o-imigrante <a href=\"https:\/\/travel.state.gov\/content\/travel\/en\/us-visas\/visa-information-resources\/forms\/ds-160-online-nonimmigrant-visa-application.html\">DS-160<\/a>.<\/li>\n\n\n\n<li>Imprime e guarda a p\u00e1gina de confirma\u00e7\u00e3o com o c\u00f3digo de barras.<\/li>\n<\/ul>\n<\/li>\n\n\n\n<li><strong>Paga a taxa de pedido de visto<\/strong>:\n<ul class=\"wp-block-list\">\n<li>Paga os <a href=\"https:\/\/usa-b2.com\/en\/fees-b2-visa\/\">emolumentos do visto<\/a> em linha atrav\u00e9s do s\u00edtio Web oficial da nomea\u00e7\u00e3o.<\/li>\n\n\n\n<li>Imprime o recibo de confirma\u00e7\u00e3o de pagamento.<\/li>\n<\/ul>\n<\/li>\n\n\n\n<li><strong>Verifica a elegibilidade para a dispensa de entrevista<\/strong>:\n<ul class=\"wp-block-list\">\n<li>Verifica a elegibilidade para o programa de isen\u00e7\u00e3o de entrevista no s\u00edtio <a href=\"https:\/\/nl.usembassy.gov\/\">Web da Embaixada dos EUA nos Pa\u00edses Baixos<\/a>.<\/li>\n<\/ul>\n<\/li>\n\n\n\n<li><strong>Marca uma consulta ou envia os documentos por correio<\/strong>:\n<ul class=\"wp-block-list\">\n<li>Se for eleg\u00edvel para uma dispensa de entrevista, segue as instru\u00e7\u00f5es para enviar o teu passaporte e documentos.<\/li>\n\n\n\n<li>Se for necess\u00e1ria uma entrevista, marca a tua entrevista online.<\/li>\n<\/ul>\n<\/li>\n\n\n\n<li><strong>Apresenta os teus documentos<\/strong>:\n<ul class=\"wp-block-list\">\n<li>Inclui o teu passaporte, a confirma\u00e7\u00e3o DS-160, o recibo da taxa de visto, uma fotografia recente e documentos comprovativos (por exemplo, c\u00f3pia do visto anterior).<\/li>\n<\/ul>\n<\/li>\n<\/ol>\n\n<div style=\"height:20px\" aria-hidden=\"true\" class=\"wp-block-spacer\"><\/div>\n\n<h2 class=\"wp-block-heading\">Cronogramas<\/h2>\n\n<p>Normalmente, o tempo de processamento varia <strong>entre 7 e 15 dias \u00fateis<\/strong> para renova\u00e7\u00f5es de dispensa de entrevista. Se for necess\u00e1ria uma entrevista, os tempos de processamento podem variar consoante a disponibilidade de marca\u00e7\u00f5es e a procura sazonal. <\/p>\n\n<h2 class=\"wp-block-heading\">Excep\u00e7\u00f5es<\/h2>\n\n<p>Poder\u00e1s precisar de uma entrevista se:<\/p>\n\n<ul class=\"wp-block-list\">\n<li>O teu visto anterior foi perdido, roubado ou cancelado.<\/li>\n\n\n\n<li>Passaste o per\u00edodo de perman\u00eancia nos EUA.<\/li>\n\n\n\n<li>Mudaste de categoria de visto ou sofreste altera\u00e7\u00f5es significativas do teu estatuto pessoal.<\/li>\n\n\n\n<li>O funcion\u00e1rio consular determina que \u00e9 necess\u00e1ria uma entrevista.<\/li>\n<\/ul>\n\n<div style=\"height:20px\" aria-hidden=\"true\" class=\"wp-block-spacer\"><\/div>\n\n<p>Verifica sempre a tua situa\u00e7\u00e3o e as instru\u00e7\u00f5es espec\u00edficas do <a href=\"https:\/\/www.usemb.nl\/pt-pt\/servicos-de-vistos-para-cidadaos-holandeses-na-embaixada-dos-eua-nos-paises-baixos\/\">pedido de visto americano para cidad\u00e3os neerlandeses<\/a> para garantir a exatid\u00e3o.<\/p>\n\n<h2 class=\"wp-block-heading\">Sugest\u00f5es adicionais<\/h2>\n\n<p>Para evitar atrasos, inicia o processo de renova\u00e7\u00e3o pelo menos tr\u00eas meses antes da viagem prevista. Certifica-te de que a validade do teu passaporte excede, pelo menos, seis meses para al\u00e9m da tua estadia prevista nos EUA e segue cuidadosamente as instru\u00e7\u00f5es para a apresenta\u00e7\u00e3o de documentos para evitar atrasos no processamento. <\/p>\n","protected":false},"excerpt":{"rendered":"<p>Renovar o teu visto dos EUA a partir dos Pa\u00edses Baixos Renovar o teu visto dos EUA a partir dos Pa\u00edses Baixos \u00e9 um processo simples, mas \u00e9 essencial estar informado sobre os crit\u00e9rios, os prazos e as poss\u00edveis excep\u00e7\u00f5es para garantir uma experi\u00eancia tranquila. Crit\u00e9rios de elegibilidade para a renova\u00e7\u00e3o do visto para os [&hellip;]<\/p>\n","protected":false},"author":1,"featured_media":0,"parent":0,"menu_order":0,"comment_status":"closed","ping_status":"closed","template":"","meta":{"footnotes":""},"class_list":["post-847","page","type-page","status-publish","hentry"],"yoast_head":"<!-- This site is optimized with the Yoast SEO plugin v26.2 - https:\/\/yoast.com\/wordpress\/plugins\/seo\/ -->\n<title>Renovar um visto dos EUA nos Pa\u00edses Baixos - USA<\/title>\n<meta name=\"description\" content=\"Para renovar um visto dos EUA a partir dos Pa\u00edses Baixos, tens de seguir as instru\u00e7\u00f5es e os prazos para garantir uma experi\u00eancia tranquila\" \/>\n<meta name=\"robots\" content=\"index, follow, max-snippet:-1, max-image-preview:large, max-video-preview:-1\" \/>\n<link rel=\"canonical\" href=\"https:\/\/www.usemb.nl\/pt-pt\/renova-a-visita-dos-eua-aos-paises-baixos\/\" \/>\n<meta property=\"og:locale\" content=\"pt_PT\" \/>\n<meta property=\"og:type\" content=\"article\" \/>\n<meta property=\"og:title\" content=\"Renovar um visto dos EUA nos Pa\u00edses Baixos - USA\" \/>\n<meta property=\"og:description\" content=\"Para renovar um visto dos EUA a partir dos Pa\u00edses Baixos, tens de seguir as instru\u00e7\u00f5es e os prazos para garantir uma experi\u00eancia tranquila\" \/>\n<meta property=\"og:url\" content=\"https:\/\/www.usemb.nl\/pt-pt\/renova-a-visita-dos-eua-aos-paises-baixos\/\" \/>\n<meta property=\"og:site_name\" content=\"USA\" \/>\n<meta property=\"article:modified_time\" content=\"2025-04-07T18:47:44+00:00\" \/>\n<meta name=\"twitter:card\" content=\"summary_large_image\" \/>\n<meta name=\"twitter:label1\" content=\"Tempo estimado de leitura\" \/>\n\t<meta name=\"twitter:data1\" content=\"2 minutos\" \/>\n<script type=\"application\/ld+json\" class=\"yoast-schema-graph\">{\"@context\":\"https:\/\/schema.org\",\"@graph\":[{\"@type\":\"WebPage\",\"@id\":\"https:\/\/www.usemb.nl\/pt-pt\/renova-a-visita-dos-eua-aos-paises-baixos\/\",\"url\":\"https:\/\/www.usemb.nl\/pt-pt\/renova-a-visita-dos-eua-aos-paises-baixos\/\",\"name\":\"Renovar um visto dos EUA nos Pa\u00edses Baixos - USA\",\"isPartOf\":{\"@id\":\"https:\/\/www.usemb.nl\/pt-pt\/#website\"},\"datePublished\":\"2025-04-07T18:34:20+00:00\",\"dateModified\":\"2025-04-07T18:47:44+00:00\",\"description\":\"Para renovar um visto dos EUA a partir dos Pa\u00edses Baixos, tens de seguir as instru\u00e7\u00f5es e os prazos para garantir uma experi\u00eancia tranquila\",\"breadcrumb\":{\"@id\":\"https:\/\/www.usemb.nl\/pt-pt\/renova-a-visita-dos-eua-aos-paises-baixos\/#breadcrumb\"},\"inLanguage\":\"pt-PT\",\"potentialAction\":[{\"@type\":\"ReadAction\",\"target\":[\"https:\/\/www.usemb.nl\/pt-pt\/renova-a-visita-dos-eua-aos-paises-baixos\/\"]}]},{\"@type\":\"BreadcrumbList\",\"@id\":\"https:\/\/www.usemb.nl\/pt-pt\/renova-a-visita-dos-eua-aos-paises-baixos\/#breadcrumb\",\"itemListElement\":[{\"@type\":\"ListItem\",\"position\":1,\"name\":\"Home\",\"item\":\"https:\/\/www.usemb.nl\/pt-pt\/\"},{\"@type\":\"ListItem\",\"position\":2,\"name\":\"Renovar um visto dos EUA nos Pa\u00edses Baixos\"}]},{\"@type\":\"WebSite\",\"@id\":\"https:\/\/www.usemb.nl\/pt-pt\/#website\",\"url\":\"https:\/\/www.usemb.nl\/pt-pt\/\",\"name\":\"USA\",\"description\":\"United States of America\",\"potentialAction\":[{\"@type\":\"SearchAction\",\"target\":{\"@type\":\"EntryPoint\",\"urlTemplate\":\"https:\/\/www.usemb.nl\/pt-pt\/?s={search_term_string}\"},\"query-input\":{\"@type\":\"PropertyValueSpecification\",\"valueRequired\":true,\"valueName\":\"search_term_string\"}}],\"inLanguage\":\"pt-PT\"}]}<\/script>\n<!-- \/ Yoast SEO plugin. -->","yoast_head_json":{"title":"Renovar um visto dos EUA nos Pa\u00edses Baixos - USA","description":"Para renovar um visto dos EUA a partir dos Pa\u00edses Baixos, tens de seguir as instru\u00e7\u00f5es e os prazos para garantir uma experi\u00eancia tranquila","robots":{"index":"index","follow":"follow","max-snippet":"max-snippet:-1","max-image-preview":"max-image-preview:large","max-video-preview":"max-video-preview:-1"},"canonical":"https:\/\/www.usemb.nl\/pt-pt\/renova-a-visita-dos-eua-aos-paises-baixos\/","og_locale":"pt_PT","og_type":"article","og_title":"Renovar um visto dos EUA nos Pa\u00edses Baixos - USA","og_description":"Para renovar um visto dos EUA a partir dos Pa\u00edses Baixos, tens de seguir as instru\u00e7\u00f5es e os prazos para garantir uma experi\u00eancia tranquila","og_url":"https:\/\/www.usemb.nl\/pt-pt\/renova-a-visita-dos-eua-aos-paises-baixos\/","og_site_name":"USA","article_modified_time":"2025-04-07T18:47:44+00:00","twitter_card":"summary_large_image","twitter_misc":{"Tempo estimado de leitura":"2 minutos"},"schema":{"@context":"https:\/\/schema.org","@graph":[{"@type":"WebPage","@id":"https:\/\/www.usemb.nl\/pt-pt\/renova-a-visita-dos-eua-aos-paises-baixos\/","url":"https:\/\/www.usemb.nl\/pt-pt\/renova-a-visita-dos-eua-aos-paises-baixos\/","name":"Renovar um visto dos EUA nos Pa\u00edses Baixos - USA","isPartOf":{"@id":"https:\/\/www.usemb.nl\/pt-pt\/#website"},"datePublished":"2025-04-07T18:34:20+00:00","dateModified":"2025-04-07T18:47:44+00:00","description":"Para renovar um visto dos EUA a partir dos Pa\u00edses Baixos, tens de seguir as instru\u00e7\u00f5es e os prazos para garantir uma experi\u00eancia tranquila","breadcrumb":{"@id":"https:\/\/www.usemb.nl\/pt-pt\/renova-a-visita-dos-eua-aos-paises-baixos\/#breadcrumb"},"inLanguage":"pt-PT","potentialAction":[{"@type":"ReadAction","target":["https:\/\/www.usemb.nl\/pt-pt\/renova-a-visita-dos-eua-aos-paises-baixos\/"]}]},{"@type":"BreadcrumbList","@id":"https:\/\/www.usemb.nl\/pt-pt\/renova-a-visita-dos-eua-aos-paises-baixos\/#breadcrumb","itemListElement":[{"@type":"ListItem","position":1,"name":"Home","item":"https:\/\/www.usemb.nl\/pt-pt\/"},{"@type":"ListItem","position":2,"name":"Renovar um visto dos EUA nos Pa\u00edses Baixos"}]},{"@type":"WebSite","@id":"https:\/\/www.usemb.nl\/pt-pt\/#website","url":"https:\/\/www.usemb.nl\/pt-pt\/","name":"USA","description":"United States of America","potentialAction":[{"@type":"SearchAction","target":{"@type":"EntryPoint","urlTemplate":"https:\/\/www.usemb.nl\/pt-pt\/?s={search_term_string}"},"query-input":{"@type":"PropertyValueSpecification","valueRequired":true,"valueName":"search_term_string"}}],"inLanguage":"pt-PT"}]}},"_links":{"self":[{"href":"https:\/\/www.usemb.nl\/pt-pt\/wp-json\/wp\/v2\/pages\/847","targetHints":{"allow":["GET"]}}],"collection":[{"href":"https:\/\/www.usemb.nl\/pt-pt\/wp-json\/wp\/v2\/pages"}],"about":[{"href":"https:\/\/www.usemb.nl\/pt-pt\/wp-json\/wp\/v2\/types\/page"}],"author":[{"embeddable":true,"href":"https:\/\/www.usemb.nl\/pt-pt\/wp-json\/wp\/v2\/users\/1"}],"replies":[{"embeddable":true,"href":"https:\/\/www.usemb.nl\/pt-pt\/wp-json\/wp\/v2\/comments?post=847"}],"version-history":[{"count":4,"href":"https:\/\/www.usemb.nl\/pt-pt\/wp-json\/wp\/v2\/pages\/847\/revisions"}],"predecessor-version":[{"id":899,"href":"https:\/\/www.usemb.nl\/pt-pt\/wp-json\/wp\/v2\/pages\/847\/revisions\/899"}],"wp:attachment":[{"href":"https:\/\/www.usemb.nl\/pt-pt\/wp-json\/wp\/v2\/media?parent=847"}],"curies":[{"name":"wp","href":"https:\/\/api.w.org\/{rel}","templated":true}]}}