{"id":661,"date":"2025-03-03T09:54:43","date_gmt":"2025-03-03T14:54:43","guid":{"rendered":"https:\/\/www.usemb.nl\/servicos-de-vistos-para-cidadaos-holandeses-na-embaixada-dos-eua-nos-paises-baixos\/"},"modified":"2025-03-03T10:15:56","modified_gmt":"2025-03-03T15:15:56","slug":"servicos-de-vistos-para-cidadaos-holandeses-na-embaixada-dos-eua-nos-paises-baixos","status":"publish","type":"page","link":"https:\/\/www.usemb.nl\/pt-pt\/servicos-de-vistos-para-cidadaos-holandeses-na-embaixada-dos-eua-nos-paises-baixos\/","title":{"rendered":"Servi\u00e7os de vistos para cidad\u00e3os holandeses na Embaixada dos EUA nos Pa\u00edses Baixos"},"content":{"rendered":"\n<h1 class=\"wp-block-heading\">Pedido de visto americano para cidad\u00e3os holandeses nos Pa\u00edses Baixos<\/h1>\n\n<p>\u00c9s um cidad\u00e3o holand\u00eas que planeia viajar para os Estados Unidos em turismo ou em neg\u00f3cios? Este guia fornece informa\u00e7\u00f5es essenciais sobre o processo de pedido de visto B1\/B2 na embaixada dos EUA nos Pa\u00edses Baixos. Informa-te sobre os passos a seguir, dicas para uma candidatura bem sucedida e informa\u00e7\u00f5es \u00fateis adaptadas aos viajantes holandeses.<\/p>\n\n<h2 class=\"wp-block-heading\">Porqu\u00ea pedir um visto para os EUA nos Pa\u00edses Baixos<\/h2>\n\n<p>A Embaixada dos EUA nos Pa\u00edses Baixos oferece servi\u00e7os de vistos especificamente concebidos para os cidad\u00e3os holandeses que pretendem visitar os Estados Unidos. Quer a tua viagem se destine a reuni\u00f5es de neg\u00f3cios, confer\u00eancias ou viagens de lazer, a apresenta\u00e7\u00e3o de um pedido a n\u00edvel local pode simplificar o processo e ajudar a garantir que cumpres todos os requisitos necess\u00e1rios. A familiaridade com os procedimentos locais e as vantagens lingu\u00edsticas tamb\u00e9m podem contribuir para uma experi\u00eancia de candidatura mais f\u00e1cil.<\/p>\n\n<h2 class=\"wp-block-heading\">Passos para solicitar um visto para os EUA<\/h2>\n\n<ol class=\"wp-block-list\">\n<li>Determinar o tipo de visto de que necessitas<br\/>Antes de iniciares o teu pedido, identifica a categoria de visto correta para o objetivo da tua viagem. Para turismo e neg\u00f3cios, o visto B1\/B2 \u00e9 a op\u00e7\u00e3o mais comum. Analisa os requisitos pormenorizados no s\u00edtio Web oficial da embaixada para te certificares de que te qualificas para o tipo de visto.  <\/li>\n\n\n\n<li>Preenche o formul\u00e1rio de candidatura online (DS-160)<br\/>Preenche o formul\u00e1rio DS-160 com exatid\u00e3o. O formul\u00e1rio requer dados pessoais, planos de viagem e informa\u00e7\u00f5es b\u00e1sicas. Depois de preencheres o formul\u00e1rio, guarda a p\u00e1gina de confirma\u00e7\u00e3o, uma vez que \u00e9 essencial para a tua entrevista para o visto.  <\/li>\n\n\n\n<li>Paga a taxa de pedido de visto<br\/>A taxa para o visto B1\/B2 pode variar, pelo que \u00e9 importante verificar a tabela de taxas mais recente fornecida pela embaixada. Guarda o recibo como prova de pagamento, pois \u00e9 necess\u00e1rio durante o processo de entrevista. <\/li>\n\n\n\n<li>Marca a tua entrevista<br\/>Depois de preencheres o formul\u00e1rio DS-160 e pagares a taxa, marca uma entrevista para o teu visto na embaixada dos EUA na Holanda. Recomenda-se que marques a entrevista com anteced\u00eancia, uma vez que as vagas podem esgotar-se rapidamente, especialmente durante as \u00e9pocas de maior aflu\u00eancia. <\/li>\n\n\n\n<li>Prepara-te para a entrevista<br\/>Re\u00fane todos os documentos necess\u00e1rios antes da entrevista. Estes incluem normalmente o teu passaporte v\u00e1lido, a p\u00e1gina de confirma\u00e7\u00e3o DS-160, o recibo da taxa e documentos comprovativos, tais como prova de meios financeiros, verifica\u00e7\u00e3o de emprego ou uma carta de convite, se aplic\u00e1vel. Prepara-te para explicar o objetivo da tua viagem e demonstra que tens fortes la\u00e7os com os Pa\u00edses Baixos.  <\/li>\n<\/ol>\n\n<h2 class=\"wp-block-heading\">Dicas para uma candidatura bem sucedida<\/h2>\n\n<ul class=\"wp-block-list\">\n<li>Verifica duas vezes todas as informa\u00e7\u00f5es do teu formul\u00e1rio DS-160 para evitar erros.<\/li>\n\n\n\n<li>Prepara respostas claras e concisas para a entrevista de visto.<\/li>\n\n\n\n<li>Organiza bem todos os documentos comprovativos para apresentares um caso s\u00f3lido.<\/li>\n\n\n\n<li>Mant\u00e9m-te atualizado com as mais recentes orienta\u00e7\u00f5es e requisitos da embaixada dos EUA nos Pa\u00edses Baixos.<\/li>\n<\/ul>\n\n<div style=\"height:20px\" aria-hidden=\"true\" class=\"wp-block-spacer\"><\/div>\n\n<p>Os candidatos neerlandeses podem deparar-se com dificuldades, como discrep\u00e2ncias nos documentos ou problemas de agendamento. Para ultrapassar estes problemas, certifica-te de que todas as informa\u00e7\u00f5es s\u00e3o exactas e completas. Se surgirem problemas, consulta o s\u00edtio Web oficial da embaixada ou contacta os seus servi\u00e7os de apoio para obteres assist\u00eancia atempada. A prepara\u00e7\u00e3o e a aten\u00e7\u00e3o aos pormenores s\u00e3o factores essenciais para evitar atrasos desnecess\u00e1rios.   <\/p>\n\n<h2 class=\"wp-block-heading\">Conclus\u00e3o<\/h2>\n\n<p>O processo de pedido de visto para cidad\u00e3os holandeses na Embaixada dos EUA nos Pa\u00edses Baixos est\u00e1 estruturado de forma a ser simples se seguires cuidadosamente as orienta\u00e7\u00f5es. Se compreenderes os passos, preparares toda a documenta\u00e7\u00e3o necess\u00e1ria e marcares a tua entrevista com anteced\u00eancia, podes aumentar as tuas hip\u00f3teses de obter um visto B1\/B2 para a tua viagem aos Estados Unidos. Para obteres as informa\u00e7\u00f5es mais actualizadas e instru\u00e7\u00f5es detalhadas, consulta sempre o <a href=\"https:\/\/nl.usembassy.gov\/\">s\u00edtio Web oficial da Embaixada dos EUA<\/a> nos Pa\u00edses Baixos.  <\/p>\n\n<p>Um pedido bem preparado \u00e9 o primeiro passo para uma viagem bem sucedida, quer o teu destino seja de neg\u00f3cios ou de lazer. Boa sorte com o teu processo de pedido de visto! <\/p>\n","protected":false},"excerpt":{"rendered":"<p>Pedido de visto americano para cidad\u00e3os holandeses nos Pa\u00edses Baixos \u00c9s um cidad\u00e3o holand\u00eas que planeia viajar para os Estados Unidos em turismo ou em neg\u00f3cios? Este guia fornece informa\u00e7\u00f5es essenciais sobre o processo de pedido de visto B1\/B2 na embaixada dos EUA nos Pa\u00edses Baixos. Informa-te sobre os passos a seguir, dicas para uma [&hellip;]<\/p>\n","protected":false},"author":1,"featured_media":0,"parent":0,"menu_order":0,"comment_status":"closed","ping_status":"closed","template":"","meta":{"footnotes":""},"class_list":["post-661","page","type-page","status-publish","hentry"],"yoast_head":"<!-- This site is optimized with the Yoast SEO plugin v26.2 - https:\/\/yoast.com\/wordpress\/plugins\/seo\/ -->\n<title>Servi\u00e7os de vistos para cidad\u00e3os holandeses na Embaixada dos EUA nos Pa\u00edses Baixos - USA<\/title>\n<meta name=\"robots\" content=\"index, follow, max-snippet:-1, max-image-preview:large, max-video-preview:-1\" \/>\n<link rel=\"canonical\" href=\"https:\/\/www.usemb.nl\/pt-pt\/servicos-de-vistos-para-cidadaos-holandeses-na-embaixada-dos-eua-nos-paises-baixos\/\" \/>\n<meta property=\"og:locale\" content=\"pt_PT\" \/>\n<meta property=\"og:type\" content=\"article\" \/>\n<meta property=\"og:title\" content=\"Servi\u00e7os de vistos para cidad\u00e3os holandeses na Embaixada dos EUA nos Pa\u00edses Baixos - USA\" \/>\n<meta property=\"og:description\" content=\"Pedido de visto americano para cidad\u00e3os holandeses nos Pa\u00edses Baixos \u00c9s um cidad\u00e3o holand\u00eas que planeia viajar para os Estados Unidos em turismo ou em neg\u00f3cios? Este guia fornece informa\u00e7\u00f5es essenciais sobre o processo de pedido de visto B1\/B2 na embaixada dos EUA nos Pa\u00edses Baixos. Informa-te sobre os passos a seguir, dicas para uma [&hellip;]\" \/>\n<meta property=\"og:url\" content=\"https:\/\/www.usemb.nl\/pt-pt\/servicos-de-vistos-para-cidadaos-holandeses-na-embaixada-dos-eua-nos-paises-baixos\/\" \/>\n<meta property=\"og:site_name\" content=\"USA\" \/>\n<meta property=\"article:modified_time\" content=\"2025-03-03T15:15:56+00:00\" \/>\n<meta name=\"twitter:card\" content=\"summary_large_image\" \/>\n<meta name=\"twitter:label1\" content=\"Tempo estimado de leitura\" \/>\n\t<meta name=\"twitter:data1\" content=\"4 minutos\" \/>\n<script type=\"application\/ld+json\" class=\"yoast-schema-graph\">{\"@context\":\"https:\/\/schema.org\",\"@graph\":[{\"@type\":\"WebPage\",\"@id\":\"https:\/\/www.usemb.nl\/pt-pt\/servicos-de-vistos-para-cidadaos-holandeses-na-embaixada-dos-eua-nos-paises-baixos\/\",\"url\":\"https:\/\/www.usemb.nl\/pt-pt\/servicos-de-vistos-para-cidadaos-holandeses-na-embaixada-dos-eua-nos-paises-baixos\/\",\"name\":\"Servi\u00e7os de vistos para cidad\u00e3os holandeses na Embaixada dos EUA nos Pa\u00edses Baixos - USA\",\"isPartOf\":{\"@id\":\"https:\/\/www.usemb.nl\/pt-pt\/#website\"},\"datePublished\":\"2025-03-03T14:54:43+00:00\",\"dateModified\":\"2025-03-03T15:15:56+00:00\",\"breadcrumb\":{\"@id\":\"https:\/\/www.usemb.nl\/pt-pt\/servicos-de-vistos-para-cidadaos-holandeses-na-embaixada-dos-eua-nos-paises-baixos\/#breadcrumb\"},\"inLanguage\":\"pt-PT\",\"potentialAction\":[{\"@type\":\"ReadAction\",\"target\":[\"https:\/\/www.usemb.nl\/pt-pt\/servicos-de-vistos-para-cidadaos-holandeses-na-embaixada-dos-eua-nos-paises-baixos\/\"]}]},{\"@type\":\"BreadcrumbList\",\"@id\":\"https:\/\/www.usemb.nl\/pt-pt\/servicos-de-vistos-para-cidadaos-holandeses-na-embaixada-dos-eua-nos-paises-baixos\/#breadcrumb\",\"itemListElement\":[{\"@type\":\"ListItem\",\"position\":1,\"name\":\"Home\",\"item\":\"https:\/\/www.usemb.nl\/pt-pt\/\"},{\"@type\":\"ListItem\",\"position\":2,\"name\":\"Servi\u00e7os de vistos para cidad\u00e3os holandeses na Embaixada dos EUA nos Pa\u00edses Baixos\"}]},{\"@type\":\"WebSite\",\"@id\":\"https:\/\/www.usemb.nl\/pt-pt\/#website\",\"url\":\"https:\/\/www.usemb.nl\/pt-pt\/\",\"name\":\"USA\",\"description\":\"United States of America\",\"potentialAction\":[{\"@type\":\"SearchAction\",\"target\":{\"@type\":\"EntryPoint\",\"urlTemplate\":\"https:\/\/www.usemb.nl\/pt-pt\/?s={search_term_string}\"},\"query-input\":{\"@type\":\"PropertyValueSpecification\",\"valueRequired\":true,\"valueName\":\"search_term_string\"}}],\"inLanguage\":\"pt-PT\"}]}<\/script>\n<!-- \/ Yoast SEO plugin. -->","yoast_head_json":{"title":"Servi\u00e7os de vistos para cidad\u00e3os holandeses na Embaixada dos EUA nos Pa\u00edses Baixos - USA","robots":{"index":"index","follow":"follow","max-snippet":"max-snippet:-1","max-image-preview":"max-image-preview:large","max-video-preview":"max-video-preview:-1"},"canonical":"https:\/\/www.usemb.nl\/pt-pt\/servicos-de-vistos-para-cidadaos-holandeses-na-embaixada-dos-eua-nos-paises-baixos\/","og_locale":"pt_PT","og_type":"article","og_title":"Servi\u00e7os de vistos para cidad\u00e3os holandeses na Embaixada dos EUA nos Pa\u00edses Baixos - USA","og_description":"Pedido de visto americano para cidad\u00e3os holandeses nos Pa\u00edses Baixos \u00c9s um cidad\u00e3o holand\u00eas que planeia viajar para os Estados Unidos em turismo ou em neg\u00f3cios? Este guia fornece informa\u00e7\u00f5es essenciais sobre o processo de pedido de visto B1\/B2 na embaixada dos EUA nos Pa\u00edses Baixos. Informa-te sobre os passos a seguir, dicas para uma [&hellip;]","og_url":"https:\/\/www.usemb.nl\/pt-pt\/servicos-de-vistos-para-cidadaos-holandeses-na-embaixada-dos-eua-nos-paises-baixos\/","og_site_name":"USA","article_modified_time":"2025-03-03T15:15:56+00:00","twitter_card":"summary_large_image","twitter_misc":{"Tempo estimado de leitura":"4 minutos"},"schema":{"@context":"https:\/\/schema.org","@graph":[{"@type":"WebPage","@id":"https:\/\/www.usemb.nl\/pt-pt\/servicos-de-vistos-para-cidadaos-holandeses-na-embaixada-dos-eua-nos-paises-baixos\/","url":"https:\/\/www.usemb.nl\/pt-pt\/servicos-de-vistos-para-cidadaos-holandeses-na-embaixada-dos-eua-nos-paises-baixos\/","name":"Servi\u00e7os de vistos para cidad\u00e3os holandeses na Embaixada dos EUA nos Pa\u00edses Baixos - USA","isPartOf":{"@id":"https:\/\/www.usemb.nl\/pt-pt\/#website"},"datePublished":"2025-03-03T14:54:43+00:00","dateModified":"2025-03-03T15:15:56+00:00","breadcrumb":{"@id":"https:\/\/www.usemb.nl\/pt-pt\/servicos-de-vistos-para-cidadaos-holandeses-na-embaixada-dos-eua-nos-paises-baixos\/#breadcrumb"},"inLanguage":"pt-PT","potentialAction":[{"@type":"ReadAction","target":["https:\/\/www.usemb.nl\/pt-pt\/servicos-de-vistos-para-cidadaos-holandeses-na-embaixada-dos-eua-nos-paises-baixos\/"]}]},{"@type":"BreadcrumbList","@id":"https:\/\/www.usemb.nl\/pt-pt\/servicos-de-vistos-para-cidadaos-holandeses-na-embaixada-dos-eua-nos-paises-baixos\/#breadcrumb","itemListElement":[{"@type":"ListItem","position":1,"name":"Home","item":"https:\/\/www.usemb.nl\/pt-pt\/"},{"@type":"ListItem","position":2,"name":"Servi\u00e7os de vistos para cidad\u00e3os holandeses na Embaixada dos EUA nos Pa\u00edses Baixos"}]},{"@type":"WebSite","@id":"https:\/\/www.usemb.nl\/pt-pt\/#website","url":"https:\/\/www.usemb.nl\/pt-pt\/","name":"USA","description":"United States of America","potentialAction":[{"@type":"SearchAction","target":{"@type":"EntryPoint","urlTemplate":"https:\/\/www.usemb.nl\/pt-pt\/?s={search_term_string}"},"query-input":{"@type":"PropertyValueSpecification","valueRequired":true,"valueName":"search_term_string"}}],"inLanguage":"pt-PT"}]}},"_links":{"self":[{"href":"https:\/\/www.usemb.nl\/pt-pt\/wp-json\/wp\/v2\/pages\/661","targetHints":{"allow":["GET"]}}],"collection":[{"href":"https:\/\/www.usemb.nl\/pt-pt\/wp-json\/wp\/v2\/pages"}],"about":[{"href":"https:\/\/www.usemb.nl\/pt-pt\/wp-json\/wp\/v2\/types\/page"}],"author":[{"embeddable":true,"href":"https:\/\/www.usemb.nl\/pt-pt\/wp-json\/wp\/v2\/users\/1"}],"replies":[{"embeddable":true,"href":"https:\/\/www.usemb.nl\/pt-pt\/wp-json\/wp\/v2\/comments?post=661"}],"version-history":[{"count":4,"href":"https:\/\/www.usemb.nl\/pt-pt\/wp-json\/wp\/v2\/pages\/661\/revisions"}],"predecessor-version":[{"id":786,"href":"https:\/\/www.usemb.nl\/pt-pt\/wp-json\/wp\/v2\/pages\/661\/revisions\/786"}],"wp:attachment":[{"href":"https:\/\/www.usemb.nl\/pt-pt\/wp-json\/wp\/v2\/media?parent=661"}],"curies":[{"name":"wp","href":"https:\/\/api.w.org\/{rel}","templated":true}]}}