{"id":143,"date":"2022-03-07T09:50:18","date_gmt":"2022-03-07T14:50:18","guid":{"rendered":"https:\/\/www.usemb.nl\/o-basico-sobre-esta\/"},"modified":"2025-01-30T03:45:05","modified_gmt":"2025-01-30T08:45:05","slug":"o-basico-sobre-esta","status":"publish","type":"page","link":"https:\/\/www.usemb.nl\/pt-pt\/o-basico-sobre-esta\/","title":{"rendered":"O b\u00e1sico sobre esta"},"content":{"rendered":"\n<h1 class=\"wp-block-heading\">Qu\u00e3o \u00fatil \u00e9 esta<\/h1>\n\n<p>A declara\u00e7\u00e3o esta permite-lhe, acima de tudo, libertar-se de um pedido de visto tradicional se a sua viagem n\u00e3o exceder 90 dias. Gra\u00e7as ao Programa de Isen\u00e7\u00e3o de Vistos, qualquer cidad\u00e3o de um dos 41 pa\u00edses participantes pode solicitar esta autoriza\u00e7\u00e3o de viagem antes de partir para os Estados Unidos. O ESTA permite-te :<\/p>\n\n<ol class=\"wp-block-list\">\n<li>Faz uma viagem de neg\u00f3cios: participa em reuni\u00f5es, assina contratos com parceiros, mas tamb\u00e9m participa em ac\u00e7\u00f5es de forma\u00e7\u00e3o de curta dura\u00e7\u00e3o e n\u00e3o remuneradas ;<\/li>\n\n\n\n<li>Fazer uma viagem de turismo: viajar livremente pelo pa\u00eds, participar em diversas actividades culturais, frequentar cursos desde que n\u00e3o emitam cr\u00e9ditos para a obten\u00e7\u00e3o de um diploma universit\u00e1rio.<\/li>\n<\/ol>\n\n<p>Esta \u00e9 um sistema criado em 2009 para proporcionar condi\u00e7\u00f5es de viagem mais seguras para os viajantes e, assim, refor\u00e7ar a seguran\u00e7a do territ\u00f3rio americano. As taxas de processamento de 21 d\u00f3lares americanos s\u00e3o utilizadas para modernizar os sistemas de seguran\u00e7a j\u00e1 existentes, mas tamb\u00e9m para promover o turismo nos Estados Unidos. Para preencher a tua declara\u00e7\u00e3o ESTA, podes completar o processo no <a href=\"https:\/\/esta.cbp.dhs.gov\/\">site oficial da alf\u00e2ndega dos EUA<\/a> ou beneficiar de assist\u00eancia completa utilizando um formul\u00e1rio especializado.<\/p>\n\n<p>O programa de isen\u00e7\u00e3o de vistos inspirou v\u00e1rios outros pa\u00edses em todo o mundo. Em 2024, foi lan\u00e7ada a autoriza\u00e7\u00e3o eTA do Reino Unido para viajantes que permane\u00e7am menos de 90 dias no pa\u00eds. <\/p>\n\n<p>Se, por qualquer raz\u00e3o, o teu pedido ESTA for recusado, deves considerar pedir um visto dos EUA. Para viagens tur\u00edsticas, podes encontrar mais informa\u00e7\u00f5es online sobre o visto de turista B2. <\/p>\n\n<h2 class=\"wp-block-heading\">Fun\u00e7\u00f5es do Departamento de Seguran\u00e7a Interna<\/h2>\n\n<p>O <a href=\"https:\/\/www.dhs.gov\/\">Departamento de Seguran\u00e7a Interna<\/a> foi formado em 2002 em resposta aos ataques de 11 de setembro, para aumentar a seguran\u00e7a interna dos Estados Unidos.<\/p>\n\n<p>Composta por 15 ag\u00eancias federais, opera sob a \u00e9gide do governo dos EUA. As fun\u00e7\u00f5es do DHS s\u00e3o diversas. Este servi\u00e7o espec\u00edfico assegura, entre outras coisas, a gest\u00e3o do Programa de Isen\u00e7\u00e3o de Vistos (VWP). Os viajantes que desejem viajar para os EUA, sem visto, s\u00e3o obrigados a preencher um formul\u00e1rio ESTA, compreendendo m\u00faltiplas quest\u00f5es relacionadas com a identidade do requerente, o seu estado de sa\u00fade, o seu registo criminal&#8230; Estas respostas s\u00e3o ent\u00e3o enviadas ao DHS que decide se concede ou n\u00e3o a autoriza\u00e7\u00e3o de resid\u00eancia do requerente. Com efeito, as autoridades que desejam limitar a amea\u00e7a terrorista o m\u00e1ximo poss\u00edvel, em caso de perfil &#8220;arriscado&#8221;, optam por n\u00e3o emitir o documento.<\/p>\n\n<h2 class=\"wp-block-heading\">Passaportes autorizados a ficar nos Estados Unidos<\/h2>\n\n<p>Se planeia ir para os Estados Unidos, saiba que deve ter um passaporte v\u00e1lido, caso contr\u00e1rio o embarque ser\u00e1 recusado. Atualmente s\u00e3o aceites dois tipos de passaportes:<\/p>\n\n<ul class=\"wp-block-list\">\n<li>Passaporte eletr\u00f3nico: usado desde 2006, cont\u00e9m um chip eletr\u00f3nico. A informa\u00e7\u00e3o gravada pode ser lida a uma curta dist\u00e2ncia atrav\u00e9s de um leitor eletromagn\u00e9tico (nome, nacionalidade, data de nascimento, n\u00famero de passaporte).<\/li>\n\n\n\n<li>O passaporte biom\u00e9trico: colocado em circula\u00e7\u00e3o em 2009, tem um chip eletr\u00f3nico que cont\u00e9m mais informa\u00e7\u00e3o do que o passaporte eletr\u00f3nico: a foto do titular e as impress\u00f5es digitais est\u00e3o integradas. Esta nova vers\u00e3o foi implementada para limitar ainda mais o risco de roubo de identidade.<\/li>\n<\/ul>\n\n<p>Um passaporte \u00e9 v\u00e1lido por 10 anos para adultos e 5 anos para menores. Se n\u00e3o tiver passaporte ou tiver expirado, v\u00e1 \u00e0 C\u00e2mara Municipal. Ser\u00e3o necess\u00e1rios v\u00e1rios documentos:<\/p>\n\n<ul class=\"wp-block-list\">\n<li>Um bilhete de identidade ou o passaporte antigo;<\/li>\n\n\n\n<li>Uma foto de identidade v\u00e1lida;<\/li>\n\n\n\n<li>Comprovativo de endere\u00e7o: original + fotoc\u00f3pia;<\/li>\n\n\n\n<li>Um n\u00famero de pr\u00e9-pedido ou o formul\u00e1rio de pedido devidamente preenchido;<\/li>\n\n\n\n<li>Um selo fiscal.<\/li>\n<\/ul>\n\n<p>As pessoas que vivem no estrangeiro devem apresentar o pedido no consulado e pagar uma quantia de 96 euros.<br\/>Antes de partir para os Estados Unidos, lembra-te tamb\u00e9m de verificar se o n\u00famero escrito no teu passaporte \u00e9 o mesmo que o notificado no teu ESTA. Se entretanto alterou o seu passaporte, tem de se recandidatar \u00e0 ESTA.<\/p>\n","protected":false},"excerpt":{"rendered":"<p>Qu\u00e3o \u00fatil \u00e9 esta A declara\u00e7\u00e3o esta permite-lhe, acima de tudo, libertar-se de um pedido de visto tradicional se a sua viagem n\u00e3o exceder 90 dias. Gra\u00e7as ao Programa de Isen\u00e7\u00e3o de Vistos, qualquer cidad\u00e3o de um dos 41 pa\u00edses participantes pode solicitar esta autoriza\u00e7\u00e3o de viagem antes de partir para os Estados Unidos. O [&hellip;]<\/p>\n","protected":false},"author":1,"featured_media":0,"parent":0,"menu_order":0,"comment_status":"closed","ping_status":"closed","template":"","meta":{"footnotes":""},"class_list":["post-143","page","type-page","status-publish","hentry"],"yoast_head":"<!-- This site is optimized with the Yoast SEO plugin v26.2 - https:\/\/yoast.com\/wordpress\/plugins\/seo\/ -->\n<title>O b\u00e1sico sobre esta - USA<\/title>\n<meta name=\"robots\" content=\"index, follow, max-snippet:-1, max-image-preview:large, max-video-preview:-1\" \/>\n<link rel=\"canonical\" href=\"https:\/\/www.usemb.nl\/pt-pt\/o-basico-sobre-esta\/\" \/>\n<meta property=\"og:locale\" content=\"pt_PT\" \/>\n<meta property=\"og:type\" content=\"article\" \/>\n<meta property=\"og:title\" content=\"O b\u00e1sico sobre esta - USA\" \/>\n<meta property=\"og:description\" content=\"Qu\u00e3o \u00fatil \u00e9 esta A declara\u00e7\u00e3o esta permite-lhe, acima de tudo, libertar-se de um pedido de visto tradicional se a sua viagem n\u00e3o exceder 90 dias. Gra\u00e7as ao Programa de Isen\u00e7\u00e3o de Vistos, qualquer cidad\u00e3o de um dos 41 pa\u00edses participantes pode solicitar esta autoriza\u00e7\u00e3o de viagem antes de partir para os Estados Unidos. O [&hellip;]\" \/>\n<meta property=\"og:url\" content=\"https:\/\/www.usemb.nl\/pt-pt\/o-basico-sobre-esta\/\" \/>\n<meta property=\"og:site_name\" content=\"USA\" \/>\n<meta property=\"article:modified_time\" content=\"2025-01-30T08:45:05+00:00\" \/>\n<meta name=\"twitter:card\" content=\"summary_large_image\" \/>\n<meta name=\"twitter:label1\" content=\"Tempo estimado de leitura\" \/>\n\t<meta name=\"twitter:data1\" content=\"4 minutos\" \/>\n<script type=\"application\/ld+json\" class=\"yoast-schema-graph\">{\"@context\":\"https:\/\/schema.org\",\"@graph\":[{\"@type\":\"WebPage\",\"@id\":\"https:\/\/www.usemb.nl\/pt-pt\/o-basico-sobre-esta\/\",\"url\":\"https:\/\/www.usemb.nl\/pt-pt\/o-basico-sobre-esta\/\",\"name\":\"O b\u00e1sico sobre esta - USA\",\"isPartOf\":{\"@id\":\"https:\/\/www.usemb.nl\/pt-pt\/#website\"},\"datePublished\":\"2022-03-07T14:50:18+00:00\",\"dateModified\":\"2025-01-30T08:45:05+00:00\",\"breadcrumb\":{\"@id\":\"https:\/\/www.usemb.nl\/pt-pt\/o-basico-sobre-esta\/#breadcrumb\"},\"inLanguage\":\"pt-PT\",\"potentialAction\":[{\"@type\":\"ReadAction\",\"target\":[\"https:\/\/www.usemb.nl\/pt-pt\/o-basico-sobre-esta\/\"]}]},{\"@type\":\"BreadcrumbList\",\"@id\":\"https:\/\/www.usemb.nl\/pt-pt\/o-basico-sobre-esta\/#breadcrumb\",\"itemListElement\":[{\"@type\":\"ListItem\",\"position\":1,\"name\":\"Home\",\"item\":\"https:\/\/www.usemb.nl\/pt-pt\/\"},{\"@type\":\"ListItem\",\"position\":2,\"name\":\"O b\u00e1sico sobre esta\"}]},{\"@type\":\"WebSite\",\"@id\":\"https:\/\/www.usemb.nl\/pt-pt\/#website\",\"url\":\"https:\/\/www.usemb.nl\/pt-pt\/\",\"name\":\"USA\",\"description\":\"United States of America\",\"potentialAction\":[{\"@type\":\"SearchAction\",\"target\":{\"@type\":\"EntryPoint\",\"urlTemplate\":\"https:\/\/www.usemb.nl\/pt-pt\/?s={search_term_string}\"},\"query-input\":{\"@type\":\"PropertyValueSpecification\",\"valueRequired\":true,\"valueName\":\"search_term_string\"}}],\"inLanguage\":\"pt-PT\"}]}<\/script>\n<!-- \/ Yoast SEO plugin. -->","yoast_head_json":{"title":"O b\u00e1sico sobre esta - USA","robots":{"index":"index","follow":"follow","max-snippet":"max-snippet:-1","max-image-preview":"max-image-preview:large","max-video-preview":"max-video-preview:-1"},"canonical":"https:\/\/www.usemb.nl\/pt-pt\/o-basico-sobre-esta\/","og_locale":"pt_PT","og_type":"article","og_title":"O b\u00e1sico sobre esta - USA","og_description":"Qu\u00e3o \u00fatil \u00e9 esta A declara\u00e7\u00e3o esta permite-lhe, acima de tudo, libertar-se de um pedido de visto tradicional se a sua viagem n\u00e3o exceder 90 dias. Gra\u00e7as ao Programa de Isen\u00e7\u00e3o de Vistos, qualquer cidad\u00e3o de um dos 41 pa\u00edses participantes pode solicitar esta autoriza\u00e7\u00e3o de viagem antes de partir para os Estados Unidos. O [&hellip;]","og_url":"https:\/\/www.usemb.nl\/pt-pt\/o-basico-sobre-esta\/","og_site_name":"USA","article_modified_time":"2025-01-30T08:45:05+00:00","twitter_card":"summary_large_image","twitter_misc":{"Tempo estimado de leitura":"4 minutos"},"schema":{"@context":"https:\/\/schema.org","@graph":[{"@type":"WebPage","@id":"https:\/\/www.usemb.nl\/pt-pt\/o-basico-sobre-esta\/","url":"https:\/\/www.usemb.nl\/pt-pt\/o-basico-sobre-esta\/","name":"O b\u00e1sico sobre esta - USA","isPartOf":{"@id":"https:\/\/www.usemb.nl\/pt-pt\/#website"},"datePublished":"2022-03-07T14:50:18+00:00","dateModified":"2025-01-30T08:45:05+00:00","breadcrumb":{"@id":"https:\/\/www.usemb.nl\/pt-pt\/o-basico-sobre-esta\/#breadcrumb"},"inLanguage":"pt-PT","potentialAction":[{"@type":"ReadAction","target":["https:\/\/www.usemb.nl\/pt-pt\/o-basico-sobre-esta\/"]}]},{"@type":"BreadcrumbList","@id":"https:\/\/www.usemb.nl\/pt-pt\/o-basico-sobre-esta\/#breadcrumb","itemListElement":[{"@type":"ListItem","position":1,"name":"Home","item":"https:\/\/www.usemb.nl\/pt-pt\/"},{"@type":"ListItem","position":2,"name":"O b\u00e1sico sobre esta"}]},{"@type":"WebSite","@id":"https:\/\/www.usemb.nl\/pt-pt\/#website","url":"https:\/\/www.usemb.nl\/pt-pt\/","name":"USA","description":"United States of America","potentialAction":[{"@type":"SearchAction","target":{"@type":"EntryPoint","urlTemplate":"https:\/\/www.usemb.nl\/pt-pt\/?s={search_term_string}"},"query-input":{"@type":"PropertyValueSpecification","valueRequired":true,"valueName":"search_term_string"}}],"inLanguage":"pt-PT"}]}},"_links":{"self":[{"href":"https:\/\/www.usemb.nl\/pt-pt\/wp-json\/wp\/v2\/pages\/143","targetHints":{"allow":["GET"]}}],"collection":[{"href":"https:\/\/www.usemb.nl\/pt-pt\/wp-json\/wp\/v2\/pages"}],"about":[{"href":"https:\/\/www.usemb.nl\/pt-pt\/wp-json\/wp\/v2\/types\/page"}],"author":[{"embeddable":true,"href":"https:\/\/www.usemb.nl\/pt-pt\/wp-json\/wp\/v2\/users\/1"}],"replies":[{"embeddable":true,"href":"https:\/\/www.usemb.nl\/pt-pt\/wp-json\/wp\/v2\/comments?post=143"}],"version-history":[{"count":10,"href":"https:\/\/www.usemb.nl\/pt-pt\/wp-json\/wp\/v2\/pages\/143\/revisions"}],"predecessor-version":[{"id":638,"href":"https:\/\/www.usemb.nl\/pt-pt\/wp-json\/wp\/v2\/pages\/143\/revisions\/638"}],"wp:attachment":[{"href":"https:\/\/www.usemb.nl\/pt-pt\/wp-json\/wp\/v2\/media?parent=143"}],"curies":[{"name":"wp","href":"https:\/\/api.w.org\/{rel}","templated":true}]}}