{"id":141,"date":"2022-03-07T09:49:40","date_gmt":"2022-03-07T14:49:40","guid":{"rendered":"https:\/\/www.usemb.nl\/casa\/"},"modified":"2025-04-07T14:46:44","modified_gmt":"2025-04-07T18:46:44","slug":"casa","status":"publish","type":"page","link":"https:\/\/www.usemb.nl\/pt-pt\/","title":{"rendered":"Casa"},"content":{"rendered":"\t\t<div data-elementor-type=\"wp-page\" data-elementor-id=\"141\" class=\"elementor elementor-141 elementor-39\" data-elementor-post-type=\"page\">\n\t\t\t\t\t\t<section class=\"elementor-section elementor-top-section elementor-element elementor-element-0f7719f elementor-section-boxed elementor-section-height-default elementor-section-height-default\" data-id=\"0f7719f\" data-element_type=\"section\">\n\t\t\t\t\t\t<div class=\"elementor-container elementor-column-gap-default\">\n\t\t\t\t\t<div class=\"elementor-column elementor-col-100 elementor-top-column elementor-element elementor-element-c4cdb2c\" data-id=\"c4cdb2c\" data-element_type=\"column\">\n\t\t\t<div class=\"elementor-widget-wrap elementor-element-populated\">\n\t\t\t\t\t\t<div class=\"elementor-element elementor-element-5e446b2 elementor-widget elementor-widget-image\" data-id=\"5e446b2\" data-element_type=\"widget\" data-widget_type=\"image.default\">\n\t\t\t\t<div class=\"elementor-widget-container\">\n\t\t\t\t\t\t\t\t\t\t\t\t\t\t\t<img fetchpriority=\"high\" decoding=\"async\" width=\"2048\" height=\"318\" src=\"https:\/\/www.usemb.nl\/wp-content\/uploads\/2022\/05\/usa-visa-image.jpg\" class=\"attachment-full size-full wp-image-309\" alt=\"visto americano EUA\" srcset=\"https:\/\/www.usemb.nl\/wp-content\/uploads\/2022\/05\/usa-visa-image.jpg 2048w, https:\/\/www.usemb.nl\/wp-content\/uploads\/2022\/05\/usa-visa-image-300x47.jpg 300w, https:\/\/www.usemb.nl\/wp-content\/uploads\/2022\/05\/usa-visa-image-1024x159.jpg 1024w, https:\/\/www.usemb.nl\/wp-content\/uploads\/2022\/05\/usa-visa-image-768x119.jpg 768w, https:\/\/www.usemb.nl\/wp-content\/uploads\/2022\/05\/usa-visa-image-1536x239.jpg 1536w\" sizes=\"(max-width: 2048px) 100vw, 2048px\" \/>\t\t\t\t\t\t\t\t\t\t\t\t\t\t\t<\/div>\n\t\t\t\t<\/div>\n\t\t\t\t\t<\/div>\n\t\t<\/div>\n\t\t\t\t\t<\/div>\n\t\t<\/section>\n\t\t\t\t<section class=\"elementor-section elementor-top-section elementor-element elementor-element-bef3891 elementor-section-boxed elementor-section-height-default elementor-section-height-default\" data-id=\"bef3891\" data-element_type=\"section\">\n\t\t\t\t\t\t<div class=\"elementor-container elementor-column-gap-default\">\n\t\t\t\t\t<div class=\"elementor-column elementor-col-100 elementor-top-column elementor-element elementor-element-31ee7ae\" data-id=\"31ee7ae\" data-element_type=\"column\">\n\t\t\t<div class=\"elementor-widget-wrap elementor-element-populated\">\n\t\t\t\t\t\t<div class=\"elementor-element elementor-element-d91e52a elementor-widget elementor-widget-heading\" data-id=\"d91e52a\" data-element_type=\"widget\" data-widget_type=\"heading.default\">\n\t\t\t\t<div class=\"elementor-widget-container\">\n\t\t\t\t\t<h1 class=\"elementor-heading-title elementor-size-default\">Viaja para os EUA<\/h1>\t\t\t\t<\/div>\n\t\t\t\t<\/div>\n\t\t\t\t\t<\/div>\n\t\t<\/div>\n\t\t\t\t\t<\/div>\n\t\t<\/section>\n\t\t\t\t<section class=\"elementor-section elementor-top-section elementor-element elementor-element-71e9513 elementor-section-boxed elementor-section-height-default elementor-section-height-default\" data-id=\"71e9513\" data-element_type=\"section\">\n\t\t\t\t\t\t<div class=\"elementor-container elementor-column-gap-default\">\n\t\t\t\t\t<div class=\"elementor-column elementor-col-100 elementor-top-column elementor-element elementor-element-df07416\" data-id=\"df07416\" data-element_type=\"column\">\n\t\t\t<div class=\"elementor-widget-wrap elementor-element-populated\">\n\t\t\t\t\t\t<div class=\"elementor-element elementor-element-c1e32ad elementor-widget elementor-widget-text-editor\" data-id=\"c1e32ad\" data-element_type=\"widget\" data-widget_type=\"text-editor.default\">\n\t\t\t\t<div class=\"elementor-widget-container\">\n\t\t\t\t\t\t\t\t\t<p>Viajar para os Estados Unidos da Am\u00e9rica requer estar ciente dos \u00faltimos requisitos. Deve contactar a Embaixada dos E.U.A. para ter informa\u00e7\u00f5es atualizadas sobre a situa\u00e7\u00e3o. Os regulamentos relativos aos viajantes estrangeiros para os EUA est\u00e3o frequentemente a mudar num curto espa\u00e7o de tempo.  <\/p>\t\t\t\t\t\t\t\t<\/div>\n\t\t\t\t<\/div>\n\t\t\t\t\t<\/div>\n\t\t<\/div>\n\t\t\t\t\t<\/div>\n\t\t<\/section>\n\t\t\t\t<section class=\"elementor-section elementor-top-section elementor-element elementor-element-907ce81 elementor-section-boxed elementor-section-height-default elementor-section-height-default\" data-id=\"907ce81\" data-element_type=\"section\">\n\t\t\t\t\t\t<div class=\"elementor-container elementor-column-gap-default\">\n\t\t\t\t\t<div class=\"elementor-column elementor-col-100 elementor-top-column elementor-element elementor-element-17535b7\" data-id=\"17535b7\" data-element_type=\"column\">\n\t\t\t<div class=\"elementor-widget-wrap elementor-element-populated\">\n\t\t\t\t\t\t<div class=\"elementor-element elementor-element-18fed13 elementor-widget elementor-widget-text-editor\" data-id=\"18fed13\" data-element_type=\"widget\" data-widget_type=\"text-editor.default\">\n\t\t\t\t<div class=\"elementor-widget-container\">\n\t\t\t\t\t\t\t\t\t<h2>Embaixada dos Estados Unidos<\/h2><p>A Embaixada <span style=\"text-decoration: underline;\"><a href=\"https:\/\/nl.usembassy.gov\/\">Embaixada dos EUA<\/a><\/span> \u00e9 respons\u00e1vel pelas rela\u00e7\u00f5es entre os Estados Unidos e os Pa\u00edses Baixos. <span style=\"color: var( --e-global-color-text ); font-family: var( --e-global-typography-text-font-family ), Sans-serif; font-weight: var( --e-global-typography-text-font-weight ); font-size: 1rem;\">A Embaixada dos EUA est\u00e1 presente em todos os pa\u00edses da UE como um forte parceiro internacional para os objectivos econ\u00f3micos.<\/span><\/p><p>A Embaixada Americana em Haia n\u00e3o tem nenhuma Sec\u00e7\u00e3o Consular. H\u00e1 um consulado americano em Amesterd\u00e3o que presta servi\u00e7os \u00e0 popula\u00e7\u00e3o americana em Nederlands.<\/p>\t\t\t\t\t\t\t\t<\/div>\n\t\t\t\t<\/div>\n\t\t\t\t\t<\/div>\n\t\t<\/div>\n\t\t\t\t\t<\/div>\n\t\t<\/section>\n\t\t\t\t<section class=\"elementor-section elementor-top-section elementor-element elementor-element-6ad2359 elementor-section-boxed elementor-section-height-default elementor-section-height-default\" data-id=\"6ad2359\" data-element_type=\"section\">\n\t\t\t\t\t\t<div class=\"elementor-container elementor-column-gap-default\">\n\t\t\t\t\t<div class=\"elementor-column elementor-col-50 elementor-top-column elementor-element elementor-element-c3f4328\" data-id=\"c3f4328\" data-element_type=\"column\">\n\t\t\t<div class=\"elementor-widget-wrap elementor-element-populated\">\n\t\t\t\t\t\t<div class=\"elementor-element elementor-element-ce0de21 elementor-widget elementor-widget-text-editor\" data-id=\"ce0de21\" data-element_type=\"widget\" data-widget_type=\"text-editor.default\">\n\t\t\t\t<div class=\"elementor-widget-container\">\n\t\t\t\t\t\t\t\t\t<h2>Embaixada dos E.U.A. na Holanda<\/h2><p>A <strong>Embaixada dos EUA nos Pa\u00edses Baixos<\/strong>, situada em Haia, \u00e9 um ponto de contacto fundamental para os cidad\u00e3os holandeses e para os cidad\u00e3os americanos que residem ou visitam os Pa\u00edses Baixos. Este s\u00edtio Web fornece informa\u00e7\u00f5es detalhadas sobre os servi\u00e7os da embaixada, as condi\u00e7\u00f5es para viajar para os Estados Unidos e a rela\u00e7\u00e3o hist\u00f3rica entre os Pa\u00edses Baixos e os EUA. <\/p>\t\t\t\t\t\t\t\t<\/div>\n\t\t\t\t<\/div>\n\t\t\t\t\t<\/div>\n\t\t<\/div>\n\t\t\t\t<div class=\"elementor-column elementor-col-50 elementor-top-column elementor-element elementor-element-e48fb14\" data-id=\"e48fb14\" data-element_type=\"column\">\n\t\t\t<div class=\"elementor-widget-wrap elementor-element-populated\">\n\t\t\t\t\t\t<div class=\"elementor-element elementor-element-6454c44 elementor-widget elementor-widget-text-editor\" data-id=\"6454c44\" data-element_type=\"widget\" data-widget_type=\"text-editor.default\">\n\t\t\t\t<div class=\"elementor-widget-container\">\n\t\t\t\t\t\t\t\t\t<h2>Localiza\u00e7\u00e3o e informa\u00e7\u00f5es de contacto<\/h2><p>A Embaixada dos EUA nos Pa\u00edses Baixos est\u00e1 situada em Haia.<\/p><ul><li><strong>Endere\u00e7o<\/strong>: John Adams Park 1, 2244 BZ, Wassenaar.<\/li><li><strong>Telefona<\/strong>: +31 70 310 2209.<\/li><li><strong>Envia um e-mail<\/strong>: Contacta atrav\u00e9s do s\u00edtio Web oficial.<\/li><li>Visita o <strong>s\u00edtio Web<\/strong>: Visita o <span style=\"text-decoration: underline;\"><a href=\"https:\/\/nl.usembassy.gov\/\" target=\"_new\" rel=\"noopener\">site oficial da Embaixada dos EUA<\/a><\/span> para obteres as \u00faltimas actualiza\u00e7\u00f5es.<\/li><\/ul><h2>Hor\u00e1rio de funcionamento<\/h2><ul><li>De segunda a sexta-feira: das 8:30 \u00e0s 17:00 horas.<\/li><li>Encerra aos fins-de-semana e nos feriados oficiais dos EUA e da Holanda.<\/li><\/ul>\t\t\t\t\t\t\t\t<\/div>\n\t\t\t\t<\/div>\n\t\t\t\t\t<\/div>\n\t\t<\/div>\n\t\t\t\t\t<\/div>\n\t\t<\/section>\n\t\t\t\t<section class=\"elementor-section elementor-top-section elementor-element elementor-element-ae80f05 elementor-section-boxed elementor-section-height-default elementor-section-height-default\" data-id=\"ae80f05\" data-element_type=\"section\">\n\t\t\t\t\t\t<div class=\"elementor-container elementor-column-gap-default\">\n\t\t\t\t\t<div class=\"elementor-column elementor-col-100 elementor-top-column elementor-element elementor-element-48ceb10\" data-id=\"48ceb10\" data-element_type=\"column\">\n\t\t\t<div class=\"elementor-widget-wrap elementor-element-populated\">\n\t\t\t\t\t\t<div class=\"elementor-element elementor-element-cba6da5 elementor-widget elementor-widget-heading\" data-id=\"cba6da5\" data-element_type=\"widget\" data-widget_type=\"heading.default\">\n\t\t\t\t<div class=\"elementor-widget-container\">\n\t\t\t\t\t<h2 class=\"elementor-heading-title elementor-size-default\">Servi\u00e7os oferecidos pela Embaixada dos EUA<\/h2>\t\t\t\t<\/div>\n\t\t\t\t<\/div>\n\t\t\t\t\t<\/div>\n\t\t<\/div>\n\t\t\t\t\t<\/div>\n\t\t<\/section>\n\t\t\t\t<section class=\"elementor-section elementor-top-section elementor-element elementor-element-5e528fb elementor-section-boxed elementor-section-height-default elementor-section-height-default\" data-id=\"5e528fb\" data-element_type=\"section\">\n\t\t\t\t\t\t<div class=\"elementor-container elementor-column-gap-default\">\n\t\t\t\t\t<div class=\"elementor-column elementor-col-100 elementor-top-column elementor-element elementor-element-c53100a\" data-id=\"c53100a\" data-element_type=\"column\">\n\t\t\t<div class=\"elementor-widget-wrap elementor-element-populated\">\n\t\t\t\t\t\t<div class=\"elementor-element elementor-element-d1f17e9 elementor-widget elementor-widget-text-editor\" data-id=\"d1f17e9\" data-element_type=\"widget\" data-widget_type=\"text-editor.default\">\n\t\t\t\t<div class=\"elementor-widget-container\">\n\t\t\t\t\t\t\t\t\t<p>  A embaixada oferece uma vasta gama de servi\u00e7os tanto para cidad\u00e3os americanos como para cidad\u00e3os holandeses:<\/p><h3><strong>1. Servi\u00e7os para cidad\u00e3os dos EUA<\/strong><\/h3><ul><li><strong>Servi\u00e7os de passaporte<\/strong>: Renova ou substitui o teu passaporte dos EUA.<\/li><li><strong>Servi\u00e7os notariais<\/strong>: Reconhecimento de documentos legais.<\/li><li><strong>Assist\u00eancia de emerg\u00eancia<\/strong>: Ajuda os cidad\u00e3os americanos em perigo.<\/li><\/ul><h3> <\/h3><h3><strong>2. Servi\u00e7os de vistos para cidad\u00e3os neerlandeses<\/strong><\/h3><p>A embaixada processa os pedidos de visto para quem viaja para os Estados Unidos para:<\/p><ul><li><a href=\"https:\/\/www.usemb.nl\/pt-pt\/servicos-de-vistos-para-cidadaos-holandeses-na-embaixada-dos-eua-nos-paises-baixos\/\">Vistos B1\/B2 para turismo ou neg\u00f3cios<\/a>.<\/li><li><strong>Trabalha ou estuda<\/strong>: Inclui os vistos H-1B, F-1 e J-1.<\/li><li><strong>Vistos de imigra\u00e7\u00e3o<\/strong>: Para aqueles que se mudam permanentemente para os EUA.<\/li><\/ul><div><br>Tamb\u00e9m \u00e9 poss\u00edvel <a href=\"https:\/\/www.usemb.nl\/pt-pt\/renova-a-visita-dos-eua-aos-paises-baixos\/\">renovar um visto dos EUA a partir da Holanda<\/a>.<\/div><div> <\/div><h3><strong>3. Programas educativos e culturais<\/strong><\/h3><ul><li>Bolsas de estudo e programas de interc\u00e2mbio como o <strong>Fulbright<\/strong>.<\/li><li>Apoio a colabora\u00e7\u00f5es culturais entre os EUA e os Pa\u00edses Baixos.<\/li><\/ul>\t\t\t\t\t\t\t\t<\/div>\n\t\t\t\t<\/div>\n\t\t\t\t\t<\/div>\n\t\t<\/div>\n\t\t\t\t\t<\/div>\n\t\t<\/section>\n\t\t\t\t<section class=\"elementor-section elementor-top-section elementor-element elementor-element-0a852d1 elementor-section-boxed elementor-section-height-default elementor-section-height-default\" data-id=\"0a852d1\" data-element_type=\"section\">\n\t\t\t\t\t\t<div class=\"elementor-container elementor-column-gap-default\">\n\t\t\t\t\t<div class=\"elementor-column elementor-col-100 elementor-top-column elementor-element elementor-element-81f6366\" data-id=\"81f6366\" data-element_type=\"column\">\n\t\t\t<div class=\"elementor-widget-wrap elementor-element-populated\">\n\t\t\t\t\t\t<div class=\"elementor-element elementor-element-65d49dd elementor-widget elementor-widget-heading\" data-id=\"65d49dd\" data-element_type=\"widget\" data-widget_type=\"heading.default\">\n\t\t\t\t<div class=\"elementor-widget-container\">\n\t\t\t\t\t<h2 class=\"elementor-heading-title elementor-size-default\">Hist\u00f3ria das rela\u00e7\u00f5es entre os EUA e os Pa\u00edses Baixos<\/h2>\t\t\t\t<\/div>\n\t\t\t\t<\/div>\n\t\t\t\t\t<\/div>\n\t\t<\/div>\n\t\t\t\t\t<\/div>\n\t\t<\/section>\n\t\t\t\t<section class=\"elementor-section elementor-top-section elementor-element elementor-element-8edf6bf elementor-section-boxed elementor-section-height-default elementor-section-height-default\" data-id=\"8edf6bf\" data-element_type=\"section\">\n\t\t\t\t\t\t<div class=\"elementor-container elementor-column-gap-default\">\n\t\t\t\t\t<div class=\"elementor-column elementor-col-100 elementor-top-column elementor-element elementor-element-692661e\" data-id=\"692661e\" data-element_type=\"column\">\n\t\t\t<div class=\"elementor-widget-wrap elementor-element-populated\">\n\t\t\t\t\t\t<div class=\"elementor-element elementor-element-2c84039 elementor-widget elementor-widget-text-editor\" data-id=\"2c84039\" data-element_type=\"widget\" data-widget_type=\"text-editor.default\">\n\t\t\t\t<div class=\"elementor-widget-container\">\n\t\t\t\t\t\t\t\t\t<p>A parceria entre os Estados Unidos e os Pa\u00edses Baixos tem as suas ra\u00edzes na Revolu\u00e7\u00e3o Americana, durante a qual os Pa\u00edses Baixos ofereceram o seu apoio.<\/p>\n<p>As rela\u00e7\u00f5es diplom\u00e1ticas entre os dois pa\u00edses foram oficialmente estabelecidas em 1782, marcando uma das mais antigas rela\u00e7\u00f5es bilaterais cont\u00ednuas para os Estados Unidos.\nEstes fortes la\u00e7os baseiam-se numa hist\u00f3ria e cultura partilhadas e num compromisso m\u00fatuo para com a liberdade individual e os direitos humanos. <\/p>\n<p>Os Estados Unidos e os Pa\u00edses Baixos t\u00eam opini\u00f5es semelhantes sobre muitas quest\u00f5es fundamentais e colaboram tanto a n\u00edvel bilateral como no \u00e2mbito de organiza\u00e7\u00f5es internacionais como a Organiza\u00e7\u00e3o das Na\u00e7\u00f5es Unidas (ONU) e a Organiza\u00e7\u00e3o do Tratado do Atl\u00e2ntico Norte (NATO).<\/p>\t\t\t\t\t\t\t\t<\/div>\n\t\t\t\t<\/div>\n\t\t\t\t\t<\/div>\n\t\t<\/div>\n\t\t\t\t\t<\/div>\n\t\t<\/section>\n\t\t\t\t<section class=\"elementor-section elementor-top-section elementor-element elementor-element-1922d4d elementor-section-boxed elementor-section-height-default elementor-section-height-default\" data-id=\"1922d4d\" data-element_type=\"section\">\n\t\t\t\t\t\t<div class=\"elementor-container elementor-column-gap-default\">\n\t\t\t\t\t<div class=\"elementor-column elementor-col-100 elementor-top-column elementor-element elementor-element-06748f3\" data-id=\"06748f3\" data-element_type=\"column\">\n\t\t\t<div class=\"elementor-widget-wrap elementor-element-populated\">\n\t\t\t\t\t\t<div class=\"elementor-element elementor-element-482ff2a elementor-widget elementor-widget-heading\" data-id=\"482ff2a\" data-element_type=\"widget\" data-widget_type=\"heading.default\">\n\t\t\t\t<div class=\"elementor-widget-container\">\n\t\t\t\t\t<h2 class=\"elementor-heading-title elementor-size-default\">Altera\u00e7\u00f5es nas regras de viagem entre os EUA e os Pa\u00edses Baixos<\/h2>\t\t\t\t<\/div>\n\t\t\t\t<\/div>\n\t\t\t\t\t<\/div>\n\t\t<\/div>\n\t\t\t\t\t<\/div>\n\t\t<\/section>\n\t\t\t\t<section class=\"elementor-section elementor-top-section elementor-element elementor-element-a710781 elementor-section-boxed elementor-section-height-default elementor-section-height-default\" data-id=\"a710781\" data-element_type=\"section\">\n\t\t\t\t\t\t<div class=\"elementor-container elementor-column-gap-default\">\n\t\t\t\t\t<div class=\"elementor-column elementor-col-100 elementor-top-column elementor-element elementor-element-9a8705b\" data-id=\"9a8705b\" data-element_type=\"column\">\n\t\t\t<div class=\"elementor-widget-wrap elementor-element-populated\">\n\t\t\t\t\t\t<div class=\"elementor-element elementor-element-806f117 elementor-widget elementor-widget-text-editor\" data-id=\"806f117\" data-element_type=\"widget\" data-widget_type=\"text-editor.default\">\n\t\t\t\t<div class=\"elementor-widget-container\">\n\t\t\t\t\t\t\t\t\t<p>A partir do final de 2025, os cidad\u00e3os americanos ser\u00e3o obrigados a obter uma <a href=\"https:\/\/etias-eu.net\/pt-br\/etias-holanda\/\">aprova\u00e7\u00e3o do ETIAS antes de viajar para a Holanda<\/a>. Embora os americanos tenham tradicionalmente usufru\u00eddo da isen\u00e7\u00e3o de visto para estadias curtas, o futuro sistema ETIAS introduzir\u00e1 um novo processo de pr\u00e9-sele\u00e7\u00e3o, semelhante ao que os EUA aplicam h\u00e1 anos com o ESTA (Sistema Eletr\u00f3nico de Autoriza\u00e7\u00e3o de Viagem). <\/p><p>Esta altera\u00e7\u00e3o reflecte a abordagem rec\u00edproca em mat\u00e9ria de seguran\u00e7a das viagens adoptada pela UE. Desde 2009, os viajantes da Europa t\u00eam de solicitar um ESTA antes de viajarem para os Estados Unidos. Agora, os americanos tamb\u00e9m ter\u00e3o de se registar em linha antes da sua viagem, pagar uma pequena taxa e receber a aprova\u00e7\u00e3o antes de embarcarem no seu voo para os Pa\u00edses Baixos ou para qualquer outro pa\u00eds do Espa\u00e7o Schengen.  <\/p><p>Embora o ETIAS n\u00e3o seja um visto, ele ser\u00e1 obrigat\u00f3rio para todos os visitantes de curta dura\u00e7\u00e3o de pa\u00edses isentos de visto. Para os turistas americanos, viajantes de neg\u00f3cios ou aqueles que visitam amigos e familiares nos Pa\u00edses Baixos, isso significa planejar com anteced\u00eancia e garantir a aprova\u00e7\u00e3o do ETIAS antes da partida. Espera-se que o processo seja r\u00e1pido e v\u00e1lido para m\u00faltiplas entradas durante um per\u00edodo de tr\u00eas anos.  <\/p>\t\t\t\t\t\t\t\t<\/div>\n\t\t\t\t<\/div>\n\t\t\t\t\t<\/div>\n\t\t<\/div>\n\t\t\t\t\t<\/div>\n\t\t<\/section>\n\t\t\t\t<\/div>\n\t\t","protected":false},"excerpt":{"rendered":"<p>Viaja para os EUA Viajar para os Estados Unidos da Am\u00e9rica requer estar ciente dos \u00faltimos requisitos. Deve contactar a Embaixada dos E.U.A. para ter informa\u00e7\u00f5es atualizadas sobre a situa\u00e7\u00e3o. Os regulamentos relativos aos viajantes estrangeiros para os EUA est\u00e3o frequentemente a mudar num curto espa\u00e7o de tempo. Embaixada dos Estados Unidos A Embaixada Embaixada [&hellip;]<\/p>\n","protected":false},"author":1,"featured_media":0,"parent":0,"menu_order":0,"comment_status":"closed","ping_status":"closed","template":"","meta":{"footnotes":""},"class_list":["post-141","page","type-page","status-publish","hentry"],"yoast_head":"<!-- This site is optimized with the Yoast SEO plugin v26.2 - https:\/\/yoast.com\/wordpress\/plugins\/seo\/ -->\n<title>Casa - USA<\/title>\n<meta name=\"robots\" content=\"index, follow, max-snippet:-1, max-image-preview:large, max-video-preview:-1\" \/>\n<link rel=\"canonical\" href=\"https:\/\/www.usemb.nl\/pt-pt\/\" \/>\n<meta property=\"og:locale\" content=\"pt_PT\" \/>\n<meta property=\"og:type\" content=\"article\" \/>\n<meta property=\"og:title\" content=\"Casa - USA\" \/>\n<meta property=\"og:description\" content=\"Viaja para os EUA Viajar para os Estados Unidos da Am\u00e9rica requer estar ciente dos \u00faltimos requisitos. Deve contactar a Embaixada dos E.U.A. para ter informa\u00e7\u00f5es atualizadas sobre a situa\u00e7\u00e3o. Os regulamentos relativos aos viajantes estrangeiros para os EUA est\u00e3o frequentemente a mudar num curto espa\u00e7o de tempo. Embaixada dos Estados Unidos A Embaixada Embaixada [&hellip;]\" \/>\n<meta property=\"og:url\" content=\"https:\/\/www.usemb.nl\/pt-pt\/\" \/>\n<meta property=\"og:site_name\" content=\"USA\" \/>\n<meta property=\"article:modified_time\" content=\"2025-04-07T18:46:44+00:00\" \/>\n<meta property=\"og:image\" content=\"https:\/\/www.usemb.nl\/wp-content\/uploads\/2022\/05\/usa-visa-image.jpg\" \/>\n<meta name=\"twitter:card\" content=\"summary_large_image\" \/>\n<meta name=\"twitter:label1\" content=\"Tempo estimado de leitura\" \/>\n\t<meta name=\"twitter:data1\" content=\"4 minutos\" \/>\n<script type=\"application\/ld+json\" class=\"yoast-schema-graph\">{\"@context\":\"https:\/\/schema.org\",\"@graph\":[{\"@type\":\"WebPage\",\"@id\":\"https:\/\/www.usemb.nl\/pt-pt\/\",\"url\":\"https:\/\/www.usemb.nl\/pt-pt\/\",\"name\":\"Casa - USA\",\"isPartOf\":{\"@id\":\"https:\/\/www.usemb.nl\/pt-pt\/#website\"},\"primaryImageOfPage\":{\"@id\":\"https:\/\/www.usemb.nl\/pt-pt\/#primaryimage\"},\"image\":{\"@id\":\"https:\/\/www.usemb.nl\/pt-pt\/#primaryimage\"},\"thumbnailUrl\":\"https:\/\/www.usemb.nl\/wp-content\/uploads\/2022\/05\/usa-visa-image.jpg\",\"datePublished\":\"2022-03-07T14:49:40+00:00\",\"dateModified\":\"2025-04-07T18:46:44+00:00\",\"breadcrumb\":{\"@id\":\"https:\/\/www.usemb.nl\/pt-pt\/#breadcrumb\"},\"inLanguage\":\"pt-PT\",\"potentialAction\":[{\"@type\":\"ReadAction\",\"target\":[\"https:\/\/www.usemb.nl\/pt-pt\/\"]}]},{\"@type\":\"ImageObject\",\"inLanguage\":\"pt-PT\",\"@id\":\"https:\/\/www.usemb.nl\/pt-pt\/#primaryimage\",\"url\":\"https:\/\/www.usemb.nl\/wp-content\/uploads\/2022\/05\/usa-visa-image.jpg\",\"contentUrl\":\"https:\/\/www.usemb.nl\/wp-content\/uploads\/2022\/05\/usa-visa-image.jpg\"},{\"@type\":\"BreadcrumbList\",\"@id\":\"https:\/\/www.usemb.nl\/pt-pt\/#breadcrumb\",\"itemListElement\":[{\"@type\":\"ListItem\",\"position\":1,\"name\":\"Home\",\"item\":\"https:\/\/www.usemb.nl\/pt-pt\/\"},{\"@type\":\"ListItem\",\"position\":2,\"name\":\"Casa\"}]},{\"@type\":\"WebSite\",\"@id\":\"https:\/\/www.usemb.nl\/pt-pt\/#website\",\"url\":\"https:\/\/www.usemb.nl\/pt-pt\/\",\"name\":\"USA\",\"description\":\"United States of America\",\"potentialAction\":[{\"@type\":\"SearchAction\",\"target\":{\"@type\":\"EntryPoint\",\"urlTemplate\":\"https:\/\/www.usemb.nl\/pt-pt\/?s={search_term_string}\"},\"query-input\":{\"@type\":\"PropertyValueSpecification\",\"valueRequired\":true,\"valueName\":\"search_term_string\"}}],\"inLanguage\":\"pt-PT\"}]}<\/script>\n<!-- \/ Yoast SEO plugin. -->","yoast_head_json":{"title":"Casa - USA","robots":{"index":"index","follow":"follow","max-snippet":"max-snippet:-1","max-image-preview":"max-image-preview:large","max-video-preview":"max-video-preview:-1"},"canonical":"https:\/\/www.usemb.nl\/pt-pt\/","og_locale":"pt_PT","og_type":"article","og_title":"Casa - USA","og_description":"Viaja para os EUA Viajar para os Estados Unidos da Am\u00e9rica requer estar ciente dos \u00faltimos requisitos. Deve contactar a Embaixada dos E.U.A. para ter informa\u00e7\u00f5es atualizadas sobre a situa\u00e7\u00e3o. Os regulamentos relativos aos viajantes estrangeiros para os EUA est\u00e3o frequentemente a mudar num curto espa\u00e7o de tempo. Embaixada dos Estados Unidos A Embaixada Embaixada [&hellip;]","og_url":"https:\/\/www.usemb.nl\/pt-pt\/","og_site_name":"USA","article_modified_time":"2025-04-07T18:46:44+00:00","og_image":[{"url":"https:\/\/www.usemb.nl\/wp-content\/uploads\/2022\/05\/usa-visa-image.jpg","type":"","width":"","height":""}],"twitter_card":"summary_large_image","twitter_misc":{"Tempo estimado de leitura":"4 minutos"},"schema":{"@context":"https:\/\/schema.org","@graph":[{"@type":"WebPage","@id":"https:\/\/www.usemb.nl\/pt-pt\/","url":"https:\/\/www.usemb.nl\/pt-pt\/","name":"Casa - USA","isPartOf":{"@id":"https:\/\/www.usemb.nl\/pt-pt\/#website"},"primaryImageOfPage":{"@id":"https:\/\/www.usemb.nl\/pt-pt\/#primaryimage"},"image":{"@id":"https:\/\/www.usemb.nl\/pt-pt\/#primaryimage"},"thumbnailUrl":"https:\/\/www.usemb.nl\/wp-content\/uploads\/2022\/05\/usa-visa-image.jpg","datePublished":"2022-03-07T14:49:40+00:00","dateModified":"2025-04-07T18:46:44+00:00","breadcrumb":{"@id":"https:\/\/www.usemb.nl\/pt-pt\/#breadcrumb"},"inLanguage":"pt-PT","potentialAction":[{"@type":"ReadAction","target":["https:\/\/www.usemb.nl\/pt-pt\/"]}]},{"@type":"ImageObject","inLanguage":"pt-PT","@id":"https:\/\/www.usemb.nl\/pt-pt\/#primaryimage","url":"https:\/\/www.usemb.nl\/wp-content\/uploads\/2022\/05\/usa-visa-image.jpg","contentUrl":"https:\/\/www.usemb.nl\/wp-content\/uploads\/2022\/05\/usa-visa-image.jpg"},{"@type":"BreadcrumbList","@id":"https:\/\/www.usemb.nl\/pt-pt\/#breadcrumb","itemListElement":[{"@type":"ListItem","position":1,"name":"Home","item":"https:\/\/www.usemb.nl\/pt-pt\/"},{"@type":"ListItem","position":2,"name":"Casa"}]},{"@type":"WebSite","@id":"https:\/\/www.usemb.nl\/pt-pt\/#website","url":"https:\/\/www.usemb.nl\/pt-pt\/","name":"USA","description":"United States of America","potentialAction":[{"@type":"SearchAction","target":{"@type":"EntryPoint","urlTemplate":"https:\/\/www.usemb.nl\/pt-pt\/?s={search_term_string}"},"query-input":{"@type":"PropertyValueSpecification","valueRequired":true,"valueName":"search_term_string"}}],"inLanguage":"pt-PT"}]}},"_links":{"self":[{"href":"https:\/\/www.usemb.nl\/pt-pt\/wp-json\/wp\/v2\/pages\/141","targetHints":{"allow":["GET"]}}],"collection":[{"href":"https:\/\/www.usemb.nl\/pt-pt\/wp-json\/wp\/v2\/pages"}],"about":[{"href":"https:\/\/www.usemb.nl\/pt-pt\/wp-json\/wp\/v2\/types\/page"}],"author":[{"embeddable":true,"href":"https:\/\/www.usemb.nl\/pt-pt\/wp-json\/wp\/v2\/users\/1"}],"replies":[{"embeddable":true,"href":"https:\/\/www.usemb.nl\/pt-pt\/wp-json\/wp\/v2\/comments?post=141"}],"version-history":[{"count":14,"href":"https:\/\/www.usemb.nl\/pt-pt\/wp-json\/wp\/v2\/pages\/141\/revisions"}],"predecessor-version":[{"id":894,"href":"https:\/\/www.usemb.nl\/pt-pt\/wp-json\/wp\/v2\/pages\/141\/revisions\/894"}],"wp:attachment":[{"href":"https:\/\/www.usemb.nl\/pt-pt\/wp-json\/wp\/v2\/media?parent=141"}],"curies":[{"name":"wp","href":"https:\/\/api.w.org\/{rel}","templated":true}]}}