{"id":849,"date":"2025-04-07T14:34:20","date_gmt":"2025-04-07T18:34:20","guid":{"rendered":"https:\/\/www.usemb.nl\/odnow-amerykanska-wizyte-w-holandii\/"},"modified":"2025-04-07T14:47:44","modified_gmt":"2025-04-07T18:47:44","slug":"odnow-amerykanska-wizyte-w-holandii","status":"publish","type":"page","link":"https:\/\/www.usemb.nl\/pl\/odnow-amerykanska-wizyte-w-holandii\/","title":{"rendered":"Odnowienie wizy ameryka\u0144skiej w Holandii"},"content":{"rendered":"\n<h1 class=\"wp-block-heading\">Odnowienie wizy ameryka\u0144skiej z Holandii<\/h1>\n\n<p>Odnowienie wizy ameryka\u0144skiej z Holandii jest prostym procesem, ale wa\u017cne jest, aby by\u0107 poinformowanym o kryteriach, terminach i potencjalnych wyj\u0105tkach, aby zapewni\u0107 p\u0142ynne do\u015bwiadczenie.<\/p>\n\n<h2 class=\"wp-block-heading\">Kryteria kwalifikacji do odnowienia wizy ameryka\u0144skiej<\/h2>\n\n<p>Zasadniczo kwalifikujesz si\u0119 do odnowienia wizy bez rozmowy kwalifikacyjnej, je\u015bli<\/p>\n\n<ul class=\"wp-block-list\">\n<li>Odnawiasz wiz\u0119 w tej samej klasyfikacji co poprzednia wiza.<\/li>\n\n\n\n<li>Poprzednia wiza zosta\u0142a wydana w wieku co najmniej 14 lat.<\/li>\n\n\n\n<li>Twoja wiza jest nadal wa\u017cna lub wygas\u0142a w ci\u0105gu ostatnich 48 miesi\u0119cy.<\/li>\n\n\n\n<li>Nie odm\u00f3wiono Ci wydania wizy ameryka\u0144skiej po wydaniu poprzedniej wizy.<\/li>\n\n\n\n<li>Podczas sk\u0142adania wniosku o przed\u0142u\u017cenie jeste\u015b fizycznie obecny w Holandii.<\/li>\n<\/ul>\n\n<div style=\"height:20px\" aria-hidden=\"true\" class=\"wp-block-spacer\"><\/div>\n\n<h2 class=\"wp-block-heading\">Proces odnowienia<\/h2>\n\n<h3 class=\"wp-block-heading\">Przewodnik krok po kroku:<\/h3>\n\n<ol start=\"1\" class=\"wp-block-list\">\n<li><strong>Wype\u0142nij formularz DS-160 online<\/strong>:\n<ul class=\"wp-block-list\">\n<li>Wype\u0142ni\u0107 wniosek o wiz\u0119 nieimigracyjn\u0105 <a href=\"https:\/\/travel.state.gov\/content\/travel\/en\/us-visas\/visa-information-resources\/forms\/ds-160-online-nonimmigrant-visa-application.html\">DS-160<\/a>.<\/li>\n\n\n\n<li>Wydrukuj i zachowaj stron\u0119 potwierdzenia z kodem kreskowym.<\/li>\n<\/ul>\n<\/li>\n\n\n\n<li><strong>Ui\u015bci\u0107 op\u0142at\u0119 za wniosek wizowy<\/strong>:\n<ul class=\"wp-block-list\">\n<li>Ui\u015bci\u0107 <a href=\"https:\/\/usa-b2.com\/en\/fees-b2-visa\/\">op\u0142at\u0119 wizow\u0105<\/a> online za po\u015brednictwem oficjalnej strony internetowej.<\/li>\n\n\n\n<li>Wydrukuj potwierdzenie p\u0142atno\u015bci.<\/li>\n<\/ul>\n<\/li>\n\n\n\n<li>Sprawd\u017a, <strong>czy kwalifikujesz si\u0119 do zwolnienia z rozmowy kwalifikacyjnej<\/strong>:\n<ul class=\"wp-block-list\">\n<li>Sprawd\u017a, czy kwalifikujesz si\u0119 do programu zwolnienia z rozmowy kwalifikacyjnej na <a href=\"https:\/\/nl.usembassy.gov\/\">stronie Ambasady USA w Holandii.<\/a><\/li>\n<\/ul>\n<\/li>\n\n\n\n<li><strong>Zaplanuj spotkanie lub wy\u015blij dokumenty poczt\u0105<\/strong>:\n<ul class=\"wp-block-list\">\n<li>Je\u015bli kwalifikujesz si\u0119 do zwolnienia z rozmowy kwalifikacyjnej, post\u0119puj zgodnie z instrukcjami, aby wys\u0142a\u0107 paszport i dokumenty.<\/li>\n\n\n\n<li>Je\u015bli wymagana jest rozmowa kwalifikacyjna, um\u00f3w si\u0119 na spotkanie online.<\/li>\n<\/ul>\n<\/li>\n\n\n\n<li><strong>Prze\u015blij swoje dokumenty<\/strong>:\n<ul class=\"wp-block-list\">\n<li>Do\u0142\u0105cz paszport, potwierdzenie DS-160, potwierdzenie op\u0142aty wizowej, aktualne zdj\u0119cie i dokumenty uzupe\u0142niaj\u0105ce (np. kopi\u0119 poprzedniej wizy).<\/li>\n<\/ul>\n<\/li>\n<\/ol>\n\n<div style=\"height:20px\" aria-hidden=\"true\" class=\"wp-block-spacer\"><\/div>\n\n<h2 class=\"wp-block-heading\">Linie czasowe<\/h2>\n\n<p>Czas rozpatrywania wniosk\u00f3w o przed\u0142u\u017cenie zwolnienia z obowi\u0105zku odbycia rozmowy kwalifikacyjnej wynosi zazwyczaj od <strong>7 do 15 dni roboczych<\/strong>. Je\u015bli wymagana jest rozmowa kwalifikacyjna, czas przetwarzania mo\u017ce si\u0119 r\u00f3\u017cni\u0107 w zale\u017cno\u015bci od dost\u0119pno\u015bci termin\u00f3w i sezonowego zapotrzebowania. <\/p>\n\n<h2 class=\"wp-block-heading\">Wyj\u0105tki<\/h2>\n\n<p>Rozmowa kwalifikacyjna mo\u017ce by\u0107 potrzebna, je\u015bli<\/p>\n\n<ul class=\"wp-block-list\">\n<li>Poprzednia wiza zosta\u0142a zgubiona, skradziona lub anulowana.<\/li>\n\n\n\n<li>Wcze\u015bniej przekroczy\u0142e\u015b dozwolony okres pobytu w USA.<\/li>\n\n\n\n<li>Zmieni\u0142e\u015b kategori\u0119 wizy lub do\u015bwiadczy\u0142e\u015b znacz\u0105cych zmian w statusie osobistym.<\/li>\n\n\n\n<li>Urz\u0119dnik konsularny stwierdzi, \u017ce rozmowa jest konieczna.<\/li>\n<\/ul>\n\n<div style=\"height:20px\" aria-hidden=\"true\" class=\"wp-block-spacer\"><\/div>\n\n<p>Zawsze sprawdzaj sw\u00f3j status i szczeg\u00f3\u0142owe instrukcje zawarte we <a href=\"https:\/\/www.usemb.nl\/pl\/uslugi-wizowe-dla-obywateli-holandii-w-ambasadzie-usa-w-holandii\/\">wniosku wizowym dla obywateli Holandii<\/a>, aby upewni\u0107 si\u0119, \u017ce s\u0105 one dok\u0142adne.<\/p>\n\n<h2 class=\"wp-block-heading\">Dodatkowe wskaz\u00f3wki<\/h2>\n\n<p>Aby unikn\u0105\u0107 op\u00f3\u017anie\u0144, proces odnowienia paszportu nale\u017cy rozpocz\u0105\u0107 co najmniej 3 miesi\u0105ce przed planowan\u0105 podr\u00f3\u017c\u0105. Upewnij si\u0119, \u017ce wa\u017cno\u015b\u0107 paszportu przekracza co najmniej sze\u015b\u0107 miesi\u0119cy po planowanym pobycie w USA i dok\u0142adnie post\u0119puj zgodnie z instrukcjami dotycz\u0105cymi sk\u0142adania dokument\u00f3w, aby unikn\u0105\u0107 op\u00f3\u017anie\u0144 w przetwarzaniu. <\/p>\n","protected":false},"excerpt":{"rendered":"<p>Odnowienie wizy ameryka\u0144skiej z Holandii Odnowienie wizy ameryka\u0144skiej z Holandii jest prostym procesem, ale wa\u017cne jest, aby by\u0107 poinformowanym o kryteriach, terminach i potencjalnych wyj\u0105tkach, aby zapewni\u0107 p\u0142ynne do\u015bwiadczenie. Kryteria kwalifikacji do odnowienia wizy ameryka\u0144skiej Zasadniczo kwalifikujesz si\u0119 do odnowienia wizy bez rozmowy kwalifikacyjnej, je\u015bli Proces odnowienia Przewodnik krok po kroku: Linie czasowe Czas rozpatrywania [&hellip;]<\/p>\n","protected":false},"author":1,"featured_media":0,"parent":0,"menu_order":0,"comment_status":"closed","ping_status":"closed","template":"","meta":{"footnotes":""},"class_list":["post-849","page","type-page","status-publish","hentry"],"yoast_head":"<!-- This site is optimized with the Yoast SEO plugin v26.2 - https:\/\/yoast.com\/wordpress\/plugins\/seo\/ -->\n<title>Odnowienie wizy ameryka\u0144skiej w Holandii - USA<\/title>\n<meta name=\"description\" content=\"Odnowienie wizy ameryka\u0144skiej z Holandii wymaga przestrzegania instrukcji i termin\u00f3w, aby zapewni\u0107 sprawne dzia\u0142anie\" \/>\n<meta name=\"robots\" content=\"index, follow, max-snippet:-1, max-image-preview:large, max-video-preview:-1\" \/>\n<link rel=\"canonical\" href=\"https:\/\/www.usemb.nl\/pl\/odnow-amerykanska-wizyte-w-holandii\/\" \/>\n<meta property=\"og:locale\" content=\"pl_PL\" \/>\n<meta property=\"og:type\" content=\"article\" \/>\n<meta property=\"og:title\" content=\"Odnowienie wizy ameryka\u0144skiej w Holandii - USA\" \/>\n<meta property=\"og:description\" content=\"Odnowienie wizy ameryka\u0144skiej z Holandii wymaga przestrzegania instrukcji i termin\u00f3w, aby zapewni\u0107 sprawne dzia\u0142anie\" \/>\n<meta property=\"og:url\" content=\"https:\/\/www.usemb.nl\/pl\/odnow-amerykanska-wizyte-w-holandii\/\" \/>\n<meta property=\"og:site_name\" content=\"USA\" \/>\n<meta property=\"article:modified_time\" content=\"2025-04-07T18:47:44+00:00\" \/>\n<meta name=\"twitter:card\" content=\"summary_large_image\" \/>\n<meta name=\"twitter:label1\" content=\"Szacowany czas czytania\" \/>\n\t<meta name=\"twitter:data1\" content=\"2 minuty\" \/>\n<script type=\"application\/ld+json\" class=\"yoast-schema-graph\">{\"@context\":\"https:\/\/schema.org\",\"@graph\":[{\"@type\":\"WebPage\",\"@id\":\"https:\/\/www.usemb.nl\/pl\/odnow-amerykanska-wizyte-w-holandii\/\",\"url\":\"https:\/\/www.usemb.nl\/pl\/odnow-amerykanska-wizyte-w-holandii\/\",\"name\":\"Odnowienie wizy ameryka\u0144skiej w Holandii - USA\",\"isPartOf\":{\"@id\":\"https:\/\/www.usemb.nl\/pl\/#website\"},\"datePublished\":\"2025-04-07T18:34:20+00:00\",\"dateModified\":\"2025-04-07T18:47:44+00:00\",\"description\":\"Odnowienie wizy ameryka\u0144skiej z Holandii wymaga przestrzegania instrukcji i termin\u00f3w, aby zapewni\u0107 sprawne dzia\u0142anie\",\"breadcrumb\":{\"@id\":\"https:\/\/www.usemb.nl\/pl\/odnow-amerykanska-wizyte-w-holandii\/#breadcrumb\"},\"inLanguage\":\"pl-PL\",\"potentialAction\":[{\"@type\":\"ReadAction\",\"target\":[\"https:\/\/www.usemb.nl\/pl\/odnow-amerykanska-wizyte-w-holandii\/\"]}]},{\"@type\":\"BreadcrumbList\",\"@id\":\"https:\/\/www.usemb.nl\/pl\/odnow-amerykanska-wizyte-w-holandii\/#breadcrumb\",\"itemListElement\":[{\"@type\":\"ListItem\",\"position\":1,\"name\":\"Home\",\"item\":\"https:\/\/www.usemb.nl\/pl\/\"},{\"@type\":\"ListItem\",\"position\":2,\"name\":\"Odnowienie wizy ameryka\u0144skiej w Holandii\"}]},{\"@type\":\"WebSite\",\"@id\":\"https:\/\/www.usemb.nl\/pl\/#website\",\"url\":\"https:\/\/www.usemb.nl\/pl\/\",\"name\":\"USA\",\"description\":\"United States of America\",\"potentialAction\":[{\"@type\":\"SearchAction\",\"target\":{\"@type\":\"EntryPoint\",\"urlTemplate\":\"https:\/\/www.usemb.nl\/pl\/?s={search_term_string}\"},\"query-input\":{\"@type\":\"PropertyValueSpecification\",\"valueRequired\":true,\"valueName\":\"search_term_string\"}}],\"inLanguage\":\"pl-PL\"}]}<\/script>\n<!-- \/ Yoast SEO plugin. -->","yoast_head_json":{"title":"Odnowienie wizy ameryka\u0144skiej w Holandii - USA","description":"Odnowienie wizy ameryka\u0144skiej z Holandii wymaga przestrzegania instrukcji i termin\u00f3w, aby zapewni\u0107 sprawne dzia\u0142anie","robots":{"index":"index","follow":"follow","max-snippet":"max-snippet:-1","max-image-preview":"max-image-preview:large","max-video-preview":"max-video-preview:-1"},"canonical":"https:\/\/www.usemb.nl\/pl\/odnow-amerykanska-wizyte-w-holandii\/","og_locale":"pl_PL","og_type":"article","og_title":"Odnowienie wizy ameryka\u0144skiej w Holandii - USA","og_description":"Odnowienie wizy ameryka\u0144skiej z Holandii wymaga przestrzegania instrukcji i termin\u00f3w, aby zapewni\u0107 sprawne dzia\u0142anie","og_url":"https:\/\/www.usemb.nl\/pl\/odnow-amerykanska-wizyte-w-holandii\/","og_site_name":"USA","article_modified_time":"2025-04-07T18:47:44+00:00","twitter_card":"summary_large_image","twitter_misc":{"Szacowany czas czytania":"2 minuty"},"schema":{"@context":"https:\/\/schema.org","@graph":[{"@type":"WebPage","@id":"https:\/\/www.usemb.nl\/pl\/odnow-amerykanska-wizyte-w-holandii\/","url":"https:\/\/www.usemb.nl\/pl\/odnow-amerykanska-wizyte-w-holandii\/","name":"Odnowienie wizy ameryka\u0144skiej w Holandii - USA","isPartOf":{"@id":"https:\/\/www.usemb.nl\/pl\/#website"},"datePublished":"2025-04-07T18:34:20+00:00","dateModified":"2025-04-07T18:47:44+00:00","description":"Odnowienie wizy ameryka\u0144skiej z Holandii wymaga przestrzegania instrukcji i termin\u00f3w, aby zapewni\u0107 sprawne dzia\u0142anie","breadcrumb":{"@id":"https:\/\/www.usemb.nl\/pl\/odnow-amerykanska-wizyte-w-holandii\/#breadcrumb"},"inLanguage":"pl-PL","potentialAction":[{"@type":"ReadAction","target":["https:\/\/www.usemb.nl\/pl\/odnow-amerykanska-wizyte-w-holandii\/"]}]},{"@type":"BreadcrumbList","@id":"https:\/\/www.usemb.nl\/pl\/odnow-amerykanska-wizyte-w-holandii\/#breadcrumb","itemListElement":[{"@type":"ListItem","position":1,"name":"Home","item":"https:\/\/www.usemb.nl\/pl\/"},{"@type":"ListItem","position":2,"name":"Odnowienie wizy ameryka\u0144skiej w Holandii"}]},{"@type":"WebSite","@id":"https:\/\/www.usemb.nl\/pl\/#website","url":"https:\/\/www.usemb.nl\/pl\/","name":"USA","description":"United States of America","potentialAction":[{"@type":"SearchAction","target":{"@type":"EntryPoint","urlTemplate":"https:\/\/www.usemb.nl\/pl\/?s={search_term_string}"},"query-input":{"@type":"PropertyValueSpecification","valueRequired":true,"valueName":"search_term_string"}}],"inLanguage":"pl-PL"}]}},"_links":{"self":[{"href":"https:\/\/www.usemb.nl\/pl\/wp-json\/wp\/v2\/pages\/849","targetHints":{"allow":["GET"]}}],"collection":[{"href":"https:\/\/www.usemb.nl\/pl\/wp-json\/wp\/v2\/pages"}],"about":[{"href":"https:\/\/www.usemb.nl\/pl\/wp-json\/wp\/v2\/types\/page"}],"author":[{"embeddable":true,"href":"https:\/\/www.usemb.nl\/pl\/wp-json\/wp\/v2\/users\/1"}],"replies":[{"embeddable":true,"href":"https:\/\/www.usemb.nl\/pl\/wp-json\/wp\/v2\/comments?post=849"}],"version-history":[{"count":4,"href":"https:\/\/www.usemb.nl\/pl\/wp-json\/wp\/v2\/pages\/849\/revisions"}],"predecessor-version":[{"id":901,"href":"https:\/\/www.usemb.nl\/pl\/wp-json\/wp\/v2\/pages\/849\/revisions\/901"}],"wp:attachment":[{"href":"https:\/\/www.usemb.nl\/pl\/wp-json\/wp\/v2\/media?parent=849"}],"curies":[{"name":"wp","href":"https:\/\/api.w.org\/{rel}","templated":true}]}}