{"id":667,"date":"2025-03-03T09:54:44","date_gmt":"2025-03-03T14:54:44","guid":{"rendered":"https:\/\/www.usemb.nl\/uslugi-wizowe-dla-obywateli-holandii-w-ambasadzie-usa-w-holandii\/"},"modified":"2025-03-03T10:15:56","modified_gmt":"2025-03-03T15:15:56","slug":"uslugi-wizowe-dla-obywateli-holandii-w-ambasadzie-usa-w-holandii","status":"publish","type":"page","link":"https:\/\/www.usemb.nl\/pl\/uslugi-wizowe-dla-obywateli-holandii-w-ambasadzie-usa-w-holandii\/","title":{"rendered":"Us\u0142ugi wizowe dla obywateli Holandii w Ambasadzie USA w Holandii"},"content":{"rendered":"\n<h1 class=\"wp-block-heading\">Wniosek o wiz\u0119 ameryka\u0144sk\u0105 dla obywateli Holandii w Holandii<\/h1>\n\n<p>Czy jeste\u015b obywatelem Holandii i planujesz podr\u00f3\u017c do Stan\u00f3w Zjednoczonych w celach turystycznych lub biznesowych? Niniejszy przewodnik zawiera niezb\u0119dne informacje na temat procesu ubiegania si\u0119 o wiz\u0119 B1\/B2 w ambasadzie USA w Holandii. Dowiedz si\u0119 o krokach, jakie nale\u017cy podj\u0105\u0107, wskaz\u00f3wkach dotycz\u0105cych pomy\u015blnego z\u0142o\u017cenia wniosku i przydatnych spostrze\u017ceniach dostosowanych do holenderskich podr\u00f3\u017cnik\u00f3w.<\/p>\n\n<h2 class=\"wp-block-heading\">Dlaczego warto ubiega\u0107 si\u0119 o wiz\u0119 ameryka\u0144sk\u0105 w Holandii?<\/h2>\n\n<p>Ambasada USA w Holandii oferuje us\u0142ugi wizowe przeznaczone specjalnie dla obywateli Holandii pragn\u0105cych odwiedzi\u0107 Stany Zjednoczone. Niezale\u017cnie od tego, czy podr\u00f3\u017c ma na celu spotkanie biznesowe, konferencj\u0119 czy podr\u00f3\u017c rekreacyjn\u0105, z\u0142o\u017cenie wniosku lokalnie mo\u017ce upro\u015bci\u0107 proces i pom\u00f3c w spe\u0142nieniu wszystkich niezb\u0119dnych wymaga\u0144. Znajomo\u015b\u0107 lokalnych procedur i zalet j\u0119zykowych mo\u017ce r\u00f3wnie\u017c przyczyni\u0107 si\u0119 do p\u0142ynniejszego procesu aplikacji.<\/p>\n\n<h2 class=\"wp-block-heading\">Kroki ubiegania si\u0119 o wiz\u0119 ameryka\u0144sk\u0105<\/h2>\n\n<ol class=\"wp-block-list\">\n<li>Okre\u015bl rodzaj wizy, kt\u00f3rej potrzebujesz<br\/>Przed rozpocz\u0119ciem sk\u0142adania wniosku okre\u015bl kategori\u0119 wizy odpowiedni\u0105 dla celu podr\u00f3\u017cy. W przypadku turystyki i biznesu najcz\u0119\u015bciej wybieran\u0105 opcj\u0105 jest wiza B1\/B2. Zapoznaj si\u0119 ze szczeg\u00f3\u0142owymi wymaganiami na oficjalnej stronie ambasady, aby upewni\u0107 si\u0119, \u017ce kwalifikujesz si\u0119 do danego typu wizy.  <\/li>\n\n\n\n<li>Wype\u0142nij internetowy formularz zg\u0142oszeniowy (DS-160)<br\/>Dok\u0142adnie wype\u0142nij formularz DS-160. Formularz wymaga podania danych osobowych, plan\u00f3w podr\u00f3\u017cy i informacji og\u00f3lnych. Po wype\u0142nieniu formularza zapisz stron\u0119 z potwierdzeniem, poniewa\u017c jest ona niezb\u0119dna do przeprowadzenia rozmowy wizowej.  <\/li>\n\n\n\n<li>Ui\u015b\u0107 op\u0142at\u0119 za wniosek wizowy<br\/>Op\u0142ata za wiz\u0119 B1\/B2 mo\u017ce si\u0119 r\u00f3\u017cni\u0107, dlatego wa\u017cne jest, aby sprawdzi\u0107 najnowsz\u0105 tabel\u0119 op\u0142at dostarczon\u0105 przez ambasad\u0119. Zachowaj paragon jako dow\u00f3d wp\u0142aty, poniewa\u017c jest on wymagany podczas rozmowy kwalifikacyjnej. <\/li>\n\n\n\n<li>Zaplanuj rozmow\u0119 kwalifikacyjn\u0105<br\/>Po wype\u0142nieniu formularza DS-160 i uiszczeniu op\u0142aty, um\u00f3w si\u0119 na rozmow\u0119 kwalifikacyjn\u0105 w ambasadzie USA w Holandii. Zaleca si\u0119 wcze\u015bniejsze um\u00f3wienie si\u0119 na spotkanie, poniewa\u017c miejsca na rozmow\u0119 mog\u0105 si\u0119 szybko zape\u0142ni\u0107, zw\u0142aszcza w ruchliwych sezonach turystycznych. <\/li>\n\n\n\n<li>Przygotuj si\u0119 do rozmowy kwalifikacyjnej<br\/>Przed rozmow\u0105 zbierz wszystkie niezb\u0119dne dokumenty. Zazwyczaj obejmuj\u0105 one wa\u017cny paszport, stron\u0119 potwierdzenia DS-160, potwierdzenie op\u0142aty i dokumenty uzupe\u0142niaj\u0105ce, takie jak dow\u00f3d posiadania \u015brodk\u00f3w finansowych, weryfikacja zatrudnienia lub list z zaproszeniem, je\u015bli dotyczy. Przygotuj si\u0119 do wyja\u015bnienia celu swojej podr\u00f3\u017cy i wyka\u017c silne powi\u0105zania z Holandi\u0105.  <\/li>\n<\/ol>\n\n<h2 class=\"wp-block-heading\">Wskaz\u00f3wki dotycz\u0105ce udanej aplikacji<\/h2>\n\n<ul class=\"wp-block-list\">\n<li>Sprawd\u017a dok\u0142adnie wszystkie informacje w formularzu DS-160, aby unikn\u0105\u0107 b\u0142\u0119d\u00f3w.<\/li>\n\n\n\n<li>Przygotuj jasne i zwi\u0119z\u0142e odpowiedzi na rozmow\u0119 wizow\u0105.<\/li>\n\n\n\n<li>Uporz\u0105dkuj wszystkie dokumenty pomocnicze, aby zaprezentowa\u0107 mocne argumenty.<\/li>\n\n\n\n<li>B\u0105d\u017a na bie\u017c\u0105co z najnowszymi wytycznymi i wymogami ambasady USA w Holandii.<\/li>\n<\/ul>\n\n<div style=\"height:20px\" aria-hidden=\"true\" class=\"wp-block-spacer\"><\/div>\n\n<p>Holenderscy kandydaci mog\u0105 napotka\u0107 wyzwania, takie jak rozbie\u017cno\u015bci w dokumentach lub problemy z harmonogramem. Aby temu zaradzi\u0107, nale\u017cy upewni\u0107 si\u0119, \u017ce wszystkie informacje s\u0105 dok\u0142adne i kompletne. Je\u015bli pojawi\u0105 si\u0119 problemy, skonsultuj si\u0119 z oficjaln\u0105 stron\u0105 ambasady lub skontaktuj si\u0119 z jej dzia\u0142em wsparcia, aby uzyska\u0107 szybk\u0105 pomoc. Przygotowanie i dba\u0142o\u015b\u0107 o szczeg\u00f3\u0142y s\u0105 kluczowymi czynnikami pozwalaj\u0105cymi unikn\u0105\u0107 niepotrzebnych op\u00f3\u017anie\u0144.   <\/p>\n\n<h2 class=\"wp-block-heading\">Wniosek<\/h2>\n\n<p>Proces ubiegania si\u0119 o wiz\u0119 dla obywateli Holandii w Ambasadzie USA w Holandii jest prosty, je\u015bli dok\u0142adnie przestrzega si\u0119 wytycznych. Dzi\u0119ki zrozumieniu poszczeg\u00f3lnych krok\u00f3w, przygotowaniu ca\u0142ej wymaganej dokumentacji i zaplanowaniu rozmowy kwalifikacyjnej z wyprzedzeniem, mo\u017cesz zwi\u0119kszy\u0107 swoje szanse na uzyskanie wizy B1\/B2 na podr\u00f3\u017c do Stan\u00f3w Zjednoczonych. Najbardziej aktualne informacje i szczeg\u00f3\u0142owe instrukcje mo\u017cna zawsze znale\u017a\u0107 na <a href=\"https:\/\/nl.usembassy.gov\/\">oficjalnej stronie ambasady USA<\/a> w Holandii.  <\/p>\n\n<p>Dobrze przygotowana aplikacja to pierwszy krok w kierunku udanej podr\u00f3\u017cy, niezale\u017cnie od tego, czy jest to podr\u00f3\u017c s\u0142u\u017cbowa, czy wypoczynkowa. Powodzenia w procesie ubiegania si\u0119 o wiz\u0119! <\/p>\n","protected":false},"excerpt":{"rendered":"<p>Wniosek o wiz\u0119 ameryka\u0144sk\u0105 dla obywateli Holandii w Holandii Czy jeste\u015b obywatelem Holandii i planujesz podr\u00f3\u017c do Stan\u00f3w Zjednoczonych w celach turystycznych lub biznesowych? Niniejszy przewodnik zawiera niezb\u0119dne informacje na temat procesu ubiegania si\u0119 o wiz\u0119 B1\/B2 w ambasadzie USA w Holandii. Dowiedz si\u0119 o krokach, jakie nale\u017cy podj\u0105\u0107, wskaz\u00f3wkach dotycz\u0105cych pomy\u015blnego z\u0142o\u017cenia wniosku i [&hellip;]<\/p>\n","protected":false},"author":1,"featured_media":0,"parent":0,"menu_order":0,"comment_status":"closed","ping_status":"closed","template":"","meta":{"footnotes":""},"class_list":["post-667","page","type-page","status-publish","hentry"],"yoast_head":"<!-- This site is optimized with the Yoast SEO plugin v26.2 - https:\/\/yoast.com\/wordpress\/plugins\/seo\/ -->\n<title>Us\u0142ugi wizowe dla obywateli Holandii w Ambasadzie USA w Holandii - USA<\/title>\n<meta name=\"robots\" content=\"index, follow, max-snippet:-1, max-image-preview:large, max-video-preview:-1\" \/>\n<link rel=\"canonical\" href=\"https:\/\/www.usemb.nl\/pl\/uslugi-wizowe-dla-obywateli-holandii-w-ambasadzie-usa-w-holandii\/\" \/>\n<meta property=\"og:locale\" content=\"pl_PL\" \/>\n<meta property=\"og:type\" content=\"article\" \/>\n<meta property=\"og:title\" content=\"Us\u0142ugi wizowe dla obywateli Holandii w Ambasadzie USA w Holandii - USA\" \/>\n<meta property=\"og:description\" content=\"Wniosek o wiz\u0119 ameryka\u0144sk\u0105 dla obywateli Holandii w Holandii Czy jeste\u015b obywatelem Holandii i planujesz podr\u00f3\u017c do Stan\u00f3w Zjednoczonych w celach turystycznych lub biznesowych? Niniejszy przewodnik zawiera niezb\u0119dne informacje na temat procesu ubiegania si\u0119 o wiz\u0119 B1\/B2 w ambasadzie USA w Holandii. Dowiedz si\u0119 o krokach, jakie nale\u017cy podj\u0105\u0107, wskaz\u00f3wkach dotycz\u0105cych pomy\u015blnego z\u0142o\u017cenia wniosku i [&hellip;]\" \/>\n<meta property=\"og:url\" content=\"https:\/\/www.usemb.nl\/pl\/uslugi-wizowe-dla-obywateli-holandii-w-ambasadzie-usa-w-holandii\/\" \/>\n<meta property=\"og:site_name\" content=\"USA\" \/>\n<meta property=\"article:modified_time\" content=\"2025-03-03T15:15:56+00:00\" \/>\n<meta name=\"twitter:card\" content=\"summary_large_image\" \/>\n<meta name=\"twitter:label1\" content=\"Szacowany czas czytania\" \/>\n\t<meta name=\"twitter:data1\" content=\"3 minuty\" \/>\n<script type=\"application\/ld+json\" class=\"yoast-schema-graph\">{\"@context\":\"https:\/\/schema.org\",\"@graph\":[{\"@type\":\"WebPage\",\"@id\":\"https:\/\/www.usemb.nl\/pl\/uslugi-wizowe-dla-obywateli-holandii-w-ambasadzie-usa-w-holandii\/\",\"url\":\"https:\/\/www.usemb.nl\/pl\/uslugi-wizowe-dla-obywateli-holandii-w-ambasadzie-usa-w-holandii\/\",\"name\":\"Us\u0142ugi wizowe dla obywateli Holandii w Ambasadzie USA w Holandii - USA\",\"isPartOf\":{\"@id\":\"https:\/\/www.usemb.nl\/pl\/#website\"},\"datePublished\":\"2025-03-03T14:54:44+00:00\",\"dateModified\":\"2025-03-03T15:15:56+00:00\",\"breadcrumb\":{\"@id\":\"https:\/\/www.usemb.nl\/pl\/uslugi-wizowe-dla-obywateli-holandii-w-ambasadzie-usa-w-holandii\/#breadcrumb\"},\"inLanguage\":\"pl-PL\",\"potentialAction\":[{\"@type\":\"ReadAction\",\"target\":[\"https:\/\/www.usemb.nl\/pl\/uslugi-wizowe-dla-obywateli-holandii-w-ambasadzie-usa-w-holandii\/\"]}]},{\"@type\":\"BreadcrumbList\",\"@id\":\"https:\/\/www.usemb.nl\/pl\/uslugi-wizowe-dla-obywateli-holandii-w-ambasadzie-usa-w-holandii\/#breadcrumb\",\"itemListElement\":[{\"@type\":\"ListItem\",\"position\":1,\"name\":\"Home\",\"item\":\"https:\/\/www.usemb.nl\/pl\/\"},{\"@type\":\"ListItem\",\"position\":2,\"name\":\"Us\u0142ugi wizowe dla obywateli Holandii w Ambasadzie USA w Holandii\"}]},{\"@type\":\"WebSite\",\"@id\":\"https:\/\/www.usemb.nl\/pl\/#website\",\"url\":\"https:\/\/www.usemb.nl\/pl\/\",\"name\":\"USA\",\"description\":\"United States of America\",\"potentialAction\":[{\"@type\":\"SearchAction\",\"target\":{\"@type\":\"EntryPoint\",\"urlTemplate\":\"https:\/\/www.usemb.nl\/pl\/?s={search_term_string}\"},\"query-input\":{\"@type\":\"PropertyValueSpecification\",\"valueRequired\":true,\"valueName\":\"search_term_string\"}}],\"inLanguage\":\"pl-PL\"}]}<\/script>\n<!-- \/ Yoast SEO plugin. -->","yoast_head_json":{"title":"Us\u0142ugi wizowe dla obywateli Holandii w Ambasadzie USA w Holandii - USA","robots":{"index":"index","follow":"follow","max-snippet":"max-snippet:-1","max-image-preview":"max-image-preview:large","max-video-preview":"max-video-preview:-1"},"canonical":"https:\/\/www.usemb.nl\/pl\/uslugi-wizowe-dla-obywateli-holandii-w-ambasadzie-usa-w-holandii\/","og_locale":"pl_PL","og_type":"article","og_title":"Us\u0142ugi wizowe dla obywateli Holandii w Ambasadzie USA w Holandii - USA","og_description":"Wniosek o wiz\u0119 ameryka\u0144sk\u0105 dla obywateli Holandii w Holandii Czy jeste\u015b obywatelem Holandii i planujesz podr\u00f3\u017c do Stan\u00f3w Zjednoczonych w celach turystycznych lub biznesowych? Niniejszy przewodnik zawiera niezb\u0119dne informacje na temat procesu ubiegania si\u0119 o wiz\u0119 B1\/B2 w ambasadzie USA w Holandii. Dowiedz si\u0119 o krokach, jakie nale\u017cy podj\u0105\u0107, wskaz\u00f3wkach dotycz\u0105cych pomy\u015blnego z\u0142o\u017cenia wniosku i [&hellip;]","og_url":"https:\/\/www.usemb.nl\/pl\/uslugi-wizowe-dla-obywateli-holandii-w-ambasadzie-usa-w-holandii\/","og_site_name":"USA","article_modified_time":"2025-03-03T15:15:56+00:00","twitter_card":"summary_large_image","twitter_misc":{"Szacowany czas czytania":"3 minuty"},"schema":{"@context":"https:\/\/schema.org","@graph":[{"@type":"WebPage","@id":"https:\/\/www.usemb.nl\/pl\/uslugi-wizowe-dla-obywateli-holandii-w-ambasadzie-usa-w-holandii\/","url":"https:\/\/www.usemb.nl\/pl\/uslugi-wizowe-dla-obywateli-holandii-w-ambasadzie-usa-w-holandii\/","name":"Us\u0142ugi wizowe dla obywateli Holandii w Ambasadzie USA w Holandii - USA","isPartOf":{"@id":"https:\/\/www.usemb.nl\/pl\/#website"},"datePublished":"2025-03-03T14:54:44+00:00","dateModified":"2025-03-03T15:15:56+00:00","breadcrumb":{"@id":"https:\/\/www.usemb.nl\/pl\/uslugi-wizowe-dla-obywateli-holandii-w-ambasadzie-usa-w-holandii\/#breadcrumb"},"inLanguage":"pl-PL","potentialAction":[{"@type":"ReadAction","target":["https:\/\/www.usemb.nl\/pl\/uslugi-wizowe-dla-obywateli-holandii-w-ambasadzie-usa-w-holandii\/"]}]},{"@type":"BreadcrumbList","@id":"https:\/\/www.usemb.nl\/pl\/uslugi-wizowe-dla-obywateli-holandii-w-ambasadzie-usa-w-holandii\/#breadcrumb","itemListElement":[{"@type":"ListItem","position":1,"name":"Home","item":"https:\/\/www.usemb.nl\/pl\/"},{"@type":"ListItem","position":2,"name":"Us\u0142ugi wizowe dla obywateli Holandii w Ambasadzie USA w Holandii"}]},{"@type":"WebSite","@id":"https:\/\/www.usemb.nl\/pl\/#website","url":"https:\/\/www.usemb.nl\/pl\/","name":"USA","description":"United States of America","potentialAction":[{"@type":"SearchAction","target":{"@type":"EntryPoint","urlTemplate":"https:\/\/www.usemb.nl\/pl\/?s={search_term_string}"},"query-input":{"@type":"PropertyValueSpecification","valueRequired":true,"valueName":"search_term_string"}}],"inLanguage":"pl-PL"}]}},"_links":{"self":[{"href":"https:\/\/www.usemb.nl\/pl\/wp-json\/wp\/v2\/pages\/667","targetHints":{"allow":["GET"]}}],"collection":[{"href":"https:\/\/www.usemb.nl\/pl\/wp-json\/wp\/v2\/pages"}],"about":[{"href":"https:\/\/www.usemb.nl\/pl\/wp-json\/wp\/v2\/types\/page"}],"author":[{"embeddable":true,"href":"https:\/\/www.usemb.nl\/pl\/wp-json\/wp\/v2\/users\/1"}],"replies":[{"embeddable":true,"href":"https:\/\/www.usemb.nl\/pl\/wp-json\/wp\/v2\/comments?post=667"}],"version-history":[{"count":4,"href":"https:\/\/www.usemb.nl\/pl\/wp-json\/wp\/v2\/pages\/667\/revisions"}],"predecessor-version":[{"id":787,"href":"https:\/\/www.usemb.nl\/pl\/wp-json\/wp\/v2\/pages\/667\/revisions\/787"}],"wp:attachment":[{"href":"https:\/\/www.usemb.nl\/pl\/wp-json\/wp\/v2\/media?parent=667"}],"curies":[{"name":"wp","href":"https:\/\/api.w.org\/{rel}","templated":true}]}}