{"id":262,"date":"2022-05-20T05:53:53","date_gmt":"2022-05-20T09:53:53","guid":{"rendered":"https:\/\/www.usemb.nl\/podstawy-o-esta\/"},"modified":"2025-01-30T03:45:05","modified_gmt":"2025-01-30T08:45:05","slug":"podstawy-o-esta","status":"publish","type":"page","link":"https:\/\/www.usemb.nl\/pl\/podstawy-o-esta\/","title":{"rendered":"Podstawy ESTA"},"content":{"rendered":"\n<h1 class=\"wp-block-heading\">Jak przydatne jest ESTA<\/h1>\n\n<p>Deklaracja ESTA pozwala przede wszystkim uwolni\u0107 si\u0119 od tradycyjnego wniosku wizowego, je\u015bli Twoja podr\u00f3\u017c nie przekracza 90 dni. Dzi\u0119ki Programowi Ruchu Bezwizowego ka\u017cdy obywatel jednego z 41 kraj\u00f3w uczestnicz\u0105cych mo\u017ce ubiega\u0107 si\u0119 o zezwolenie na podr\u00f3\u017c przed wyjazdem do Stan\u00f3w Zjednoczonych. ESTA pozwala na :<\/p>\n\n<ol class=\"wp-block-list\">\n<li>Podr\u00f3\u017c s\u0142u\u017cbowa: udzia\u0142 w spotkaniach, podpisywanie um\u00f3w z partnerami, ale tak\u017ce udzia\u0142 w kr\u00f3tkoterminowych i bezp\u0142atnych szkoleniach;<\/li>\n\n\n\n<li>Wyjazd turystyczny: swobodne podr\u00f3\u017cowanie po kraju, udzia\u0142 w r\u00f3\u017cnych wydarzeniach kulturalnych, uczestnictwo w kursach, pod warunkiem, \u017ce nie s\u0105 one zaliczane w celu uzyskania dyplomu uniwersyteckiego.<\/li>\n<\/ol>\n\n<p>ESTA to system wprowadzony w 2009 r. w celu zapewnienia podr\u00f3\u017cnym bezpieczniejszych warunk\u00f3w podr\u00f3\u017cowania, a tym samym wzmocnienia bezpiecze\u0144stwa terytorium Ameryki. Op\u0142aty manipulacyjne w wysoko\u015bci 21 USD s\u0105 wykorzystywane do modernizacji ju\u017c istniej\u0105cych system\u00f3w bezpiecze\u0144stwa, ale tak\u017ce do promowania turystyki do Stan\u00f3w Zjednoczonych. Aby wype\u0142ni\u0107 deklaracj\u0119 ESTA, mo\u017cesz uko\u0144czy\u0107 proces na <a href=\"https:\/\/esta.cbp.dhs.gov\/\">oficjalnej stronie internetowej ameryka\u0144skiego urz\u0119du celnego<\/a> lub skorzysta\u0107 z pe\u0142nej pomocy, korzystaj\u0105c ze specjalistycznego formularza.<\/p>\n\n<p>Program zniesienia wiz zainspirowa\u0142 kilka innych kraj\u00f3w na ca\u0142ym \u015bwiecie. W 2024 r. uruchomiono autoryzacj\u0119 UK eTA dla podr\u00f3\u017cnych przebywaj\u0105cych w Wielkiej Brytanii kr\u00f3cej ni\u017c 90 dni. <\/p>\n\n<p>Je\u015bli z jakiegokolwiek powodu wniosek o ESTA zostanie odrzucony, nale\u017cy rozwa\u017cy\u0107 ubieganie si\u0119 o wiz\u0119 ameryka\u0144sk\u0105. Wi\u0119cej informacji na temat wizy turystycznej B2 mo\u017cna znale\u017a\u0107 w Internecie. <\/p>\n\n<h2 class=\"wp-block-heading\">Funkcje Departamentu Bezpiecze\u0144stwa Wewn\u0119trznego<\/h2>\n\n<p><a href=\"https:\/\/www.dhs.gov\/\">Departament Bezpiecze\u0144stwa Wewn\u0119trznego<\/a> powsta\u0142 w 2002 roku w odpowiedzi na ataki z 11 wrze\u015bnia, aby zwi\u0119kszy\u0107 bezpiecze\u0144stwo wewn\u0119trzne Stan\u00f3w Zjednoczonych.<\/p>\n\n<p>Sk\u0142ada si\u0119 z 15 agencji federalnych i dzia\u0142a pod egid\u0105 rz\u0105du USA. Funkcje DHS s\u0105 zr\u00f3\u017cnicowane. Ta konkretna us\u0142uga zapewnia mi\u0119dzy innymi zarz\u0105dzanie Programem Ruchu Bezwizowego (VWP). Podr\u00f3\u017cni, kt\u00f3rzy chc\u0105 podr\u00f3\u017cowa\u0107 do USA bez wizy, s\u0105 zobowi\u0105zani do wype\u0142nienia formularza ESTA, zawieraj\u0105cego wiele pyta\u0144 dotycz\u0105cych to\u017csamo\u015bci wnioskodawcy, jego stanu zdrowia, przesz\u0142o\u015bci kryminalnej\u2026 Odpowiedzi te s\u0105 nast\u0119pnie przesy\u0142ane do DHS, kt\u00f3ry decyduje czy przyzna\u0107 wnioskodawcy zezwolenie na pobyt. W rzeczywisto\u015bci w\u0142adze chc\u0105ce maksymalnie ograniczy\u0107 zagro\u017cenie terrorystyczne mog\u0105, w przypadku \u201eryzykownego\u201d profilu, zrezygnowa\u0107 z wydania dokumentu.<\/p>\n\n<h2 class=\"wp-block-heading\">Paszporty upowa\u017cniaj\u0105ce do pobytu w Stanach Zjednoczonych<\/h2>\n\n<p>Je\u015bli planujesz wyjazd do Stan\u00f3w Zjednoczonych, pami\u0119taj, \u017ce musisz mie\u0107 wa\u017cny paszport, w przeciwnym razie odm\u00f3wimy przyj\u0119cia na pok\u0142ad. Obecnie akceptowane s\u0105 dwa rodzaje paszport\u00f3w:<\/p>\n\n<ul class=\"wp-block-list\">\n<li>Paszport elektroniczny: u\u017cywany od 2006 roku, zawiera chip elektroniczny. Zarejestrowane informacje mo\u017cna odczyta\u0107 z niewielkiej odleg\u0142o\u015bci za pomoc\u0105 czytnika elektromagnetycznego (imi\u0119 i nazwisko, narodowo\u015b\u0107, data urodzenia, numer paszportu).<\/li>\n\n\n\n<li>Paszport biometryczny: wprowadzony do obiegu w 2009 roku, posiada elektroniczny chip zawieraj\u0105cy wi\u0119cej informacji ni\u017c paszport elektroniczny: zintegrowane jest zdj\u0119cie posiadacza i odciski palc\u00f3w. Ta nowa wersja zosta\u0142a wdro\u017cona w celu dalszego ograniczenia ryzyka kradzie\u017cy to\u017csamo\u015bci.<\/li>\n<\/ul>\n\n<p>Paszport jest wa\u017cny 10 lat dla doros\u0142ych i 5 lat dla nieletnich. Je\u015bli nie masz paszportu lub paszport straci\u0142 wa\u017cno\u015b\u0107, udaj si\u0119 do Urz\u0119du Miasta. Wymaganych b\u0119dzie kilka dokument\u00f3w:<\/p>\n\n<ul class=\"wp-block-list\">\n<li>dow\u00f3d osobisty lub stary paszport;<\/li>\n\n\n\n<li>wa\u017cne zdj\u0119cie to\u017csamo\u015bci;<\/li>\n\n\n\n<li>Dow\u00f3d adresu: orygina\u0142 + kserokopia;<\/li>\n\n\n\n<li>Numer wniosku wst\u0119pnego lub nale\u017cycie wype\u0142niony formularz wniosku;<\/li>\n\n\n\n<li>Znaczek skarbowy.<\/li>\n<\/ul>\n\n<p>Osoby mieszkaj\u0105ce za granic\u0105 musz\u0105 z\u0142o\u017cy\u0107 wniosek w konsulacie i ui\u015bci\u0107 op\u0142at\u0119 w wysoko\u015bci 96 euro.<br\/>Przed wyjazdem do Stan\u00f3w Zjednoczonych nale\u017cy r\u00f3wnie\u017c pami\u0119ta\u0107 o sprawdzeniu, czy numer zapisany w paszporcie jest taki sam, jak numer podany w ESTA. Je\u015bli w mi\u0119dzyczasie zmieni\u0142e\u015b paszport, musisz ponownie z\u0142o\u017cy\u0107 wniosek o zezwolenie ESTA.<\/p>\n","protected":false},"excerpt":{"rendered":"<p>Jak przydatne jest ESTA Deklaracja ESTA pozwala przede wszystkim uwolni\u0107 si\u0119 od tradycyjnego wniosku wizowego, je\u015bli Twoja podr\u00f3\u017c nie przekracza 90 dni. Dzi\u0119ki Programowi Ruchu Bezwizowego ka\u017cdy obywatel jednego z 41 kraj\u00f3w uczestnicz\u0105cych mo\u017ce ubiega\u0107 si\u0119 o zezwolenie na podr\u00f3\u017c przed wyjazdem do Stan\u00f3w Zjednoczonych. ESTA pozwala na : ESTA to system wprowadzony w 2009 [&hellip;]<\/p>\n","protected":false},"author":1,"featured_media":0,"parent":0,"menu_order":0,"comment_status":"closed","ping_status":"closed","template":"","meta":{"footnotes":""},"class_list":["post-262","page","type-page","status-publish","hentry"],"yoast_head":"<!-- This site is optimized with the Yoast SEO plugin v26.2 - https:\/\/yoast.com\/wordpress\/plugins\/seo\/ -->\n<title>Podstawy ESTA - USA<\/title>\n<meta name=\"robots\" content=\"index, follow, max-snippet:-1, max-image-preview:large, max-video-preview:-1\" \/>\n<link rel=\"canonical\" href=\"https:\/\/www.usemb.nl\/pl\/podstawy-o-esta\/\" \/>\n<meta property=\"og:locale\" content=\"pl_PL\" \/>\n<meta property=\"og:type\" content=\"article\" \/>\n<meta property=\"og:title\" content=\"Podstawy ESTA - USA\" \/>\n<meta property=\"og:description\" content=\"Jak przydatne jest ESTA Deklaracja ESTA pozwala przede wszystkim uwolni\u0107 si\u0119 od tradycyjnego wniosku wizowego, je\u015bli Twoja podr\u00f3\u017c nie przekracza 90 dni. Dzi\u0119ki Programowi Ruchu Bezwizowego ka\u017cdy obywatel jednego z 41 kraj\u00f3w uczestnicz\u0105cych mo\u017ce ubiega\u0107 si\u0119 o zezwolenie na podr\u00f3\u017c przed wyjazdem do Stan\u00f3w Zjednoczonych. ESTA pozwala na : ESTA to system wprowadzony w 2009 [&hellip;]\" \/>\n<meta property=\"og:url\" content=\"https:\/\/www.usemb.nl\/pl\/podstawy-o-esta\/\" \/>\n<meta property=\"og:site_name\" content=\"USA\" \/>\n<meta property=\"article:modified_time\" content=\"2025-01-30T08:45:05+00:00\" \/>\n<meta name=\"twitter:card\" content=\"summary_large_image\" \/>\n<meta name=\"twitter:label1\" content=\"Szacowany czas czytania\" \/>\n\t<meta name=\"twitter:data1\" content=\"3 minuty\" \/>\n<script type=\"application\/ld+json\" class=\"yoast-schema-graph\">{\"@context\":\"https:\/\/schema.org\",\"@graph\":[{\"@type\":\"WebPage\",\"@id\":\"https:\/\/www.usemb.nl\/pl\/podstawy-o-esta\/\",\"url\":\"https:\/\/www.usemb.nl\/pl\/podstawy-o-esta\/\",\"name\":\"Podstawy ESTA - USA\",\"isPartOf\":{\"@id\":\"https:\/\/www.usemb.nl\/pl\/#website\"},\"datePublished\":\"2022-05-20T09:53:53+00:00\",\"dateModified\":\"2025-01-30T08:45:05+00:00\",\"breadcrumb\":{\"@id\":\"https:\/\/www.usemb.nl\/pl\/podstawy-o-esta\/#breadcrumb\"},\"inLanguage\":\"pl-PL\",\"potentialAction\":[{\"@type\":\"ReadAction\",\"target\":[\"https:\/\/www.usemb.nl\/pl\/podstawy-o-esta\/\"]}]},{\"@type\":\"BreadcrumbList\",\"@id\":\"https:\/\/www.usemb.nl\/pl\/podstawy-o-esta\/#breadcrumb\",\"itemListElement\":[{\"@type\":\"ListItem\",\"position\":1,\"name\":\"Home\",\"item\":\"https:\/\/www.usemb.nl\/pl\/\"},{\"@type\":\"ListItem\",\"position\":2,\"name\":\"Podstawy ESTA\"}]},{\"@type\":\"WebSite\",\"@id\":\"https:\/\/www.usemb.nl\/pl\/#website\",\"url\":\"https:\/\/www.usemb.nl\/pl\/\",\"name\":\"USA\",\"description\":\"United States of America\",\"potentialAction\":[{\"@type\":\"SearchAction\",\"target\":{\"@type\":\"EntryPoint\",\"urlTemplate\":\"https:\/\/www.usemb.nl\/pl\/?s={search_term_string}\"},\"query-input\":{\"@type\":\"PropertyValueSpecification\",\"valueRequired\":true,\"valueName\":\"search_term_string\"}}],\"inLanguage\":\"pl-PL\"}]}<\/script>\n<!-- \/ Yoast SEO plugin. -->","yoast_head_json":{"title":"Podstawy ESTA - USA","robots":{"index":"index","follow":"follow","max-snippet":"max-snippet:-1","max-image-preview":"max-image-preview:large","max-video-preview":"max-video-preview:-1"},"canonical":"https:\/\/www.usemb.nl\/pl\/podstawy-o-esta\/","og_locale":"pl_PL","og_type":"article","og_title":"Podstawy ESTA - USA","og_description":"Jak przydatne jest ESTA Deklaracja ESTA pozwala przede wszystkim uwolni\u0107 si\u0119 od tradycyjnego wniosku wizowego, je\u015bli Twoja podr\u00f3\u017c nie przekracza 90 dni. Dzi\u0119ki Programowi Ruchu Bezwizowego ka\u017cdy obywatel jednego z 41 kraj\u00f3w uczestnicz\u0105cych mo\u017ce ubiega\u0107 si\u0119 o zezwolenie na podr\u00f3\u017c przed wyjazdem do Stan\u00f3w Zjednoczonych. ESTA pozwala na : ESTA to system wprowadzony w 2009 [&hellip;]","og_url":"https:\/\/www.usemb.nl\/pl\/podstawy-o-esta\/","og_site_name":"USA","article_modified_time":"2025-01-30T08:45:05+00:00","twitter_card":"summary_large_image","twitter_misc":{"Szacowany czas czytania":"3 minuty"},"schema":{"@context":"https:\/\/schema.org","@graph":[{"@type":"WebPage","@id":"https:\/\/www.usemb.nl\/pl\/podstawy-o-esta\/","url":"https:\/\/www.usemb.nl\/pl\/podstawy-o-esta\/","name":"Podstawy ESTA - USA","isPartOf":{"@id":"https:\/\/www.usemb.nl\/pl\/#website"},"datePublished":"2022-05-20T09:53:53+00:00","dateModified":"2025-01-30T08:45:05+00:00","breadcrumb":{"@id":"https:\/\/www.usemb.nl\/pl\/podstawy-o-esta\/#breadcrumb"},"inLanguage":"pl-PL","potentialAction":[{"@type":"ReadAction","target":["https:\/\/www.usemb.nl\/pl\/podstawy-o-esta\/"]}]},{"@type":"BreadcrumbList","@id":"https:\/\/www.usemb.nl\/pl\/podstawy-o-esta\/#breadcrumb","itemListElement":[{"@type":"ListItem","position":1,"name":"Home","item":"https:\/\/www.usemb.nl\/pl\/"},{"@type":"ListItem","position":2,"name":"Podstawy ESTA"}]},{"@type":"WebSite","@id":"https:\/\/www.usemb.nl\/pl\/#website","url":"https:\/\/www.usemb.nl\/pl\/","name":"USA","description":"United States of America","potentialAction":[{"@type":"SearchAction","target":{"@type":"EntryPoint","urlTemplate":"https:\/\/www.usemb.nl\/pl\/?s={search_term_string}"},"query-input":{"@type":"PropertyValueSpecification","valueRequired":true,"valueName":"search_term_string"}}],"inLanguage":"pl-PL"}]}},"_links":{"self":[{"href":"https:\/\/www.usemb.nl\/pl\/wp-json\/wp\/v2\/pages\/262","targetHints":{"allow":["GET"]}}],"collection":[{"href":"https:\/\/www.usemb.nl\/pl\/wp-json\/wp\/v2\/pages"}],"about":[{"href":"https:\/\/www.usemb.nl\/pl\/wp-json\/wp\/v2\/types\/page"}],"author":[{"embeddable":true,"href":"https:\/\/www.usemb.nl\/pl\/wp-json\/wp\/v2\/users\/1"}],"replies":[{"embeddable":true,"href":"https:\/\/www.usemb.nl\/pl\/wp-json\/wp\/v2\/comments?post=262"}],"version-history":[{"count":8,"href":"https:\/\/www.usemb.nl\/pl\/wp-json\/wp\/v2\/pages\/262\/revisions"}],"predecessor-version":[{"id":639,"href":"https:\/\/www.usemb.nl\/pl\/wp-json\/wp\/v2\/pages\/262\/revisions\/639"}],"wp:attachment":[{"href":"https:\/\/www.usemb.nl\/pl\/wp-json\/wp\/v2\/media?parent=262"}],"curies":[{"name":"wp","href":"https:\/\/api.w.org\/{rel}","templated":true}]}}