{"id":260,"date":"2022-05-20T05:53:28","date_gmt":"2022-05-20T09:53:28","guid":{"rendered":"https:\/\/www.usemb.nl\/dom\/"},"modified":"2025-04-07T14:46:44","modified_gmt":"2025-04-07T18:46:44","slug":"dom","status":"publish","type":"page","link":"https:\/\/www.usemb.nl\/pl\/","title":{"rendered":"Dom"},"content":{"rendered":"\t\t<div data-elementor-type=\"wp-page\" data-elementor-id=\"260\" class=\"elementor elementor-260 elementor-39\" data-elementor-post-type=\"page\">\n\t\t\t\t\t\t<section class=\"elementor-section elementor-top-section elementor-element elementor-element-0f7719f elementor-section-boxed elementor-section-height-default elementor-section-height-default\" data-id=\"0f7719f\" data-element_type=\"section\">\n\t\t\t\t\t\t<div class=\"elementor-container elementor-column-gap-default\">\n\t\t\t\t\t<div class=\"elementor-column elementor-col-100 elementor-top-column elementor-element elementor-element-c4cdb2c\" data-id=\"c4cdb2c\" data-element_type=\"column\">\n\t\t\t<div class=\"elementor-widget-wrap elementor-element-populated\">\n\t\t\t\t\t\t<div class=\"elementor-element elementor-element-5e446b2 elementor-widget elementor-widget-image\" data-id=\"5e446b2\" data-element_type=\"widget\" data-widget_type=\"image.default\">\n\t\t\t\t<div class=\"elementor-widget-container\">\n\t\t\t\t\t\t\t\t\t\t\t\t\t\t\t<img fetchpriority=\"high\" decoding=\"async\" width=\"2048\" height=\"318\" src=\"https:\/\/www.usemb.nl\/wp-content\/uploads\/2022\/05\/usa-visa-image.jpg\" class=\"attachment-full size-full wp-image-308\" alt=\"Wiza ameryka\u0144ska USA\" srcset=\"https:\/\/www.usemb.nl\/wp-content\/uploads\/2022\/05\/usa-visa-image.jpg 2048w, https:\/\/www.usemb.nl\/wp-content\/uploads\/2022\/05\/usa-visa-image-300x47.jpg 300w, https:\/\/www.usemb.nl\/wp-content\/uploads\/2022\/05\/usa-visa-image-1024x159.jpg 1024w, https:\/\/www.usemb.nl\/wp-content\/uploads\/2022\/05\/usa-visa-image-768x119.jpg 768w, https:\/\/www.usemb.nl\/wp-content\/uploads\/2022\/05\/usa-visa-image-1536x239.jpg 1536w\" sizes=\"(max-width: 2048px) 100vw, 2048px\" \/>\t\t\t\t\t\t\t\t\t\t\t\t\t\t\t<\/div>\n\t\t\t\t<\/div>\n\t\t\t\t\t<\/div>\n\t\t<\/div>\n\t\t\t\t\t<\/div>\n\t\t<\/section>\n\t\t\t\t<section class=\"elementor-section elementor-top-section elementor-element elementor-element-bef3891 elementor-section-boxed elementor-section-height-default elementor-section-height-default\" data-id=\"bef3891\" data-element_type=\"section\">\n\t\t\t\t\t\t<div class=\"elementor-container elementor-column-gap-default\">\n\t\t\t\t\t<div class=\"elementor-column elementor-col-100 elementor-top-column elementor-element elementor-element-31ee7ae\" data-id=\"31ee7ae\" data-element_type=\"column\">\n\t\t\t<div class=\"elementor-widget-wrap elementor-element-populated\">\n\t\t\t\t\t\t<div class=\"elementor-element elementor-element-d91e52a elementor-widget elementor-widget-heading\" data-id=\"d91e52a\" data-element_type=\"widget\" data-widget_type=\"heading.default\">\n\t\t\t\t<div class=\"elementor-widget-container\">\n\t\t\t\t\t<h1 class=\"elementor-heading-title elementor-size-default\">Podr\u00f3\u017c do USA<\/h1>\t\t\t\t<\/div>\n\t\t\t\t<\/div>\n\t\t\t\t\t<\/div>\n\t\t<\/div>\n\t\t\t\t\t<\/div>\n\t\t<\/section>\n\t\t\t\t<section class=\"elementor-section elementor-top-section elementor-element elementor-element-71e9513 elementor-section-boxed elementor-section-height-default elementor-section-height-default\" data-id=\"71e9513\" data-element_type=\"section\">\n\t\t\t\t\t\t<div class=\"elementor-container elementor-column-gap-default\">\n\t\t\t\t\t<div class=\"elementor-column elementor-col-100 elementor-top-column elementor-element elementor-element-df07416\" data-id=\"df07416\" data-element_type=\"column\">\n\t\t\t<div class=\"elementor-widget-wrap elementor-element-populated\">\n\t\t\t\t\t\t<div class=\"elementor-element elementor-element-c1e32ad elementor-widget elementor-widget-text-editor\" data-id=\"c1e32ad\" data-element_type=\"widget\" data-widget_type=\"text-editor.default\">\n\t\t\t\t<div class=\"elementor-widget-container\">\n\t\t\t\t\t\t\t\t\t<p>Podr\u00f3\u017c do Stan\u00f3w Zjednoczonych wymaga znajomo\u015bci ostatnich wymaga\u0144. Powiniene\u015b skontaktowa\u0107 si\u0119 z Ambasad\u0105 USA w celu uzyskania aktualnych informacji o sytuacji. Przepisy dotycz\u0105ce cudzoziemc\u00f3w podr\u00f3\u017cuj\u0105cych do USA cz\u0119sto zmieniaj\u0105 si\u0119 z niewielkim op\u00f3\u017anieniem. <\/p>\t\t\t\t\t\t\t\t<\/div>\n\t\t\t\t<\/div>\n\t\t\t\t\t<\/div>\n\t\t<\/div>\n\t\t\t\t\t<\/div>\n\t\t<\/section>\n\t\t\t\t<section class=\"elementor-section elementor-top-section elementor-element elementor-element-907ce81 elementor-section-boxed elementor-section-height-default elementor-section-height-default\" data-id=\"907ce81\" data-element_type=\"section\">\n\t\t\t\t\t\t<div class=\"elementor-container elementor-column-gap-default\">\n\t\t\t\t\t<div class=\"elementor-column elementor-col-100 elementor-top-column elementor-element elementor-element-17535b7\" data-id=\"17535b7\" data-element_type=\"column\">\n\t\t\t<div class=\"elementor-widget-wrap elementor-element-populated\">\n\t\t\t\t\t\t<div class=\"elementor-element elementor-element-18fed13 elementor-widget elementor-widget-text-editor\" data-id=\"18fed13\" data-element_type=\"widget\" data-widget_type=\"text-editor.default\">\n\t\t\t\t<div class=\"elementor-widget-container\">\n\t\t\t\t\t\t\t\t\t<h2>Ambasada Stan\u00f3w Zjednoczonych<\/h2><p>Ambasada <span style=\"text-decoration: underline;\"><a href=\"https:\/\/nl.usembassy.gov\/\">Ambasada USA<\/a><\/span> jest odpowiedzialna za stosunki mi\u0119dzy Stanami Zjednoczonymi a Holandi\u0105. <span style=\"color: var( --e-global-color-text ); font-family: var( --e-global-typography-text-font-family ), Sans-serif; font-weight: var( --e-global-typography-text-font-weight ); font-size: 1rem;\">Ambasada USA jest obecna we wszystkich krajach UE jako silny mi\u0119dzynarodowy partner w realizacji cel\u00f3w gospodarczych.<\/span><\/p><p>Ambasada ameryka\u0144ska w Hadze nie posiada sekcji konsularnej. W Amsterdamie znajduje si\u0119 Konsulat USA, kt\u00f3ry \u015bwiadczy us\u0142ugi dla ludno\u015bci ameryka\u0144skiej w Holandii.<\/p>\t\t\t\t\t\t\t\t<\/div>\n\t\t\t\t<\/div>\n\t\t\t\t\t<\/div>\n\t\t<\/div>\n\t\t\t\t\t<\/div>\n\t\t<\/section>\n\t\t\t\t<section class=\"elementor-section elementor-top-section elementor-element elementor-element-6ad2359 elementor-section-boxed elementor-section-height-default elementor-section-height-default\" data-id=\"6ad2359\" data-element_type=\"section\">\n\t\t\t\t\t\t<div class=\"elementor-container elementor-column-gap-default\">\n\t\t\t\t\t<div class=\"elementor-column elementor-col-50 elementor-top-column elementor-element elementor-element-c3f4328\" data-id=\"c3f4328\" data-element_type=\"column\">\n\t\t\t<div class=\"elementor-widget-wrap elementor-element-populated\">\n\t\t\t\t\t\t<div class=\"elementor-element elementor-element-ce0de21 elementor-widget elementor-widget-text-editor\" data-id=\"ce0de21\" data-element_type=\"widget\" data-widget_type=\"text-editor.default\">\n\t\t\t\t<div class=\"elementor-widget-container\">\n\t\t\t\t\t\t\t\t\t<h2>Ambasada USA w Holandii<\/h2><p><strong>Ambasada Stan\u00f3w Zjednoczonych w Holandii<\/strong>, zlokalizowana w Hadze, jest kluczowym punktem kontaktowym dla obywateli holenderskich i obywateli USA przebywaj\u0105cych w Holandii lub odwiedzaj\u0105cych j\u0105. Ta strona internetowa zawiera szczeg\u00f3\u0142owe informacje na temat us\u0142ug ambasady, warunk\u00f3w podr\u00f3\u017cowania do Stan\u00f3w Zjednoczonych oraz historycznych relacji mi\u0119dzy Holandi\u0105 a Stanami Zjednoczonymi. <\/p>\t\t\t\t\t\t\t\t<\/div>\n\t\t\t\t<\/div>\n\t\t\t\t\t<\/div>\n\t\t<\/div>\n\t\t\t\t<div class=\"elementor-column elementor-col-50 elementor-top-column elementor-element elementor-element-e48fb14\" data-id=\"e48fb14\" data-element_type=\"column\">\n\t\t\t<div class=\"elementor-widget-wrap elementor-element-populated\">\n\t\t\t\t\t\t<div class=\"elementor-element elementor-element-6454c44 elementor-widget elementor-widget-text-editor\" data-id=\"6454c44\" data-element_type=\"widget\" data-widget_type=\"text-editor.default\">\n\t\t\t\t<div class=\"elementor-widget-container\">\n\t\t\t\t\t\t\t\t\t<h2>Lokalizacja i informacje kontaktowe<\/h2><p>Ambasada Stan\u00f3w Zjednoczonych w Holandii znajduje si\u0119 w Hadze.<\/p><ul><li><strong>Adres<\/strong>: John Adams Park 1, 2244 BZ, Wassenaar.<\/li><li><strong>Telefon<\/strong>: +31 70 310 2209.<\/li><li><strong>E-mail<\/strong>: Kontakt za po\u015brednictwem oficjalnej strony internetowej.<\/li><li><strong>Strona internetowa<\/strong>: Odwied\u017a <span style=\"text-decoration: underline;\"><a href=\"https:\/\/nl.usembassy.gov\/\" target=\"_new\" rel=\"noopener\">oficjaln\u0105 stron\u0119 ambasady USA<\/a><\/span> aby uzyska\u0107 najnowsze aktualizacje.<\/li><\/ul><h2>Godziny pracy<\/h2><ul><li>Od poniedzia\u0142ku do pi\u0105tku: 8:30-17:00.<\/li><li>Zamkni\u0119te w weekendy i oficjalne \u015bwi\u0119ta w USA i Holandii.<\/li><\/ul>\t\t\t\t\t\t\t\t<\/div>\n\t\t\t\t<\/div>\n\t\t\t\t\t<\/div>\n\t\t<\/div>\n\t\t\t\t\t<\/div>\n\t\t<\/section>\n\t\t\t\t<section class=\"elementor-section elementor-top-section elementor-element elementor-element-ae80f05 elementor-section-boxed elementor-section-height-default elementor-section-height-default\" data-id=\"ae80f05\" data-element_type=\"section\">\n\t\t\t\t\t\t<div class=\"elementor-container elementor-column-gap-default\">\n\t\t\t\t\t<div class=\"elementor-column elementor-col-100 elementor-top-column elementor-element elementor-element-48ceb10\" data-id=\"48ceb10\" data-element_type=\"column\">\n\t\t\t<div class=\"elementor-widget-wrap elementor-element-populated\">\n\t\t\t\t\t\t<div class=\"elementor-element elementor-element-cba6da5 elementor-widget elementor-widget-heading\" data-id=\"cba6da5\" data-element_type=\"widget\" data-widget_type=\"heading.default\">\n\t\t\t\t<div class=\"elementor-widget-container\">\n\t\t\t\t\t<h2 class=\"elementor-heading-title elementor-size-default\">Us\u0142ugi oferowane przez ambasad\u0119 USA<\/h2>\t\t\t\t<\/div>\n\t\t\t\t<\/div>\n\t\t\t\t\t<\/div>\n\t\t<\/div>\n\t\t\t\t\t<\/div>\n\t\t<\/section>\n\t\t\t\t<section class=\"elementor-section elementor-top-section elementor-element elementor-element-5e528fb elementor-section-boxed elementor-section-height-default elementor-section-height-default\" data-id=\"5e528fb\" data-element_type=\"section\">\n\t\t\t\t\t\t<div class=\"elementor-container elementor-column-gap-default\">\n\t\t\t\t\t<div class=\"elementor-column elementor-col-100 elementor-top-column elementor-element elementor-element-c53100a\" data-id=\"c53100a\" data-element_type=\"column\">\n\t\t\t<div class=\"elementor-widget-wrap elementor-element-populated\">\n\t\t\t\t\t\t<div class=\"elementor-element elementor-element-d1f17e9 elementor-widget elementor-widget-text-editor\" data-id=\"d1f17e9\" data-element_type=\"widget\" data-widget_type=\"text-editor.default\">\n\t\t\t\t<div class=\"elementor-widget-container\">\n\t\t\t\t\t\t\t\t\t<p>  Ambasada zapewnia szeroki zakres us\u0142ug zar\u00f3wno dla obywateli USA, jak i obywateli Holandii:<\/p><h3><strong>1. Us\u0142ugi dla obywateli USA<\/strong><\/h3><ul><li><strong>Us\u0142ugi paszportowe<\/strong>: Odnowienie lub wymiana paszportu USA.<\/li><li><strong>Us\u0142ugi notarialne<\/strong>: Notarialne po\u015bwiadczenia dokument\u00f3w prawnych.<\/li><li><strong>Pomoc w nag\u0142ych<\/strong> wypadkach: Wsparcie dla obywateli USA znajduj\u0105cych si\u0119 w trudnej sytuacji.<\/li><\/ul><h3> <\/h3><h3><strong>2. Us\u0142ugi wizowe dla obywateli Holandii<\/strong><\/h3><p>Ambasada rozpatruje wnioski wizowe dla os\u00f3b podr\u00f3\u017cuj\u0105cych do Stan\u00f3w Zjednoczonych:<\/p><ul><li><a href=\"https:\/\/www.usemb.nl\/pl\/uslugi-wizowe-dla-obywateli-holandii-w-ambasadzie-usa-w-holandii\/\">Wizy turystyczne lub biznesowe B1\/B2<\/a>.<\/li><li><strong>Praca lub nauka<\/strong>: W tym wizy H-1B, F-1 i J-1.<\/li><li><strong>Wizy imigracyjne<\/strong>: Dla os\u00f3b przenosz\u0105cych si\u0119 na sta\u0142e do USA.<\/li><\/ul><div><br>Mo\u017cliwe jest r\u00f3wnie\u017c <a href=\"https:\/\/www.usemb.nl\/pl\/odnow-amerykanska-wizyte-w-holandii\/\">odnowienie wizy ameryka\u0144skiej z Holandii<\/a>.<\/div><div> <\/div><h3><strong>3. Programy edukacyjne i kulturalne<\/strong><\/h3><ul><li>Stypendia i programy wymiany, takie jak <strong>Fulbright<\/strong>.<\/li><li>Wsparcie dla wsp\u00f3\u0142pracy kulturalnej mi\u0119dzy USA i Holandi\u0105.<\/li><\/ul>\t\t\t\t\t\t\t\t<\/div>\n\t\t\t\t<\/div>\n\t\t\t\t\t<\/div>\n\t\t<\/div>\n\t\t\t\t\t<\/div>\n\t\t<\/section>\n\t\t\t\t<section class=\"elementor-section elementor-top-section elementor-element elementor-element-0a852d1 elementor-section-boxed elementor-section-height-default elementor-section-height-default\" data-id=\"0a852d1\" data-element_type=\"section\">\n\t\t\t\t\t\t<div class=\"elementor-container elementor-column-gap-default\">\n\t\t\t\t\t<div class=\"elementor-column elementor-col-100 elementor-top-column elementor-element elementor-element-81f6366\" data-id=\"81f6366\" data-element_type=\"column\">\n\t\t\t<div class=\"elementor-widget-wrap elementor-element-populated\">\n\t\t\t\t\t\t<div class=\"elementor-element elementor-element-65d49dd elementor-widget elementor-widget-heading\" data-id=\"65d49dd\" data-element_type=\"widget\" data-widget_type=\"heading.default\">\n\t\t\t\t<div class=\"elementor-widget-container\">\n\t\t\t\t\t<h2 class=\"elementor-heading-title elementor-size-default\">Historia stosunk\u00f3w ameryka\u0144sko-holenderskich<\/h2>\t\t\t\t<\/div>\n\t\t\t\t<\/div>\n\t\t\t\t\t<\/div>\n\t\t<\/div>\n\t\t\t\t\t<\/div>\n\t\t<\/section>\n\t\t\t\t<section class=\"elementor-section elementor-top-section elementor-element elementor-element-8edf6bf elementor-section-boxed elementor-section-height-default elementor-section-height-default\" data-id=\"8edf6bf\" data-element_type=\"section\">\n\t\t\t\t\t\t<div class=\"elementor-container elementor-column-gap-default\">\n\t\t\t\t\t<div class=\"elementor-column elementor-col-100 elementor-top-column elementor-element elementor-element-692661e\" data-id=\"692661e\" data-element_type=\"column\">\n\t\t\t<div class=\"elementor-widget-wrap elementor-element-populated\">\n\t\t\t\t\t\t<div class=\"elementor-element elementor-element-2c84039 elementor-widget elementor-widget-text-editor\" data-id=\"2c84039\" data-element_type=\"widget\" data-widget_type=\"text-editor.default\">\n\t\t\t\t<div class=\"elementor-widget-container\">\n\t\t\t\t\t\t\t\t\t<p>Partnerstwo mi\u0119dzy Stanami Zjednoczonymi a Holandi\u0105 ma swoje korzenie w rewolucji ameryka\u0144skiej, podczas kt\u00f3rej Holandia zaoferowa\u0142a wsparcie.<\/p>\n<p>Stosunki dyplomatyczne mi\u0119dzy tymi dwoma krajami zosta\u0142y oficjalnie nawi\u0105zane w 1782 roku, co oznacza jedn\u0105 z najstarszych nieprzerwanych relacji dwustronnych dla Stan\u00f3w Zjednoczonych.\nTe silne wi\u0119zi opieraj\u0105 si\u0119 na wsp\u00f3lnej historii, kulturze i wzajemnym zaanga\u017cowaniu na rzecz wolno\u015bci jednostki i praw cz\u0142owieka. <\/p>\n<p>Stany Zjednoczone i Holandia maj\u0105 podobne pogl\u0105dy na wiele kluczowych kwestii i wsp\u00f3\u0142pracuj\u0105 zar\u00f3wno dwustronnie, jak i w ramach organizacji mi\u0119dzynarodowych, takich jak Organizacja Narod\u00f3w Zjednoczonych (ONZ) i Organizacja Traktatu P\u00f3\u0142nocnoatlantyckiego (NATO).<\/p>\t\t\t\t\t\t\t\t<\/div>\n\t\t\t\t<\/div>\n\t\t\t\t\t<\/div>\n\t\t<\/div>\n\t\t\t\t\t<\/div>\n\t\t<\/section>\n\t\t\t\t<section class=\"elementor-section elementor-top-section elementor-element elementor-element-1922d4d elementor-section-boxed elementor-section-height-default elementor-section-height-default\" data-id=\"1922d4d\" data-element_type=\"section\">\n\t\t\t\t\t\t<div class=\"elementor-container elementor-column-gap-default\">\n\t\t\t\t\t<div class=\"elementor-column elementor-col-100 elementor-top-column elementor-element elementor-element-06748f3\" data-id=\"06748f3\" data-element_type=\"column\">\n\t\t\t<div class=\"elementor-widget-wrap elementor-element-populated\">\n\t\t\t\t\t\t<div class=\"elementor-element elementor-element-482ff2a elementor-widget elementor-widget-heading\" data-id=\"482ff2a\" data-element_type=\"widget\" data-widget_type=\"heading.default\">\n\t\t\t\t<div class=\"elementor-widget-container\">\n\t\t\t\t\t<h2 class=\"elementor-heading-title elementor-size-default\">Zmiany w zasadach podr\u00f3\u017cowania mi\u0119dzy USA a Holandi\u0105<\/h2>\t\t\t\t<\/div>\n\t\t\t\t<\/div>\n\t\t\t\t\t<\/div>\n\t\t<\/div>\n\t\t\t\t\t<\/div>\n\t\t<\/section>\n\t\t\t\t<section class=\"elementor-section elementor-top-section elementor-element elementor-element-a710781 elementor-section-boxed elementor-section-height-default elementor-section-height-default\" data-id=\"a710781\" data-element_type=\"section\">\n\t\t\t\t\t\t<div class=\"elementor-container elementor-column-gap-default\">\n\t\t\t\t\t<div class=\"elementor-column elementor-col-100 elementor-top-column elementor-element elementor-element-9a8705b\" data-id=\"9a8705b\" data-element_type=\"column\">\n\t\t\t<div class=\"elementor-widget-wrap elementor-element-populated\">\n\t\t\t\t\t\t<div class=\"elementor-element elementor-element-806f117 elementor-widget elementor-widget-text-editor\" data-id=\"806f117\" data-element_type=\"widget\" data-widget_type=\"text-editor.default\">\n\t\t\t\t<div class=\"elementor-widget-container\">\n\t\t\t\t\t\t\t\t\t<p>Od ko\u0144ca 2025 r. obywatele USA b\u0119d\u0105 musieli uzyska\u0107 <a href=\"https:\/\/etias-eu.net\/en\/etias-netherlands\/\">zgod\u0119 ETIAS przed podr\u00f3\u017c\u0105 do Holandii<\/a>. Podczas gdy Amerykanie tradycyjnie korzystali z bezwizowego wjazdu na kr\u00f3tkie pobyty, nadchodz\u0105cy system ETIAS wprowadzi nowy proces wst\u0119pnej kontroli, podobny do tego, kt\u00f3ry Stany Zjednoczone egzekwuj\u0105 od lat za pomoc\u0105 ESTA (Electronic System for Travel Authorization). <\/p><p>Zmiana ta odzwierciedla wzajemne podej\u015bcie do bezpiecze\u0144stwa podr\u00f3\u017cy przyj\u0119te przez UE. Od 2009 roku podr\u00f3\u017cni z Europy musz\u0105 ubiega\u0107 si\u0119 o zezwolenie ESTA przed lotem do Stan\u00f3w Zjednoczonych. Teraz Amerykanie r\u00f3wnie\u017c b\u0119d\u0105 musieli zarejestrowa\u0107 si\u0119 online przed podr\u00f3\u017c\u0105, ui\u015bci\u0107 niewielk\u0105 op\u0142at\u0119 i otrzyma\u0107 zgod\u0119 przed wej\u015bciem na pok\u0142ad samolotu do Holandii lub innego kraju strefy Schengen.  <\/p><p>Chocia\u017c ETIAS nie jest wiz\u0105, b\u0119dzie on obowi\u0105zkowy dla wszystkich odwiedzaj\u0105cych na kr\u00f3tki pobyt z kraj\u00f3w zwolnionych z obowi\u0105zku wizowego. Dla ameryka\u0144skich turyst\u00f3w, os\u00f3b podr\u00f3\u017cuj\u0105cych s\u0142u\u017cbowo lub odwiedzaj\u0105cych przyjaci\u00f3\u0142 i rodzin\u0119 w Holandii oznacza to planowanie z wyprzedzeniem i zapewnienie zatwierdzenia ETIAS przed wyjazdem. Oczekuje si\u0119, \u017ce proces b\u0119dzie szybki i wa\u017cny dla wielokrotnych wjazd\u00f3w przez okres trzech lat.  <\/p>\t\t\t\t\t\t\t\t<\/div>\n\t\t\t\t<\/div>\n\t\t\t\t\t<\/div>\n\t\t<\/div>\n\t\t\t\t\t<\/div>\n\t\t<\/section>\n\t\t\t\t<\/div>\n\t\t","protected":false},"excerpt":{"rendered":"<p>Podr\u00f3\u017c do USA Podr\u00f3\u017c do Stan\u00f3w Zjednoczonych wymaga znajomo\u015bci ostatnich wymaga\u0144. Powiniene\u015b skontaktowa\u0107 si\u0119 z Ambasad\u0105 USA w celu uzyskania aktualnych informacji o sytuacji. Przepisy dotycz\u0105ce cudzoziemc\u00f3w podr\u00f3\u017cuj\u0105cych do USA cz\u0119sto zmieniaj\u0105 si\u0119 z niewielkim op\u00f3\u017anieniem. Ambasada Stan\u00f3w Zjednoczonych Ambasada Ambasada USA jest odpowiedzialna za stosunki mi\u0119dzy Stanami Zjednoczonymi a Holandi\u0105. Ambasada USA jest obecna [&hellip;]<\/p>\n","protected":false},"author":1,"featured_media":0,"parent":0,"menu_order":0,"comment_status":"closed","ping_status":"closed","template":"","meta":{"footnotes":""},"class_list":["post-260","page","type-page","status-publish","hentry"],"yoast_head":"<!-- This site is optimized with the Yoast SEO plugin v26.2 - https:\/\/yoast.com\/wordpress\/plugins\/seo\/ -->\n<title>Dom - USA<\/title>\n<meta name=\"robots\" content=\"index, follow, max-snippet:-1, max-image-preview:large, max-video-preview:-1\" \/>\n<link rel=\"canonical\" href=\"https:\/\/www.usemb.nl\/pl\/\" \/>\n<meta property=\"og:locale\" content=\"pl_PL\" \/>\n<meta property=\"og:type\" content=\"article\" \/>\n<meta property=\"og:title\" content=\"Dom - USA\" \/>\n<meta property=\"og:description\" content=\"Podr\u00f3\u017c do USA Podr\u00f3\u017c do Stan\u00f3w Zjednoczonych wymaga znajomo\u015bci ostatnich wymaga\u0144. Powiniene\u015b skontaktowa\u0107 si\u0119 z Ambasad\u0105 USA w celu uzyskania aktualnych informacji o sytuacji. Przepisy dotycz\u0105ce cudzoziemc\u00f3w podr\u00f3\u017cuj\u0105cych do USA cz\u0119sto zmieniaj\u0105 si\u0119 z niewielkim op\u00f3\u017anieniem. Ambasada Stan\u00f3w Zjednoczonych Ambasada Ambasada USA jest odpowiedzialna za stosunki mi\u0119dzy Stanami Zjednoczonymi a Holandi\u0105. Ambasada USA jest obecna [&hellip;]\" \/>\n<meta property=\"og:url\" content=\"https:\/\/www.usemb.nl\/pl\/\" \/>\n<meta property=\"og:site_name\" content=\"USA\" \/>\n<meta property=\"article:modified_time\" content=\"2025-04-07T18:46:44+00:00\" \/>\n<meta property=\"og:image\" content=\"https:\/\/www.usemb.nl\/wp-content\/uploads\/2022\/05\/usa-visa-image.jpg\" \/>\n<meta name=\"twitter:card\" content=\"summary_large_image\" \/>\n<meta name=\"twitter:label1\" content=\"Szacowany czas czytania\" \/>\n\t<meta name=\"twitter:data1\" content=\"3 minuty\" \/>\n<script type=\"application\/ld+json\" class=\"yoast-schema-graph\">{\"@context\":\"https:\/\/schema.org\",\"@graph\":[{\"@type\":\"WebPage\",\"@id\":\"https:\/\/www.usemb.nl\/pl\/\",\"url\":\"https:\/\/www.usemb.nl\/pl\/\",\"name\":\"Dom - USA\",\"isPartOf\":{\"@id\":\"https:\/\/www.usemb.nl\/pl\/#website\"},\"primaryImageOfPage\":{\"@id\":\"https:\/\/www.usemb.nl\/pl\/#primaryimage\"},\"image\":{\"@id\":\"https:\/\/www.usemb.nl\/pl\/#primaryimage\"},\"thumbnailUrl\":\"https:\/\/www.usemb.nl\/wp-content\/uploads\/2022\/05\/usa-visa-image.jpg\",\"datePublished\":\"2022-05-20T09:53:28+00:00\",\"dateModified\":\"2025-04-07T18:46:44+00:00\",\"breadcrumb\":{\"@id\":\"https:\/\/www.usemb.nl\/pl\/#breadcrumb\"},\"inLanguage\":\"pl-PL\",\"potentialAction\":[{\"@type\":\"ReadAction\",\"target\":[\"https:\/\/www.usemb.nl\/pl\/\"]}]},{\"@type\":\"ImageObject\",\"inLanguage\":\"pl-PL\",\"@id\":\"https:\/\/www.usemb.nl\/pl\/#primaryimage\",\"url\":\"https:\/\/www.usemb.nl\/wp-content\/uploads\/2022\/05\/usa-visa-image.jpg\",\"contentUrl\":\"https:\/\/www.usemb.nl\/wp-content\/uploads\/2022\/05\/usa-visa-image.jpg\"},{\"@type\":\"BreadcrumbList\",\"@id\":\"https:\/\/www.usemb.nl\/pl\/#breadcrumb\",\"itemListElement\":[{\"@type\":\"ListItem\",\"position\":1,\"name\":\"Home\",\"item\":\"https:\/\/www.usemb.nl\/pl\/\"},{\"@type\":\"ListItem\",\"position\":2,\"name\":\"Dom\"}]},{\"@type\":\"WebSite\",\"@id\":\"https:\/\/www.usemb.nl\/pl\/#website\",\"url\":\"https:\/\/www.usemb.nl\/pl\/\",\"name\":\"USA\",\"description\":\"United States of America\",\"potentialAction\":[{\"@type\":\"SearchAction\",\"target\":{\"@type\":\"EntryPoint\",\"urlTemplate\":\"https:\/\/www.usemb.nl\/pl\/?s={search_term_string}\"},\"query-input\":{\"@type\":\"PropertyValueSpecification\",\"valueRequired\":true,\"valueName\":\"search_term_string\"}}],\"inLanguage\":\"pl-PL\"}]}<\/script>\n<!-- \/ Yoast SEO plugin. -->","yoast_head_json":{"title":"Dom - USA","robots":{"index":"index","follow":"follow","max-snippet":"max-snippet:-1","max-image-preview":"max-image-preview:large","max-video-preview":"max-video-preview:-1"},"canonical":"https:\/\/www.usemb.nl\/pl\/","og_locale":"pl_PL","og_type":"article","og_title":"Dom - USA","og_description":"Podr\u00f3\u017c do USA Podr\u00f3\u017c do Stan\u00f3w Zjednoczonych wymaga znajomo\u015bci ostatnich wymaga\u0144. Powiniene\u015b skontaktowa\u0107 si\u0119 z Ambasad\u0105 USA w celu uzyskania aktualnych informacji o sytuacji. Przepisy dotycz\u0105ce cudzoziemc\u00f3w podr\u00f3\u017cuj\u0105cych do USA cz\u0119sto zmieniaj\u0105 si\u0119 z niewielkim op\u00f3\u017anieniem. Ambasada Stan\u00f3w Zjednoczonych Ambasada Ambasada USA jest odpowiedzialna za stosunki mi\u0119dzy Stanami Zjednoczonymi a Holandi\u0105. Ambasada USA jest obecna [&hellip;]","og_url":"https:\/\/www.usemb.nl\/pl\/","og_site_name":"USA","article_modified_time":"2025-04-07T18:46:44+00:00","og_image":[{"url":"https:\/\/www.usemb.nl\/wp-content\/uploads\/2022\/05\/usa-visa-image.jpg","type":"","width":"","height":""}],"twitter_card":"summary_large_image","twitter_misc":{"Szacowany czas czytania":"3 minuty"},"schema":{"@context":"https:\/\/schema.org","@graph":[{"@type":"WebPage","@id":"https:\/\/www.usemb.nl\/pl\/","url":"https:\/\/www.usemb.nl\/pl\/","name":"Dom - USA","isPartOf":{"@id":"https:\/\/www.usemb.nl\/pl\/#website"},"primaryImageOfPage":{"@id":"https:\/\/www.usemb.nl\/pl\/#primaryimage"},"image":{"@id":"https:\/\/www.usemb.nl\/pl\/#primaryimage"},"thumbnailUrl":"https:\/\/www.usemb.nl\/wp-content\/uploads\/2022\/05\/usa-visa-image.jpg","datePublished":"2022-05-20T09:53:28+00:00","dateModified":"2025-04-07T18:46:44+00:00","breadcrumb":{"@id":"https:\/\/www.usemb.nl\/pl\/#breadcrumb"},"inLanguage":"pl-PL","potentialAction":[{"@type":"ReadAction","target":["https:\/\/www.usemb.nl\/pl\/"]}]},{"@type":"ImageObject","inLanguage":"pl-PL","@id":"https:\/\/www.usemb.nl\/pl\/#primaryimage","url":"https:\/\/www.usemb.nl\/wp-content\/uploads\/2022\/05\/usa-visa-image.jpg","contentUrl":"https:\/\/www.usemb.nl\/wp-content\/uploads\/2022\/05\/usa-visa-image.jpg"},{"@type":"BreadcrumbList","@id":"https:\/\/www.usemb.nl\/pl\/#breadcrumb","itemListElement":[{"@type":"ListItem","position":1,"name":"Home","item":"https:\/\/www.usemb.nl\/pl\/"},{"@type":"ListItem","position":2,"name":"Dom"}]},{"@type":"WebSite","@id":"https:\/\/www.usemb.nl\/pl\/#website","url":"https:\/\/www.usemb.nl\/pl\/","name":"USA","description":"United States of America","potentialAction":[{"@type":"SearchAction","target":{"@type":"EntryPoint","urlTemplate":"https:\/\/www.usemb.nl\/pl\/?s={search_term_string}"},"query-input":{"@type":"PropertyValueSpecification","valueRequired":true,"valueName":"search_term_string"}}],"inLanguage":"pl-PL"}]}},"_links":{"self":[{"href":"https:\/\/www.usemb.nl\/pl\/wp-json\/wp\/v2\/pages\/260","targetHints":{"allow":["GET"]}}],"collection":[{"href":"https:\/\/www.usemb.nl\/pl\/wp-json\/wp\/v2\/pages"}],"about":[{"href":"https:\/\/www.usemb.nl\/pl\/wp-json\/wp\/v2\/types\/page"}],"author":[{"embeddable":true,"href":"https:\/\/www.usemb.nl\/pl\/wp-json\/wp\/v2\/users\/1"}],"replies":[{"embeddable":true,"href":"https:\/\/www.usemb.nl\/pl\/wp-json\/wp\/v2\/comments?post=260"}],"version-history":[{"count":10,"href":"https:\/\/www.usemb.nl\/pl\/wp-json\/wp\/v2\/pages\/260\/revisions"}],"predecessor-version":[{"id":888,"href":"https:\/\/www.usemb.nl\/pl\/wp-json\/wp\/v2\/pages\/260\/revisions\/888"}],"wp:attachment":[{"href":"https:\/\/www.usemb.nl\/pl\/wp-json\/wp\/v2\/media?parent=260"}],"curies":[{"name":"wp","href":"https:\/\/api.w.org\/{rel}","templated":true}]}}