{"id":851,"date":"2025-04-07T14:34:21","date_gmt":"2025-04-07T18:34:21","guid":{"rendered":"https:\/\/www.usemb.nl\/forny-usa-besok-i-nederland\/"},"modified":"2025-04-07T14:50:59","modified_gmt":"2025-04-07T18:50:59","slug":"forny-usa-besok-i-nederland","status":"publish","type":"page","link":"https:\/\/www.usemb.nl\/no\/forny-usa-besok-i-nederland\/","title":{"rendered":"Forny visum til USA i Nederland"},"content":{"rendered":"\n<h1 class=\"wp-block-heading\">Forny visumet ditt til USA fra Nederland<\/h1>\n\n<p>Det er en enkel prosess \u00e5 fornye visumet ditt til USA fra Nederland, men det er viktig \u00e5 v\u00e6re informert om kriterier, tidsfrister og potensielle unntak for \u00e5 sikre en smidig opplevelse.<\/p>\n\n<h2 class=\"wp-block-heading\">Kriterier for fornyelse av visum til USA<\/h2>\n\n<p>Du kan vanligvis f\u00e5 fornyet visum uten intervju hvis:<\/p>\n\n<ul class=\"wp-block-list\">\n<li>Du fornyer et visum med samme klassifisering som det forrige visumet ditt.<\/li>\n\n\n\n<li>Det forrige visumet ditt ble utstedt da du var 14 \u00e5r eller eldre.<\/li>\n\n\n\n<li>Visumet ditt er enten fortsatt gyldig eller har utl\u00f8pt i l\u00f8pet av de siste 48 m\u00e5nedene.<\/li>\n\n\n\n<li>Du har ikke blitt nektet visum til USA etter utstedelsen av det forrige visumet ditt.<\/li>\n\n\n\n<li>Du er fysisk til stede i Nederland n\u00e5r du s\u00f8ker om fornyelse.<\/li>\n<\/ul>\n\n<div style=\"height:20px\" aria-hidden=\"true\" class=\"wp-block-spacer\"><\/div>\n\n<h2 class=\"wp-block-heading\">Fornyelsesprosessen<\/h2>\n\n<h3 class=\"wp-block-heading\">Trinn-for-trinn-veiledning:<\/h3>\n\n<ol start=\"1\" class=\"wp-block-list\">\n<li><strong>Fyll ut DS-160-skjemaet p\u00e5 nettet<\/strong>:\n<ul class=\"wp-block-list\">\n<li>Fyll ut s\u00f8knaden om ikke-immigrantvisum <a href=\"https:\/\/travel.state.gov\/content\/travel\/en\/us-visas\/visa-information-resources\/forms\/ds-160-online-nonimmigrant-visa-application.html\">DS-160<\/a>.<\/li>\n\n\n\n<li>Skriv ut og oppbevar bekreftelsessiden med strekkoden.<\/li>\n<\/ul>\n<\/li>\n\n\n\n<li><strong>Betal gebyret for visums\u00f8knaden<\/strong>:\n<ul class=\"wp-block-list\">\n<li>Betal <a href=\"https:\/\/usa-b2.com\/no\/b2-usa-visumavgifter\/\">visumavgiften<\/a> p\u00e5 nettet via det offisielle nettstedet for avtale.<\/li>\n\n\n\n<li>Skriv ut kvitteringen for betalingsbekreftelsen.<\/li>\n<\/ul>\n<\/li>\n\n\n\n<li><strong>Sjekk om du er kvalifisert for fritak fra intervju<\/strong>:\n<ul class=\"wp-block-list\">\n<li>Sjekk om du er kvalifisert for intervjuunntaksprogrammet p\u00e5 <a href=\"https:\/\/nl.usembassy.gov\/\">nettstedet til den amerikanske ambassaden i Nederland<\/a>.<\/li>\n<\/ul>\n<\/li>\n\n\n\n<li><strong>Bestill time eller send inn dokumenter per post<\/strong>:\n<ul class=\"wp-block-list\">\n<li>Hvis du er kvalifisert for fritak fra intervju, f\u00f8lger du instruksjonene for \u00e5 sende passet og dokumentene dine.<\/li>\n\n\n\n<li>Hvis det er n\u00f8dvendig med et intervju, kan du bestille time p\u00e5 nettet.<\/li>\n<\/ul>\n<\/li>\n\n\n\n<li><strong>Send inn dokumentene dine<\/strong>:\n<ul class=\"wp-block-list\">\n<li>Ta med pass, DS-160-bekreftelse, kvittering for visumavgift, et nytt bilde og st\u00f8ttedokumenter (f.eks. kopi av tidligere visum).<\/li>\n<\/ul>\n<\/li>\n<\/ol>\n\n<div style=\"height:20px\" aria-hidden=\"true\" class=\"wp-block-spacer\"><\/div>\n\n<h2 class=\"wp-block-heading\">Tidslinjer<\/h2>\n\n<p>Behandlingstiden varierer vanligvis fra <strong>7 til 15 virkedager<\/strong> for fornyelser av intervjuunntak. Hvis det er n\u00f8dvendig med intervju, kan behandlingstiden variere avhengig av ledige timer og sesongmessig ettersp\u00f8rsel. <\/p>\n\n<h2 class=\"wp-block-heading\">Unntak<\/h2>\n\n<p>Du kan trenge et intervju hvis:<\/p>\n\n<ul class=\"wp-block-list\">\n<li>Det forrige visumet ditt ble mistet, stj\u00e5let eller kansellert.<\/li>\n\n\n\n<li>Du har tidligere oppholdt deg for lenge i USA.<\/li>\n\n\n\n<li>Du har endret visumkategori eller opplevd betydelige endringer i din personlige status.<\/li>\n\n\n\n<li>Den konsul\u00e6re tjenestemannen avgj\u00f8r om det er n\u00f8dvendig med et intervju.<\/li>\n<\/ul>\n\n<div style=\"height:20px\" aria-hidden=\"true\" class=\"wp-block-spacer\"><\/div>\n\n<p>Kontroller alltid statusen din og de spesifikke instruksjonene fra <a href=\"https:\/\/www.usemb.nl\/no\/visumtjenester-for-nederlandske-statsborgere-ved-den-amerikanske-ambassaden-i-nederland\/\">visums\u00f8knaden for nederlandske statsborgere for<\/a> \u00e5 sikre at de er korrekte.<\/p>\n\n<h2 class=\"wp-block-heading\">Ytterligere tips<\/h2>\n\n<p>Start fornyelsesprosessen minst tre m\u00e5neder f\u00f8r planlagt reise for \u00e5 unng\u00e5 forsinkelser. S\u00f8rg for at passet ditt er gyldig i minst seks m\u00e5neder etter det planlagte oppholdet i USA, og f\u00f8lg n\u00f8ye instruksjonene for innsending av dokumenter for \u00e5 unng\u00e5 forsinkelser i behandlingen. <\/p>\n","protected":false},"excerpt":{"rendered":"<p>Forny visumet ditt til USA fra Nederland Det er en enkel prosess \u00e5 fornye visumet ditt til USA fra Nederland, men det er viktig \u00e5 v\u00e6re informert om kriterier, tidsfrister og potensielle unntak for \u00e5 sikre en smidig opplevelse. Kriterier for fornyelse av visum til USA Du kan vanligvis f\u00e5 fornyet visum uten intervju hvis: [&hellip;]<\/p>\n","protected":false},"author":1,"featured_media":0,"parent":0,"menu_order":0,"comment_status":"closed","ping_status":"closed","template":"","meta":{"footnotes":""},"class_list":["post-851","page","type-page","status-publish","hentry"],"yoast_head":"<!-- This site is optimized with the Yoast SEO plugin v26.2 - https:\/\/yoast.com\/wordpress\/plugins\/seo\/ -->\n<title>Forny visum til USA i Nederland - USA<\/title>\n<meta name=\"description\" content=\"Fornyelse av et amerikansk visum fra Nederland m\u00e5 f\u00f8lge instruksjoner og tidslinjer for \u00e5 sikre en smidig opplevelse\" \/>\n<meta name=\"robots\" content=\"index, follow, max-snippet:-1, max-image-preview:large, max-video-preview:-1\" \/>\n<link rel=\"canonical\" href=\"https:\/\/www.usemb.nl\/no\/forny-usa-besok-i-nederland\/\" \/>\n<meta property=\"og:locale\" content=\"nb_NO\" \/>\n<meta property=\"og:type\" content=\"article\" \/>\n<meta property=\"og:title\" content=\"Forny visum til USA i Nederland - USA\" \/>\n<meta property=\"og:description\" content=\"Fornyelse av et amerikansk visum fra Nederland m\u00e5 f\u00f8lge instruksjoner og tidslinjer for \u00e5 sikre en smidig opplevelse\" \/>\n<meta property=\"og:url\" content=\"https:\/\/www.usemb.nl\/no\/forny-usa-besok-i-nederland\/\" \/>\n<meta property=\"og:site_name\" content=\"USA\" \/>\n<meta property=\"article:modified_time\" content=\"2025-04-07T18:50:59+00:00\" \/>\n<meta name=\"twitter:card\" content=\"summary_large_image\" \/>\n<meta name=\"twitter:label1\" content=\"Ansl. lesetid\" \/>\n\t<meta name=\"twitter:data1\" content=\"2 minutter\" \/>\n<script type=\"application\/ld+json\" class=\"yoast-schema-graph\">{\"@context\":\"https:\/\/schema.org\",\"@graph\":[{\"@type\":\"WebPage\",\"@id\":\"https:\/\/www.usemb.nl\/no\/forny-usa-besok-i-nederland\/\",\"url\":\"https:\/\/www.usemb.nl\/no\/forny-usa-besok-i-nederland\/\",\"name\":\"Forny visum til USA i Nederland - USA\",\"isPartOf\":{\"@id\":\"https:\/\/www.usemb.nl\/no\/#website\"},\"datePublished\":\"2025-04-07T18:34:21+00:00\",\"dateModified\":\"2025-04-07T18:50:59+00:00\",\"description\":\"Fornyelse av et amerikansk visum fra Nederland m\u00e5 f\u00f8lge instruksjoner og tidslinjer for \u00e5 sikre en smidig opplevelse\",\"breadcrumb\":{\"@id\":\"https:\/\/www.usemb.nl\/no\/forny-usa-besok-i-nederland\/#breadcrumb\"},\"inLanguage\":\"nb-NO\",\"potentialAction\":[{\"@type\":\"ReadAction\",\"target\":[\"https:\/\/www.usemb.nl\/no\/forny-usa-besok-i-nederland\/\"]}]},{\"@type\":\"BreadcrumbList\",\"@id\":\"https:\/\/www.usemb.nl\/no\/forny-usa-besok-i-nederland\/#breadcrumb\",\"itemListElement\":[{\"@type\":\"ListItem\",\"position\":1,\"name\":\"Home\",\"item\":\"https:\/\/www.usemb.nl\/no\/\"},{\"@type\":\"ListItem\",\"position\":2,\"name\":\"Forny visum til USA i Nederland\"}]},{\"@type\":\"WebSite\",\"@id\":\"https:\/\/www.usemb.nl\/no\/#website\",\"url\":\"https:\/\/www.usemb.nl\/no\/\",\"name\":\"USA\",\"description\":\"United States of America\",\"potentialAction\":[{\"@type\":\"SearchAction\",\"target\":{\"@type\":\"EntryPoint\",\"urlTemplate\":\"https:\/\/www.usemb.nl\/no\/?s={search_term_string}\"},\"query-input\":{\"@type\":\"PropertyValueSpecification\",\"valueRequired\":true,\"valueName\":\"search_term_string\"}}],\"inLanguage\":\"nb-NO\"}]}<\/script>\n<!-- \/ Yoast SEO plugin. -->","yoast_head_json":{"title":"Forny visum til USA i Nederland - USA","description":"Fornyelse av et amerikansk visum fra Nederland m\u00e5 f\u00f8lge instruksjoner og tidslinjer for \u00e5 sikre en smidig opplevelse","robots":{"index":"index","follow":"follow","max-snippet":"max-snippet:-1","max-image-preview":"max-image-preview:large","max-video-preview":"max-video-preview:-1"},"canonical":"https:\/\/www.usemb.nl\/no\/forny-usa-besok-i-nederland\/","og_locale":"nb_NO","og_type":"article","og_title":"Forny visum til USA i Nederland - USA","og_description":"Fornyelse av et amerikansk visum fra Nederland m\u00e5 f\u00f8lge instruksjoner og tidslinjer for \u00e5 sikre en smidig opplevelse","og_url":"https:\/\/www.usemb.nl\/no\/forny-usa-besok-i-nederland\/","og_site_name":"USA","article_modified_time":"2025-04-07T18:50:59+00:00","twitter_card":"summary_large_image","twitter_misc":{"Ansl. lesetid":"2 minutter"},"schema":{"@context":"https:\/\/schema.org","@graph":[{"@type":"WebPage","@id":"https:\/\/www.usemb.nl\/no\/forny-usa-besok-i-nederland\/","url":"https:\/\/www.usemb.nl\/no\/forny-usa-besok-i-nederland\/","name":"Forny visum til USA i Nederland - USA","isPartOf":{"@id":"https:\/\/www.usemb.nl\/no\/#website"},"datePublished":"2025-04-07T18:34:21+00:00","dateModified":"2025-04-07T18:50:59+00:00","description":"Fornyelse av et amerikansk visum fra Nederland m\u00e5 f\u00f8lge instruksjoner og tidslinjer for \u00e5 sikre en smidig opplevelse","breadcrumb":{"@id":"https:\/\/www.usemb.nl\/no\/forny-usa-besok-i-nederland\/#breadcrumb"},"inLanguage":"nb-NO","potentialAction":[{"@type":"ReadAction","target":["https:\/\/www.usemb.nl\/no\/forny-usa-besok-i-nederland\/"]}]},{"@type":"BreadcrumbList","@id":"https:\/\/www.usemb.nl\/no\/forny-usa-besok-i-nederland\/#breadcrumb","itemListElement":[{"@type":"ListItem","position":1,"name":"Home","item":"https:\/\/www.usemb.nl\/no\/"},{"@type":"ListItem","position":2,"name":"Forny visum til USA i Nederland"}]},{"@type":"WebSite","@id":"https:\/\/www.usemb.nl\/no\/#website","url":"https:\/\/www.usemb.nl\/no\/","name":"USA","description":"United States of America","potentialAction":[{"@type":"SearchAction","target":{"@type":"EntryPoint","urlTemplate":"https:\/\/www.usemb.nl\/no\/?s={search_term_string}"},"query-input":{"@type":"PropertyValueSpecification","valueRequired":true,"valueName":"search_term_string"}}],"inLanguage":"nb-NO"}]}},"_links":{"self":[{"href":"https:\/\/www.usemb.nl\/no\/wp-json\/wp\/v2\/pages\/851","targetHints":{"allow":["GET"]}}],"collection":[{"href":"https:\/\/www.usemb.nl\/no\/wp-json\/wp\/v2\/pages"}],"about":[{"href":"https:\/\/www.usemb.nl\/no\/wp-json\/wp\/v2\/types\/page"}],"author":[{"embeddable":true,"href":"https:\/\/www.usemb.nl\/no\/wp-json\/wp\/v2\/users\/1"}],"replies":[{"embeddable":true,"href":"https:\/\/www.usemb.nl\/no\/wp-json\/wp\/v2\/comments?post=851"}],"version-history":[{"count":6,"href":"https:\/\/www.usemb.nl\/no\/wp-json\/wp\/v2\/pages\/851\/revisions"}],"predecessor-version":[{"id":918,"href":"https:\/\/www.usemb.nl\/no\/wp-json\/wp\/v2\/pages\/851\/revisions\/918"}],"wp:attachment":[{"href":"https:\/\/www.usemb.nl\/no\/wp-json\/wp\/v2\/media?parent=851"}],"curies":[{"name":"wp","href":"https:\/\/api.w.org\/{rel}","templated":true}]}}