{"id":673,"date":"2025-03-03T09:54:46","date_gmt":"2025-03-03T14:54:46","guid":{"rendered":"https:\/\/www.usemb.nl\/visumtjenester-for-nederlandske-statsborgere-ved-den-amerikanske-ambassaden-i-nederland\/"},"modified":"2025-03-03T10:15:56","modified_gmt":"2025-03-03T15:15:56","slug":"visumtjenester-for-nederlandske-statsborgere-ved-den-amerikanske-ambassaden-i-nederland","status":"publish","type":"page","link":"https:\/\/www.usemb.nl\/no\/visumtjenester-for-nederlandske-statsborgere-ved-den-amerikanske-ambassaden-i-nederland\/","title":{"rendered":"Visumtjenester for nederlandske statsborgere ved den amerikanske ambassaden i Nederland"},"content":{"rendered":"\n<h1 class=\"wp-block-heading\">Visums\u00f8knad til USA for nederlandske statsborgere i Nederland<\/h1>\n\n<p>Planlegger du \u00e5 reise til USA i forbindelse med turisme eller forretninger? Denne veiledningen gir deg viktig informasjon om visums\u00f8knadsprosessen for B1\/B2-visum ved den amerikanske ambassaden i Nederland. Her finner du informasjon om hvordan du g\u00e5r frem, tips for en vellykket s\u00f8knad og nyttig informasjon som er skreddersydd for nederlandske reisende.<\/p>\n\n<h2 class=\"wp-block-heading\">Hvorfor s\u00f8ke om visum til USA i Nederland?<\/h2>\n\n<p>Den amerikanske ambassaden i Nederland tilbyr visumtjenester som er spesielt utviklet for nederlandske statsborgere som \u00f8nsker \u00e5 bes\u00f8ke USA. Enten du skal reise i forbindelse med forretningsm\u00f8ter, konferanser eller fritidsreiser, kan det \u00e5 s\u00f8ke lokalt forenkle prosessen og bidra til \u00e5 sikre at du oppfyller alle n\u00f8dvendige krav. Kjennskap til lokale prosedyrer og spr\u00e5klige fordeler kan ogs\u00e5 bidra til en smidigere s\u00f8knadsprosess.<\/p>\n\n<h2 class=\"wp-block-heading\">Fremgangsm\u00e5te for \u00e5 s\u00f8ke om visum til USA<\/h2>\n\n<ol class=\"wp-block-list\">\n<li>Finn ut hvilken type visum du trenger<br\/>F\u00f8r du begynner \u00e5 s\u00f8ke, m\u00e5 du finne ut hvilken visumkategori som passer til reiseform\u00e5let ditt. For turisme og forretningsreiser er B1\/B2-visum det vanligste alternativet. G\u00e5 gjennom de detaljerte kravene p\u00e5 ambassadens offisielle nettside for \u00e5 sikre at du kvalifiserer for visumtypen.  <\/li>\n\n\n\n<li>Fyll ut det elektroniske s\u00f8knadsskjemaet (DS-160)<br\/>Fyll ut DS-160-skjemaet n\u00f8yaktig. Skjemaet krever personlige opplysninger, reiseplaner og bakgrunnsinformasjon. N\u00e5r du har fylt ut skjemaet, m\u00e5 du lagre bekreftelsessiden, da den er viktig for visumintervjuet.  <\/li>\n\n\n\n<li>Betal gebyret for visums\u00f8knaden<br\/>Gebyret for B1\/B2-visum kan variere, s\u00e5 det er viktig \u00e5 sjekke den siste gebyroversikten fra ambassaden. Ta vare p\u00e5 kvitteringen din som bevis p\u00e5 betaling, da den kreves under intervjuprosessen. <\/li>\n\n\n\n<li>Planlegg intervjuet<br\/>N\u00e5r du har fylt ut DS-160-skjemaet og betalt gebyret, kan du bestille time for visumintervjuet ditt ved den amerikanske ambassaden i Nederland. Vi anbefaler at du er tidlig ute med \u00e5 bestille time, siden intervjuene kan fylles opp raskt, spesielt i travle reisesesonger. <\/li>\n\n\n\n<li>Forbered deg til intervjuet<br\/>Samle inn alle n\u00f8dvendige dokumenter f\u00f8r intervjuet. Disse inkluderer vanligvis gyldig pass, bekreftelsessiden for DS-160, kvittering for gebyret og st\u00f8ttedokumenter som bevis p\u00e5 \u00f8konomiske midler, ansettelsesbekreftelse eller et invitasjonsbrev, hvis det er aktuelt. V\u00e6r forberedt p\u00e5 \u00e5 forklare form\u00e5let med reisen din og p\u00e5vise sterke b\u00e5nd til Nederland.  <\/li>\n<\/ol>\n\n<h2 class=\"wp-block-heading\">Tips for en vellykket s\u00f8knad<\/h2>\n\n<ul class=\"wp-block-list\">\n<li>Dobbeltsjekk all informasjon p\u00e5 DS-160-skjemaet for \u00e5 unng\u00e5 feil.<\/li>\n\n\n\n<li>Forbered klare og konsise svar til visumintervjuet.<\/li>\n\n\n\n<li>Organiser alle st\u00f8ttedokumentene p\u00e5 en ryddig m\u00e5te for \u00e5 presentere en sterk sak.<\/li>\n\n\n\n<li>Hold deg oppdatert med de nyeste retningslinjene og kravene fra den amerikanske ambassaden i Nederland.<\/li>\n<\/ul>\n\n<div style=\"height:20px\" aria-hidden=\"true\" class=\"wp-block-spacer\"><\/div>\n\n<p>Nederlandske s\u00f8kere kan st\u00f8te p\u00e5 utfordringer, for eksempel uoverensstemmelser i dokumenter eller problemer med tidsplanlegging. For \u00e5 f\u00e5 bukt med disse problemene m\u00e5 du s\u00f8rge for at all informasjon er n\u00f8yaktig og fullstendig. Hvis det oppst\u00e5r problemer, kan du g\u00e5 inn p\u00e5 ambassadens offisielle nettside eller kontakte deres st\u00f8ttetjenester for \u00e5 f\u00e5 hjelp i tide. Forberedelse og oppmerksomhet p\u00e5 detaljer er n\u00f8kkelfaktorer for \u00e5 unng\u00e5 un\u00f8dvendige forsinkelser.   <\/p>\n\n<h2 class=\"wp-block-heading\">Konklusjon<\/h2>\n\n<p>Visums\u00f8knadsprosessen for nederlandske statsborgere ved den amerikanske ambassaden i Nederland er strukturert slik at den er enkel hvis du f\u00f8lger retningslinjene n\u00f8ye. Ved \u00e5 forst\u00e5 trinnene, forberede all n\u00f8dvendig dokumentasjon og planlegge intervjuet p\u00e5 forh\u00e5nd, kan du forbedre sjansene dine for \u00e5 sikre deg et B1\/B2-visum for reisen til USA. For den mest oppdaterte informasjonen og detaljerte instruksjoner, se alltid den <a href=\"https:\/\/nl.usembassy.gov\/\">offisielle nettsiden til den amerikanske ambassaden<\/a> i Nederland.  <\/p>\n\n<p>En godt forberedt s\u00f8knad er det f\u00f8rste skrittet mot en vellykket reise, uansett om du skal reise p\u00e5 forretningsreise eller ferie. Lykke til med visums\u00f8knadsprosessen! <\/p>\n","protected":false},"excerpt":{"rendered":"<p>Visums\u00f8knad til USA for nederlandske statsborgere i Nederland Planlegger du \u00e5 reise til USA i forbindelse med turisme eller forretninger? Denne veiledningen gir deg viktig informasjon om visums\u00f8knadsprosessen for B1\/B2-visum ved den amerikanske ambassaden i Nederland. Her finner du informasjon om hvordan du g\u00e5r frem, tips for en vellykket s\u00f8knad og nyttig informasjon som er [&hellip;]<\/p>\n","protected":false},"author":1,"featured_media":0,"parent":0,"menu_order":0,"comment_status":"closed","ping_status":"closed","template":"","meta":{"footnotes":""},"class_list":["post-673","page","type-page","status-publish","hentry"],"yoast_head":"<!-- This site is optimized with the Yoast SEO plugin v26.2 - https:\/\/yoast.com\/wordpress\/plugins\/seo\/ -->\n<title>Visumtjenester for nederlandske statsborgere ved den amerikanske ambassaden i Nederland - USA<\/title>\n<meta name=\"robots\" content=\"index, follow, max-snippet:-1, max-image-preview:large, max-video-preview:-1\" \/>\n<link rel=\"canonical\" href=\"https:\/\/www.usemb.nl\/no\/visumtjenester-for-nederlandske-statsborgere-ved-den-amerikanske-ambassaden-i-nederland\/\" \/>\n<meta property=\"og:locale\" content=\"nb_NO\" \/>\n<meta property=\"og:type\" content=\"article\" \/>\n<meta property=\"og:title\" content=\"Visumtjenester for nederlandske statsborgere ved den amerikanske ambassaden i Nederland - USA\" \/>\n<meta property=\"og:description\" content=\"Visums\u00f8knad til USA for nederlandske statsborgere i Nederland Planlegger du \u00e5 reise til USA i forbindelse med turisme eller forretninger? Denne veiledningen gir deg viktig informasjon om visums\u00f8knadsprosessen for B1\/B2-visum ved den amerikanske ambassaden i Nederland. Her finner du informasjon om hvordan du g\u00e5r frem, tips for en vellykket s\u00f8knad og nyttig informasjon som er [&hellip;]\" \/>\n<meta property=\"og:url\" content=\"https:\/\/www.usemb.nl\/no\/visumtjenester-for-nederlandske-statsborgere-ved-den-amerikanske-ambassaden-i-nederland\/\" \/>\n<meta property=\"og:site_name\" content=\"USA\" \/>\n<meta property=\"article:modified_time\" content=\"2025-03-03T15:15:56+00:00\" \/>\n<meta name=\"twitter:card\" content=\"summary_large_image\" \/>\n<meta name=\"twitter:label1\" content=\"Ansl. lesetid\" \/>\n\t<meta name=\"twitter:data1\" content=\"3 minutter\" \/>\n<script type=\"application\/ld+json\" class=\"yoast-schema-graph\">{\"@context\":\"https:\/\/schema.org\",\"@graph\":[{\"@type\":\"WebPage\",\"@id\":\"https:\/\/www.usemb.nl\/no\/visumtjenester-for-nederlandske-statsborgere-ved-den-amerikanske-ambassaden-i-nederland\/\",\"url\":\"https:\/\/www.usemb.nl\/no\/visumtjenester-for-nederlandske-statsborgere-ved-den-amerikanske-ambassaden-i-nederland\/\",\"name\":\"Visumtjenester for nederlandske statsborgere ved den amerikanske ambassaden i Nederland - USA\",\"isPartOf\":{\"@id\":\"https:\/\/www.usemb.nl\/no\/#website\"},\"datePublished\":\"2025-03-03T14:54:46+00:00\",\"dateModified\":\"2025-03-03T15:15:56+00:00\",\"breadcrumb\":{\"@id\":\"https:\/\/www.usemb.nl\/no\/visumtjenester-for-nederlandske-statsborgere-ved-den-amerikanske-ambassaden-i-nederland\/#breadcrumb\"},\"inLanguage\":\"nb-NO\",\"potentialAction\":[{\"@type\":\"ReadAction\",\"target\":[\"https:\/\/www.usemb.nl\/no\/visumtjenester-for-nederlandske-statsborgere-ved-den-amerikanske-ambassaden-i-nederland\/\"]}]},{\"@type\":\"BreadcrumbList\",\"@id\":\"https:\/\/www.usemb.nl\/no\/visumtjenester-for-nederlandske-statsborgere-ved-den-amerikanske-ambassaden-i-nederland\/#breadcrumb\",\"itemListElement\":[{\"@type\":\"ListItem\",\"position\":1,\"name\":\"Home\",\"item\":\"https:\/\/www.usemb.nl\/no\/\"},{\"@type\":\"ListItem\",\"position\":2,\"name\":\"Visumtjenester for nederlandske statsborgere ved den amerikanske ambassaden i Nederland\"}]},{\"@type\":\"WebSite\",\"@id\":\"https:\/\/www.usemb.nl\/no\/#website\",\"url\":\"https:\/\/www.usemb.nl\/no\/\",\"name\":\"USA\",\"description\":\"United States of America\",\"potentialAction\":[{\"@type\":\"SearchAction\",\"target\":{\"@type\":\"EntryPoint\",\"urlTemplate\":\"https:\/\/www.usemb.nl\/no\/?s={search_term_string}\"},\"query-input\":{\"@type\":\"PropertyValueSpecification\",\"valueRequired\":true,\"valueName\":\"search_term_string\"}}],\"inLanguage\":\"nb-NO\"}]}<\/script>\n<!-- \/ Yoast SEO plugin. -->","yoast_head_json":{"title":"Visumtjenester for nederlandske statsborgere ved den amerikanske ambassaden i Nederland - USA","robots":{"index":"index","follow":"follow","max-snippet":"max-snippet:-1","max-image-preview":"max-image-preview:large","max-video-preview":"max-video-preview:-1"},"canonical":"https:\/\/www.usemb.nl\/no\/visumtjenester-for-nederlandske-statsborgere-ved-den-amerikanske-ambassaden-i-nederland\/","og_locale":"nb_NO","og_type":"article","og_title":"Visumtjenester for nederlandske statsborgere ved den amerikanske ambassaden i Nederland - USA","og_description":"Visums\u00f8knad til USA for nederlandske statsborgere i Nederland Planlegger du \u00e5 reise til USA i forbindelse med turisme eller forretninger? Denne veiledningen gir deg viktig informasjon om visums\u00f8knadsprosessen for B1\/B2-visum ved den amerikanske ambassaden i Nederland. Her finner du informasjon om hvordan du g\u00e5r frem, tips for en vellykket s\u00f8knad og nyttig informasjon som er [&hellip;]","og_url":"https:\/\/www.usemb.nl\/no\/visumtjenester-for-nederlandske-statsborgere-ved-den-amerikanske-ambassaden-i-nederland\/","og_site_name":"USA","article_modified_time":"2025-03-03T15:15:56+00:00","twitter_card":"summary_large_image","twitter_misc":{"Ansl. lesetid":"3 minutter"},"schema":{"@context":"https:\/\/schema.org","@graph":[{"@type":"WebPage","@id":"https:\/\/www.usemb.nl\/no\/visumtjenester-for-nederlandske-statsborgere-ved-den-amerikanske-ambassaden-i-nederland\/","url":"https:\/\/www.usemb.nl\/no\/visumtjenester-for-nederlandske-statsborgere-ved-den-amerikanske-ambassaden-i-nederland\/","name":"Visumtjenester for nederlandske statsborgere ved den amerikanske ambassaden i Nederland - USA","isPartOf":{"@id":"https:\/\/www.usemb.nl\/no\/#website"},"datePublished":"2025-03-03T14:54:46+00:00","dateModified":"2025-03-03T15:15:56+00:00","breadcrumb":{"@id":"https:\/\/www.usemb.nl\/no\/visumtjenester-for-nederlandske-statsborgere-ved-den-amerikanske-ambassaden-i-nederland\/#breadcrumb"},"inLanguage":"nb-NO","potentialAction":[{"@type":"ReadAction","target":["https:\/\/www.usemb.nl\/no\/visumtjenester-for-nederlandske-statsborgere-ved-den-amerikanske-ambassaden-i-nederland\/"]}]},{"@type":"BreadcrumbList","@id":"https:\/\/www.usemb.nl\/no\/visumtjenester-for-nederlandske-statsborgere-ved-den-amerikanske-ambassaden-i-nederland\/#breadcrumb","itemListElement":[{"@type":"ListItem","position":1,"name":"Home","item":"https:\/\/www.usemb.nl\/no\/"},{"@type":"ListItem","position":2,"name":"Visumtjenester for nederlandske statsborgere ved den amerikanske ambassaden i Nederland"}]},{"@type":"WebSite","@id":"https:\/\/www.usemb.nl\/no\/#website","url":"https:\/\/www.usemb.nl\/no\/","name":"USA","description":"United States of America","potentialAction":[{"@type":"SearchAction","target":{"@type":"EntryPoint","urlTemplate":"https:\/\/www.usemb.nl\/no\/?s={search_term_string}"},"query-input":{"@type":"PropertyValueSpecification","valueRequired":true,"valueName":"search_term_string"}}],"inLanguage":"nb-NO"}]}},"_links":{"self":[{"href":"https:\/\/www.usemb.nl\/no\/wp-json\/wp\/v2\/pages\/673","targetHints":{"allow":["GET"]}}],"collection":[{"href":"https:\/\/www.usemb.nl\/no\/wp-json\/wp\/v2\/pages"}],"about":[{"href":"https:\/\/www.usemb.nl\/no\/wp-json\/wp\/v2\/types\/page"}],"author":[{"embeddable":true,"href":"https:\/\/www.usemb.nl\/no\/wp-json\/wp\/v2\/users\/1"}],"replies":[{"embeddable":true,"href":"https:\/\/www.usemb.nl\/no\/wp-json\/wp\/v2\/comments?post=673"}],"version-history":[{"count":3,"href":"https:\/\/www.usemb.nl\/no\/wp-json\/wp\/v2\/pages\/673\/revisions"}],"predecessor-version":[{"id":788,"href":"https:\/\/www.usemb.nl\/no\/wp-json\/wp\/v2\/pages\/673\/revisions\/788"}],"wp:attachment":[{"href":"https:\/\/www.usemb.nl\/no\/wp-json\/wp\/v2\/media?parent=673"}],"curies":[{"name":"wp","href":"https:\/\/api.w.org\/{rel}","templated":true}]}}