{"id":272,"date":"2022-05-20T05:59:54","date_gmt":"2022-05-20T09:59:54","guid":{"rendered":"https:\/\/www.usemb.nl\/reise-til-usa\/"},"modified":"2025-01-30T03:45:00","modified_gmt":"2025-01-30T08:45:00","slug":"reise-til-usa","status":"publish","type":"page","link":"https:\/\/www.usemb.nl\/no\/reise-til-usa\/","title":{"rendered":"Hva er ESTA?"},"content":{"rendered":"\n<h1 class=\"wp-block-heading\">Elektronisk system for reiseautorisasjon<\/h1>\n\n<p>ESTA er en elektronisk reisetillatelse for innreise til USA. Det er obligatorisk hvis du ankommer sj\u00f8veien eller med fly, inkludert n\u00e5r du er p\u00e5 transitt gjennom USA. Denne foresp\u00f8rselen ble innf\u00f8rt for \u00e5 forenkle prosedyrene for innreise til USA for statsborgere fra de 41 medlemslandene i Waiver Visa Program.<\/p>\n\n<p>ESTA-s\u00f8knader er underlagt US <a href=\"https:\/\/www.dhs.gov\/\">Homeland Security Department<\/a> (DHS), som forvalter den indre sikkerheten i USA. P\u00e5 den annen side, til tross for din ESTA-autorisasjon validert av DHS, er det bare tollvesenet n\u00e5r du g\u00e5r av flyet som kan la deg g\u00e5 inn i amerikansk territorium.<\/p>\n\n<h2 class=\"wp-block-heading\">ESTA gyldighetsperiode<\/h2>\n\n<p><a href=\"https:\/\/www.usemb.nl\/no\/det-grunnleggende-om-esta\/\" data-type=\"page\" data-id=\"88\">ESTA-godkjenningen<\/a> er gyldig i to \u00e5r fra utstedelsesdatoen. P\u00e5 den annen side forplikter du deg til \u00e5 rapportere eventuelle endringer i din situasjon i l\u00f8pet av 2-\u00e5rsperioden, spesielt ved endring av sivilstatus, retts- og sykehistorie. Hvis passets gyldighet utl\u00f8per i l\u00f8pet av disse to \u00e5rene, bortfaller autorisasjonen din, og du m\u00e5 derfor sende inn en ny s\u00f8knad. <\/p>\n\n<p>Ikke f\u00e5 panikk hvis ESTA-autorisasjonen din utl\u00f8per under reisen, du vil kunne fullf\u00f8re og reise hjem fordi autorisasjonen bare kreves for \u00e5 komme inn i amerikansk territorium, men ikke forlate det.<\/p>\n\n<p>V\u00e6r forsiktig, selv om ESTA-autorisasjonen din er gyldig i to \u00e5r, kan du ikke oppholde deg mer enn 90 dager i USA. V\u00e6r ogs\u00e5 oppmerksom p\u00e5 at dersom du ikke er i besittelse av en gyldig ESTA p\u00e5 flyplassen p\u00e5 avreisedagen, kan ikke boardingkortet ditt redigeres, du vil da ikke kunne g\u00e5 ombord p\u00e5 flyet.<\/p>\n\n<p>Hvis du \u00f8nsker \u00e5 bli i landet i mer enn 90 dager, m\u00e5 du s\u00f8ke om visum til USA. Hvis du \u00f8nsker \u00e5 bo permanent i USA, m\u00e5 du s\u00f8ke om et USA Green Card.<\/p>\n\n<h2 class=\"wp-block-heading\">Er barn ber\u00f8rt av ESTA<\/h2>\n\n<p>Alle VWP-borgere er omfattet av ESTA-s\u00f8knaden, uavhengig av alder. Mindre\u00e5rige barn er derfor ogs\u00e5 bekymret og m\u00e5 ha en reisetillatelse. Merk at for foreldre som ikke b\u00e6rer samme navn som barnet han reiser med, m\u00e5 han ha familiejournalen. N\u00e5r det gjelder skolereiser, m\u00e5 det ogs\u00e5 foreligge en s\u00e6rskilt fullmakt hos den reisende.<\/p>\n\n<h2 class=\"wp-block-heading\">Hvordan s\u00f8ke om ESTA<\/h2>\n\n<p>Det er ikke n\u00f8dvendig \u00e5 komme til ambassaden for \u00e5 s\u00f8ke. For \u00e5 sikre effektiv og rask behandling utf\u00f8res prosessen kun via Internett p\u00e5 <a href=\"https:\/\/esta.cbp.dhs.gov\/\">https:\/\/esta.cbp.dhs.gov\/<\/a>.<\/p>\n\n<h2 class=\"wp-block-heading\">Hva er prisen p\u00e5 ESTA<\/h2>\n\n<p>Kostnaden for \u00e5 behandle ESTA-s\u00f8knaden er satt til 21 dollar. Disse kostnadene er delt inn i to deler:<\/p>\n\n<ul class=\"wp-block-list\">\n<li>$4 behandlingsgebyr for alle reisende som sender inn et krav;<\/li>\n\n\n\n<li>$17 US Travel kampanjegebyr for alle reisende som f\u00e5r en ESTA.<\/li>\n<\/ul>\n\n<p>Hvis foresp\u00f8rselen din avvises, vil du bli refundert $17.<\/p>\n\n<h2 class=\"wp-block-heading\">Hvordan betale min ESTA-s\u00f8knad<\/h2>\n\n<p>ESTA-foresp\u00f8rselen er 100 % elektronisk, derfor m\u00e5 betaling gj\u00f8res med kredittkort p\u00e5 den sikre siden. Denne dematerialiserte tiln\u00e6rmingen tar sikte p\u00e5 \u00e5 sikre rask behandling.<\/p>\n","protected":false},"excerpt":{"rendered":"<p>Elektronisk system for reiseautorisasjon ESTA er en elektronisk reisetillatelse for innreise til USA. Det er obligatorisk hvis du ankommer sj\u00f8veien eller med fly, inkludert n\u00e5r du er p\u00e5 transitt gjennom USA. Denne foresp\u00f8rselen ble innf\u00f8rt for \u00e5 forenkle prosedyrene for innreise til USA for statsborgere fra de 41 medlemslandene i Waiver Visa Program. ESTA-s\u00f8knader er [&hellip;]<\/p>\n","protected":false},"author":1,"featured_media":0,"parent":0,"menu_order":0,"comment_status":"closed","ping_status":"closed","template":"","meta":{"footnotes":""},"class_list":["post-272","page","type-page","status-publish","hentry"],"yoast_head":"<!-- This site is optimized with the Yoast SEO plugin v26.2 - https:\/\/yoast.com\/wordpress\/plugins\/seo\/ -->\n<title>Hva er ESTA? - USA<\/title>\n<meta name=\"robots\" content=\"index, follow, max-snippet:-1, max-image-preview:large, max-video-preview:-1\" \/>\n<link rel=\"canonical\" href=\"https:\/\/www.usemb.nl\/no\/reise-til-usa\/\" \/>\n<meta property=\"og:locale\" content=\"nb_NO\" \/>\n<meta property=\"og:type\" content=\"article\" \/>\n<meta property=\"og:title\" content=\"Hva er ESTA? - USA\" \/>\n<meta property=\"og:description\" content=\"Elektronisk system for reiseautorisasjon ESTA er en elektronisk reisetillatelse for innreise til USA. Det er obligatorisk hvis du ankommer sj\u00f8veien eller med fly, inkludert n\u00e5r du er p\u00e5 transitt gjennom USA. Denne foresp\u00f8rselen ble innf\u00f8rt for \u00e5 forenkle prosedyrene for innreise til USA for statsborgere fra de 41 medlemslandene i Waiver Visa Program. ESTA-s\u00f8knader er [&hellip;]\" \/>\n<meta property=\"og:url\" content=\"https:\/\/www.usemb.nl\/no\/reise-til-usa\/\" \/>\n<meta property=\"og:site_name\" content=\"USA\" \/>\n<meta property=\"article:modified_time\" content=\"2025-01-30T08:45:00+00:00\" \/>\n<meta name=\"twitter:card\" content=\"summary_large_image\" \/>\n<meta name=\"twitter:label1\" content=\"Ansl. lesetid\" \/>\n\t<meta name=\"twitter:data1\" content=\"2 minutter\" \/>\n<script type=\"application\/ld+json\" class=\"yoast-schema-graph\">{\"@context\":\"https:\/\/schema.org\",\"@graph\":[{\"@type\":\"WebPage\",\"@id\":\"https:\/\/www.usemb.nl\/no\/reise-til-usa\/\",\"url\":\"https:\/\/www.usemb.nl\/no\/reise-til-usa\/\",\"name\":\"Hva er ESTA? - USA\",\"isPartOf\":{\"@id\":\"https:\/\/www.usemb.nl\/no\/#website\"},\"datePublished\":\"2022-05-20T09:59:54+00:00\",\"dateModified\":\"2025-01-30T08:45:00+00:00\",\"breadcrumb\":{\"@id\":\"https:\/\/www.usemb.nl\/no\/reise-til-usa\/#breadcrumb\"},\"inLanguage\":\"nb-NO\",\"potentialAction\":[{\"@type\":\"ReadAction\",\"target\":[\"https:\/\/www.usemb.nl\/no\/reise-til-usa\/\"]}]},{\"@type\":\"BreadcrumbList\",\"@id\":\"https:\/\/www.usemb.nl\/no\/reise-til-usa\/#breadcrumb\",\"itemListElement\":[{\"@type\":\"ListItem\",\"position\":1,\"name\":\"Home\",\"item\":\"https:\/\/www.usemb.nl\/no\/\"},{\"@type\":\"ListItem\",\"position\":2,\"name\":\"Hva er ESTA?\"}]},{\"@type\":\"WebSite\",\"@id\":\"https:\/\/www.usemb.nl\/no\/#website\",\"url\":\"https:\/\/www.usemb.nl\/no\/\",\"name\":\"USA\",\"description\":\"United States of America\",\"potentialAction\":[{\"@type\":\"SearchAction\",\"target\":{\"@type\":\"EntryPoint\",\"urlTemplate\":\"https:\/\/www.usemb.nl\/no\/?s={search_term_string}\"},\"query-input\":{\"@type\":\"PropertyValueSpecification\",\"valueRequired\":true,\"valueName\":\"search_term_string\"}}],\"inLanguage\":\"nb-NO\"}]}<\/script>\n<!-- \/ Yoast SEO plugin. -->","yoast_head_json":{"title":"Hva er ESTA? - USA","robots":{"index":"index","follow":"follow","max-snippet":"max-snippet:-1","max-image-preview":"max-image-preview:large","max-video-preview":"max-video-preview:-1"},"canonical":"https:\/\/www.usemb.nl\/no\/reise-til-usa\/","og_locale":"nb_NO","og_type":"article","og_title":"Hva er ESTA? - USA","og_description":"Elektronisk system for reiseautorisasjon ESTA er en elektronisk reisetillatelse for innreise til USA. Det er obligatorisk hvis du ankommer sj\u00f8veien eller med fly, inkludert n\u00e5r du er p\u00e5 transitt gjennom USA. Denne foresp\u00f8rselen ble innf\u00f8rt for \u00e5 forenkle prosedyrene for innreise til USA for statsborgere fra de 41 medlemslandene i Waiver Visa Program. ESTA-s\u00f8knader er [&hellip;]","og_url":"https:\/\/www.usemb.nl\/no\/reise-til-usa\/","og_site_name":"USA","article_modified_time":"2025-01-30T08:45:00+00:00","twitter_card":"summary_large_image","twitter_misc":{"Ansl. lesetid":"2 minutter"},"schema":{"@context":"https:\/\/schema.org","@graph":[{"@type":"WebPage","@id":"https:\/\/www.usemb.nl\/no\/reise-til-usa\/","url":"https:\/\/www.usemb.nl\/no\/reise-til-usa\/","name":"Hva er ESTA? - USA","isPartOf":{"@id":"https:\/\/www.usemb.nl\/no\/#website"},"datePublished":"2022-05-20T09:59:54+00:00","dateModified":"2025-01-30T08:45:00+00:00","breadcrumb":{"@id":"https:\/\/www.usemb.nl\/no\/reise-til-usa\/#breadcrumb"},"inLanguage":"nb-NO","potentialAction":[{"@type":"ReadAction","target":["https:\/\/www.usemb.nl\/no\/reise-til-usa\/"]}]},{"@type":"BreadcrumbList","@id":"https:\/\/www.usemb.nl\/no\/reise-til-usa\/#breadcrumb","itemListElement":[{"@type":"ListItem","position":1,"name":"Home","item":"https:\/\/www.usemb.nl\/no\/"},{"@type":"ListItem","position":2,"name":"Hva er ESTA?"}]},{"@type":"WebSite","@id":"https:\/\/www.usemb.nl\/no\/#website","url":"https:\/\/www.usemb.nl\/no\/","name":"USA","description":"United States of America","potentialAction":[{"@type":"SearchAction","target":{"@type":"EntryPoint","urlTemplate":"https:\/\/www.usemb.nl\/no\/?s={search_term_string}"},"query-input":{"@type":"PropertyValueSpecification","valueRequired":true,"valueName":"search_term_string"}}],"inLanguage":"nb-NO"}]}},"_links":{"self":[{"href":"https:\/\/www.usemb.nl\/no\/wp-json\/wp\/v2\/pages\/272","targetHints":{"allow":["GET"]}}],"collection":[{"href":"https:\/\/www.usemb.nl\/no\/wp-json\/wp\/v2\/pages"}],"about":[{"href":"https:\/\/www.usemb.nl\/no\/wp-json\/wp\/v2\/types\/page"}],"author":[{"embeddable":true,"href":"https:\/\/www.usemb.nl\/no\/wp-json\/wp\/v2\/users\/1"}],"replies":[{"embeddable":true,"href":"https:\/\/www.usemb.nl\/no\/wp-json\/wp\/v2\/comments?post=272"}],"version-history":[{"count":6,"href":"https:\/\/www.usemb.nl\/no\/wp-json\/wp\/v2\/pages\/272\/revisions"}],"predecessor-version":[{"id":632,"href":"https:\/\/www.usemb.nl\/no\/wp-json\/wp\/v2\/pages\/272\/revisions\/632"}],"wp:attachment":[{"href":"https:\/\/www.usemb.nl\/no\/wp-json\/wp\/v2\/media?parent=272"}],"curies":[{"name":"wp","href":"https:\/\/api.w.org\/{rel}","templated":true}]}}