{"id":268,"date":"2022-05-20T05:57:22","date_gmt":"2022-05-20T09:57:22","guid":{"rendered":"https:\/\/www.usemb.nl\/hjem\/"},"modified":"2025-04-07T14:46:44","modified_gmt":"2025-04-07T18:46:44","slug":"hjem","status":"publish","type":"page","link":"https:\/\/www.usemb.nl\/no\/","title":{"rendered":"Hjem"},"content":{"rendered":"\t\t<div data-elementor-type=\"wp-page\" data-elementor-id=\"268\" class=\"elementor elementor-268 elementor-39\" data-elementor-post-type=\"page\">\n\t\t\t\t\t\t<section class=\"elementor-section elementor-top-section elementor-element elementor-element-0f7719f elementor-section-boxed elementor-section-height-default elementor-section-height-default\" data-id=\"0f7719f\" data-element_type=\"section\">\n\t\t\t\t\t\t<div class=\"elementor-container elementor-column-gap-default\">\n\t\t\t\t\t<div class=\"elementor-column elementor-col-100 elementor-top-column elementor-element elementor-element-c4cdb2c\" data-id=\"c4cdb2c\" data-element_type=\"column\">\n\t\t\t<div class=\"elementor-widget-wrap elementor-element-populated\">\n\t\t\t\t\t\t<div class=\"elementor-element elementor-element-5e446b2 elementor-widget elementor-widget-image\" data-id=\"5e446b2\" data-element_type=\"widget\" data-widget_type=\"image.default\">\n\t\t\t\t<div class=\"elementor-widget-container\">\n\t\t\t\t\t\t\t\t\t\t\t\t\t\t\t<img fetchpriority=\"high\" decoding=\"async\" width=\"2048\" height=\"318\" src=\"https:\/\/www.usemb.nl\/wp-content\/uploads\/2022\/05\/usa-visa-image.jpg\" class=\"attachment-full size-full wp-image-307\" alt=\"Amerikansk visum til USA\" srcset=\"https:\/\/www.usemb.nl\/wp-content\/uploads\/2022\/05\/usa-visa-image.jpg 2048w, https:\/\/www.usemb.nl\/wp-content\/uploads\/2022\/05\/usa-visa-image-300x47.jpg 300w, https:\/\/www.usemb.nl\/wp-content\/uploads\/2022\/05\/usa-visa-image-1024x159.jpg 1024w, https:\/\/www.usemb.nl\/wp-content\/uploads\/2022\/05\/usa-visa-image-768x119.jpg 768w, https:\/\/www.usemb.nl\/wp-content\/uploads\/2022\/05\/usa-visa-image-1536x239.jpg 1536w\" sizes=\"(max-width: 2048px) 100vw, 2048px\" \/>\t\t\t\t\t\t\t\t\t\t\t\t\t\t\t<\/div>\n\t\t\t\t<\/div>\n\t\t\t\t\t<\/div>\n\t\t<\/div>\n\t\t\t\t\t<\/div>\n\t\t<\/section>\n\t\t\t\t<section class=\"elementor-section elementor-top-section elementor-element elementor-element-bef3891 elementor-section-boxed elementor-section-height-default elementor-section-height-default\" data-id=\"bef3891\" data-element_type=\"section\">\n\t\t\t\t\t\t<div class=\"elementor-container elementor-column-gap-default\">\n\t\t\t\t\t<div class=\"elementor-column elementor-col-100 elementor-top-column elementor-element elementor-element-31ee7ae\" data-id=\"31ee7ae\" data-element_type=\"column\">\n\t\t\t<div class=\"elementor-widget-wrap elementor-element-populated\">\n\t\t\t\t\t\t<div class=\"elementor-element elementor-element-d91e52a elementor-widget elementor-widget-heading\" data-id=\"d91e52a\" data-element_type=\"widget\" data-widget_type=\"heading.default\">\n\t\t\t\t<div class=\"elementor-widget-container\">\n\t\t\t\t\t<h1 class=\"elementor-heading-title elementor-size-default\">Reise til USA<\/h1>\t\t\t\t<\/div>\n\t\t\t\t<\/div>\n\t\t\t\t\t<\/div>\n\t\t<\/div>\n\t\t\t\t\t<\/div>\n\t\t<\/section>\n\t\t\t\t<section class=\"elementor-section elementor-top-section elementor-element elementor-element-71e9513 elementor-section-boxed elementor-section-height-default elementor-section-height-default\" data-id=\"71e9513\" data-element_type=\"section\">\n\t\t\t\t\t\t<div class=\"elementor-container elementor-column-gap-default\">\n\t\t\t\t\t<div class=\"elementor-column elementor-col-100 elementor-top-column elementor-element elementor-element-df07416\" data-id=\"df07416\" data-element_type=\"column\">\n\t\t\t<div class=\"elementor-widget-wrap elementor-element-populated\">\n\t\t\t\t\t\t<div class=\"elementor-element elementor-element-c1e32ad elementor-widget elementor-widget-text-editor\" data-id=\"c1e32ad\" data-element_type=\"widget\" data-widget_type=\"text-editor.default\">\n\t\t\t\t<div class=\"elementor-widget-container\">\n\t\t\t\t\t\t\t\t\t<p>Reise til USA krever \u00e5 v\u00e6re klar over de siste kravene. Du b\u00f8r kontakte den amerikanske ambassaden for \u00e5 f\u00e5 oppdatert situasjonsinformasjon. Regelverket for utlendinger som reiser til USA endres ofte med kort forsinkelse. <\/p>\t\t\t\t\t\t\t\t<\/div>\n\t\t\t\t<\/div>\n\t\t\t\t\t<\/div>\n\t\t<\/div>\n\t\t\t\t\t<\/div>\n\t\t<\/section>\n\t\t\t\t<section class=\"elementor-section elementor-top-section elementor-element elementor-element-907ce81 elementor-section-boxed elementor-section-height-default elementor-section-height-default\" data-id=\"907ce81\" data-element_type=\"section\">\n\t\t\t\t\t\t<div class=\"elementor-container elementor-column-gap-default\">\n\t\t\t\t\t<div class=\"elementor-column elementor-col-100 elementor-top-column elementor-element elementor-element-17535b7\" data-id=\"17535b7\" data-element_type=\"column\">\n\t\t\t<div class=\"elementor-widget-wrap elementor-element-populated\">\n\t\t\t\t\t\t<div class=\"elementor-element elementor-element-18fed13 elementor-widget elementor-widget-text-editor\" data-id=\"18fed13\" data-element_type=\"widget\" data-widget_type=\"text-editor.default\">\n\t\t\t\t<div class=\"elementor-widget-container\">\n\t\t\t\t\t\t\t\t\t<h2>USAs ambassade<\/h2><p>Den <span style=\"text-decoration: underline;\"><a href=\"https:\/\/nl.usembassy.gov\/\">amerikanske ambassaden<\/a><\/span> er ansvarlig for forbindelsene mellom USA og Nederland. De arbeider aktivt for \u00e5 fremme samarbeidet om ulike internasjonale form\u00e5l og styrke USAs <span style=\"color: var( --e-global-color-text ); font-family: var( --e-global-typography-text-font-family ), Sans-serif; font-weight: var( --e-global-typography-text-font-weight ); font-size: 1rem;\">ambassade i alle land i EU som en sterk internasjonal partner for \u00f8konomiske m\u00e5l.<\/span><\/p><p>Den amerikanske ambassaden i Haag har ingen konsul\u00e6re seksjoner. Det er et amerikansk konsulat i Amsterdam som tilbyr tjenester for USAs befolkning i Nederland.<\/p>\t\t\t\t\t\t\t\t<\/div>\n\t\t\t\t<\/div>\n\t\t\t\t\t<\/div>\n\t\t<\/div>\n\t\t\t\t\t<\/div>\n\t\t<\/section>\n\t\t\t\t<section class=\"elementor-section elementor-top-section elementor-element elementor-element-6ad2359 elementor-section-boxed elementor-section-height-default elementor-section-height-default\" data-id=\"6ad2359\" data-element_type=\"section\">\n\t\t\t\t\t\t<div class=\"elementor-container elementor-column-gap-default\">\n\t\t\t\t\t<div class=\"elementor-column elementor-col-50 elementor-top-column elementor-element elementor-element-c3f4328\" data-id=\"c3f4328\" data-element_type=\"column\">\n\t\t\t<div class=\"elementor-widget-wrap elementor-element-populated\">\n\t\t\t\t\t\t<div class=\"elementor-element elementor-element-ce0de21 elementor-widget elementor-widget-text-editor\" data-id=\"ce0de21\" data-element_type=\"widget\" data-widget_type=\"text-editor.default\">\n\t\t\t\t<div class=\"elementor-widget-container\">\n\t\t\t\t\t\t\t\t\t<h2>USAs ambassade i Nederland<\/h2><p>Den <strong>amerikanske ambassaden i Nederland<\/strong>, som ligger i Haag, er et viktig kontaktpunkt for nederlandske borgere og amerikanske statsborgere som bor i eller bes\u00f8ker Nederland. Dette nettstedet gir detaljert informasjon om ambassadens tjenester, vilk\u00e5rene for \u00e5 reise til USA og det historiske forholdet mellom Nederland og USA. <\/p>\t\t\t\t\t\t\t\t<\/div>\n\t\t\t\t<\/div>\n\t\t\t\t\t<\/div>\n\t\t<\/div>\n\t\t\t\t<div class=\"elementor-column elementor-col-50 elementor-top-column elementor-element elementor-element-e48fb14\" data-id=\"e48fb14\" data-element_type=\"column\">\n\t\t\t<div class=\"elementor-widget-wrap elementor-element-populated\">\n\t\t\t\t\t\t<div class=\"elementor-element elementor-element-6454c44 elementor-widget elementor-widget-text-editor\" data-id=\"6454c44\" data-element_type=\"widget\" data-widget_type=\"text-editor.default\">\n\t\t\t\t<div class=\"elementor-widget-container\">\n\t\t\t\t\t\t\t\t\t<h2>Beliggenhet og kontaktinformasjon<\/h2><p>Den amerikanske ambassaden i Nederland ligger i Haag.<\/p><ul><li><strong>Adresse<\/strong>: John Adams Park 1, 2244 BZ John Adams Park 1, 2244 BZ, Wassenaar.<\/li><li><strong>Telefon<\/strong>: +31 70 310 2209: +31 70 310 2209.<\/li><li><strong>Send e-post<\/strong>: Kontakt via den offisielle nettsiden.<\/li><li><strong>Nettsted<\/strong>: Bes\u00f8k den <span style=\"text-decoration: underline;\"><a href=\"https:\/\/nl.usembassy.gov\/\" target=\"_new\" rel=\"noopener\">offisielle amerikanske ambassadenettstedet<\/a><\/span> for de siste oppdateringene.<\/li><\/ul><h2>\u00c5pningstider<\/h2><ul><li>Mandag til fredag: 8:30 &#8211; 17:00.<\/li><li>Stengt i helgene og p\u00e5 offisielle amerikanske og nederlandske helligdager.<\/li><\/ul>\t\t\t\t\t\t\t\t<\/div>\n\t\t\t\t<\/div>\n\t\t\t\t\t<\/div>\n\t\t<\/div>\n\t\t\t\t\t<\/div>\n\t\t<\/section>\n\t\t\t\t<section class=\"elementor-section elementor-top-section elementor-element elementor-element-ae80f05 elementor-section-boxed elementor-section-height-default elementor-section-height-default\" data-id=\"ae80f05\" data-element_type=\"section\">\n\t\t\t\t\t\t<div class=\"elementor-container elementor-column-gap-default\">\n\t\t\t\t\t<div class=\"elementor-column elementor-col-100 elementor-top-column elementor-element elementor-element-48ceb10\" data-id=\"48ceb10\" data-element_type=\"column\">\n\t\t\t<div class=\"elementor-widget-wrap elementor-element-populated\">\n\t\t\t\t\t\t<div class=\"elementor-element elementor-element-cba6da5 elementor-widget elementor-widget-heading\" data-id=\"cba6da5\" data-element_type=\"widget\" data-widget_type=\"heading.default\">\n\t\t\t\t<div class=\"elementor-widget-container\">\n\t\t\t\t\t<h2 class=\"elementor-heading-title elementor-size-default\">Tjenester som tilbys av den amerikanske ambassaden<\/h2>\t\t\t\t<\/div>\n\t\t\t\t<\/div>\n\t\t\t\t\t<\/div>\n\t\t<\/div>\n\t\t\t\t\t<\/div>\n\t\t<\/section>\n\t\t\t\t<section class=\"elementor-section elementor-top-section elementor-element elementor-element-5e528fb elementor-section-boxed elementor-section-height-default elementor-section-height-default\" data-id=\"5e528fb\" data-element_type=\"section\">\n\t\t\t\t\t\t<div class=\"elementor-container elementor-column-gap-default\">\n\t\t\t\t\t<div class=\"elementor-column elementor-col-100 elementor-top-column elementor-element elementor-element-c53100a\" data-id=\"c53100a\" data-element_type=\"column\">\n\t\t\t<div class=\"elementor-widget-wrap elementor-element-populated\">\n\t\t\t\t\t\t<div class=\"elementor-element elementor-element-d1f17e9 elementor-widget elementor-widget-text-editor\" data-id=\"d1f17e9\" data-element_type=\"widget\" data-widget_type=\"text-editor.default\">\n\t\t\t\t<div class=\"elementor-widget-container\">\n\t\t\t\t\t\t\t\t\t<p>  Ambassaden tilbyr et bredt spekter av tjenester for b\u00e5de amerikanske og nederlandske statsborgere:<\/p><h3><strong>1. Tjenester for amerikanske statsborgere<\/strong><\/h3><ul><li><strong>Passtjenester<\/strong>: Forny eller bytt ut det amerikanske passet ditt.<\/li><li><strong>Notarielle tjenester<\/strong>: Notarisering av juridiske dokumenter.<\/li><li><strong>N\u00f8dhjelp<\/strong>: St\u00f8tte til amerikanske statsborgere i n\u00f8d.<\/li><\/ul><h3> <\/h3><h3><strong>2. Visumtjenester for nederlandske statsborgere<\/strong><\/h3><p>Ambassaden behandler visums\u00f8knader for de som reiser til USA for:<\/p><ul><li><a href=\"https:\/\/www.usemb.nl\/no\/visumtjenester-for-nederlandske-statsborgere-ved-den-amerikanske-ambassaden-i-nederland\/\">Turist- eller forretningsvisum B1\/B2<\/a>.<\/li><li><strong>Arbeid eller studier:<\/strong> Inkludert H-1B-, F-1- og J-1-visum.<\/li><li><strong>Innvandringsvisum<\/strong>: For de som flytter permanent til USA.<\/li><\/ul><div><br>Det er ogs\u00e5 mulig \u00e5 <a href=\"https:\/\/www.usemb.nl\/no\/forny-usa-besok-i-nederland\/\">fornye et amerikansk visum fra Nederland.<\/a><\/div><div> <\/div><h3><strong>3. Utdannings- og kulturprogrammer<\/strong><\/h3><ul><li>Stipend og utvekslingsprogrammer som <strong>Fulbright<\/strong>.<\/li><li>St\u00f8tte til kultursamarbeid mellom USA og Nederland.<\/li><\/ul>\t\t\t\t\t\t\t\t<\/div>\n\t\t\t\t<\/div>\n\t\t\t\t\t<\/div>\n\t\t<\/div>\n\t\t\t\t\t<\/div>\n\t\t<\/section>\n\t\t\t\t<section class=\"elementor-section elementor-top-section elementor-element elementor-element-0a852d1 elementor-section-boxed elementor-section-height-default elementor-section-height-default\" data-id=\"0a852d1\" data-element_type=\"section\">\n\t\t\t\t\t\t<div class=\"elementor-container elementor-column-gap-default\">\n\t\t\t\t\t<div class=\"elementor-column elementor-col-100 elementor-top-column elementor-element elementor-element-81f6366\" data-id=\"81f6366\" data-element_type=\"column\">\n\t\t\t<div class=\"elementor-widget-wrap elementor-element-populated\">\n\t\t\t\t\t\t<div class=\"elementor-element elementor-element-65d49dd elementor-widget elementor-widget-heading\" data-id=\"65d49dd\" data-element_type=\"widget\" data-widget_type=\"heading.default\">\n\t\t\t\t<div class=\"elementor-widget-container\">\n\t\t\t\t\t<h2 class=\"elementor-heading-title elementor-size-default\">Historien om forholdet mellom USA og Nederland<\/h2>\t\t\t\t<\/div>\n\t\t\t\t<\/div>\n\t\t\t\t\t<\/div>\n\t\t<\/div>\n\t\t\t\t\t<\/div>\n\t\t<\/section>\n\t\t\t\t<section class=\"elementor-section elementor-top-section elementor-element elementor-element-8edf6bf elementor-section-boxed elementor-section-height-default elementor-section-height-default\" data-id=\"8edf6bf\" data-element_type=\"section\">\n\t\t\t\t\t\t<div class=\"elementor-container elementor-column-gap-default\">\n\t\t\t\t\t<div class=\"elementor-column elementor-col-100 elementor-top-column elementor-element elementor-element-692661e\" data-id=\"692661e\" data-element_type=\"column\">\n\t\t\t<div class=\"elementor-widget-wrap elementor-element-populated\">\n\t\t\t\t\t\t<div class=\"elementor-element elementor-element-2c84039 elementor-widget elementor-widget-text-editor\" data-id=\"2c84039\" data-element_type=\"widget\" data-widget_type=\"text-editor.default\">\n\t\t\t\t<div class=\"elementor-widget-container\">\n\t\t\t\t\t\t\t\t\t<p>Partnerskapet mellom USA og Nederland har sine r\u00f8tter i den amerikanske revolusjonen, der Nederland tilb\u00f8d sin st\u00f8tte.<\/p>\n<p>De diplomatiske forbindelsene mellom de to landene ble offisielt etablert i 1782, og er dermed et av USAs eldste kontinuerlige bilaterale forhold.\nDisse sterke b\u00e5ndene bygger p\u00e5 felles historie, kultur og en gjensidig forpliktelse til individuell frihet og menneskerettigheter. <\/p>\n<p>USA og Nederland har sammenfallende synspunkter i mange viktige sp\u00f8rsm\u00e5l og samarbeider b\u00e5de bilateralt og innenfor internasjonale organisasjoner som FN og NATO.<\/p>\t\t\t\t\t\t\t\t<\/div>\n\t\t\t\t<\/div>\n\t\t\t\t\t<\/div>\n\t\t<\/div>\n\t\t\t\t\t<\/div>\n\t\t<\/section>\n\t\t\t\t<section class=\"elementor-section elementor-top-section elementor-element elementor-element-1922d4d elementor-section-boxed elementor-section-height-default elementor-section-height-default\" data-id=\"1922d4d\" data-element_type=\"section\">\n\t\t\t\t\t\t<div class=\"elementor-container elementor-column-gap-default\">\n\t\t\t\t\t<div class=\"elementor-column elementor-col-100 elementor-top-column elementor-element elementor-element-06748f3\" data-id=\"06748f3\" data-element_type=\"column\">\n\t\t\t<div class=\"elementor-widget-wrap elementor-element-populated\">\n\t\t\t\t\t\t<div class=\"elementor-element elementor-element-482ff2a elementor-widget elementor-widget-heading\" data-id=\"482ff2a\" data-element_type=\"widget\" data-widget_type=\"heading.default\">\n\t\t\t\t<div class=\"elementor-widget-container\">\n\t\t\t\t\t<h2 class=\"elementor-heading-title elementor-size-default\">Endringer i reisereglene mellom USA og Nederland<\/h2>\t\t\t\t<\/div>\n\t\t\t\t<\/div>\n\t\t\t\t\t<\/div>\n\t\t<\/div>\n\t\t\t\t\t<\/div>\n\t\t<\/section>\n\t\t\t\t<section class=\"elementor-section elementor-top-section elementor-element elementor-element-a710781 elementor-section-boxed elementor-section-height-default elementor-section-height-default\" data-id=\"a710781\" data-element_type=\"section\">\n\t\t\t\t\t\t<div class=\"elementor-container elementor-column-gap-default\">\n\t\t\t\t\t<div class=\"elementor-column elementor-col-100 elementor-top-column elementor-element elementor-element-9a8705b\" data-id=\"9a8705b\" data-element_type=\"column\">\n\t\t\t<div class=\"elementor-widget-wrap elementor-element-populated\">\n\t\t\t\t\t\t<div class=\"elementor-element elementor-element-806f117 elementor-widget elementor-widget-text-editor\" data-id=\"806f117\" data-element_type=\"widget\" data-widget_type=\"text-editor.default\">\n\t\t\t\t<div class=\"elementor-widget-container\">\n\t\t\t\t\t\t\t\t\t<p>Fra og med slutten av 2025 vil amerikanske statsborgere m\u00e5tte innhente en <a href=\"https:\/\/etias-eu.net\/en\/etias-netherlands\/\">ETIAS-godkjenning f\u00f8r de reiser til Nederland<\/a>. Mens amerikanere tradisjonelt har hatt visumfri innreise for korte opphold, vil det kommende ETIAS-systemet innf\u00f8re en ny forh\u00e5ndsscreeningsprosess, i likhet med det USA har h\u00e5ndhevet i \u00e5revis med ESTA (Electronic System for Travel Authorization). <\/p><p>Denne endringen gjenspeiler den gjensidige tiln\u00e6rmingen til reisesikkerhet som EU har vedtatt. Siden 2009 har reisende fra Europa m\u00e5ttet s\u00f8ke om ESTA f\u00f8r de flyr til USA. N\u00e5 m\u00e5 amerikanere ogs\u00e5 registrere seg p\u00e5 nettet f\u00f8r reisen, betale en liten avgift og f\u00e5 godkjenning f\u00f8r de g\u00e5r om bord p\u00e5 flyet til Nederland eller et annet land i Schengen-omr\u00e5det.  <\/p><p>Selv om ETIAS ikke er et visum, vil det v\u00e6re obligatorisk for alle korttidsbes\u00f8kende fra land som er fritatt for visum. For amerikanske turister, forretningsreisende eller de som bes\u00f8ker venner og familie i Nederland, betyr dette at de m\u00e5 planlegge i god tid og s\u00f8rge for \u00e5 f\u00e5 ETIAS-godkjenning f\u00f8r avreise. Prosessen forventes \u00e5 v\u00e6re rask og gyldig for flere innreiser i l\u00f8pet av en tre\u00e5rsperiode.  <\/p>\t\t\t\t\t\t\t\t<\/div>\n\t\t\t\t<\/div>\n\t\t\t\t\t<\/div>\n\t\t<\/div>\n\t\t\t\t\t<\/div>\n\t\t<\/section>\n\t\t\t\t<\/div>\n\t\t","protected":false},"excerpt":{"rendered":"<p>Reise til USA Reise til USA krever \u00e5 v\u00e6re klar over de siste kravene. Du b\u00f8r kontakte den amerikanske ambassaden for \u00e5 f\u00e5 oppdatert situasjonsinformasjon. Regelverket for utlendinger som reiser til USA endres ofte med kort forsinkelse. USAs ambassade Den amerikanske ambassaden er ansvarlig for forbindelsene mellom USA og Nederland. De arbeider aktivt for \u00e5 [&hellip;]<\/p>\n","protected":false},"author":1,"featured_media":0,"parent":0,"menu_order":0,"comment_status":"closed","ping_status":"closed","template":"","meta":{"footnotes":""},"class_list":["post-268","page","type-page","status-publish","hentry"],"yoast_head":"<!-- This site is optimized with the Yoast SEO plugin v26.2 - https:\/\/yoast.com\/wordpress\/plugins\/seo\/ -->\n<title>Hjem - USA<\/title>\n<meta name=\"robots\" content=\"index, follow, max-snippet:-1, max-image-preview:large, max-video-preview:-1\" \/>\n<link rel=\"canonical\" href=\"https:\/\/www.usemb.nl\/no\/\" \/>\n<meta property=\"og:locale\" content=\"nb_NO\" \/>\n<meta property=\"og:type\" content=\"article\" \/>\n<meta property=\"og:title\" content=\"Hjem - USA\" \/>\n<meta property=\"og:description\" content=\"Reise til USA Reise til USA krever \u00e5 v\u00e6re klar over de siste kravene. Du b\u00f8r kontakte den amerikanske ambassaden for \u00e5 f\u00e5 oppdatert situasjonsinformasjon. Regelverket for utlendinger som reiser til USA endres ofte med kort forsinkelse. USAs ambassade Den amerikanske ambassaden er ansvarlig for forbindelsene mellom USA og Nederland. De arbeider aktivt for \u00e5 [&hellip;]\" \/>\n<meta property=\"og:url\" content=\"https:\/\/www.usemb.nl\/no\/\" \/>\n<meta property=\"og:site_name\" content=\"USA\" \/>\n<meta property=\"article:modified_time\" content=\"2025-04-07T18:46:44+00:00\" \/>\n<meta property=\"og:image\" content=\"https:\/\/www.usemb.nl\/wp-content\/uploads\/2022\/05\/usa-visa-image.jpg\" \/>\n<meta name=\"twitter:card\" content=\"summary_large_image\" \/>\n<meta name=\"twitter:label1\" content=\"Ansl. lesetid\" \/>\n\t<meta name=\"twitter:data1\" content=\"3 minutter\" \/>\n<script type=\"application\/ld+json\" class=\"yoast-schema-graph\">{\"@context\":\"https:\/\/schema.org\",\"@graph\":[{\"@type\":\"WebPage\",\"@id\":\"https:\/\/www.usemb.nl\/no\/\",\"url\":\"https:\/\/www.usemb.nl\/no\/\",\"name\":\"Hjem - USA\",\"isPartOf\":{\"@id\":\"https:\/\/www.usemb.nl\/no\/#website\"},\"primaryImageOfPage\":{\"@id\":\"https:\/\/www.usemb.nl\/no\/#primaryimage\"},\"image\":{\"@id\":\"https:\/\/www.usemb.nl\/no\/#primaryimage\"},\"thumbnailUrl\":\"https:\/\/www.usemb.nl\/wp-content\/uploads\/2022\/05\/usa-visa-image.jpg\",\"datePublished\":\"2022-05-20T09:57:22+00:00\",\"dateModified\":\"2025-04-07T18:46:44+00:00\",\"breadcrumb\":{\"@id\":\"https:\/\/www.usemb.nl\/no\/#breadcrumb\"},\"inLanguage\":\"nb-NO\",\"potentialAction\":[{\"@type\":\"ReadAction\",\"target\":[\"https:\/\/www.usemb.nl\/no\/\"]}]},{\"@type\":\"ImageObject\",\"inLanguage\":\"nb-NO\",\"@id\":\"https:\/\/www.usemb.nl\/no\/#primaryimage\",\"url\":\"https:\/\/www.usemb.nl\/wp-content\/uploads\/2022\/05\/usa-visa-image.jpg\",\"contentUrl\":\"https:\/\/www.usemb.nl\/wp-content\/uploads\/2022\/05\/usa-visa-image.jpg\"},{\"@type\":\"BreadcrumbList\",\"@id\":\"https:\/\/www.usemb.nl\/no\/#breadcrumb\",\"itemListElement\":[{\"@type\":\"ListItem\",\"position\":1,\"name\":\"Home\",\"item\":\"https:\/\/www.usemb.nl\/no\/\"},{\"@type\":\"ListItem\",\"position\":2,\"name\":\"Hjem\"}]},{\"@type\":\"WebSite\",\"@id\":\"https:\/\/www.usemb.nl\/no\/#website\",\"url\":\"https:\/\/www.usemb.nl\/no\/\",\"name\":\"USA\",\"description\":\"United States of America\",\"potentialAction\":[{\"@type\":\"SearchAction\",\"target\":{\"@type\":\"EntryPoint\",\"urlTemplate\":\"https:\/\/www.usemb.nl\/no\/?s={search_term_string}\"},\"query-input\":{\"@type\":\"PropertyValueSpecification\",\"valueRequired\":true,\"valueName\":\"search_term_string\"}}],\"inLanguage\":\"nb-NO\"}]}<\/script>\n<!-- \/ Yoast SEO plugin. -->","yoast_head_json":{"title":"Hjem - USA","robots":{"index":"index","follow":"follow","max-snippet":"max-snippet:-1","max-image-preview":"max-image-preview:large","max-video-preview":"max-video-preview:-1"},"canonical":"https:\/\/www.usemb.nl\/no\/","og_locale":"nb_NO","og_type":"article","og_title":"Hjem - USA","og_description":"Reise til USA Reise til USA krever \u00e5 v\u00e6re klar over de siste kravene. Du b\u00f8r kontakte den amerikanske ambassaden for \u00e5 f\u00e5 oppdatert situasjonsinformasjon. Regelverket for utlendinger som reiser til USA endres ofte med kort forsinkelse. USAs ambassade Den amerikanske ambassaden er ansvarlig for forbindelsene mellom USA og Nederland. De arbeider aktivt for \u00e5 [&hellip;]","og_url":"https:\/\/www.usemb.nl\/no\/","og_site_name":"USA","article_modified_time":"2025-04-07T18:46:44+00:00","og_image":[{"url":"https:\/\/www.usemb.nl\/wp-content\/uploads\/2022\/05\/usa-visa-image.jpg","type":"","width":"","height":""}],"twitter_card":"summary_large_image","twitter_misc":{"Ansl. lesetid":"3 minutter"},"schema":{"@context":"https:\/\/schema.org","@graph":[{"@type":"WebPage","@id":"https:\/\/www.usemb.nl\/no\/","url":"https:\/\/www.usemb.nl\/no\/","name":"Hjem - USA","isPartOf":{"@id":"https:\/\/www.usemb.nl\/no\/#website"},"primaryImageOfPage":{"@id":"https:\/\/www.usemb.nl\/no\/#primaryimage"},"image":{"@id":"https:\/\/www.usemb.nl\/no\/#primaryimage"},"thumbnailUrl":"https:\/\/www.usemb.nl\/wp-content\/uploads\/2022\/05\/usa-visa-image.jpg","datePublished":"2022-05-20T09:57:22+00:00","dateModified":"2025-04-07T18:46:44+00:00","breadcrumb":{"@id":"https:\/\/www.usemb.nl\/no\/#breadcrumb"},"inLanguage":"nb-NO","potentialAction":[{"@type":"ReadAction","target":["https:\/\/www.usemb.nl\/no\/"]}]},{"@type":"ImageObject","inLanguage":"nb-NO","@id":"https:\/\/www.usemb.nl\/no\/#primaryimage","url":"https:\/\/www.usemb.nl\/wp-content\/uploads\/2022\/05\/usa-visa-image.jpg","contentUrl":"https:\/\/www.usemb.nl\/wp-content\/uploads\/2022\/05\/usa-visa-image.jpg"},{"@type":"BreadcrumbList","@id":"https:\/\/www.usemb.nl\/no\/#breadcrumb","itemListElement":[{"@type":"ListItem","position":1,"name":"Home","item":"https:\/\/www.usemb.nl\/no\/"},{"@type":"ListItem","position":2,"name":"Hjem"}]},{"@type":"WebSite","@id":"https:\/\/www.usemb.nl\/no\/#website","url":"https:\/\/www.usemb.nl\/no\/","name":"USA","description":"United States of America","potentialAction":[{"@type":"SearchAction","target":{"@type":"EntryPoint","urlTemplate":"https:\/\/www.usemb.nl\/no\/?s={search_term_string}"},"query-input":{"@type":"PropertyValueSpecification","valueRequired":true,"valueName":"search_term_string"}}],"inLanguage":"nb-NO"}]}},"_links":{"self":[{"href":"https:\/\/www.usemb.nl\/no\/wp-json\/wp\/v2\/pages\/268","targetHints":{"allow":["GET"]}}],"collection":[{"href":"https:\/\/www.usemb.nl\/no\/wp-json\/wp\/v2\/pages"}],"about":[{"href":"https:\/\/www.usemb.nl\/no\/wp-json\/wp\/v2\/types\/page"}],"author":[{"embeddable":true,"href":"https:\/\/www.usemb.nl\/no\/wp-json\/wp\/v2\/users\/1"}],"replies":[{"embeddable":true,"href":"https:\/\/www.usemb.nl\/no\/wp-json\/wp\/v2\/comments?post=268"}],"version-history":[{"count":10,"href":"https:\/\/www.usemb.nl\/no\/wp-json\/wp\/v2\/pages\/268\/revisions"}],"predecessor-version":[{"id":889,"href":"https:\/\/www.usemb.nl\/no\/wp-json\/wp\/v2\/pages\/268\/revisions\/889"}],"wp:attachment":[{"href":"https:\/\/www.usemb.nl\/no\/wp-json\/wp\/v2\/media?parent=268"}],"curies":[{"name":"wp","href":"https:\/\/api.w.org\/{rel}","templated":true}]}}