{"id":133,"date":"2022-03-07T09:48:01","date_gmt":"2022-03-07T14:48:01","guid":{"rendered":"https:\/\/www.usemb.nl\/viaggi-negli-stati-uniti\/"},"modified":"2025-01-30T03:45:00","modified_gmt":"2025-01-30T08:45:00","slug":"viaggi-negli-stati-uniti","status":"publish","type":"page","link":"https:\/\/www.usemb.nl\/it\/viaggi-negli-stati-uniti\/","title":{"rendered":"Cos&#8217;\u00e8 l&#8217;ESTA?"},"content":{"rendered":"\n<h1 class=\"wp-block-heading\">Sistema elettronico per l&#8217;autorizzazione al viaggio<\/h1>\n\n<p>L&#8217;ESTA \u00e8 un&#8217;autorizzazione elettronica all&#8217;ingresso negli Stati Uniti. \u00c8 obbligatorio se arrivi via mare o in aereo, anche in transito negli Stati Uniti. Questa richiesta \u00e8 stata introdotta per facilitare le procedure di ingresso negli Stati Uniti per i cittadini dei 41 paesi membri del programma Waiver Visa.<\/p>\n\n<p>Le domande ESTA sono di competenza del <a href=\"https:\/\/www.dhs.gov\/\">Dipartimento di Sicurezza Nazionale<\/a> degli Stati Uniti (DHS) che gestisce la sicurezza interna degli Stati Uniti. D&#8217;altra parte, nonostante la tua autorizzazione ESTA convalidata dal DHS, solo la dogana una volta scesi dall&#8217;aereo \u00e8 in grado di farti entrare in territorio americano.<\/p>\n\n<h2 class=\"wp-block-heading\">Periodo di validit\u00e0 ESTA<\/h2>\n\n<p>L&#8217; <a href=\"https:\/\/www.usemb.nl\/it\/le-basi-su-esta\/\" data-type=\"page\" data-id=\"88\">autorizzazione ESTA<\/a> \u00e8 valida per due anni dalla data di rilascio. D&#8217;altra parte, ti impegni a segnalare qualsiasi cambiamento della tua situazione nel periodo di 2 anni, in particolare in caso di cambiamento dello stato civile, della storia legale e medica. Se la validit\u00e0 del passaporto scade durante questi due anni, l&#8217;autorizzazione decade e dovrai quindi presentare una nuova domanda. <\/p>\n\n<p>Niente panico se la tua autorizzazione ESTA scade durante il tuo viaggio, potrai finire e tornare a casa perch\u00e9 l&#8217;autorizzazione \u00e8 necessaria solo per entrare in territorio americano ma non per lasciarlo.<\/p>\n\n<p>Attenzione, anche se la tua autorizzazione ESTA \u00e8 valida per due anni, non puoi rimanere pi\u00f9 di 90 giorni negli Stati Uniti. Tieni inoltre presente che se non sei in possesso di un ESTA valido in aeroporto il giorno della tua partenza, la tua carta d&#8217;imbarco non pu\u00f2 essere modificata, quindi non sarai in grado di salire a bordo dell&#8217;aereo.<\/p>\n\n<p>Se vuoi rimanere pi\u00f9 di 90 giorni, devi richiedere un visto per gli Stati Uniti. Se vuoi vivere in modo permanente negli Stati Uniti, devi richiedere una Green Card USA.<\/p>\n\n<h2 class=\"wp-block-heading\">I bambini sono preoccupati dall&#8217;ESTA<\/h2>\n\n<p>Tutti i cittadini VWP sono interessati dalla domanda ESTA, indipendentemente dalla loro et\u00e0. Sono quindi interessati anche i figli minorenni che devono essere in possesso di un&#8217;autorizzazione al viaggio. Si noti che per il genitore che non porta lo stesso nome del bambino con cui viaggia, deve avere il libretto di famiglia. Per quanto riguarda le gite scolastiche, deve essere in possesso del viaggiatore anche una specifica autorizzazione.<\/p>\n\n<h2 class=\"wp-block-heading\">Come richiedere l&#8217;ESTA<\/h2>\n\n<p>Non c&#8217;\u00e8 bisogno di venire in ambasciata per fare domanda. Per garantire un trattamento efficiente e rapido, il processo viene eseguito solo via Internet <a href=\"https:\/\/esta.cbp.dhs.gov\/\">all&#8217;indirizzo https:\/\/esta.cbp.dhs.gov\/<\/a>.<\/p>\n\n<h2 class=\"wp-block-heading\">Qual \u00e8 il prezzo di ESTA<\/h2>\n\n<p>Il costo dell&#8217;elaborazione della domanda ESTA \u00e8 di 21 dollari. Questi costi sono divisi in due parti:<\/p>\n\n<ul class=\"wp-block-list\">\n<li>tassa amministrativa di $ 4 per tutti i viaggiatori che presentano un reclamo;<\/li>\n\n\n\n<li>17 dollari di promozione US Travel per tutti i viaggiatori che ottengono l&#8217;ESTA.<\/li>\n<\/ul>\n\n<p>Se la richiesta viene rifiutata, vi verranno rimborsati 17 dollari.<\/p>\n\n<h2 class=\"wp-block-heading\">Come pagare la mia domanda ESTA<\/h2>\n\n<p>La richiesta ESTA \u00e8 al 100% elettronica, pertanto il pagamento deve essere effettuato con carta di credito sul sito protetto. Questo approccio dematerializzato mira a garantire un trattamento rapido.<\/p>\n","protected":false},"excerpt":{"rendered":"<p>Sistema elettronico per l&#8217;autorizzazione al viaggio L&#8217;ESTA \u00e8 un&#8217;autorizzazione elettronica all&#8217;ingresso negli Stati Uniti. \u00c8 obbligatorio se arrivi via mare o in aereo, anche in transito negli Stati Uniti. Questa richiesta \u00e8 stata introdotta per facilitare le procedure di ingresso negli Stati Uniti per i cittadini dei 41 paesi membri del programma Waiver Visa. Le [&hellip;]<\/p>\n","protected":false},"author":1,"featured_media":0,"parent":0,"menu_order":0,"comment_status":"closed","ping_status":"closed","template":"","meta":{"footnotes":""},"class_list":["post-133","page","type-page","status-publish","hentry"],"yoast_head":"<!-- This site is optimized with the Yoast SEO plugin v26.2 - https:\/\/yoast.com\/wordpress\/plugins\/seo\/ -->\n<title>Cos&#039;\u00e8 l&#039;ESTA? - USA<\/title>\n<meta name=\"robots\" content=\"index, follow, max-snippet:-1, max-image-preview:large, max-video-preview:-1\" \/>\n<link rel=\"canonical\" href=\"https:\/\/www.usemb.nl\/it\/viaggi-negli-stati-uniti\/\" \/>\n<meta property=\"og:locale\" content=\"it_IT\" \/>\n<meta property=\"og:type\" content=\"article\" \/>\n<meta property=\"og:title\" content=\"Cos&#039;\u00e8 l&#039;ESTA? - USA\" \/>\n<meta property=\"og:description\" content=\"Sistema elettronico per l&#8217;autorizzazione al viaggio L&#8217;ESTA \u00e8 un&#8217;autorizzazione elettronica all&#8217;ingresso negli Stati Uniti. \u00c8 obbligatorio se arrivi via mare o in aereo, anche in transito negli Stati Uniti. Questa richiesta \u00e8 stata introdotta per facilitare le procedure di ingresso negli Stati Uniti per i cittadini dei 41 paesi membri del programma Waiver Visa. Le [&hellip;]\" \/>\n<meta property=\"og:url\" content=\"https:\/\/www.usemb.nl\/it\/viaggi-negli-stati-uniti\/\" \/>\n<meta property=\"og:site_name\" content=\"USA\" \/>\n<meta property=\"article:modified_time\" content=\"2025-01-30T08:45:00+00:00\" \/>\n<meta name=\"twitter:card\" content=\"summary_large_image\" \/>\n<meta name=\"twitter:label1\" content=\"Tempo di lettura stimato\" \/>\n\t<meta name=\"twitter:data1\" content=\"2 minuti\" \/>\n<script type=\"application\/ld+json\" class=\"yoast-schema-graph\">{\"@context\":\"https:\/\/schema.org\",\"@graph\":[{\"@type\":\"WebPage\",\"@id\":\"https:\/\/www.usemb.nl\/it\/viaggi-negli-stati-uniti\/\",\"url\":\"https:\/\/www.usemb.nl\/it\/viaggi-negli-stati-uniti\/\",\"name\":\"Cos'\u00e8 l'ESTA? - USA\",\"isPartOf\":{\"@id\":\"https:\/\/www.usemb.nl\/it\/#website\"},\"datePublished\":\"2022-03-07T14:48:01+00:00\",\"dateModified\":\"2025-01-30T08:45:00+00:00\",\"breadcrumb\":{\"@id\":\"https:\/\/www.usemb.nl\/it\/viaggi-negli-stati-uniti\/#breadcrumb\"},\"inLanguage\":\"it-IT\",\"potentialAction\":[{\"@type\":\"ReadAction\",\"target\":[\"https:\/\/www.usemb.nl\/it\/viaggi-negli-stati-uniti\/\"]}]},{\"@type\":\"BreadcrumbList\",\"@id\":\"https:\/\/www.usemb.nl\/it\/viaggi-negli-stati-uniti\/#breadcrumb\",\"itemListElement\":[{\"@type\":\"ListItem\",\"position\":1,\"name\":\"Home\",\"item\":\"https:\/\/www.usemb.nl\/it\/\"},{\"@type\":\"ListItem\",\"position\":2,\"name\":\"Cos&#8217;\u00e8 l&#8217;ESTA?\"}]},{\"@type\":\"WebSite\",\"@id\":\"https:\/\/www.usemb.nl\/it\/#website\",\"url\":\"https:\/\/www.usemb.nl\/it\/\",\"name\":\"USA\",\"description\":\"United States of America\",\"potentialAction\":[{\"@type\":\"SearchAction\",\"target\":{\"@type\":\"EntryPoint\",\"urlTemplate\":\"https:\/\/www.usemb.nl\/it\/?s={search_term_string}\"},\"query-input\":{\"@type\":\"PropertyValueSpecification\",\"valueRequired\":true,\"valueName\":\"search_term_string\"}}],\"inLanguage\":\"it-IT\"}]}<\/script>\n<!-- \/ Yoast SEO plugin. -->","yoast_head_json":{"title":"Cos'\u00e8 l'ESTA? - USA","robots":{"index":"index","follow":"follow","max-snippet":"max-snippet:-1","max-image-preview":"max-image-preview:large","max-video-preview":"max-video-preview:-1"},"canonical":"https:\/\/www.usemb.nl\/it\/viaggi-negli-stati-uniti\/","og_locale":"it_IT","og_type":"article","og_title":"Cos'\u00e8 l'ESTA? - USA","og_description":"Sistema elettronico per l&#8217;autorizzazione al viaggio L&#8217;ESTA \u00e8 un&#8217;autorizzazione elettronica all&#8217;ingresso negli Stati Uniti. \u00c8 obbligatorio se arrivi via mare o in aereo, anche in transito negli Stati Uniti. Questa richiesta \u00e8 stata introdotta per facilitare le procedure di ingresso negli Stati Uniti per i cittadini dei 41 paesi membri del programma Waiver Visa. Le [&hellip;]","og_url":"https:\/\/www.usemb.nl\/it\/viaggi-negli-stati-uniti\/","og_site_name":"USA","article_modified_time":"2025-01-30T08:45:00+00:00","twitter_card":"summary_large_image","twitter_misc":{"Tempo di lettura stimato":"2 minuti"},"schema":{"@context":"https:\/\/schema.org","@graph":[{"@type":"WebPage","@id":"https:\/\/www.usemb.nl\/it\/viaggi-negli-stati-uniti\/","url":"https:\/\/www.usemb.nl\/it\/viaggi-negli-stati-uniti\/","name":"Cos'\u00e8 l'ESTA? - USA","isPartOf":{"@id":"https:\/\/www.usemb.nl\/it\/#website"},"datePublished":"2022-03-07T14:48:01+00:00","dateModified":"2025-01-30T08:45:00+00:00","breadcrumb":{"@id":"https:\/\/www.usemb.nl\/it\/viaggi-negli-stati-uniti\/#breadcrumb"},"inLanguage":"it-IT","potentialAction":[{"@type":"ReadAction","target":["https:\/\/www.usemb.nl\/it\/viaggi-negli-stati-uniti\/"]}]},{"@type":"BreadcrumbList","@id":"https:\/\/www.usemb.nl\/it\/viaggi-negli-stati-uniti\/#breadcrumb","itemListElement":[{"@type":"ListItem","position":1,"name":"Home","item":"https:\/\/www.usemb.nl\/it\/"},{"@type":"ListItem","position":2,"name":"Cos&#8217;\u00e8 l&#8217;ESTA?"}]},{"@type":"WebSite","@id":"https:\/\/www.usemb.nl\/it\/#website","url":"https:\/\/www.usemb.nl\/it\/","name":"USA","description":"United States of America","potentialAction":[{"@type":"SearchAction","target":{"@type":"EntryPoint","urlTemplate":"https:\/\/www.usemb.nl\/it\/?s={search_term_string}"},"query-input":{"@type":"PropertyValueSpecification","valueRequired":true,"valueName":"search_term_string"}}],"inLanguage":"it-IT"}]}},"_links":{"self":[{"href":"https:\/\/www.usemb.nl\/it\/wp-json\/wp\/v2\/pages\/133","targetHints":{"allow":["GET"]}}],"collection":[{"href":"https:\/\/www.usemb.nl\/it\/wp-json\/wp\/v2\/pages"}],"about":[{"href":"https:\/\/www.usemb.nl\/it\/wp-json\/wp\/v2\/types\/page"}],"author":[{"embeddable":true,"href":"https:\/\/www.usemb.nl\/it\/wp-json\/wp\/v2\/users\/1"}],"replies":[{"embeddable":true,"href":"https:\/\/www.usemb.nl\/it\/wp-json\/wp\/v2\/comments?post=133"}],"version-history":[{"count":10,"href":"https:\/\/www.usemb.nl\/it\/wp-json\/wp\/v2\/pages\/133\/revisions"}],"predecessor-version":[{"id":623,"href":"https:\/\/www.usemb.nl\/it\/wp-json\/wp\/v2\/pages\/133\/revisions\/623"}],"wp:attachment":[{"href":"https:\/\/www.usemb.nl\/it\/wp-json\/wp\/v2\/media?parent=133"}],"curies":[{"name":"wp","href":"https:\/\/api.w.org\/{rel}","templated":true}]}}