{"id":846,"date":"2025-04-07T14:34:20","date_gmt":"2025-04-07T18:34:20","guid":{"rendered":"https:\/\/www.usemb.nl\/renouveler-la-visite-des-etats-unis-aux-pays-bas\/"},"modified":"2025-04-07T14:49:04","modified_gmt":"2025-04-07T18:49:04","slug":"renouveler-la-visite-des-etats-unis-aux-pays-bas","status":"publish","type":"page","link":"https:\/\/www.usemb.nl\/fr\/renouveler-la-visite-des-etats-unis-aux-pays-bas\/","title":{"rendered":"Renouveler un visa am\u00e9ricain aux Pays-Bas"},"content":{"rendered":"\n<h1 class=\"wp-block-heading\">Renouveler votre visa am\u00e9ricain depuis les Pays-Bas<\/h1>\n\n<p>Le renouvellement de votre visa am\u00e9ricain depuis les Pays-Bas est une proc\u00e9dure simple, mais il est essentiel d&rsquo;\u00eatre inform\u00e9 des crit\u00e8res, des d\u00e9lais et des exceptions potentielles pour que tout se passe bien.<\/p>\n\n<h2 class=\"wp-block-heading\">Crit\u00e8res d&rsquo;\u00e9ligibilit\u00e9 pour le renouvellement du visa am\u00e9ricain<\/h2>\n\n<p>Vous pouvez g\u00e9n\u00e9ralement obtenir un renouvellement de votre visa sans entretien si<\/p>\n\n<ul class=\"wp-block-list\">\n<li>Vous renouvelez un visa dans la m\u00eame classification que votre visa pr\u00e9c\u00e9dent.<\/li>\n\n\n\n<li>Votre visa pr\u00e9c\u00e9dent a \u00e9t\u00e9 d\u00e9livr\u00e9 lorsque vous aviez 14 ans ou plus.<\/li>\n\n\n\n<li>Votre visa est en cours de validit\u00e9 ou a expir\u00e9 au cours des 48 derniers mois.<\/li>\n\n\n\n<li>Vous ne vous \u00eates pas vu refuser un visa am\u00e9ricain apr\u00e8s la d\u00e9livrance de votre pr\u00e9c\u00e9dent visa.<\/li>\n\n\n\n<li>Vous \u00eates physiquement pr\u00e9sent aux Pays-Bas lors de votre demande de renouvellement.<\/li>\n<\/ul>\n\n<div style=\"height:20px\" aria-hidden=\"true\" class=\"wp-block-spacer\"><\/div>\n\n<h2 class=\"wp-block-heading\">Processus de renouvellement<\/h2>\n\n<h3 class=\"wp-block-heading\">Guide \u00e9tape par \u00e9tape :<\/h3>\n\n<ol start=\"1\" class=\"wp-block-list\">\n<li><strong>Remplissez le formulaire DS-160 en ligne :<\/strong>\n<ul class=\"wp-block-list\">\n<li>Remplissez la demande de visa de non-immigrant <a href=\"https:\/\/travel.state.gov\/content\/travel\/en\/us-visas\/visa-information-resources\/forms\/ds-160-online-nonimmigrant-visa-application.html\">DS-160<\/a>.<\/li>\n\n\n\n<li>Imprimez et conservez la page de confirmation avec le code-barres.<\/li>\n<\/ul>\n<\/li>\n\n\n\n<li><strong>Payez les frais de demande de visa<\/strong>:\n<ul class=\"wp-block-list\">\n<li>Payez les <a href=\"https:\/\/usa-b2.com\/fr\/frais-visa-b2-usa\/\">frais de visa<\/a> en ligne sur le site officiel de rendez-vous.<\/li>\n\n\n\n<li>Imprimez le re\u00e7u de confirmation du paiement.<\/li>\n<\/ul>\n<\/li>\n\n\n\n<li><strong>V\u00e9rifiez si vous pouvez b\u00e9n\u00e9ficier d&rsquo;une dispense d&rsquo;entretien :<\/strong>\n<ul class=\"wp-block-list\">\n<li>V\u00e9rifiez votre \u00e9ligibilit\u00e9 au programme d&rsquo;exemption d&rsquo;entretien sur le <a href=\"https:\/\/nl.usembassy.gov\/\">site de l&rsquo;ambassade des \u00c9tats-Unis aux Pays-Bas<\/a>.<\/li>\n<\/ul>\n<\/li>\n\n\n\n<li><strong>Prenez rendez-vous ou envoyez vos documents par la poste<\/strong>:\n<ul class=\"wp-block-list\">\n<li>Si vous avez droit \u00e0 une dispense d&rsquo;entretien, suivez les instructions pour envoyer votre passeport et vos documents.<\/li>\n\n\n\n<li>Si un entretien est n\u00e9cessaire, prenez rendez-vous en ligne.<\/li>\n<\/ul>\n<\/li>\n\n\n\n<li><strong>Soumettez vos documents<\/strong>:\n<ul class=\"wp-block-list\">\n<li>Joignez votre passeport, la confirmation DS-160, le re\u00e7u des frais de visa, une photo r\u00e9cente et les documents justificatifs (par exemple, la copie du visa pr\u00e9c\u00e9dent).<\/li>\n<\/ul>\n<\/li>\n<\/ol>\n\n<div style=\"height:20px\" aria-hidden=\"true\" class=\"wp-block-spacer\"><\/div>\n\n<h2 class=\"wp-block-heading\">Calendrier<\/h2>\n\n<p>Les d\u00e9lais de traitement sont g\u00e9n\u00e9ralement compris entre <strong>7 et 15 jours ouvrables<\/strong> pour les renouvellements de dispenses d&rsquo;entretien. Si un entretien est n\u00e9cessaire, les d\u00e9lais de traitement peuvent varier en fonction de la disponibilit\u00e9 des rendez-vous et de la demande saisonni\u00e8re. <\/p>\n\n<h2 class=\"wp-block-heading\">Exceptions<\/h2>\n\n<p>Vous pourriez avoir besoin d&rsquo;un entretien si<\/p>\n\n<ul class=\"wp-block-list\">\n<li>Votre visa pr\u00e9c\u00e9dent a \u00e9t\u00e9 perdu, vol\u00e9 ou annul\u00e9.<\/li>\n\n\n\n<li>Vous avez d\u00e9j\u00e0 d\u00e9pass\u00e9 la dur\u00e9e de votre s\u00e9jour aux \u00c9tats-Unis.<\/li>\n\n\n\n<li>Vous avez chang\u00e9 de cat\u00e9gorie de visa ou vous avez connu des changements importants dans votre statut personnel.<\/li>\n\n\n\n<li>L&rsquo;agent consulaire estime qu&rsquo;un entretien est n\u00e9cessaire.<\/li>\n<\/ul>\n\n<div style=\"height:20px\" aria-hidden=\"true\" class=\"wp-block-spacer\"><\/div>\n\n<p>V\u00e9rifiez toujours votre statut et les instructions sp\u00e9cifiques de la <a href=\"https:\/\/www.usemb.nl\/fr\/services-de-visa-pour-les-ressortissants-neerlandais-a-lambassade-des-etats-unis-aux-pays-bas\/\">demande de visa am\u00e9ricain pour les ressortissants n\u00e9erlandais<\/a> afin de vous assurer de leur exactitude.<\/p>\n\n<h2 class=\"wp-block-heading\">Conseils suppl\u00e9mentaires<\/h2>\n\n<p>Entamez votre proc\u00e9dure de renouvellement au moins trois mois avant la date pr\u00e9vue de votre voyage afin d&rsquo;\u00e9viter les retards. Assurez-vous que la validit\u00e9 de votre passeport d\u00e9passe d&rsquo;au moins six mois la dur\u00e9e pr\u00e9vue de votre s\u00e9jour aux \u00c9tats-Unis et suivez attentivement les instructions relatives \u00e0 la pr\u00e9sentation des documents afin d&rsquo;\u00e9viter les retards de traitement. <\/p>\n","protected":false},"excerpt":{"rendered":"<p>Renouveler votre visa am\u00e9ricain depuis les Pays-Bas Le renouvellement de votre visa am\u00e9ricain depuis les Pays-Bas est une proc\u00e9dure simple, mais il est essentiel d&rsquo;\u00eatre inform\u00e9 des crit\u00e8res, des d\u00e9lais et des exceptions potentielles pour que tout se passe bien. Crit\u00e8res d&rsquo;\u00e9ligibilit\u00e9 pour le renouvellement du visa am\u00e9ricain Vous pouvez g\u00e9n\u00e9ralement obtenir un renouvellement de [&hellip;]<\/p>\n","protected":false},"author":1,"featured_media":0,"parent":0,"menu_order":0,"comment_status":"closed","ping_status":"closed","template":"","meta":{"footnotes":""},"class_list":["post-846","page","type-page","status-publish","hentry"],"yoast_head":"<!-- This site is optimized with the Yoast SEO plugin v26.2 - https:\/\/yoast.com\/wordpress\/plugins\/seo\/ -->\n<title>Renouveler un visa am\u00e9ricain aux Pays-Bas - USA<\/title>\n<meta name=\"description\" content=\"Le renouvellement d&#039;un visa am\u00e9ricain depuis les Pays-Bas doit respecter des instructions et des d\u00e9lais afin de garantir une exp\u00e9rience sans heurts.\" \/>\n<meta name=\"robots\" content=\"index, follow, max-snippet:-1, max-image-preview:large, max-video-preview:-1\" \/>\n<link rel=\"canonical\" href=\"https:\/\/www.usemb.nl\/fr\/renouveler-la-visite-des-etats-unis-aux-pays-bas\/\" \/>\n<meta property=\"og:locale\" content=\"fr_FR\" \/>\n<meta property=\"og:type\" content=\"article\" \/>\n<meta property=\"og:title\" content=\"Renouveler un visa am\u00e9ricain aux Pays-Bas - USA\" \/>\n<meta property=\"og:description\" content=\"Le renouvellement d&#039;un visa am\u00e9ricain depuis les Pays-Bas doit respecter des instructions et des d\u00e9lais afin de garantir une exp\u00e9rience sans heurts.\" \/>\n<meta property=\"og:url\" content=\"https:\/\/www.usemb.nl\/fr\/renouveler-la-visite-des-etats-unis-aux-pays-bas\/\" \/>\n<meta property=\"og:site_name\" content=\"USA\" \/>\n<meta property=\"article:modified_time\" content=\"2025-04-07T18:49:04+00:00\" \/>\n<meta name=\"twitter:card\" content=\"summary_large_image\" \/>\n<meta name=\"twitter:label1\" content=\"Dur\u00e9e de lecture estim\u00e9e\" \/>\n\t<meta name=\"twitter:data1\" content=\"3 minutes\" \/>\n<script type=\"application\/ld+json\" class=\"yoast-schema-graph\">{\"@context\":\"https:\/\/schema.org\",\"@graph\":[{\"@type\":\"WebPage\",\"@id\":\"https:\/\/www.usemb.nl\/fr\/renouveler-la-visite-des-etats-unis-aux-pays-bas\/\",\"url\":\"https:\/\/www.usemb.nl\/fr\/renouveler-la-visite-des-etats-unis-aux-pays-bas\/\",\"name\":\"Renouveler un visa am\u00e9ricain aux Pays-Bas - USA\",\"isPartOf\":{\"@id\":\"https:\/\/www.usemb.nl\/fr\/#website\"},\"datePublished\":\"2025-04-07T18:34:20+00:00\",\"dateModified\":\"2025-04-07T18:49:04+00:00\",\"description\":\"Le renouvellement d'un visa am\u00e9ricain depuis les Pays-Bas doit respecter des instructions et des d\u00e9lais afin de garantir une exp\u00e9rience sans heurts.\",\"breadcrumb\":{\"@id\":\"https:\/\/www.usemb.nl\/fr\/renouveler-la-visite-des-etats-unis-aux-pays-bas\/#breadcrumb\"},\"inLanguage\":\"fr-FR\",\"potentialAction\":[{\"@type\":\"ReadAction\",\"target\":[\"https:\/\/www.usemb.nl\/fr\/renouveler-la-visite-des-etats-unis-aux-pays-bas\/\"]}]},{\"@type\":\"BreadcrumbList\",\"@id\":\"https:\/\/www.usemb.nl\/fr\/renouveler-la-visite-des-etats-unis-aux-pays-bas\/#breadcrumb\",\"itemListElement\":[{\"@type\":\"ListItem\",\"position\":1,\"name\":\"Home\",\"item\":\"https:\/\/www.usemb.nl\/fr\/\"},{\"@type\":\"ListItem\",\"position\":2,\"name\":\"Renouveler un visa am\u00e9ricain aux Pays-Bas\"}]},{\"@type\":\"WebSite\",\"@id\":\"https:\/\/www.usemb.nl\/fr\/#website\",\"url\":\"https:\/\/www.usemb.nl\/fr\/\",\"name\":\"USA\",\"description\":\"United States of America\",\"potentialAction\":[{\"@type\":\"SearchAction\",\"target\":{\"@type\":\"EntryPoint\",\"urlTemplate\":\"https:\/\/www.usemb.nl\/fr\/?s={search_term_string}\"},\"query-input\":{\"@type\":\"PropertyValueSpecification\",\"valueRequired\":true,\"valueName\":\"search_term_string\"}}],\"inLanguage\":\"fr-FR\"}]}<\/script>\n<!-- \/ Yoast SEO plugin. -->","yoast_head_json":{"title":"Renouveler un visa am\u00e9ricain aux Pays-Bas - USA","description":"Le renouvellement d'un visa am\u00e9ricain depuis les Pays-Bas doit respecter des instructions et des d\u00e9lais afin de garantir une exp\u00e9rience sans heurts.","robots":{"index":"index","follow":"follow","max-snippet":"max-snippet:-1","max-image-preview":"max-image-preview:large","max-video-preview":"max-video-preview:-1"},"canonical":"https:\/\/www.usemb.nl\/fr\/renouveler-la-visite-des-etats-unis-aux-pays-bas\/","og_locale":"fr_FR","og_type":"article","og_title":"Renouveler un visa am\u00e9ricain aux Pays-Bas - USA","og_description":"Le renouvellement d'un visa am\u00e9ricain depuis les Pays-Bas doit respecter des instructions et des d\u00e9lais afin de garantir une exp\u00e9rience sans heurts.","og_url":"https:\/\/www.usemb.nl\/fr\/renouveler-la-visite-des-etats-unis-aux-pays-bas\/","og_site_name":"USA","article_modified_time":"2025-04-07T18:49:04+00:00","twitter_card":"summary_large_image","twitter_misc":{"Dur\u00e9e de lecture estim\u00e9e":"3 minutes"},"schema":{"@context":"https:\/\/schema.org","@graph":[{"@type":"WebPage","@id":"https:\/\/www.usemb.nl\/fr\/renouveler-la-visite-des-etats-unis-aux-pays-bas\/","url":"https:\/\/www.usemb.nl\/fr\/renouveler-la-visite-des-etats-unis-aux-pays-bas\/","name":"Renouveler un visa am\u00e9ricain aux Pays-Bas - USA","isPartOf":{"@id":"https:\/\/www.usemb.nl\/fr\/#website"},"datePublished":"2025-04-07T18:34:20+00:00","dateModified":"2025-04-07T18:49:04+00:00","description":"Le renouvellement d'un visa am\u00e9ricain depuis les Pays-Bas doit respecter des instructions et des d\u00e9lais afin de garantir une exp\u00e9rience sans heurts.","breadcrumb":{"@id":"https:\/\/www.usemb.nl\/fr\/renouveler-la-visite-des-etats-unis-aux-pays-bas\/#breadcrumb"},"inLanguage":"fr-FR","potentialAction":[{"@type":"ReadAction","target":["https:\/\/www.usemb.nl\/fr\/renouveler-la-visite-des-etats-unis-aux-pays-bas\/"]}]},{"@type":"BreadcrumbList","@id":"https:\/\/www.usemb.nl\/fr\/renouveler-la-visite-des-etats-unis-aux-pays-bas\/#breadcrumb","itemListElement":[{"@type":"ListItem","position":1,"name":"Home","item":"https:\/\/www.usemb.nl\/fr\/"},{"@type":"ListItem","position":2,"name":"Renouveler un visa am\u00e9ricain aux Pays-Bas"}]},{"@type":"WebSite","@id":"https:\/\/www.usemb.nl\/fr\/#website","url":"https:\/\/www.usemb.nl\/fr\/","name":"USA","description":"United States of America","potentialAction":[{"@type":"SearchAction","target":{"@type":"EntryPoint","urlTemplate":"https:\/\/www.usemb.nl\/fr\/?s={search_term_string}"},"query-input":{"@type":"PropertyValueSpecification","valueRequired":true,"valueName":"search_term_string"}}],"inLanguage":"fr-FR"}]}},"_links":{"self":[{"href":"https:\/\/www.usemb.nl\/fr\/wp-json\/wp\/v2\/pages\/846","targetHints":{"allow":["GET"]}}],"collection":[{"href":"https:\/\/www.usemb.nl\/fr\/wp-json\/wp\/v2\/pages"}],"about":[{"href":"https:\/\/www.usemb.nl\/fr\/wp-json\/wp\/v2\/types\/page"}],"author":[{"embeddable":true,"href":"https:\/\/www.usemb.nl\/fr\/wp-json\/wp\/v2\/users\/1"}],"replies":[{"embeddable":true,"href":"https:\/\/www.usemb.nl\/fr\/wp-json\/wp\/v2\/comments?post=846"}],"version-history":[{"count":6,"href":"https:\/\/www.usemb.nl\/fr\/wp-json\/wp\/v2\/pages\/846\/revisions"}],"predecessor-version":[{"id":910,"href":"https:\/\/www.usemb.nl\/fr\/wp-json\/wp\/v2\/pages\/846\/revisions\/910"}],"wp:attachment":[{"href":"https:\/\/www.usemb.nl\/fr\/wp-json\/wp\/v2\/media?parent=846"}],"curies":[{"name":"wp","href":"https:\/\/api.w.org\/{rel}","templated":true}]}}