{"id":113,"date":"2022-01-09T09:13:58","date_gmt":"2022-01-09T14:13:58","guid":{"rendered":"https:\/\/www.usemb.nl\/quest-ce-que-lesta\/"},"modified":"2025-01-30T03:45:00","modified_gmt":"2025-01-30T08:45:00","slug":"qu-est-ce-que-esta","status":"publish","type":"page","link":"https:\/\/www.usemb.nl\/fr\/qu-est-ce-que-esta\/","title":{"rendered":"Qu&rsquo;est-ce que l&rsquo;ESTA ?"},"content":{"rendered":"\n<h1 class=\"wp-block-heading\">Autorisation de voyage \u00e9lectronique<\/h1>\n\n<p>L&rsquo;ESTA est une autorisation de voyage \u00e9lectronique permettant d&rsquo;entrer aux \u00c9tats-Unis. Elle est obligatoire si vous arrivez par bateau ou par avion, y compris lorsque vous transitez par les \u00c9tats-Unis. Cette demande a \u00e9t\u00e9 mise en place pour faciliter les proc\u00e9dures d&rsquo;entr\u00e9e aux \u00c9tats-Unis des ressortissants des 41 pays membres du programme d&rsquo;exemption de visa.<\/p>\n\n<p>Les demandes d&rsquo;ESTA rel\u00e8vent de la responsabilit\u00e9 du <a href=\"https:\/\/www.dhs.gov\/\">D\u00e9partement am\u00e9ricain de la s\u00e9curit\u00e9 int\u00e9rieure<\/a> (DHS), qui g\u00e8re la s\u00e9curit\u00e9 int\u00e9rieure des \u00c9tats-Unis. En revanche, malgr\u00e9 votre autorisation ESTA valid\u00e9e par le DHS, seule la douane \u00e0 la descente de l&rsquo;avion est en mesure de vous laisser entrer sur le territoire am\u00e9ricain.<\/p>\n\n<h2 class=\"wp-block-heading\">Dur\u00e9e de validit\u00e9 de l&rsquo;ESTA<\/h2>\n\n<p>L&rsquo;<a href=\"https:\/\/www.usemb.nl\/fr\/tout-sur-esta\/\" data-type=\"page\" data-id=\"88\">autorisation ESTA<\/a> est valable deux ans \u00e0 compter de la date de d\u00e9livrance. En revanche, vous vous engagez \u00e0 signaler toute modification de votre situation au cours de la p\u00e9riode de 2 ans, notamment en cas de changement d&rsquo;\u00e9tat civil, d&rsquo;ant\u00e9c\u00e9dents juridiques et m\u00e9dicaux. Si la validit\u00e9 de votre passeport expire au cours de ces deux ann\u00e9es, votre autorisation devient caduque et vous devrez donc introduire une nouvelle demande. <\/p>\n\n<p>Pas de panique si votre autorisation ESTA expire lors de votre voyage, vous pourrez finir et rentrer chez vous car l &lsquo;autorisation n &lsquo;est obligatoire que pour entrer sur le territoire am\u00e9ricain mais pas pour en sortir.<\/p>\n\n<p>Attention, m\u00eame si votre autorisation d&rsquo;ESTA a une validit\u00e9 de deux ans, vous ne pourrez pas rester plus de 90 jours sur le territoire am\u00e9ricain. Par ailleurs sachez que si vous n&rsquo;\u00eates pas en possession d&rsquo;un ESTA valide \u00e0 l&rsquo;a\u00e9roport le jour de votre d\u00e9part, votre carte d&#8217;embarquement ne pourra pas \u00eatre \u00e9dit\u00e9e, il vous sera alors impossible de monter dans l&rsquo;avion.<\/p>\n\n<p>Si vous souhaitez rester plus de 90 jours, vous devez demander un visa am\u00e9ricain. Si vous souhaitez vivre de mani\u00e8re permanente aux \u00c9tats-Unis, vous devez demander une carte verte am\u00e9ricaine.<\/p>\n\n<h2 class=\"wp-block-heading\">Les enfants sont-ils concern\u00e9s par l&rsquo;ESTA ?<\/h2>\n\n<p>Tous les ressortissants du VWP sont concern\u00e9s par la demande ESTA, quel que soit leur \u00e2ge. Les enfants mineurs sont donc \u00e9galement concern\u00e9s et doivent \u00eatre muni d&rsquo;une autorisation de voyage. A noter que pour le parent ne portant pas le m\u00eame nom que l&rsquo;enfant avec qui il effectue le voyage, il devra \u00eatre muni du livret de famille. En ce qui concerne les voyages scolaires une autorisation sp\u00e9cifiques devra \u00eatre \u00e9galement en possession du voyageur.<\/p>\n\n<h2 class=\"wp-block-heading\">Comment faire une demande d&rsquo;ESTA<\/h2>\n\n<p>Il n&rsquo;est pas n\u00e9cessaire de se rendre \u00e0 l&rsquo;ambassade pour d\u00e9poser une demande. Pour garantir un traitement efficace et rapide, la proc\u00e9dure se d\u00e9roule uniquement via l&rsquo;internet sur <a href=\"https:\/\/esta.cbp.dhs.gov\/\">https:\/\/esta.cbp.dhs.gov\/<\/a>.<\/p>\n\n<h2 class=\"wp-block-heading\">Quel est le prix de l&rsquo;ESTA<\/h2>\n\n<p>Le co\u00fbt du traitement de la demande ESTA est fix\u00e9 \u00e0 21 dollars. Ces co\u00fbts sont divis\u00e9s en deux parties :<\/p>\n\n<ul class=\"wp-block-list\">\n<li>Frais de traitement de 4 $ pour tous les voyageurs qui pr\u00e9sentent une demande d&rsquo;indemnisation ;<\/li>\n\n\n\n<li>17 $ de frais de promotion pour tous les voyageurs qui obtiennent une ESTA.<\/li>\n<\/ul>\n\n<p>Si votre demande est refus\u00e9e, vous serez rembours\u00e9 de 17 $.<\/p>\n\n<h2 class=\"wp-block-heading\">Comment payer ma demande d&rsquo;ESTA<\/h2>\n\n<p>La demande d&rsquo;ESTA est 100% \u00e9lectronique, en cons\u00e9quence le paiement devra se faire par carte bancaire sur le site s\u00e9curis\u00e9. Cette d\u00e9marche d\u00e9mat\u00e9rialis\u00e9e \u00e0 pour but d&rsquo;assurer un traitement rapide.<\/p>\n","protected":false},"excerpt":{"rendered":"<p>Autorisation de voyage \u00e9lectronique L&rsquo;ESTA est une autorisation de voyage \u00e9lectronique permettant d&rsquo;entrer aux \u00c9tats-Unis. Elle est obligatoire si vous arrivez par bateau ou par avion, y compris lorsque vous transitez par les \u00c9tats-Unis. Cette demande a \u00e9t\u00e9 mise en place pour faciliter les proc\u00e9dures d&rsquo;entr\u00e9e aux \u00c9tats-Unis des ressortissants des 41 pays membres du [&hellip;]<\/p>\n","protected":false},"author":1,"featured_media":0,"parent":0,"menu_order":0,"comment_status":"closed","ping_status":"closed","template":"","meta":{"footnotes":""},"class_list":["post-113","page","type-page","status-publish","hentry"],"yoast_head":"<!-- This site is optimized with the Yoast SEO plugin v26.2 - https:\/\/yoast.com\/wordpress\/plugins\/seo\/ -->\n<title>Qu&#039;est-ce que l&#039;ESTA ? - USA<\/title>\n<meta name=\"robots\" content=\"index, follow, max-snippet:-1, max-image-preview:large, max-video-preview:-1\" \/>\n<link rel=\"canonical\" href=\"https:\/\/www.usemb.nl\/fr\/qu-est-ce-que-esta\/\" \/>\n<meta property=\"og:locale\" content=\"fr_FR\" \/>\n<meta property=\"og:type\" content=\"article\" \/>\n<meta property=\"og:title\" content=\"Qu&#039;est-ce que l&#039;ESTA ? - USA\" \/>\n<meta property=\"og:description\" content=\"Autorisation de voyage \u00e9lectronique L&rsquo;ESTA est une autorisation de voyage \u00e9lectronique permettant d&rsquo;entrer aux \u00c9tats-Unis. Elle est obligatoire si vous arrivez par bateau ou par avion, y compris lorsque vous transitez par les \u00c9tats-Unis. Cette demande a \u00e9t\u00e9 mise en place pour faciliter les proc\u00e9dures d&rsquo;entr\u00e9e aux \u00c9tats-Unis des ressortissants des 41 pays membres du [&hellip;]\" \/>\n<meta property=\"og:url\" content=\"https:\/\/www.usemb.nl\/fr\/qu-est-ce-que-esta\/\" \/>\n<meta property=\"og:site_name\" content=\"USA\" \/>\n<meta property=\"article:modified_time\" content=\"2025-01-30T08:45:00+00:00\" \/>\n<meta name=\"twitter:card\" content=\"summary_large_image\" \/>\n<meta name=\"twitter:label1\" content=\"Dur\u00e9e de lecture estim\u00e9e\" \/>\n\t<meta name=\"twitter:data1\" content=\"3 minutes\" \/>\n<script type=\"application\/ld+json\" class=\"yoast-schema-graph\">{\"@context\":\"https:\/\/schema.org\",\"@graph\":[{\"@type\":\"WebPage\",\"@id\":\"https:\/\/www.usemb.nl\/fr\/qu-est-ce-que-esta\/\",\"url\":\"https:\/\/www.usemb.nl\/fr\/qu-est-ce-que-esta\/\",\"name\":\"Qu'est-ce que l'ESTA ? - USA\",\"isPartOf\":{\"@id\":\"https:\/\/www.usemb.nl\/fr\/#website\"},\"datePublished\":\"2022-01-09T14:13:58+00:00\",\"dateModified\":\"2025-01-30T08:45:00+00:00\",\"breadcrumb\":{\"@id\":\"https:\/\/www.usemb.nl\/fr\/qu-est-ce-que-esta\/#breadcrumb\"},\"inLanguage\":\"fr-FR\",\"potentialAction\":[{\"@type\":\"ReadAction\",\"target\":[\"https:\/\/www.usemb.nl\/fr\/qu-est-ce-que-esta\/\"]}]},{\"@type\":\"BreadcrumbList\",\"@id\":\"https:\/\/www.usemb.nl\/fr\/qu-est-ce-que-esta\/#breadcrumb\",\"itemListElement\":[{\"@type\":\"ListItem\",\"position\":1,\"name\":\"Home\",\"item\":\"https:\/\/www.usemb.nl\/fr\/\"},{\"@type\":\"ListItem\",\"position\":2,\"name\":\"Qu&#8217;est-ce que l&#8217;ESTA ?\"}]},{\"@type\":\"WebSite\",\"@id\":\"https:\/\/www.usemb.nl\/fr\/#website\",\"url\":\"https:\/\/www.usemb.nl\/fr\/\",\"name\":\"USA\",\"description\":\"United States of America\",\"potentialAction\":[{\"@type\":\"SearchAction\",\"target\":{\"@type\":\"EntryPoint\",\"urlTemplate\":\"https:\/\/www.usemb.nl\/fr\/?s={search_term_string}\"},\"query-input\":{\"@type\":\"PropertyValueSpecification\",\"valueRequired\":true,\"valueName\":\"search_term_string\"}}],\"inLanguage\":\"fr-FR\"}]}<\/script>\n<!-- \/ Yoast SEO plugin. -->","yoast_head_json":{"title":"Qu'est-ce que l'ESTA ? - USA","robots":{"index":"index","follow":"follow","max-snippet":"max-snippet:-1","max-image-preview":"max-image-preview:large","max-video-preview":"max-video-preview:-1"},"canonical":"https:\/\/www.usemb.nl\/fr\/qu-est-ce-que-esta\/","og_locale":"fr_FR","og_type":"article","og_title":"Qu'est-ce que l'ESTA ? - USA","og_description":"Autorisation de voyage \u00e9lectronique L&rsquo;ESTA est une autorisation de voyage \u00e9lectronique permettant d&rsquo;entrer aux \u00c9tats-Unis. Elle est obligatoire si vous arrivez par bateau ou par avion, y compris lorsque vous transitez par les \u00c9tats-Unis. Cette demande a \u00e9t\u00e9 mise en place pour faciliter les proc\u00e9dures d&rsquo;entr\u00e9e aux \u00c9tats-Unis des ressortissants des 41 pays membres du [&hellip;]","og_url":"https:\/\/www.usemb.nl\/fr\/qu-est-ce-que-esta\/","og_site_name":"USA","article_modified_time":"2025-01-30T08:45:00+00:00","twitter_card":"summary_large_image","twitter_misc":{"Dur\u00e9e de lecture estim\u00e9e":"3 minutes"},"schema":{"@context":"https:\/\/schema.org","@graph":[{"@type":"WebPage","@id":"https:\/\/www.usemb.nl\/fr\/qu-est-ce-que-esta\/","url":"https:\/\/www.usemb.nl\/fr\/qu-est-ce-que-esta\/","name":"Qu'est-ce que l'ESTA ? - USA","isPartOf":{"@id":"https:\/\/www.usemb.nl\/fr\/#website"},"datePublished":"2022-01-09T14:13:58+00:00","dateModified":"2025-01-30T08:45:00+00:00","breadcrumb":{"@id":"https:\/\/www.usemb.nl\/fr\/qu-est-ce-que-esta\/#breadcrumb"},"inLanguage":"fr-FR","potentialAction":[{"@type":"ReadAction","target":["https:\/\/www.usemb.nl\/fr\/qu-est-ce-que-esta\/"]}]},{"@type":"BreadcrumbList","@id":"https:\/\/www.usemb.nl\/fr\/qu-est-ce-que-esta\/#breadcrumb","itemListElement":[{"@type":"ListItem","position":1,"name":"Home","item":"https:\/\/www.usemb.nl\/fr\/"},{"@type":"ListItem","position":2,"name":"Qu&#8217;est-ce que l&#8217;ESTA ?"}]},{"@type":"WebSite","@id":"https:\/\/www.usemb.nl\/fr\/#website","url":"https:\/\/www.usemb.nl\/fr\/","name":"USA","description":"United States of America","potentialAction":[{"@type":"SearchAction","target":{"@type":"EntryPoint","urlTemplate":"https:\/\/www.usemb.nl\/fr\/?s={search_term_string}"},"query-input":{"@type":"PropertyValueSpecification","valueRequired":true,"valueName":"search_term_string"}}],"inLanguage":"fr-FR"}]}},"_links":{"self":[{"href":"https:\/\/www.usemb.nl\/fr\/wp-json\/wp\/v2\/pages\/113","targetHints":{"allow":["GET"]}}],"collection":[{"href":"https:\/\/www.usemb.nl\/fr\/wp-json\/wp\/v2\/pages"}],"about":[{"href":"https:\/\/www.usemb.nl\/fr\/wp-json\/wp\/v2\/types\/page"}],"author":[{"embeddable":true,"href":"https:\/\/www.usemb.nl\/fr\/wp-json\/wp\/v2\/users\/1"}],"replies":[{"embeddable":true,"href":"https:\/\/www.usemb.nl\/fr\/wp-json\/wp\/v2\/comments?post=113"}],"version-history":[{"count":13,"href":"https:\/\/www.usemb.nl\/fr\/wp-json\/wp\/v2\/pages\/113\/revisions"}],"predecessor-version":[{"id":627,"href":"https:\/\/www.usemb.nl\/fr\/wp-json\/wp\/v2\/pages\/113\/revisions\/627"}],"wp:attachment":[{"href":"https:\/\/www.usemb.nl\/fr\/wp-json\/wp\/v2\/media?parent=113"}],"curies":[{"name":"wp","href":"https:\/\/api.w.org\/{rel}","templated":true}]}}