{"id":109,"date":"2022-01-09T08:29:10","date_gmt":"2022-01-09T13:29:10","guid":{"rendered":"https:\/\/www.usemb.nl\/lessentiel-sur-lesta\/"},"modified":"2025-01-30T03:45:04","modified_gmt":"2025-01-30T08:45:04","slug":"tout-sur-esta","status":"publish","type":"page","link":"https:\/\/www.usemb.nl\/fr\/tout-sur-esta\/","title":{"rendered":"Les bases de l&rsquo;ESTA"},"content":{"rendered":"\n<h1 class=\"wp-block-heading\">Quelle est l&rsquo;utilit\u00e9 de l&rsquo;ESTA<\/h1>\n\n<p>La d\u00e9claration ESTA vous permet surtout de vous affranchir d&rsquo;une demande de visa classique si votre voyage n&rsquo;exc\u00e8de pas 90 jours. Gr\u00e2ce au programme d&rsquo;exemption de visa, tout citoyen de l&rsquo;un des 41 pays participants peut demander cette autorisation de voyage avant de partir pour les \u00c9tats-Unis. L&rsquo;ESTA permet de :<\/p>\n\n<ol class=\"wp-block-list\">\n<li>Effectuez un voyage d&rsquo;affaires : assistez \u00e0 des r\u00e9unions, signez des contrats avec des partenaires, mais participez \u00e9galement \u00e0 des formations de courte dur\u00e9e et non r\u00e9mun\u00e9r\u00e9es ;<\/li>\n\n\n\n<li>Faire un voyage touristique : voyager librement dans tout le pays, participer \u00e0 diverses activit\u00e9s culturelles, suivre des cours \u00e0 condition qu&rsquo;ils ne d\u00e9livrent pas de cr\u00e9dits en vue de l&rsquo;obtention d&rsquo;un dipl\u00f4me universitaire.<\/li>\n<\/ol>\n\n<p>L&rsquo;ESTA est un syst\u00e8me mis en place en 2009 pour offrir des conditions de voyage plus s\u00fbres aux voyageurs et ainsi renforcer la s\u00e9curit\u00e9 du territoire am\u00e9ricain. Les frais de traitement de 21 USD sont utilis\u00e9s pour moderniser les syst\u00e8mes de s\u00e9curit\u00e9 d\u00e9j\u00e0 en place, mais aussi pour promouvoir le tourisme aux \u00c9tats-Unis. Pour remplir votre d\u00e9claration ESTA, vous pouvez effectuer la d\u00e9marche sur le <a href=\"https:\/\/esta.cbp.dhs.gov\/\">site officiel des douanes am\u00e9ricaines<\/a> ou b\u00e9n\u00e9ficier d&rsquo;une assistance compl\u00e8te en utilisant un formulaire sp\u00e9cialis\u00e9.<\/p>\n\n<p>Le programme d&rsquo;exemption de visa a inspir\u00e9 plusieurs autres pays dans le monde. En 2024, l&rsquo;autorisation britannique eTA a \u00e9t\u00e9 lanc\u00e9e pour les voyageurs s\u00e9journant moins de 90 jours au Royaume-Uni. <\/p>\n\n<p>Si, pour une raison quelconque, votre demande ESTA est refus\u00e9e, vous devez envisager de demander un visa am\u00e9ricain. Pour les voyages touristiques, vous pouvez trouver plus d&rsquo;informations en ligne sur le visa touristique B2. <\/p>\n\n<h2 class=\"wp-block-heading\">Fonctions du D\u00e9partement de la s\u00e9curit\u00e9 int\u00e9rieure<\/h2>\n\n<p>Le <a href=\"https:\/\/www.dhs.gov\/\">D\u00e9partement de la s\u00e9curit\u00e9 int\u00e9rieure<\/a> a \u00e9t\u00e9 form\u00e9 en 2002 en r\u00e9ponse aux attentats du 11 septembre, pour accro\u00eetre la s\u00e9curit\u00e9 int\u00e9rieure des \u00c9tats-Unis.<\/p>\n\n<p>Compos\u00e9 de 15 agences f\u00e9d\u00e9rales, il op\u00e8re sous l&rsquo;\u00e9gide du gouvernement am\u00e9ricain. Les fonctions du DHS sont diverses. Ce service sp\u00e9cifique assure, entre autres, la gestion du Visa Waiver Program (VWP). Les voyageurs qui souhaitent se rendre aux USA, sans visa, sont tenus de remplir un formulaire ESTA, comportant de multiples questions relatives \u00e0 l&rsquo;identit\u00e9 du demandeur, son \u00e9tat de sant\u00e9, son casier judiciaire\u2026 Ces r\u00e9ponses sont ensuite transmises au DHS qui d\u00e9cide accorder ou non le permis de s\u00e9jour du demandeur. En effet, les autorit\u00e9s souhaitant limiter au maximum la menace terroriste peuvent, en cas de profil \u00ab \u00e0 risque \u00bb, choisir de ne pas d\u00e9livrer le document.<\/p>\n\n<h2 class=\"wp-block-heading\">Passeports autoris\u00e9s \u00e0 s\u00e9journer aux \u00c9tats-Unis<\/h2>\n\n<p>Si vous pr\u00e9voyez de vous rendre aux \u00c9tats-Unis, sachez que vous devez \u00eatre en possession d&rsquo;un passeport en cours de validit\u00e9, faute de quoi l&#8217;embarquement vous sera refus\u00e9. Deux types de passeports sont actuellement accept\u00e9s :<\/p>\n\n<ul class=\"wp-block-list\">\n<li>Passeport \u00e9lectronique : utilis\u00e9 depuis 2006, il contient une puce \u00e9lectronique. Les informations enregistr\u00e9es peuvent \u00eatre lues \u00e0 courte distance via un lecteur \u00e9lectromagn\u00e9tique (nom, nationalit\u00e9, date de naissance, num\u00e9ro de passeport).<\/li>\n\n\n\n<li>Le passeport biom\u00e9trique : mis en circulation en 2009, il poss\u00e8de une puce \u00e9lectronique contenant plus d&rsquo;informations que celle du passeport \u00e9lectronique : la photo et les empreintes digitales du titulaire sont int\u00e9gr\u00e9es. Cette nouvelle version a \u00e9t\u00e9 mise en place pour limiter davantage les risques d&rsquo;usurpation d&rsquo;identit\u00e9.<\/li>\n<\/ul>\n\n<p>Un passeport est valable 10 ans pour les adultes et 5 ans pour les mineurs. Si vous n&rsquo;avez pas de passeport ou s&rsquo;il est p\u00e9rim\u00e9, rendez-vous \u00e0 la mairie. Plusieurs documents seront demand\u00e9s :<\/p>\n\n<ul class=\"wp-block-list\">\n<li>Une carte d&rsquo;identit\u00e9 ou l&rsquo;ancien passeport ;<\/li>\n\n\n\n<li>Une photo d&rsquo;identit\u00e9 valide ;<\/li>\n\n\n\n<li>Justificatif de domicile : original + photocopie ;<\/li>\n\n\n\n<li>Un num\u00e9ro de pr\u00e9-demande ou le formulaire de demande d\u00fbment compl\u00e9t\u00e9 ;<\/li>\n\n\n\n<li>Un timbre fiscal.<\/li>\n<\/ul>\n\n<p>Les personnes r\u00e9sidant \u00e0 l&rsquo;\u00e9tranger doivent s&rsquo;adresser au consulat et payer un montant de 96 euros.<br\/>Avant de partir pour les Etats-Unis, pensez \u00e9galement \u00e0 v\u00e9rifier que le num\u00e9ro inscrit sur votre passeport est le m\u00eame que celui notifi\u00e9 sur votre ESTA. Si vous avez chang\u00e9 de passeport entre-temps, vous devez refaire une demande d&rsquo;ESTA.<\/p>\n","protected":false},"excerpt":{"rendered":"<p>Quelle est l&rsquo;utilit\u00e9 de l&rsquo;ESTA La d\u00e9claration ESTA vous permet surtout de vous affranchir d&rsquo;une demande de visa classique si votre voyage n&rsquo;exc\u00e8de pas 90 jours. Gr\u00e2ce au programme d&rsquo;exemption de visa, tout citoyen de l&rsquo;un des 41 pays participants peut demander cette autorisation de voyage avant de partir pour les \u00c9tats-Unis. L&rsquo;ESTA permet de [&hellip;]<\/p>\n","protected":false},"author":1,"featured_media":0,"parent":0,"menu_order":0,"comment_status":"closed","ping_status":"closed","template":"","meta":{"footnotes":""},"class_list":["post-109","page","type-page","status-publish","hentry"],"yoast_head":"<!-- This site is optimized with the Yoast SEO plugin v26.2 - https:\/\/yoast.com\/wordpress\/plugins\/seo\/ -->\n<title>Les bases de l&#039;ESTA - USA<\/title>\n<meta name=\"robots\" content=\"index, follow, max-snippet:-1, max-image-preview:large, max-video-preview:-1\" \/>\n<link rel=\"canonical\" href=\"https:\/\/www.usemb.nl\/fr\/tout-sur-esta\/\" \/>\n<meta property=\"og:locale\" content=\"fr_FR\" \/>\n<meta property=\"og:type\" content=\"article\" \/>\n<meta property=\"og:title\" content=\"Les bases de l&#039;ESTA - USA\" \/>\n<meta property=\"og:description\" content=\"Quelle est l&rsquo;utilit\u00e9 de l&rsquo;ESTA La d\u00e9claration ESTA vous permet surtout de vous affranchir d&rsquo;une demande de visa classique si votre voyage n&rsquo;exc\u00e8de pas 90 jours. Gr\u00e2ce au programme d&rsquo;exemption de visa, tout citoyen de l&rsquo;un des 41 pays participants peut demander cette autorisation de voyage avant de partir pour les \u00c9tats-Unis. L&rsquo;ESTA permet de [&hellip;]\" \/>\n<meta property=\"og:url\" content=\"https:\/\/www.usemb.nl\/fr\/tout-sur-esta\/\" \/>\n<meta property=\"og:site_name\" content=\"USA\" \/>\n<meta property=\"article:modified_time\" content=\"2025-01-30T08:45:04+00:00\" \/>\n<meta name=\"twitter:card\" content=\"summary_large_image\" \/>\n<meta name=\"twitter:label1\" content=\"Dur\u00e9e de lecture estim\u00e9e\" \/>\n\t<meta name=\"twitter:data1\" content=\"3 minutes\" \/>\n<script type=\"application\/ld+json\" class=\"yoast-schema-graph\">{\"@context\":\"https:\/\/schema.org\",\"@graph\":[{\"@type\":\"WebPage\",\"@id\":\"https:\/\/www.usemb.nl\/fr\/tout-sur-esta\/\",\"url\":\"https:\/\/www.usemb.nl\/fr\/tout-sur-esta\/\",\"name\":\"Les bases de l'ESTA - USA\",\"isPartOf\":{\"@id\":\"https:\/\/www.usemb.nl\/fr\/#website\"},\"datePublished\":\"2022-01-09T13:29:10+00:00\",\"dateModified\":\"2025-01-30T08:45:04+00:00\",\"breadcrumb\":{\"@id\":\"https:\/\/www.usemb.nl\/fr\/tout-sur-esta\/#breadcrumb\"},\"inLanguage\":\"fr-FR\",\"potentialAction\":[{\"@type\":\"ReadAction\",\"target\":[\"https:\/\/www.usemb.nl\/fr\/tout-sur-esta\/\"]}]},{\"@type\":\"BreadcrumbList\",\"@id\":\"https:\/\/www.usemb.nl\/fr\/tout-sur-esta\/#breadcrumb\",\"itemListElement\":[{\"@type\":\"ListItem\",\"position\":1,\"name\":\"Home\",\"item\":\"https:\/\/www.usemb.nl\/fr\/\"},{\"@type\":\"ListItem\",\"position\":2,\"name\":\"Les bases de l&#8217;ESTA\"}]},{\"@type\":\"WebSite\",\"@id\":\"https:\/\/www.usemb.nl\/fr\/#website\",\"url\":\"https:\/\/www.usemb.nl\/fr\/\",\"name\":\"USA\",\"description\":\"United States of America\",\"potentialAction\":[{\"@type\":\"SearchAction\",\"target\":{\"@type\":\"EntryPoint\",\"urlTemplate\":\"https:\/\/www.usemb.nl\/fr\/?s={search_term_string}\"},\"query-input\":{\"@type\":\"PropertyValueSpecification\",\"valueRequired\":true,\"valueName\":\"search_term_string\"}}],\"inLanguage\":\"fr-FR\"}]}<\/script>\n<!-- \/ Yoast SEO plugin. -->","yoast_head_json":{"title":"Les bases de l'ESTA - USA","robots":{"index":"index","follow":"follow","max-snippet":"max-snippet:-1","max-image-preview":"max-image-preview:large","max-video-preview":"max-video-preview:-1"},"canonical":"https:\/\/www.usemb.nl\/fr\/tout-sur-esta\/","og_locale":"fr_FR","og_type":"article","og_title":"Les bases de l'ESTA - USA","og_description":"Quelle est l&rsquo;utilit\u00e9 de l&rsquo;ESTA La d\u00e9claration ESTA vous permet surtout de vous affranchir d&rsquo;une demande de visa classique si votre voyage n&rsquo;exc\u00e8de pas 90 jours. Gr\u00e2ce au programme d&rsquo;exemption de visa, tout citoyen de l&rsquo;un des 41 pays participants peut demander cette autorisation de voyage avant de partir pour les \u00c9tats-Unis. L&rsquo;ESTA permet de [&hellip;]","og_url":"https:\/\/www.usemb.nl\/fr\/tout-sur-esta\/","og_site_name":"USA","article_modified_time":"2025-01-30T08:45:04+00:00","twitter_card":"summary_large_image","twitter_misc":{"Dur\u00e9e de lecture estim\u00e9e":"3 minutes"},"schema":{"@context":"https:\/\/schema.org","@graph":[{"@type":"WebPage","@id":"https:\/\/www.usemb.nl\/fr\/tout-sur-esta\/","url":"https:\/\/www.usemb.nl\/fr\/tout-sur-esta\/","name":"Les bases de l'ESTA - USA","isPartOf":{"@id":"https:\/\/www.usemb.nl\/fr\/#website"},"datePublished":"2022-01-09T13:29:10+00:00","dateModified":"2025-01-30T08:45:04+00:00","breadcrumb":{"@id":"https:\/\/www.usemb.nl\/fr\/tout-sur-esta\/#breadcrumb"},"inLanguage":"fr-FR","potentialAction":[{"@type":"ReadAction","target":["https:\/\/www.usemb.nl\/fr\/tout-sur-esta\/"]}]},{"@type":"BreadcrumbList","@id":"https:\/\/www.usemb.nl\/fr\/tout-sur-esta\/#breadcrumb","itemListElement":[{"@type":"ListItem","position":1,"name":"Home","item":"https:\/\/www.usemb.nl\/fr\/"},{"@type":"ListItem","position":2,"name":"Les bases de l&#8217;ESTA"}]},{"@type":"WebSite","@id":"https:\/\/www.usemb.nl\/fr\/#website","url":"https:\/\/www.usemb.nl\/fr\/","name":"USA","description":"United States of America","potentialAction":[{"@type":"SearchAction","target":{"@type":"EntryPoint","urlTemplate":"https:\/\/www.usemb.nl\/fr\/?s={search_term_string}"},"query-input":{"@type":"PropertyValueSpecification","valueRequired":true,"valueName":"search_term_string"}}],"inLanguage":"fr-FR"}]}},"_links":{"self":[{"href":"https:\/\/www.usemb.nl\/fr\/wp-json\/wp\/v2\/pages\/109","targetHints":{"allow":["GET"]}}],"collection":[{"href":"https:\/\/www.usemb.nl\/fr\/wp-json\/wp\/v2\/pages"}],"about":[{"href":"https:\/\/www.usemb.nl\/fr\/wp-json\/wp\/v2\/types\/page"}],"author":[{"embeddable":true,"href":"https:\/\/www.usemb.nl\/fr\/wp-json\/wp\/v2\/users\/1"}],"replies":[{"embeddable":true,"href":"https:\/\/www.usemb.nl\/fr\/wp-json\/wp\/v2\/comments?post=109"}],"version-history":[{"count":16,"href":"https:\/\/www.usemb.nl\/fr\/wp-json\/wp\/v2\/pages\/109\/revisions"}],"predecessor-version":[{"id":637,"href":"https:\/\/www.usemb.nl\/fr\/wp-json\/wp\/v2\/pages\/109\/revisions\/637"}],"wp:attachment":[{"href":"https:\/\/www.usemb.nl\/fr\/wp-json\/wp\/v2\/media?parent=109"}],"curies":[{"name":"wp","href":"https:\/\/api.w.org\/{rel}","templated":true}]}}