{"id":107,"date":"2022-01-09T05:32:31","date_gmt":"2022-01-09T10:32:31","guid":{"rendered":"https:\/\/www.usemb.nl\/accueil\/"},"modified":"2025-04-07T14:46:44","modified_gmt":"2025-04-07T18:46:44","slug":"domicile","status":"publish","type":"page","link":"https:\/\/www.usemb.nl\/fr\/","title":{"rendered":"Accueil"},"content":{"rendered":"\t\t<div data-elementor-type=\"wp-page\" data-elementor-id=\"107\" class=\"elementor elementor-107 elementor-39\" data-elementor-post-type=\"page\">\n\t\t\t\t\t\t<section class=\"elementor-section elementor-top-section elementor-element elementor-element-0f7719f elementor-section-boxed elementor-section-height-default elementor-section-height-default\" data-id=\"0f7719f\" data-element_type=\"section\">\n\t\t\t\t\t\t<div class=\"elementor-container elementor-column-gap-default\">\n\t\t\t\t\t<div class=\"elementor-column elementor-col-100 elementor-top-column elementor-element elementor-element-c4cdb2c\" data-id=\"c4cdb2c\" data-element_type=\"column\">\n\t\t\t<div class=\"elementor-widget-wrap elementor-element-populated\">\n\t\t\t\t\t\t<div class=\"elementor-element elementor-element-5e446b2 elementor-widget elementor-widget-image\" data-id=\"5e446b2\" data-element_type=\"widget\" data-widget_type=\"image.default\">\n\t\t\t\t<div class=\"elementor-widget-container\">\n\t\t\t\t\t\t\t\t\t\t\t\t\t\t\t<img fetchpriority=\"high\" decoding=\"async\" width=\"2048\" height=\"318\" src=\"https:\/\/www.usemb.nl\/wp-content\/uploads\/2022\/05\/usa-visa-image.jpg\" class=\"attachment-full size-full wp-image-304\" alt=\"Visa am\u00e9ricain \u00c9tats-Unis\" srcset=\"https:\/\/www.usemb.nl\/wp-content\/uploads\/2022\/05\/usa-visa-image.jpg 2048w, https:\/\/www.usemb.nl\/wp-content\/uploads\/2022\/05\/usa-visa-image-300x47.jpg 300w, https:\/\/www.usemb.nl\/wp-content\/uploads\/2022\/05\/usa-visa-image-1024x159.jpg 1024w, https:\/\/www.usemb.nl\/wp-content\/uploads\/2022\/05\/usa-visa-image-768x119.jpg 768w, https:\/\/www.usemb.nl\/wp-content\/uploads\/2022\/05\/usa-visa-image-1536x239.jpg 1536w\" sizes=\"(max-width: 2048px) 100vw, 2048px\" \/>\t\t\t\t\t\t\t\t\t\t\t\t\t\t\t<\/div>\n\t\t\t\t<\/div>\n\t\t\t\t\t<\/div>\n\t\t<\/div>\n\t\t\t\t\t<\/div>\n\t\t<\/section>\n\t\t\t\t<section class=\"elementor-section elementor-top-section elementor-element elementor-element-bef3891 elementor-section-boxed elementor-section-height-default elementor-section-height-default\" data-id=\"bef3891\" data-element_type=\"section\">\n\t\t\t\t\t\t<div class=\"elementor-container elementor-column-gap-default\">\n\t\t\t\t\t<div class=\"elementor-column elementor-col-100 elementor-top-column elementor-element elementor-element-31ee7ae\" data-id=\"31ee7ae\" data-element_type=\"column\">\n\t\t\t<div class=\"elementor-widget-wrap elementor-element-populated\">\n\t\t\t\t\t\t<div class=\"elementor-element elementor-element-d91e52a elementor-widget elementor-widget-heading\" data-id=\"d91e52a\" data-element_type=\"widget\" data-widget_type=\"heading.default\">\n\t\t\t\t<div class=\"elementor-widget-container\">\n\t\t\t\t\t<h1 class=\"elementor-heading-title elementor-size-default\">Voyage aux \u00c9tats-Unis<\/h1>\t\t\t\t<\/div>\n\t\t\t\t<\/div>\n\t\t\t\t\t<\/div>\n\t\t<\/div>\n\t\t\t\t\t<\/div>\n\t\t<\/section>\n\t\t\t\t<section class=\"elementor-section elementor-top-section elementor-element elementor-element-71e9513 elementor-section-boxed elementor-section-height-default elementor-section-height-default\" data-id=\"71e9513\" data-element_type=\"section\">\n\t\t\t\t\t\t<div class=\"elementor-container elementor-column-gap-default\">\n\t\t\t\t\t<div class=\"elementor-column elementor-col-100 elementor-top-column elementor-element elementor-element-df07416\" data-id=\"df07416\" data-element_type=\"column\">\n\t\t\t<div class=\"elementor-widget-wrap elementor-element-populated\">\n\t\t\t\t\t\t<div class=\"elementor-element elementor-element-c1e32ad elementor-widget elementor-widget-text-editor\" data-id=\"c1e32ad\" data-element_type=\"widget\" data-widget_type=\"text-editor.default\">\n\t\t\t\t<div class=\"elementor-widget-container\">\n\t\t\t\t\t\t\t\t\t<p>Voyager aux \u00c9tats-Unis d&rsquo;Am\u00e9rique n\u00e9cessite de conna\u00eetre les derni\u00e8res exigences. Vous devez contacter l&rsquo;ambassade des \u00c9tats-Unis pour obtenir des informations actualis\u00e9es sur la situation. Les r\u00e9glementations relatives aux voyageurs \u00e9trangers aux \u00c9tats-Unis changent fr\u00e9quemment dans un court d\u00e9lai. <\/p>\t\t\t\t\t\t\t\t<\/div>\n\t\t\t\t<\/div>\n\t\t\t\t\t<\/div>\n\t\t<\/div>\n\t\t\t\t\t<\/div>\n\t\t<\/section>\n\t\t\t\t<section class=\"elementor-section elementor-top-section elementor-element elementor-element-907ce81 elementor-section-boxed elementor-section-height-default elementor-section-height-default\" data-id=\"907ce81\" data-element_type=\"section\">\n\t\t\t\t\t\t<div class=\"elementor-container elementor-column-gap-default\">\n\t\t\t\t\t<div class=\"elementor-column elementor-col-100 elementor-top-column elementor-element elementor-element-17535b7\" data-id=\"17535b7\" data-element_type=\"column\">\n\t\t\t<div class=\"elementor-widget-wrap elementor-element-populated\">\n\t\t\t\t\t\t<div class=\"elementor-element elementor-element-18fed13 elementor-widget elementor-widget-text-editor\" data-id=\"18fed13\" data-element_type=\"widget\" data-widget_type=\"text-editor.default\">\n\t\t\t\t<div class=\"elementor-widget-container\">\n\t\t\t\t\t\t\t\t\t<h2>L&rsquo;ambassade des \u00c9tats-Unis<\/h2><p>L&rsquo;ambassade <span style=\"text-decoration: underline;\"><a href=\"https:\/\/nl.usembassy.gov\/\">Ambassade des Etats-Unis<\/a><\/span> est responsable des relations entre les Etats-Unis et les Pays-Bas. L&rsquo;<span style=\"color: var( --e-global-color-text ); font-family: var( --e-global-typography-text-font-family ), Sans-serif; font-weight: var( --e-global-typography-text-font-weight ); font-size: 1rem;\">ambassade des \u00c9tats-Unis est pr\u00e9sente dans tous les pays de l&rsquo;UE en tant que partenaire international fort pour les objectifs \u00e9conomiques.<\/span><\/p><p>L&rsquo;ambassade am\u00e9ricaine \u00e0 La Haye n&rsquo;a pas de section consulaire. Il y a un consulat am\u00e9ricain \u00e0 Amsterdam qui fournit des services \u00e0 la population am\u00e9ricaine aux Pays-Bas.<\/p>\t\t\t\t\t\t\t\t<\/div>\n\t\t\t\t<\/div>\n\t\t\t\t\t<\/div>\n\t\t<\/div>\n\t\t\t\t\t<\/div>\n\t\t<\/section>\n\t\t\t\t<section class=\"elementor-section elementor-top-section elementor-element elementor-element-6ad2359 elementor-section-boxed elementor-section-height-default elementor-section-height-default\" data-id=\"6ad2359\" data-element_type=\"section\">\n\t\t\t\t\t\t<div class=\"elementor-container elementor-column-gap-default\">\n\t\t\t\t\t<div class=\"elementor-column elementor-col-50 elementor-top-column elementor-element elementor-element-c3f4328\" data-id=\"c3f4328\" data-element_type=\"column\">\n\t\t\t<div class=\"elementor-widget-wrap elementor-element-populated\">\n\t\t\t\t\t\t<div class=\"elementor-element elementor-element-ce0de21 elementor-widget elementor-widget-text-editor\" data-id=\"ce0de21\" data-element_type=\"widget\" data-widget_type=\"text-editor.default\">\n\t\t\t\t<div class=\"elementor-widget-container\">\n\t\t\t\t\t\t\t\t\t<h2>Ambassade des \u00c9tats-Unis aux Pays-Bas<\/h2><p>L&rsquo;<strong>ambassade des \u00c9tats-Unis aux Pays-Bas<\/strong>, situ\u00e9e \u00e0 La Haye, est un point de contact essentiel pour les citoyens n\u00e9erlandais et les ressortissants am\u00e9ricains r\u00e9sidant ou visitant les Pays-Bas. Ce site Web fournit des informations d\u00e9taill\u00e9es sur les services de l&rsquo;ambassade, les conditions de voyage aux \u00c9tats-Unis et les relations historiques entre les Pays-Bas et les \u00c9tats-Unis. <\/p>\t\t\t\t\t\t\t\t<\/div>\n\t\t\t\t<\/div>\n\t\t\t\t\t<\/div>\n\t\t<\/div>\n\t\t\t\t<div class=\"elementor-column elementor-col-50 elementor-top-column elementor-element elementor-element-e48fb14\" data-id=\"e48fb14\" data-element_type=\"column\">\n\t\t\t<div class=\"elementor-widget-wrap elementor-element-populated\">\n\t\t\t\t\t\t<div class=\"elementor-element elementor-element-6454c44 elementor-widget elementor-widget-text-editor\" data-id=\"6454c44\" data-element_type=\"widget\" data-widget_type=\"text-editor.default\">\n\t\t\t\t<div class=\"elementor-widget-container\">\n\t\t\t\t\t\t\t\t\t<h2>Localisation et coordonn\u00e9es<\/h2><p>L&rsquo;ambassade des Etats-Unis aux Pays-Bas est situ\u00e9e \u00e0 La Haye.<\/p><ul><li><strong>Adresse<\/strong>: John Adams Park 1, 2244 BZ, Wassenaar.<\/li><li><strong>T\u00e9l\u00e9phone<\/strong>: +31 70 310 2209 : +31 70 310 2209.<\/li><li><strong>Courriel<\/strong>: Contact via le site web officiel.<\/li><li><strong>Site web<\/strong>: Visitez le <span style=\"text-decoration: underline;\"><a href=\"https:\/\/nl.usembassy.gov\/\" target=\"_new\" rel=\"noopener\">site officiel de l&rsquo;ambassade des \u00c9tats-Unis<\/a><\/span> pour obtenir les derni\u00e8res mises \u00e0 jour.<\/li><\/ul><h2>Heures d&rsquo;ouverture<\/h2><ul><li>Du lundi au vendredi : de 8h30 \u00e0 17h.<\/li><li>Ferm\u00e9 le week-end et les jours f\u00e9ri\u00e9s officiels aux \u00c9tats-Unis et aux Pays-Bas.<\/li><\/ul>\t\t\t\t\t\t\t\t<\/div>\n\t\t\t\t<\/div>\n\t\t\t\t\t<\/div>\n\t\t<\/div>\n\t\t\t\t\t<\/div>\n\t\t<\/section>\n\t\t\t\t<section class=\"elementor-section elementor-top-section elementor-element elementor-element-ae80f05 elementor-section-boxed elementor-section-height-default elementor-section-height-default\" data-id=\"ae80f05\" data-element_type=\"section\">\n\t\t\t\t\t\t<div class=\"elementor-container elementor-column-gap-default\">\n\t\t\t\t\t<div class=\"elementor-column elementor-col-100 elementor-top-column elementor-element elementor-element-48ceb10\" data-id=\"48ceb10\" data-element_type=\"column\">\n\t\t\t<div class=\"elementor-widget-wrap elementor-element-populated\">\n\t\t\t\t\t\t<div class=\"elementor-element elementor-element-cba6da5 elementor-widget elementor-widget-heading\" data-id=\"cba6da5\" data-element_type=\"widget\" data-widget_type=\"heading.default\">\n\t\t\t\t<div class=\"elementor-widget-container\">\n\t\t\t\t\t<h2 class=\"elementor-heading-title elementor-size-default\">Services offerts par l'ambassade des \u00c9tats-Unis<\/h2>\t\t\t\t<\/div>\n\t\t\t\t<\/div>\n\t\t\t\t\t<\/div>\n\t\t<\/div>\n\t\t\t\t\t<\/div>\n\t\t<\/section>\n\t\t\t\t<section class=\"elementor-section elementor-top-section elementor-element elementor-element-5e528fb elementor-section-boxed elementor-section-height-default elementor-section-height-default\" data-id=\"5e528fb\" data-element_type=\"section\">\n\t\t\t\t\t\t<div class=\"elementor-container elementor-column-gap-default\">\n\t\t\t\t\t<div class=\"elementor-column elementor-col-100 elementor-top-column elementor-element elementor-element-c53100a\" data-id=\"c53100a\" data-element_type=\"column\">\n\t\t\t<div class=\"elementor-widget-wrap elementor-element-populated\">\n\t\t\t\t\t\t<div class=\"elementor-element elementor-element-d1f17e9 elementor-widget elementor-widget-text-editor\" data-id=\"d1f17e9\" data-element_type=\"widget\" data-widget_type=\"text-editor.default\">\n\t\t\t\t<div class=\"elementor-widget-container\">\n\t\t\t\t\t\t\t\t\t<p>  L&rsquo;ambassade offre un large \u00e9ventail de services aux citoyens am\u00e9ricains et aux ressortissants n\u00e9erlandais :<\/p><h3><strong>1. Services pour les citoyens am\u00e9ricains<\/strong><\/h3><ul><li><strong>Services de passeport<\/strong>: Renouvelez ou remplacez votre passeport am\u00e9ricain.<\/li><li><strong>Services notariaux<\/strong>: Notarisation de documents juridiques.<\/li><li><strong>Assistance d&rsquo;urgence<\/strong>: Soutien aux ressortissants am\u00e9ricains en d\u00e9tresse.<\/li><\/ul><h3> <\/h3><h3><strong>2. Services de visa pour les ressortissants n\u00e9erlandais<\/strong><\/h3><p>L&rsquo;ambassade traite les demandes de visa pour les personnes qui se rendent aux \u00c9tats-Unis pour.. :<\/p><ul><li><a href=\"https:\/\/www.usemb.nl\/fr\/services-de-visa-pour-les-ressortissants-neerlandais-a-lambassade-des-etats-unis-aux-pays-bas\/\">Visas B1\/B2 de tourisme ou d&rsquo;affaires.<\/a><\/li><li><strong>Travail ou \u00e9tudes<\/strong>: Y compris les visas H-1B, F-1 et J-1.<\/li><li><strong>Visas d&rsquo;immigration<\/strong>: Pour les personnes qui s&rsquo;installent de mani\u00e8re permanente aux \u00c9tats-Unis.<\/li><\/ul><div><br>Il est \u00e9galement possible de <a href=\"https:\/\/www.usemb.nl\/fr\/renouveler-la-visite-des-etats-unis-aux-pays-bas\/\">renouveler un visa am\u00e9ricain depuis les Pays-Bas<\/a>.<\/div><div> <\/div><h3><strong>3. Programmes \u00e9ducatifs et culturels<\/strong><\/h3><ul><li>Bourses d&rsquo;\u00e9tudes et programmes d&rsquo;\u00e9change comme <strong>Fulbright<\/strong>.<\/li><li>Soutien aux collaborations culturelles entre les \u00c9tats-Unis et les Pays-Bas.<\/li><\/ul>\t\t\t\t\t\t\t\t<\/div>\n\t\t\t\t<\/div>\n\t\t\t\t\t<\/div>\n\t\t<\/div>\n\t\t\t\t\t<\/div>\n\t\t<\/section>\n\t\t\t\t<section class=\"elementor-section elementor-top-section elementor-element elementor-element-0a852d1 elementor-section-boxed elementor-section-height-default elementor-section-height-default\" data-id=\"0a852d1\" data-element_type=\"section\">\n\t\t\t\t\t\t<div class=\"elementor-container elementor-column-gap-default\">\n\t\t\t\t\t<div class=\"elementor-column elementor-col-100 elementor-top-column elementor-element elementor-element-81f6366\" data-id=\"81f6366\" data-element_type=\"column\">\n\t\t\t<div class=\"elementor-widget-wrap elementor-element-populated\">\n\t\t\t\t\t\t<div class=\"elementor-element elementor-element-65d49dd elementor-widget elementor-widget-heading\" data-id=\"65d49dd\" data-element_type=\"widget\" data-widget_type=\"heading.default\">\n\t\t\t\t<div class=\"elementor-widget-container\">\n\t\t\t\t\t<h2 class=\"elementor-heading-title elementor-size-default\">Histoire des relations entre les \u00c9tats-Unis et les Pays-Bas<\/h2>\t\t\t\t<\/div>\n\t\t\t\t<\/div>\n\t\t\t\t\t<\/div>\n\t\t<\/div>\n\t\t\t\t\t<\/div>\n\t\t<\/section>\n\t\t\t\t<section class=\"elementor-section elementor-top-section elementor-element elementor-element-8edf6bf elementor-section-boxed elementor-section-height-default elementor-section-height-default\" data-id=\"8edf6bf\" data-element_type=\"section\">\n\t\t\t\t\t\t<div class=\"elementor-container elementor-column-gap-default\">\n\t\t\t\t\t<div class=\"elementor-column elementor-col-100 elementor-top-column elementor-element elementor-element-692661e\" data-id=\"692661e\" data-element_type=\"column\">\n\t\t\t<div class=\"elementor-widget-wrap elementor-element-populated\">\n\t\t\t\t\t\t<div class=\"elementor-element elementor-element-2c84039 elementor-widget elementor-widget-text-editor\" data-id=\"2c84039\" data-element_type=\"widget\" data-widget_type=\"text-editor.default\">\n\t\t\t\t<div class=\"elementor-widget-container\">\n\t\t\t\t\t\t\t\t\t<p>Le partenariat entre les \u00c9tats-Unis et les Pays-Bas trouve son origine dans la R\u00e9volution am\u00e9ricaine, au cours de laquelle les Pays-Bas ont offert leur soutien.<\/p>\n<p>Les relations diplomatiques entre les deux pays ont \u00e9t\u00e9 officiellement \u00e9tablies en 1782, ce qui en fait l&rsquo;une des plus anciennes relations bilat\u00e9rales ininterrompues des \u00c9tats-Unis.\nCes liens solides reposent sur une histoire et une culture communes, ainsi que sur un engagement mutuel en faveur de la libert\u00e9 individuelle et des droits de l&rsquo;homme. <\/p>\n<p>Les \u00c9tats-Unis et les Pays-Bas ont des points de vue similaires sur de nombreuses questions cl\u00e9s et collaborent tant au niveau bilat\u00e9ral qu&rsquo;au sein d&rsquo;organisations internationales telles que l&rsquo;Organisation des Nations unies (ONU) et l&rsquo;Organisation du trait\u00e9 de l&rsquo;Atlantique Nord (OTAN).<\/p>\t\t\t\t\t\t\t\t<\/div>\n\t\t\t\t<\/div>\n\t\t\t\t\t<\/div>\n\t\t<\/div>\n\t\t\t\t\t<\/div>\n\t\t<\/section>\n\t\t\t\t<section class=\"elementor-section elementor-top-section elementor-element elementor-element-1922d4d elementor-section-boxed elementor-section-height-default elementor-section-height-default\" data-id=\"1922d4d\" data-element_type=\"section\">\n\t\t\t\t\t\t<div class=\"elementor-container elementor-column-gap-default\">\n\t\t\t\t\t<div class=\"elementor-column elementor-col-100 elementor-top-column elementor-element elementor-element-06748f3\" data-id=\"06748f3\" data-element_type=\"column\">\n\t\t\t<div class=\"elementor-widget-wrap elementor-element-populated\">\n\t\t\t\t\t\t<div class=\"elementor-element elementor-element-482ff2a elementor-widget elementor-widget-heading\" data-id=\"482ff2a\" data-element_type=\"widget\" data-widget_type=\"heading.default\">\n\t\t\t\t<div class=\"elementor-widget-container\">\n\t\t\t\t\t<h2 class=\"elementor-heading-title elementor-size-default\">Modifications des r\u00e8gles de voyage entre les \u00c9tats-Unis et les Pays-Bas<\/h2>\t\t\t\t<\/div>\n\t\t\t\t<\/div>\n\t\t\t\t\t<\/div>\n\t\t<\/div>\n\t\t\t\t\t<\/div>\n\t\t<\/section>\n\t\t\t\t<section class=\"elementor-section elementor-top-section elementor-element elementor-element-a710781 elementor-section-boxed elementor-section-height-default elementor-section-height-default\" data-id=\"a710781\" data-element_type=\"section\">\n\t\t\t\t\t\t<div class=\"elementor-container elementor-column-gap-default\">\n\t\t\t\t\t<div class=\"elementor-column elementor-col-100 elementor-top-column elementor-element elementor-element-9a8705b\" data-id=\"9a8705b\" data-element_type=\"column\">\n\t\t\t<div class=\"elementor-widget-wrap elementor-element-populated\">\n\t\t\t\t\t\t<div class=\"elementor-element elementor-element-806f117 elementor-widget elementor-widget-text-editor\" data-id=\"806f117\" data-element_type=\"widget\" data-widget_type=\"text-editor.default\">\n\t\t\t\t<div class=\"elementor-widget-container\">\n\t\t\t\t\t\t\t\t\t<p>\u00c0 partir de la fin de l&rsquo;ann\u00e9e 2025, les citoyens am\u00e9ricains devront obtenir une <a href=\"https:\/\/etias-eu.net\/fr\/etias-pays-bas\/\">autorisation ETIAS avant de se rendre aux Pays-Bas<\/a>. Alors que les Am\u00e9ricains b\u00e9n\u00e9ficient traditionnellement d&rsquo;une exemption de visa pour les s\u00e9jours de courte dur\u00e9e, le syst\u00e8me ETIAS introduira une nouvelle proc\u00e9dure de contr\u00f4le pr\u00e9alable, similaire \u00e0 celle que les \u00c9tats-Unis appliquent depuis des ann\u00e9es avec l&rsquo;ESTA (Electronic System for Travel Authorization). <\/p><p>Ce changement refl\u00e8te l&rsquo;approche r\u00e9ciproque adopt\u00e9e par l&rsquo;UE en mati\u00e8re de s\u00e9curit\u00e9 des voyages. Depuis 2009, les voyageurs europ\u00e9ens doivent demander une ESTA avant de se rendre aux \u00c9tats-Unis. D\u00e9sormais, les Am\u00e9ricains devront \u00e9galement s&rsquo;inscrire en ligne avant leur voyage, payer une somme modique et obtenir une autorisation avant d&#8217;embarquer pour les Pays-Bas ou tout autre pays de l&rsquo;espace Schengen.  <\/p><p>Bien que l&rsquo;ETIAS ne soit pas un visa, il sera obligatoire pour tous les visiteurs de court s\u00e9jour en provenance de pays exempt\u00e9s de visa. Pour les touristes am\u00e9ricains, les voyageurs d&rsquo;affaires ou ceux qui rendent visite \u00e0 des amis ou \u00e0 de la famille aux Pays-Bas, cela signifie qu&rsquo;il faut planifier \u00e0 l&rsquo;avance et s&rsquo;assurer de l&rsquo;approbation de l&rsquo;ETIAS avant le d\u00e9part. La proc\u00e9dure devrait \u00eatre rapide et valable pour des entr\u00e9es multiples sur une p\u00e9riode de trois ans.  <\/p>\t\t\t\t\t\t\t\t<\/div>\n\t\t\t\t<\/div>\n\t\t\t\t\t<\/div>\n\t\t<\/div>\n\t\t\t\t\t<\/div>\n\t\t<\/section>\n\t\t\t\t<\/div>\n\t\t","protected":false},"excerpt":{"rendered":"<p>Voyage aux \u00c9tats-Unis Voyager aux \u00c9tats-Unis d&rsquo;Am\u00e9rique n\u00e9cessite de conna\u00eetre les derni\u00e8res exigences. Vous devez contacter l&rsquo;ambassade des \u00c9tats-Unis pour obtenir des informations actualis\u00e9es sur la situation. Les r\u00e9glementations relatives aux voyageurs \u00e9trangers aux \u00c9tats-Unis changent fr\u00e9quemment dans un court d\u00e9lai. L&rsquo;ambassade des \u00c9tats-Unis L&rsquo;ambassade Ambassade des Etats-Unis est responsable des relations entre les Etats-Unis [&hellip;]<\/p>\n","protected":false},"author":1,"featured_media":0,"parent":0,"menu_order":0,"comment_status":"closed","ping_status":"closed","template":"","meta":{"footnotes":""},"class_list":["post-107","page","type-page","status-publish","hentry"],"yoast_head":"<!-- This site is optimized with the Yoast SEO plugin v26.2 - https:\/\/yoast.com\/wordpress\/plugins\/seo\/ -->\n<title>Accueil - USA<\/title>\n<meta name=\"robots\" content=\"index, follow, max-snippet:-1, max-image-preview:large, max-video-preview:-1\" \/>\n<link rel=\"canonical\" href=\"https:\/\/www.usemb.nl\/fr\/\" \/>\n<meta property=\"og:locale\" content=\"fr_FR\" \/>\n<meta property=\"og:type\" content=\"article\" \/>\n<meta property=\"og:title\" content=\"Accueil - USA\" \/>\n<meta property=\"og:description\" content=\"Voyage aux \u00c9tats-Unis Voyager aux \u00c9tats-Unis d&rsquo;Am\u00e9rique n\u00e9cessite de conna\u00eetre les derni\u00e8res exigences. Vous devez contacter l&rsquo;ambassade des \u00c9tats-Unis pour obtenir des informations actualis\u00e9es sur la situation. Les r\u00e9glementations relatives aux voyageurs \u00e9trangers aux \u00c9tats-Unis changent fr\u00e9quemment dans un court d\u00e9lai. L&rsquo;ambassade des \u00c9tats-Unis L&rsquo;ambassade Ambassade des Etats-Unis est responsable des relations entre les Etats-Unis [&hellip;]\" \/>\n<meta property=\"og:url\" content=\"https:\/\/www.usemb.nl\/fr\/\" \/>\n<meta property=\"og:site_name\" content=\"USA\" \/>\n<meta property=\"article:modified_time\" content=\"2025-04-07T18:46:44+00:00\" \/>\n<meta property=\"og:image\" content=\"https:\/\/www.usemb.nl\/wp-content\/uploads\/2022\/05\/usa-visa-image.jpg\" \/>\n<meta name=\"twitter:card\" content=\"summary_large_image\" \/>\n<meta name=\"twitter:label1\" content=\"Dur\u00e9e de lecture estim\u00e9e\" \/>\n\t<meta name=\"twitter:data1\" content=\"4 minutes\" \/>\n<script type=\"application\/ld+json\" class=\"yoast-schema-graph\">{\"@context\":\"https:\/\/schema.org\",\"@graph\":[{\"@type\":\"WebPage\",\"@id\":\"https:\/\/www.usemb.nl\/fr\/\",\"url\":\"https:\/\/www.usemb.nl\/fr\/\",\"name\":\"Accueil - USA\",\"isPartOf\":{\"@id\":\"https:\/\/www.usemb.nl\/fr\/#website\"},\"primaryImageOfPage\":{\"@id\":\"https:\/\/www.usemb.nl\/fr\/#primaryimage\"},\"image\":{\"@id\":\"https:\/\/www.usemb.nl\/fr\/#primaryimage\"},\"thumbnailUrl\":\"https:\/\/www.usemb.nl\/wp-content\/uploads\/2022\/05\/usa-visa-image.jpg\",\"datePublished\":\"2022-01-09T10:32:31+00:00\",\"dateModified\":\"2025-04-07T18:46:44+00:00\",\"breadcrumb\":{\"@id\":\"https:\/\/www.usemb.nl\/fr\/#breadcrumb\"},\"inLanguage\":\"fr-FR\",\"potentialAction\":[{\"@type\":\"ReadAction\",\"target\":[\"https:\/\/www.usemb.nl\/fr\/\"]}]},{\"@type\":\"ImageObject\",\"inLanguage\":\"fr-FR\",\"@id\":\"https:\/\/www.usemb.nl\/fr\/#primaryimage\",\"url\":\"https:\/\/www.usemb.nl\/wp-content\/uploads\/2022\/05\/usa-visa-image.jpg\",\"contentUrl\":\"https:\/\/www.usemb.nl\/wp-content\/uploads\/2022\/05\/usa-visa-image.jpg\"},{\"@type\":\"BreadcrumbList\",\"@id\":\"https:\/\/www.usemb.nl\/fr\/#breadcrumb\",\"itemListElement\":[{\"@type\":\"ListItem\",\"position\":1,\"name\":\"Home\",\"item\":\"https:\/\/www.usemb.nl\/fr\/\"},{\"@type\":\"ListItem\",\"position\":2,\"name\":\"Accueil\"}]},{\"@type\":\"WebSite\",\"@id\":\"https:\/\/www.usemb.nl\/fr\/#website\",\"url\":\"https:\/\/www.usemb.nl\/fr\/\",\"name\":\"USA\",\"description\":\"United States of America\",\"potentialAction\":[{\"@type\":\"SearchAction\",\"target\":{\"@type\":\"EntryPoint\",\"urlTemplate\":\"https:\/\/www.usemb.nl\/fr\/?s={search_term_string}\"},\"query-input\":{\"@type\":\"PropertyValueSpecification\",\"valueRequired\":true,\"valueName\":\"search_term_string\"}}],\"inLanguage\":\"fr-FR\"}]}<\/script>\n<!-- \/ Yoast SEO plugin. -->","yoast_head_json":{"title":"Accueil - USA","robots":{"index":"index","follow":"follow","max-snippet":"max-snippet:-1","max-image-preview":"max-image-preview:large","max-video-preview":"max-video-preview:-1"},"canonical":"https:\/\/www.usemb.nl\/fr\/","og_locale":"fr_FR","og_type":"article","og_title":"Accueil - USA","og_description":"Voyage aux \u00c9tats-Unis Voyager aux \u00c9tats-Unis d&rsquo;Am\u00e9rique n\u00e9cessite de conna\u00eetre les derni\u00e8res exigences. Vous devez contacter l&rsquo;ambassade des \u00c9tats-Unis pour obtenir des informations actualis\u00e9es sur la situation. Les r\u00e9glementations relatives aux voyageurs \u00e9trangers aux \u00c9tats-Unis changent fr\u00e9quemment dans un court d\u00e9lai. L&rsquo;ambassade des \u00c9tats-Unis L&rsquo;ambassade Ambassade des Etats-Unis est responsable des relations entre les Etats-Unis [&hellip;]","og_url":"https:\/\/www.usemb.nl\/fr\/","og_site_name":"USA","article_modified_time":"2025-04-07T18:46:44+00:00","og_image":[{"url":"https:\/\/www.usemb.nl\/wp-content\/uploads\/2022\/05\/usa-visa-image.jpg","type":"","width":"","height":""}],"twitter_card":"summary_large_image","twitter_misc":{"Dur\u00e9e de lecture estim\u00e9e":"4 minutes"},"schema":{"@context":"https:\/\/schema.org","@graph":[{"@type":"WebPage","@id":"https:\/\/www.usemb.nl\/fr\/","url":"https:\/\/www.usemb.nl\/fr\/","name":"Accueil - USA","isPartOf":{"@id":"https:\/\/www.usemb.nl\/fr\/#website"},"primaryImageOfPage":{"@id":"https:\/\/www.usemb.nl\/fr\/#primaryimage"},"image":{"@id":"https:\/\/www.usemb.nl\/fr\/#primaryimage"},"thumbnailUrl":"https:\/\/www.usemb.nl\/wp-content\/uploads\/2022\/05\/usa-visa-image.jpg","datePublished":"2022-01-09T10:32:31+00:00","dateModified":"2025-04-07T18:46:44+00:00","breadcrumb":{"@id":"https:\/\/www.usemb.nl\/fr\/#breadcrumb"},"inLanguage":"fr-FR","potentialAction":[{"@type":"ReadAction","target":["https:\/\/www.usemb.nl\/fr\/"]}]},{"@type":"ImageObject","inLanguage":"fr-FR","@id":"https:\/\/www.usemb.nl\/fr\/#primaryimage","url":"https:\/\/www.usemb.nl\/wp-content\/uploads\/2022\/05\/usa-visa-image.jpg","contentUrl":"https:\/\/www.usemb.nl\/wp-content\/uploads\/2022\/05\/usa-visa-image.jpg"},{"@type":"BreadcrumbList","@id":"https:\/\/www.usemb.nl\/fr\/#breadcrumb","itemListElement":[{"@type":"ListItem","position":1,"name":"Home","item":"https:\/\/www.usemb.nl\/fr\/"},{"@type":"ListItem","position":2,"name":"Accueil"}]},{"@type":"WebSite","@id":"https:\/\/www.usemb.nl\/fr\/#website","url":"https:\/\/www.usemb.nl\/fr\/","name":"USA","description":"United States of America","potentialAction":[{"@type":"SearchAction","target":{"@type":"EntryPoint","urlTemplate":"https:\/\/www.usemb.nl\/fr\/?s={search_term_string}"},"query-input":{"@type":"PropertyValueSpecification","valueRequired":true,"valueName":"search_term_string"}}],"inLanguage":"fr-FR"}]}},"_links":{"self":[{"href":"https:\/\/www.usemb.nl\/fr\/wp-json\/wp\/v2\/pages\/107","targetHints":{"allow":["GET"]}}],"collection":[{"href":"https:\/\/www.usemb.nl\/fr\/wp-json\/wp\/v2\/pages"}],"about":[{"href":"https:\/\/www.usemb.nl\/fr\/wp-json\/wp\/v2\/types\/page"}],"author":[{"embeddable":true,"href":"https:\/\/www.usemb.nl\/fr\/wp-json\/wp\/v2\/users\/1"}],"replies":[{"embeddable":true,"href":"https:\/\/www.usemb.nl\/fr\/wp-json\/wp\/v2\/comments?post=107"}],"version-history":[{"count":14,"href":"https:\/\/www.usemb.nl\/fr\/wp-json\/wp\/v2\/pages\/107\/revisions"}],"predecessor-version":[{"id":895,"href":"https:\/\/www.usemb.nl\/fr\/wp-json\/wp\/v2\/pages\/107\/revisions\/895"}],"wp:attachment":[{"href":"https:\/\/www.usemb.nl\/fr\/wp-json\/wp\/v2\/media?parent=107"}],"curies":[{"name":"wp","href":"https:\/\/api.w.org\/{rel}","templated":true}]}}