{"id":151,"date":"2022-03-07T09:52:48","date_gmt":"2022-03-07T14:52:48","guid":{"rendered":"https:\/\/www.usemb.nl\/viajar-a-los-estados-unidos\/"},"modified":"2025-01-30T03:45:00","modified_gmt":"2025-01-30T08:45:00","slug":"viajar-a-los-estados-unidos","status":"publish","type":"page","link":"https:\/\/www.usemb.nl\/es\/viajar-a-los-estados-unidos\/","title":{"rendered":"\u00bfQu\u00e9 es ESTA?"},"content":{"rendered":"\n<h1 class=\"wp-block-heading\">Sistema Electr\u00f3nico de Autorizaci\u00f3n de Viaje<\/h1>\n\n<p>El ESTA es una autorizaci\u00f3n electr\u00f3nica de viaje para entrar en Estados Unidos. Es obligatorio si llega por mar o por avi\u00f3n, incluso en tr\u00e1nsito por los Estados Unidos. Esta solicitud se puso en marcha para facilitar los tr\u00e1mites de entrada en Estados Unidos a los nacionales de los 41 pa\u00edses miembros del Programa de Exenci\u00f3n de Visado.<\/p>\n\n<p>Las solicitudes ESTA son responsabilidad del <a href=\"https:\/\/www.dhs.gov\/\">Departamento de Seguridad Nacional<\/a> (DHS), que gestiona la seguridad interna de Estados Unidos. Por otro lado, a pesar de su autorizaci\u00f3n ESTA validada por el DHS, solo la aduana al bajar del avi\u00f3n puede permitirle ingresar a territorio estadounidense.<\/p>\n\n<h2 class=\"wp-block-heading\">Per\u00edodo de validez ESTA<\/h2>\n\n<p>La <a href=\"https:\/\/www.usemb.nl\/es\/lo-basico-sobre-esta\/\" data-type=\"page\" data-id=\"88\">autorizaci\u00f3n ESTA<\/a> es v\u00e1lida por dos a\u00f1os a partir de la fecha de emisi\u00f3n. Por otro lado, se compromete a informar de cualquier cambio en su situaci\u00f3n durante el per\u00edodo de 2 a\u00f1os, en particular en caso de cambio de estado civil, antecedentes legales y m\u00e9dicos. Si la validez de tu pasaporte expira durante estos dos a\u00f1os, tu autorizaci\u00f3n caduca, por lo que deber\u00e1s presentar una nueva solicitud. <\/p>\n\n<p>No se asuste si su autorizaci\u00f3n ESTA caduca durante su viaje, podr\u00e1 terminar y regresar a casa porque la autorizaci\u00f3n solo se requiere para ingresar a territorio estadounidense pero no para salir de \u00e9l.<\/p>\n\n<p>Tenga cuidado, incluso si su autorizaci\u00f3n ESTA es v\u00e1lida por dos a\u00f1os, no puede permanecer m\u00e1s de 90 d\u00edas en los Estados Unidos. Tambi\u00e9n tenga en cuenta que si no est\u00e1 en posesi\u00f3n de un ESTA v\u00e1lido en el aeropuerto el d\u00eda de su salida, su tarjeta de embarque no podr\u00e1 editarse y no podr\u00e1 abordar el avi\u00f3n.<\/p>\n\n<p>Si deseas permanecer m\u00e1s de 90 d\u00edas, tienes que solicitar un visado estadounidense. Si quieres vivir permanentemente en EE.UU., debes solicitar una Tarjeta Verde estadounidense.<\/p>\n\n<h2 class=\"wp-block-heading\">\u00bfEl ESTA preocupa a los ni\u00f1os?<\/h2>\n\n<p>La solicitud ESTA afecta a todos los nacionales del VWP, independientemente de su edad. Por lo tanto, los ni\u00f1os menores tambi\u00e9n est\u00e1n afectados y deben estar en posesi\u00f3n de una autorizaci\u00f3n de viaje. Tenga en cuenta que para el padre que no lleva el mismo nombre que el ni\u00f1o con el que viaja, debe tener el libro de familia. Con respecto a los viajes escolares, tambi\u00e9n debe estar en posesi\u00f3n del viajero una autorizaci\u00f3n espec\u00edfica.<\/p>\n\n<h2 class=\"wp-block-heading\">C\u00f3mo solicitar ESTA<\/h2>\n\n<p>No hay necesidad de venir a la embajada para aplicar. Para garantizar un tratamiento eficiente y r\u00e1pido, el proceso solo se realiza a trav\u00e9s de Internet en <a href=\"https:\/\/esta.cbp.dhs.gov\/\">https:\/\/esta.cbp.dhs.gov\/<\/a>.<\/p>\n\n<h2 class=\"wp-block-heading\">\u00bfCu\u00e1l es el precio de ESTA<\/h2>\n\n<p>El coste de la tramitaci\u00f3n de la solicitud ESTA es de 21 $. Estos costos se dividen en dos partes:<\/p>\n\n<ul class=\"wp-block-list\">\n<li>Tarifa de procesamiento de $4 para todos los viajeros que presenten un reclamo;<\/li>\n\n\n\n<li>Tasa de promoci\u00f3n US Travel de 17 $ para todos los viajeros que obtengan un ESTA.<\/li>\n<\/ul>\n\n<p>Si su solicitud es denegada, se le reembolsar\u00e1n 17 d\u00f3lares.<\/p>\n\n<h2 class=\"wp-block-heading\">C\u00f3mo pagar mi solicitud ESTA<\/h2>\n\n<p>La solicitud ESTA es 100% electr\u00f3nica, por lo que el pago debe realizarse con tarjeta de cr\u00e9dito en el sitio seguro. Este enfoque desmaterializado tiene como objetivo garantizar un procesamiento r\u00e1pido.<\/p>\n","protected":false},"excerpt":{"rendered":"<p>Sistema Electr\u00f3nico de Autorizaci\u00f3n de Viaje El ESTA es una autorizaci\u00f3n electr\u00f3nica de viaje para entrar en Estados Unidos. Es obligatorio si llega por mar o por avi\u00f3n, incluso en tr\u00e1nsito por los Estados Unidos. Esta solicitud se puso en marcha para facilitar los tr\u00e1mites de entrada en Estados Unidos a los nacionales de los [&hellip;]<\/p>\n","protected":false},"author":1,"featured_media":0,"parent":0,"menu_order":0,"comment_status":"closed","ping_status":"closed","template":"","meta":{"footnotes":""},"class_list":["post-151","page","type-page","status-publish","hentry"],"yoast_head":"<!-- This site is optimized with the Yoast SEO plugin v26.2 - https:\/\/yoast.com\/wordpress\/plugins\/seo\/ -->\n<title>\u00bfQu\u00e9 es ESTA? - USA<\/title>\n<meta name=\"robots\" content=\"index, follow, max-snippet:-1, max-image-preview:large, max-video-preview:-1\" \/>\n<link rel=\"canonical\" href=\"https:\/\/www.usemb.nl\/es\/viajar-a-los-estados-unidos\/\" \/>\n<meta property=\"og:locale\" content=\"es_ES\" \/>\n<meta property=\"og:type\" content=\"article\" \/>\n<meta property=\"og:title\" content=\"\u00bfQu\u00e9 es ESTA? - USA\" \/>\n<meta property=\"og:description\" content=\"Sistema Electr\u00f3nico de Autorizaci\u00f3n de Viaje El ESTA es una autorizaci\u00f3n electr\u00f3nica de viaje para entrar en Estados Unidos. Es obligatorio si llega por mar o por avi\u00f3n, incluso en tr\u00e1nsito por los Estados Unidos. Esta solicitud se puso en marcha para facilitar los tr\u00e1mites de entrada en Estados Unidos a los nacionales de los [&hellip;]\" \/>\n<meta property=\"og:url\" content=\"https:\/\/www.usemb.nl\/es\/viajar-a-los-estados-unidos\/\" \/>\n<meta property=\"og:site_name\" content=\"USA\" \/>\n<meta property=\"article:modified_time\" content=\"2025-01-30T08:45:00+00:00\" \/>\n<meta name=\"twitter:card\" content=\"summary_large_image\" \/>\n<meta name=\"twitter:label1\" content=\"Tiempo de lectura\" \/>\n\t<meta name=\"twitter:data1\" content=\"3 minutos\" \/>\n<script type=\"application\/ld+json\" class=\"yoast-schema-graph\">{\"@context\":\"https:\/\/schema.org\",\"@graph\":[{\"@type\":\"WebPage\",\"@id\":\"https:\/\/www.usemb.nl\/es\/viajar-a-los-estados-unidos\/\",\"url\":\"https:\/\/www.usemb.nl\/es\/viajar-a-los-estados-unidos\/\",\"name\":\"\u00bfQu\u00e9 es ESTA? - USA\",\"isPartOf\":{\"@id\":\"https:\/\/www.usemb.nl\/es\/#website\"},\"datePublished\":\"2022-03-07T14:52:48+00:00\",\"dateModified\":\"2025-01-30T08:45:00+00:00\",\"breadcrumb\":{\"@id\":\"https:\/\/www.usemb.nl\/es\/viajar-a-los-estados-unidos\/#breadcrumb\"},\"inLanguage\":\"es\",\"potentialAction\":[{\"@type\":\"ReadAction\",\"target\":[\"https:\/\/www.usemb.nl\/es\/viajar-a-los-estados-unidos\/\"]}]},{\"@type\":\"BreadcrumbList\",\"@id\":\"https:\/\/www.usemb.nl\/es\/viajar-a-los-estados-unidos\/#breadcrumb\",\"itemListElement\":[{\"@type\":\"ListItem\",\"position\":1,\"name\":\"Home\",\"item\":\"https:\/\/www.usemb.nl\/es\/\"},{\"@type\":\"ListItem\",\"position\":2,\"name\":\"\u00bfQu\u00e9 es ESTA?\"}]},{\"@type\":\"WebSite\",\"@id\":\"https:\/\/www.usemb.nl\/es\/#website\",\"url\":\"https:\/\/www.usemb.nl\/es\/\",\"name\":\"USA\",\"description\":\"United States of America\",\"potentialAction\":[{\"@type\":\"SearchAction\",\"target\":{\"@type\":\"EntryPoint\",\"urlTemplate\":\"https:\/\/www.usemb.nl\/es\/?s={search_term_string}\"},\"query-input\":{\"@type\":\"PropertyValueSpecification\",\"valueRequired\":true,\"valueName\":\"search_term_string\"}}],\"inLanguage\":\"es\"}]}<\/script>\n<!-- \/ Yoast SEO plugin. -->","yoast_head_json":{"title":"\u00bfQu\u00e9 es ESTA? - USA","robots":{"index":"index","follow":"follow","max-snippet":"max-snippet:-1","max-image-preview":"max-image-preview:large","max-video-preview":"max-video-preview:-1"},"canonical":"https:\/\/www.usemb.nl\/es\/viajar-a-los-estados-unidos\/","og_locale":"es_ES","og_type":"article","og_title":"\u00bfQu\u00e9 es ESTA? - USA","og_description":"Sistema Electr\u00f3nico de Autorizaci\u00f3n de Viaje El ESTA es una autorizaci\u00f3n electr\u00f3nica de viaje para entrar en Estados Unidos. Es obligatorio si llega por mar o por avi\u00f3n, incluso en tr\u00e1nsito por los Estados Unidos. Esta solicitud se puso en marcha para facilitar los tr\u00e1mites de entrada en Estados Unidos a los nacionales de los [&hellip;]","og_url":"https:\/\/www.usemb.nl\/es\/viajar-a-los-estados-unidos\/","og_site_name":"USA","article_modified_time":"2025-01-30T08:45:00+00:00","twitter_card":"summary_large_image","twitter_misc":{"Tiempo de lectura":"3 minutos"},"schema":{"@context":"https:\/\/schema.org","@graph":[{"@type":"WebPage","@id":"https:\/\/www.usemb.nl\/es\/viajar-a-los-estados-unidos\/","url":"https:\/\/www.usemb.nl\/es\/viajar-a-los-estados-unidos\/","name":"\u00bfQu\u00e9 es ESTA? - USA","isPartOf":{"@id":"https:\/\/www.usemb.nl\/es\/#website"},"datePublished":"2022-03-07T14:52:48+00:00","dateModified":"2025-01-30T08:45:00+00:00","breadcrumb":{"@id":"https:\/\/www.usemb.nl\/es\/viajar-a-los-estados-unidos\/#breadcrumb"},"inLanguage":"es","potentialAction":[{"@type":"ReadAction","target":["https:\/\/www.usemb.nl\/es\/viajar-a-los-estados-unidos\/"]}]},{"@type":"BreadcrumbList","@id":"https:\/\/www.usemb.nl\/es\/viajar-a-los-estados-unidos\/#breadcrumb","itemListElement":[{"@type":"ListItem","position":1,"name":"Home","item":"https:\/\/www.usemb.nl\/es\/"},{"@type":"ListItem","position":2,"name":"\u00bfQu\u00e9 es ESTA?"}]},{"@type":"WebSite","@id":"https:\/\/www.usemb.nl\/es\/#website","url":"https:\/\/www.usemb.nl\/es\/","name":"USA","description":"United States of America","potentialAction":[{"@type":"SearchAction","target":{"@type":"EntryPoint","urlTemplate":"https:\/\/www.usemb.nl\/es\/?s={search_term_string}"},"query-input":{"@type":"PropertyValueSpecification","valueRequired":true,"valueName":"search_term_string"}}],"inLanguage":"es"}]}},"_links":{"self":[{"href":"https:\/\/www.usemb.nl\/es\/wp-json\/wp\/v2\/pages\/151","targetHints":{"allow":["GET"]}}],"collection":[{"href":"https:\/\/www.usemb.nl\/es\/wp-json\/wp\/v2\/pages"}],"about":[{"href":"https:\/\/www.usemb.nl\/es\/wp-json\/wp\/v2\/types\/page"}],"author":[{"embeddable":true,"href":"https:\/\/www.usemb.nl\/es\/wp-json\/wp\/v2\/users\/1"}],"replies":[{"embeddable":true,"href":"https:\/\/www.usemb.nl\/es\/wp-json\/wp\/v2\/comments?post=151"}],"version-history":[{"count":10,"href":"https:\/\/www.usemb.nl\/es\/wp-json\/wp\/v2\/pages\/151\/revisions"}],"predecessor-version":[{"id":626,"href":"https:\/\/www.usemb.nl\/es\/wp-json\/wp\/v2\/pages\/151\/revisions\/626"}],"wp:attachment":[{"href":"https:\/\/www.usemb.nl\/es\/wp-json\/wp\/v2\/media?parent=151"}],"curies":[{"name":"wp","href":"https:\/\/api.w.org\/{rel}","templated":true}]}}