{"id":149,"date":"2022-03-07T09:52:27","date_gmt":"2022-03-07T14:52:27","guid":{"rendered":"https:\/\/www.usemb.nl\/lo-basico-sobre-esta\/"},"modified":"2025-01-30T03:45:05","modified_gmt":"2025-01-30T08:45:05","slug":"lo-basico-sobre-esta","status":"publish","type":"page","link":"https:\/\/www.usemb.nl\/es\/lo-basico-sobre-esta\/","title":{"rendered":"Lo b\u00e1sico sobre ESTA"},"content":{"rendered":"\n<h1 class=\"wp-block-heading\">\u00bfQu\u00e9 tan \u00fatil es ESTA?<\/h1>\n\n<p>La declaraci\u00f3n ESTA le permite, sobre todo, liberarse de una solicitud de visado tradicional si su viaje no supera los 90 d\u00edas. Gracias al Programa de Exenci\u00f3n de Visado, cualquier ciudadano de uno de los 41 pa\u00edses participantes puede solicitar esta autorizaci\u00f3n de viaje antes de salir hacia Estados Unidos. El ESTA permite :<\/p>\n\n<ol class=\"wp-block-list\">\n<li>Haz un viaje de negocios: asiste a reuniones, firma contratos con socios, pero tambi\u00e9n participa en formaci\u00f3n de corta duraci\u00f3n y no remunerada ;<\/li>\n\n\n\n<li>Hacer un viaje tur\u00edstico: viajar libremente por todo el pa\u00eds, participar en diversas actividades culturales, realizar cursos siempre que no expidan cr\u00e9ditos para obtener un t\u00edtulo universitario.<\/li>\n<\/ol>\n\n<p>ESTA es un sistema implementado en 2009 para brindar condiciones de viaje m\u00e1s seguras para los viajeros y as\u00ed fortalecer la seguridad del territorio estadounidense. Las tasas de tramitaci\u00f3n de 21 USD se utilizan para modernizar los sistemas de seguridad ya existentes, pero tambi\u00e9n para promover el turismo a Estados Unidos. Para completar tu declaraci\u00f3n ESTA, puedes realizar el proceso en el <a href=\"https:\/\/esta.cbp.dhs.gov\/\">sitio web oficial de la aduana estadounidense<\/a> o beneficiarte de una asistencia completa utilizando un formulario especializado.<\/p>\n\n<p>El programa de exenci\u00f3n de visado ha inspirado a varios otros pa\u00edses del mundo. En 2024, se puso en marcha la autorizaci\u00f3n brit\u00e1nica de eTA para los viajeros que permanezcan menos de 90 d\u00edas en el Reino Unido. <\/p>\n\n<p>Si por cualquier motivo se deniega tu solicitud ESTA, deber\u00edas plantearte solicitar un visado estadounidense. Para viajes tur\u00edsticos, puedes encontrar m\u00e1s informaci\u00f3n en Internet sobre el visado de turista B2. <\/p>\n\n<h2 class=\"wp-block-heading\">Funciones del Departamento de Seguridad Nacional<\/h2>\n\n<p>El <a href=\"https:\/\/www.dhs.gov\/\">Departamento de Seguridad Nacional<\/a> se form\u00f3 en 2002 en respuesta a los ataques del 11 de septiembre, para aumentar la seguridad interna de los Estados Unidos.<\/p>\n\n<p>Compuesto por 15 agencias federales, opera bajo los auspicios del gobierno de los Estados Unidos. Las funciones del DHS son diversas. Este servicio espec\u00edfico asegura, entre otras cosas, la gesti\u00f3n del Visa Waiver Program (VWP). Los viajeros que deseen viajar a los EE. UU., sin visa, deben completar un formulario ESTA, que comprende m\u00faltiples preguntas relacionadas con la identidad del solicitante, su estado de salud, sus antecedentes penales&#8230; Estas respuestas se env\u00edan luego al DHS, quien decide conceder o no el permiso de residencia al solicitante. De hecho, las autoridades que deseen limitar al m\u00e1ximo la amenaza terrorista pueden, en caso de perfil \u201criesgoso\u201d, optar por no emitir el documento.<\/p>\n\n<h2 class=\"wp-block-heading\">Pasaportes autorizados para permanecer en los Estados Unidos<\/h2>\n\n<p>Si planea ir a los Estados Unidos, tenga en cuenta que debe tener un pasaporte v\u00e1lido, de lo contrario, se le negar\u00e1 el embarque. Actualmente se aceptan dos tipos de pasaportes:<\/p>\n\n<ul class=\"wp-block-list\">\n<li>Pasaporte electr\u00f3nico: utilizado desde 2006, contiene un chip electr\u00f3nico. La informaci\u00f3n registrada se puede leer a corta distancia a trav\u00e9s de un lector electromagn\u00e9tico (nombre, nacionalidad, fecha de nacimiento, n\u00famero de pasaporte).<\/li>\n\n\n\n<li>El pasaporte biom\u00e9trico: puesto en circulaci\u00f3n en 2009, tiene un chip electr\u00f3nico que contiene m\u00e1s informaci\u00f3n que la del pasaporte electr\u00f3nico: se integran la foto y las huellas dactilares del titular. Esta nueva versi\u00f3n se ha implementado para limitar a\u00fan m\u00e1s el riesgo de robo de identidad.<\/li>\n<\/ul>\n\n<p>Un pasaporte es v\u00e1lido por 10 a\u00f1os para adultos y 5 a\u00f1os para menores. Si no tiene pasaporte o si est\u00e1 caducado, dir\u00edjase al Ayuntamiento. Se requerir\u00e1n varios documentos:<\/p>\n\n<ul class=\"wp-block-list\">\n<li>Una c\u00e9dula de identidad o el pasaporte antiguo;<\/li>\n\n\n\n<li>Una foto de identidad v\u00e1lida;<\/li>\n\n\n\n<li>Comprobante de domicilio: original + fotocopia;<\/li>\n\n\n\n<li>Un n\u00famero de pre-solicitud o el formulario de solicitud debidamente completado;<\/li>\n\n\n\n<li>Un sello fiscal.<\/li>\n<\/ul>\n\n<p>Las personas que viven en el extranjero deben solicitarlo en el consulado y pagar una cantidad de 96 euros.<br\/>Antes de salir para Estados Unidos, recuerda tambi\u00e9n comprobar que el n\u00famero escrito en tu pasaporte es el mismo que el notificado en tu ESTA. Si ha cambiado su pasaporte mientras tanto, debe volver a solicitar ESTA.<\/p>\n","protected":false},"excerpt":{"rendered":"<p>\u00bfQu\u00e9 tan \u00fatil es ESTA? La declaraci\u00f3n ESTA le permite, sobre todo, liberarse de una solicitud de visado tradicional si su viaje no supera los 90 d\u00edas. Gracias al Programa de Exenci\u00f3n de Visado, cualquier ciudadano de uno de los 41 pa\u00edses participantes puede solicitar esta autorizaci\u00f3n de viaje antes de salir hacia Estados Unidos. [&hellip;]<\/p>\n","protected":false},"author":1,"featured_media":0,"parent":0,"menu_order":0,"comment_status":"closed","ping_status":"closed","template":"","meta":{"footnotes":""},"class_list":["post-149","page","type-page","status-publish","hentry"],"yoast_head":"<!-- This site is optimized with the Yoast SEO plugin v26.2 - https:\/\/yoast.com\/wordpress\/plugins\/seo\/ -->\n<title>Lo b\u00e1sico sobre ESTA - USA<\/title>\n<meta name=\"robots\" content=\"index, follow, max-snippet:-1, max-image-preview:large, max-video-preview:-1\" \/>\n<link rel=\"canonical\" href=\"https:\/\/www.usemb.nl\/es\/lo-basico-sobre-esta\/\" \/>\n<meta property=\"og:locale\" content=\"es_ES\" \/>\n<meta property=\"og:type\" content=\"article\" \/>\n<meta property=\"og:title\" content=\"Lo b\u00e1sico sobre ESTA - USA\" \/>\n<meta property=\"og:description\" content=\"\u00bfQu\u00e9 tan \u00fatil es ESTA? La declaraci\u00f3n ESTA le permite, sobre todo, liberarse de una solicitud de visado tradicional si su viaje no supera los 90 d\u00edas. Gracias al Programa de Exenci\u00f3n de Visado, cualquier ciudadano de uno de los 41 pa\u00edses participantes puede solicitar esta autorizaci\u00f3n de viaje antes de salir hacia Estados Unidos. [&hellip;]\" \/>\n<meta property=\"og:url\" content=\"https:\/\/www.usemb.nl\/es\/lo-basico-sobre-esta\/\" \/>\n<meta property=\"og:site_name\" content=\"USA\" \/>\n<meta property=\"article:modified_time\" content=\"2025-01-30T08:45:05+00:00\" \/>\n<meta name=\"twitter:card\" content=\"summary_large_image\" \/>\n<meta name=\"twitter:label1\" content=\"Tiempo de lectura\" \/>\n\t<meta name=\"twitter:data1\" content=\"3 minutos\" \/>\n<script type=\"application\/ld+json\" class=\"yoast-schema-graph\">{\"@context\":\"https:\/\/schema.org\",\"@graph\":[{\"@type\":\"WebPage\",\"@id\":\"https:\/\/www.usemb.nl\/es\/lo-basico-sobre-esta\/\",\"url\":\"https:\/\/www.usemb.nl\/es\/lo-basico-sobre-esta\/\",\"name\":\"Lo b\u00e1sico sobre ESTA - USA\",\"isPartOf\":{\"@id\":\"https:\/\/www.usemb.nl\/es\/#website\"},\"datePublished\":\"2022-03-07T14:52:27+00:00\",\"dateModified\":\"2025-01-30T08:45:05+00:00\",\"breadcrumb\":{\"@id\":\"https:\/\/www.usemb.nl\/es\/lo-basico-sobre-esta\/#breadcrumb\"},\"inLanguage\":\"es\",\"potentialAction\":[{\"@type\":\"ReadAction\",\"target\":[\"https:\/\/www.usemb.nl\/es\/lo-basico-sobre-esta\/\"]}]},{\"@type\":\"BreadcrumbList\",\"@id\":\"https:\/\/www.usemb.nl\/es\/lo-basico-sobre-esta\/#breadcrumb\",\"itemListElement\":[{\"@type\":\"ListItem\",\"position\":1,\"name\":\"Home\",\"item\":\"https:\/\/www.usemb.nl\/es\/\"},{\"@type\":\"ListItem\",\"position\":2,\"name\":\"Lo b\u00e1sico sobre ESTA\"}]},{\"@type\":\"WebSite\",\"@id\":\"https:\/\/www.usemb.nl\/es\/#website\",\"url\":\"https:\/\/www.usemb.nl\/es\/\",\"name\":\"USA\",\"description\":\"United States of America\",\"potentialAction\":[{\"@type\":\"SearchAction\",\"target\":{\"@type\":\"EntryPoint\",\"urlTemplate\":\"https:\/\/www.usemb.nl\/es\/?s={search_term_string}\"},\"query-input\":{\"@type\":\"PropertyValueSpecification\",\"valueRequired\":true,\"valueName\":\"search_term_string\"}}],\"inLanguage\":\"es\"}]}<\/script>\n<!-- \/ Yoast SEO plugin. -->","yoast_head_json":{"title":"Lo b\u00e1sico sobre ESTA - USA","robots":{"index":"index","follow":"follow","max-snippet":"max-snippet:-1","max-image-preview":"max-image-preview:large","max-video-preview":"max-video-preview:-1"},"canonical":"https:\/\/www.usemb.nl\/es\/lo-basico-sobre-esta\/","og_locale":"es_ES","og_type":"article","og_title":"Lo b\u00e1sico sobre ESTA - USA","og_description":"\u00bfQu\u00e9 tan \u00fatil es ESTA? La declaraci\u00f3n ESTA le permite, sobre todo, liberarse de una solicitud de visado tradicional si su viaje no supera los 90 d\u00edas. Gracias al Programa de Exenci\u00f3n de Visado, cualquier ciudadano de uno de los 41 pa\u00edses participantes puede solicitar esta autorizaci\u00f3n de viaje antes de salir hacia Estados Unidos. [&hellip;]","og_url":"https:\/\/www.usemb.nl\/es\/lo-basico-sobre-esta\/","og_site_name":"USA","article_modified_time":"2025-01-30T08:45:05+00:00","twitter_card":"summary_large_image","twitter_misc":{"Tiempo de lectura":"3 minutos"},"schema":{"@context":"https:\/\/schema.org","@graph":[{"@type":"WebPage","@id":"https:\/\/www.usemb.nl\/es\/lo-basico-sobre-esta\/","url":"https:\/\/www.usemb.nl\/es\/lo-basico-sobre-esta\/","name":"Lo b\u00e1sico sobre ESTA - USA","isPartOf":{"@id":"https:\/\/www.usemb.nl\/es\/#website"},"datePublished":"2022-03-07T14:52:27+00:00","dateModified":"2025-01-30T08:45:05+00:00","breadcrumb":{"@id":"https:\/\/www.usemb.nl\/es\/lo-basico-sobre-esta\/#breadcrumb"},"inLanguage":"es","potentialAction":[{"@type":"ReadAction","target":["https:\/\/www.usemb.nl\/es\/lo-basico-sobre-esta\/"]}]},{"@type":"BreadcrumbList","@id":"https:\/\/www.usemb.nl\/es\/lo-basico-sobre-esta\/#breadcrumb","itemListElement":[{"@type":"ListItem","position":1,"name":"Home","item":"https:\/\/www.usemb.nl\/es\/"},{"@type":"ListItem","position":2,"name":"Lo b\u00e1sico sobre ESTA"}]},{"@type":"WebSite","@id":"https:\/\/www.usemb.nl\/es\/#website","url":"https:\/\/www.usemb.nl\/es\/","name":"USA","description":"United States of America","potentialAction":[{"@type":"SearchAction","target":{"@type":"EntryPoint","urlTemplate":"https:\/\/www.usemb.nl\/es\/?s={search_term_string}"},"query-input":{"@type":"PropertyValueSpecification","valueRequired":true,"valueName":"search_term_string"}}],"inLanguage":"es"}]}},"_links":{"self":[{"href":"https:\/\/www.usemb.nl\/es\/wp-json\/wp\/v2\/pages\/149","targetHints":{"allow":["GET"]}}],"collection":[{"href":"https:\/\/www.usemb.nl\/es\/wp-json\/wp\/v2\/pages"}],"about":[{"href":"https:\/\/www.usemb.nl\/es\/wp-json\/wp\/v2\/types\/page"}],"author":[{"embeddable":true,"href":"https:\/\/www.usemb.nl\/es\/wp-json\/wp\/v2\/users\/1"}],"replies":[{"embeddable":true,"href":"https:\/\/www.usemb.nl\/es\/wp-json\/wp\/v2\/comments?post=149"}],"version-history":[{"count":10,"href":"https:\/\/www.usemb.nl\/es\/wp-json\/wp\/v2\/pages\/149\/revisions"}],"predecessor-version":[{"id":635,"href":"https:\/\/www.usemb.nl\/es\/wp-json\/wp\/v2\/pages\/149\/revisions\/635"}],"wp:attachment":[{"href":"https:\/\/www.usemb.nl\/es\/wp-json\/wp\/v2\/media?parent=149"}],"curies":[{"name":"wp","href":"https:\/\/api.w.org\/{rel}","templated":true}]}}