{"id":844,"date":"2025-04-07T14:34:19","date_gmt":"2025-04-07T18:34:19","guid":{"rendered":"https:\/\/www.usemb.nl\/erneuern-us-besuch-in-den-niederlanden\/"},"modified":"2025-04-07T14:49:53","modified_gmt":"2025-04-07T18:49:53","slug":"erneuern-us-besuch-in-den-niederlanden","status":"publish","type":"page","link":"https:\/\/www.usemb.nl\/de\/erneuern-us-besuch-in-den-niederlanden\/","title":{"rendered":"Erneuern eines US-Visums in den Niederlanden"},"content":{"rendered":"\n<h1 class=\"wp-block-heading\">Erneuerung Ihres US-Visums aus den Niederlanden<\/h1>\n\n<p>Die Erneuerung Ihres US-Visums von den Niederlanden aus ist ein unkomplizierter Prozess, aber es ist wichtig, dass Sie \u00fcber die Kriterien, Fristen und m\u00f6glichen Ausnahmen informiert sind, um einen reibungslosen Ablauf zu gew\u00e4hrleisten.<\/p>\n\n<h2 class=\"wp-block-heading\">Zulassungskriterien f\u00fcr die Verl\u00e4ngerung des US-Visums<\/h2>\n\n<p>Sie k\u00f6nnen Ihr Visum in der Regel ohne ein Interview verl\u00e4ngern, wenn:<\/p>\n\n<ul class=\"wp-block-list\">\n<li>Sie verl\u00e4ngern ein Visum mit der gleichen Klassifizierung wie Ihr vorheriges Visum.<\/li>\n\n\n\n<li>Ihr vorheriges Visum wurde ausgestellt, als Sie 14 Jahre alt oder \u00e4lter waren.<\/li>\n\n\n\n<li>Ihr Visum ist entweder noch g\u00fcltig oder innerhalb der letzten 48 Monate abgelaufen.<\/li>\n\n\n\n<li>Ihnen wurde kein US-Visum verweigert, nachdem Ihr vorheriges Visum ausgestellt wurde.<\/li>\n\n\n\n<li>Sie halten sich w\u00e4hrend Ihres Verl\u00e4ngerungsantrags physisch in den Niederlanden auf.<\/li>\n<\/ul>\n\n<div style=\"height:20px\" aria-hidden=\"true\" class=\"wp-block-spacer\"><\/div>\n\n<h2 class=\"wp-block-heading\">Prozess der Erneuerung<\/h2>\n\n<h3 class=\"wp-block-heading\">Schritt-f\u00fcr-Schritt-Anleitung:<\/h3>\n\n<ol start=\"1\" class=\"wp-block-list\">\n<li><strong>F\u00fcllen Sie das Formular DS-160 online aus<\/strong>:\n<ul class=\"wp-block-list\">\n<li>F\u00fcllen Sie den Antrag auf ein Nichteinwanderungsvisum <a href=\"https:\/\/travel.state.gov\/content\/travel\/en\/us-visas\/visa-information-resources\/forms\/ds-160-online-nonimmigrant-visa-application.html\">DS-160<\/a> aus.<\/li>\n\n\n\n<li>Drucken Sie die Best\u00e4tigungsseite mit dem Barcode aus und bewahren Sie sie auf.<\/li>\n<\/ul>\n<\/li>\n\n\n\n<li><strong>Bezahlen Sie die Geb\u00fchr f\u00fcr den Visumantrag<\/strong>:\n<ul class=\"wp-block-list\">\n<li>Bezahlen Sie die <a href=\"https:\/\/usa-b2.com\/de\/gebuhren-b2-visum\/\">Visageb\u00fchr<\/a> online \u00fcber die offizielle Termin-Website.<\/li>\n\n\n\n<li>Drucken Sie den Zahlungsbeleg aus.<\/li>\n<\/ul>\n<\/li>\n\n\n\n<li><strong>Pr\u00fcfen Sie, ob Sie f\u00fcr einen Interviewverzicht in Frage kommen<\/strong>:\n<ul class=\"wp-block-list\">\n<li>\u00dcberpr\u00fcfen Sie auf der <a href=\"https:\/\/nl.usembassy.gov\/\">Website der US-Botschaft in den Niederlanden<\/a>, ob Sie f\u00fcr das Programm zum Verzicht auf ein Interview in Frage kommen.<\/li>\n<\/ul>\n<\/li>\n\n\n\n<li><strong>Vereinbaren Sie einen Termin oder schicken Sie die Dokumente per Post ein<\/strong>:\n<ul class=\"wp-block-list\">\n<li>Wenn Sie f\u00fcr einen Interviewverzicht in Frage kommen, folgen Sie den Anweisungen, um Ihren Reisepass und Ihre Dokumente zu schicken.<\/li>\n\n\n\n<li>Wenn ein Vorstellungsgespr\u00e4ch erforderlich ist, vereinbaren Sie Ihren Termin online.<\/li>\n<\/ul>\n<\/li>\n\n\n\n<li><strong>Reichen Sie Ihre Dokumente ein<\/strong>:\n<ul class=\"wp-block-list\">\n<li>Legen Sie Ihren Reisepass, die DS-160-Best\u00e4tigung, die Quittung f\u00fcr die Visageb\u00fchr, ein aktuelles Foto und weitere Dokumente (z.B. eine Kopie des vorherigen Visums) bei.<\/li>\n<\/ul>\n<\/li>\n<\/ol>\n\n<div style=\"height:20px\" aria-hidden=\"true\" class=\"wp-block-spacer\"><\/div>\n\n<h2 class=\"wp-block-heading\">Zeitleisten<\/h2>\n\n<p>Die Bearbeitungszeit f\u00fcr Verl\u00e4ngerungen von Interview-Verzichtserkl\u00e4rungen liegt in der Regel zwischen <strong>7 und 15 Werktagen<\/strong>. Wenn ein Interview erforderlich ist, k\u00f6nnen die Bearbeitungszeiten je nach Verf\u00fcgbarkeit von Terminen und saisonaler Nachfrage variieren. <\/p>\n\n<h2 class=\"wp-block-heading\">Ausnahmen<\/h2>\n\n<p>Sie ben\u00f6tigen m\u00f6glicherweise ein Vorstellungsgespr\u00e4ch, wenn:<\/p>\n\n<ul class=\"wp-block-list\">\n<li>Ihr vorheriges Visum ist verloren gegangen, gestohlen oder annulliert worden.<\/li>\n\n\n\n<li>Sie sind schon einmal zu lange in den USA geblieben.<\/li>\n\n\n\n<li>Sie haben Ihre Visakategorie gewechselt oder Ihr pers\u00f6nlicher Status hat sich wesentlich ge\u00e4ndert.<\/li>\n\n\n\n<li>Der Konsularbeamte entscheidet, dass ein Gespr\u00e4ch erforderlich ist.<\/li>\n<\/ul>\n\n<div style=\"height:20px\" aria-hidden=\"true\" class=\"wp-block-spacer\"><\/div>\n\n<p>\u00dcberpr\u00fcfen Sie immer Ihren Status und die spezifischen Anweisungen aus dem <a href=\"https:\/\/www.usemb.nl\/de\/visa-service-fuer-niederlaendische-staatsangehoerige-bei-der-us-botschaft-in-den-niederlanden\/\">US-Visumantrag f\u00fcr niederl\u00e4ndische Staatsangeh\u00f6rige<\/a>, um die Richtigkeit sicherzustellen.<\/p>\n\n<h2 class=\"wp-block-heading\">Zus\u00e4tzliche Tipps<\/h2>\n\n<p>Beginnen Sie mit der Erneuerung Ihres Reisepasses mindestens 3 Monate vor Ihrer geplanten Reise, um Verz\u00f6gerungen zu vermeiden. Vergewissern Sie sich, dass Ihr Reisepass mindestens sechs Monate \u00fcber Ihren geplanten Aufenthalt in den USA hinaus g\u00fcltig ist, und befolgen Sie sorgf\u00e4ltig die Anweisungen zur Einreichung der Dokumente, um Verz\u00f6gerungen bei der Bearbeitung zu vermeiden. <\/p>\n","protected":false},"excerpt":{"rendered":"<p>Erneuerung Ihres US-Visums aus den Niederlanden Die Erneuerung Ihres US-Visums von den Niederlanden aus ist ein unkomplizierter Prozess, aber es ist wichtig, dass Sie \u00fcber die Kriterien, Fristen und m\u00f6glichen Ausnahmen informiert sind, um einen reibungslosen Ablauf zu gew\u00e4hrleisten. Zulassungskriterien f\u00fcr die Verl\u00e4ngerung des US-Visums Sie k\u00f6nnen Ihr Visum in der Regel ohne ein Interview [&hellip;]<\/p>\n","protected":false},"author":1,"featured_media":0,"parent":0,"menu_order":0,"comment_status":"closed","ping_status":"closed","template":"","meta":{"footnotes":""},"class_list":["post-844","page","type-page","status-publish","hentry"],"yoast_head":"<!-- This site is optimized with the Yoast SEO plugin v26.2 - https:\/\/yoast.com\/wordpress\/plugins\/seo\/ -->\n<title>Erneuern eines US-Visums in den Niederlanden - USA<\/title>\n<meta name=\"description\" content=\"Bei der Erneuerung eines US-Visums aus den Niederlanden m\u00fcssen Sie die Anweisungen und Fristen beachten, um einen reibungslosen Ablauf zu gew\u00e4hrleisten\" \/>\n<meta name=\"robots\" content=\"index, follow, max-snippet:-1, max-image-preview:large, max-video-preview:-1\" \/>\n<link rel=\"canonical\" href=\"https:\/\/www.usemb.nl\/de\/erneuern-us-besuch-in-den-niederlanden\/\" \/>\n<meta property=\"og:locale\" content=\"de_DE\" \/>\n<meta property=\"og:type\" content=\"article\" \/>\n<meta property=\"og:title\" content=\"Erneuern eines US-Visums in den Niederlanden - USA\" \/>\n<meta property=\"og:description\" content=\"Bei der Erneuerung eines US-Visums aus den Niederlanden m\u00fcssen Sie die Anweisungen und Fristen beachten, um einen reibungslosen Ablauf zu gew\u00e4hrleisten\" \/>\n<meta property=\"og:url\" content=\"https:\/\/www.usemb.nl\/de\/erneuern-us-besuch-in-den-niederlanden\/\" \/>\n<meta property=\"og:site_name\" content=\"USA\" \/>\n<meta property=\"article:modified_time\" content=\"2025-04-07T18:49:53+00:00\" \/>\n<meta name=\"twitter:card\" content=\"summary_large_image\" \/>\n<meta name=\"twitter:label1\" content=\"Gesch\u00e4tzte Lesezeit\" \/>\n\t<meta name=\"twitter:data1\" content=\"2\u00a0Minuten\" \/>\n<script type=\"application\/ld+json\" class=\"yoast-schema-graph\">{\"@context\":\"https:\/\/schema.org\",\"@graph\":[{\"@type\":\"WebPage\",\"@id\":\"https:\/\/www.usemb.nl\/de\/erneuern-us-besuch-in-den-niederlanden\/\",\"url\":\"https:\/\/www.usemb.nl\/de\/erneuern-us-besuch-in-den-niederlanden\/\",\"name\":\"Erneuern eines US-Visums in den Niederlanden - USA\",\"isPartOf\":{\"@id\":\"https:\/\/www.usemb.nl\/de\/#website\"},\"datePublished\":\"2025-04-07T18:34:19+00:00\",\"dateModified\":\"2025-04-07T18:49:53+00:00\",\"description\":\"Bei der Erneuerung eines US-Visums aus den Niederlanden m\u00fcssen Sie die Anweisungen und Fristen beachten, um einen reibungslosen Ablauf zu gew\u00e4hrleisten\",\"breadcrumb\":{\"@id\":\"https:\/\/www.usemb.nl\/de\/erneuern-us-besuch-in-den-niederlanden\/#breadcrumb\"},\"inLanguage\":\"de\",\"potentialAction\":[{\"@type\":\"ReadAction\",\"target\":[\"https:\/\/www.usemb.nl\/de\/erneuern-us-besuch-in-den-niederlanden\/\"]}]},{\"@type\":\"BreadcrumbList\",\"@id\":\"https:\/\/www.usemb.nl\/de\/erneuern-us-besuch-in-den-niederlanden\/#breadcrumb\",\"itemListElement\":[{\"@type\":\"ListItem\",\"position\":1,\"name\":\"Home\",\"item\":\"https:\/\/www.usemb.nl\/de\/\"},{\"@type\":\"ListItem\",\"position\":2,\"name\":\"Erneuern eines US-Visums in den Niederlanden\"}]},{\"@type\":\"WebSite\",\"@id\":\"https:\/\/www.usemb.nl\/de\/#website\",\"url\":\"https:\/\/www.usemb.nl\/de\/\",\"name\":\"USA\",\"description\":\"United States of America\",\"potentialAction\":[{\"@type\":\"SearchAction\",\"target\":{\"@type\":\"EntryPoint\",\"urlTemplate\":\"https:\/\/www.usemb.nl\/de\/?s={search_term_string}\"},\"query-input\":{\"@type\":\"PropertyValueSpecification\",\"valueRequired\":true,\"valueName\":\"search_term_string\"}}],\"inLanguage\":\"de\"}]}<\/script>\n<!-- \/ Yoast SEO plugin. -->","yoast_head_json":{"title":"Erneuern eines US-Visums in den Niederlanden - USA","description":"Bei der Erneuerung eines US-Visums aus den Niederlanden m\u00fcssen Sie die Anweisungen und Fristen beachten, um einen reibungslosen Ablauf zu gew\u00e4hrleisten","robots":{"index":"index","follow":"follow","max-snippet":"max-snippet:-1","max-image-preview":"max-image-preview:large","max-video-preview":"max-video-preview:-1"},"canonical":"https:\/\/www.usemb.nl\/de\/erneuern-us-besuch-in-den-niederlanden\/","og_locale":"de_DE","og_type":"article","og_title":"Erneuern eines US-Visums in den Niederlanden - USA","og_description":"Bei der Erneuerung eines US-Visums aus den Niederlanden m\u00fcssen Sie die Anweisungen und Fristen beachten, um einen reibungslosen Ablauf zu gew\u00e4hrleisten","og_url":"https:\/\/www.usemb.nl\/de\/erneuern-us-besuch-in-den-niederlanden\/","og_site_name":"USA","article_modified_time":"2025-04-07T18:49:53+00:00","twitter_card":"summary_large_image","twitter_misc":{"Gesch\u00e4tzte Lesezeit":"2\u00a0Minuten"},"schema":{"@context":"https:\/\/schema.org","@graph":[{"@type":"WebPage","@id":"https:\/\/www.usemb.nl\/de\/erneuern-us-besuch-in-den-niederlanden\/","url":"https:\/\/www.usemb.nl\/de\/erneuern-us-besuch-in-den-niederlanden\/","name":"Erneuern eines US-Visums in den Niederlanden - USA","isPartOf":{"@id":"https:\/\/www.usemb.nl\/de\/#website"},"datePublished":"2025-04-07T18:34:19+00:00","dateModified":"2025-04-07T18:49:53+00:00","description":"Bei der Erneuerung eines US-Visums aus den Niederlanden m\u00fcssen Sie die Anweisungen und Fristen beachten, um einen reibungslosen Ablauf zu gew\u00e4hrleisten","breadcrumb":{"@id":"https:\/\/www.usemb.nl\/de\/erneuern-us-besuch-in-den-niederlanden\/#breadcrumb"},"inLanguage":"de","potentialAction":[{"@type":"ReadAction","target":["https:\/\/www.usemb.nl\/de\/erneuern-us-besuch-in-den-niederlanden\/"]}]},{"@type":"BreadcrumbList","@id":"https:\/\/www.usemb.nl\/de\/erneuern-us-besuch-in-den-niederlanden\/#breadcrumb","itemListElement":[{"@type":"ListItem","position":1,"name":"Home","item":"https:\/\/www.usemb.nl\/de\/"},{"@type":"ListItem","position":2,"name":"Erneuern eines US-Visums in den Niederlanden"}]},{"@type":"WebSite","@id":"https:\/\/www.usemb.nl\/de\/#website","url":"https:\/\/www.usemb.nl\/de\/","name":"USA","description":"United States of America","potentialAction":[{"@type":"SearchAction","target":{"@type":"EntryPoint","urlTemplate":"https:\/\/www.usemb.nl\/de\/?s={search_term_string}"},"query-input":{"@type":"PropertyValueSpecification","valueRequired":true,"valueName":"search_term_string"}}],"inLanguage":"de"}]}},"_links":{"self":[{"href":"https:\/\/www.usemb.nl\/de\/wp-json\/wp\/v2\/pages\/844","targetHints":{"allow":["GET"]}}],"collection":[{"href":"https:\/\/www.usemb.nl\/de\/wp-json\/wp\/v2\/pages"}],"about":[{"href":"https:\/\/www.usemb.nl\/de\/wp-json\/wp\/v2\/types\/page"}],"author":[{"embeddable":true,"href":"https:\/\/www.usemb.nl\/de\/wp-json\/wp\/v2\/users\/1"}],"replies":[{"embeddable":true,"href":"https:\/\/www.usemb.nl\/de\/wp-json\/wp\/v2\/comments?post=844"}],"version-history":[{"count":6,"href":"https:\/\/www.usemb.nl\/de\/wp-json\/wp\/v2\/pages\/844\/revisions"}],"predecessor-version":[{"id":914,"href":"https:\/\/www.usemb.nl\/de\/wp-json\/wp\/v2\/pages\/844\/revisions\/914"}],"wp:attachment":[{"href":"https:\/\/www.usemb.nl\/de\/wp-json\/wp\/v2\/media?parent=844"}],"curies":[{"name":"wp","href":"https:\/\/api.w.org\/{rel}","templated":true}]}}