{"id":685,"date":"2025-03-03T09:54:49","date_gmt":"2025-03-03T14:54:49","guid":{"rendered":"https:\/\/www.usemb.nl\/visa-service-fuer-niederlaendische-staatsangehoerige-bei-der-us-botschaft-in-den-niederlanden\/"},"modified":"2025-03-03T10:16:01","modified_gmt":"2025-03-03T15:16:01","slug":"visa-service-fuer-niederlaendische-staatsangehoerige-bei-der-us-botschaft-in-den-niederlanden","status":"publish","type":"page","link":"https:\/\/www.usemb.nl\/de\/visa-service-fuer-niederlaendische-staatsangehoerige-bei-der-us-botschaft-in-den-niederlanden\/","title":{"rendered":"Visa-Dienstleistungen f\u00fcr niederl\u00e4ndische Staatsangeh\u00f6rige bei der US-Botschaft in den Niederlanden"},"content":{"rendered":"\n<h1 class=\"wp-block-heading\">Beantragung eines US-Visums f\u00fcr niederl\u00e4ndische Staatsangeh\u00f6rige in den Niederlanden<\/h1>\n\n<p>Planen Sie als niederl\u00e4ndischer Staatsb\u00fcrger eine Reise in die Vereinigten Staaten aus touristischen oder gesch\u00e4ftlichen Gr\u00fcnden? Dieser Leitfaden enth\u00e4lt wichtige Informationen zur Beantragung eines B1\/B2-Visums bei der US-Botschaft in den Niederlanden. Erfahren Sie mehr \u00fcber die notwendigen Schritte, Tipps f\u00fcr eine erfolgreiche Bewerbung und n\u00fctzliche Informationen f\u00fcr niederl\u00e4ndische Reisende.<\/p>\n\n<h2 class=\"wp-block-heading\">Warum ein US-Visum in den Niederlanden beantragen?<\/h2>\n\n<p>Die US-Botschaft in den Niederlanden bietet Visa-Dienstleistungen speziell f\u00fcr niederl\u00e4ndische Staatsangeh\u00f6rige an, die in die Vereinigten Staaten reisen m\u00f6chten. Unabh\u00e4ngig davon, ob es sich bei Ihrer Reise um ein Gesch\u00e4ftstreffen, eine Konferenz oder eine Freizeitreise handelt, kann die Beantragung vor Ort den Prozess vereinfachen und sicherstellen, dass Sie alle notwendigen Voraussetzungen erf\u00fcllen. Die Vertrautheit mit den lokalen Verfahren und die sprachlichen Vorteile k\u00f6nnen ebenfalls zu einem reibungsloseren Bewerbungsprozess beitragen.<\/p>\n\n<h2 class=\"wp-block-heading\">Schritte zur Beantragung eines US-Visums<\/h2>\n\n<ol class=\"wp-block-list\">\n<li>Bestimmen Sie die Art des Visums, das Sie ben\u00f6tigen<br\/>Bevor Sie mit der Beantragung beginnen, ermitteln Sie die richtige Visakategorie f\u00fcr Ihren Reisezweck. F\u00fcr touristische und gesch\u00e4ftliche Zwecke ist das B1\/B2-Visum die h\u00e4ufigste Option. \u00dcberpr\u00fcfen Sie die detaillierten Anforderungen auf der offiziellen Website der Botschaft, um sicherzugehen, dass Sie sich f\u00fcr die entsprechende Visumkategorie qualifizieren.  <\/li>\n\n\n\n<li>F\u00fcllen Sie das Online-Antragsformular (DS-160)<br\/>aus. F\u00fcllen Sie das Formular DS-160 sorgf\u00e4ltig aus. Das Formular verlangt pers\u00f6nliche Angaben, Reisepl\u00e4ne und Hintergrundinformationen. Speichern Sie nach dem Ausf\u00fcllen des Formulars die Best\u00e4tigungsseite, da sie f\u00fcr Ihr Visum-Interview unerl\u00e4sslich ist.  <\/li>\n\n\n\n<li>Bezahlen Sie die Visumantragsgeb\u00fchr<br\/>Die Geb\u00fchr f\u00fcr das B1\/B2-Visum kann variieren, daher ist es wichtig, dass Sie die aktuelle Geb\u00fchrentabelle der Botschaft pr\u00fcfen. Bewahren Sie Ihre Quittung als Zahlungsnachweis auf, denn sie wird w\u00e4hrend des Interviews ben\u00f6tigt. <\/li>\n\n\n\n<li>Vereinbaren Sie einen Termin f\u00fcr Ihr Interview<br\/>Sobald Sie das Formular DS-160 ausgef\u00fcllt und die Geb\u00fchr bezahlt haben, vereinbaren Sie einen Termin f\u00fcr Ihr Visum-Interview bei der us-Botschaft in den Niederlanden. Es wird empfohlen, den Termin fr\u00fchzeitig zu vereinbaren, da sich die Pl\u00e4tze f\u00fcr das Interview schnell f\u00fcllen k\u00f6nnen, insbesondere w\u00e4hrend der Hauptreisezeit. <\/li>\n\n\n\n<li>Bereiten Sie sich auf Ihr Interview vor<br\/>Sammeln Sie vor Ihrem Interview alle notwendigen Dokumente. Dazu geh\u00f6ren in der Regel Ihr g\u00fcltiger Reisepass, die DS-160 Best\u00e4tigungsseite, die Geb\u00fchrenquittung und weitere Dokumente wie der Nachweis finanzieller Mittel, ein Besch\u00e4ftigungsnachweis oder ein Einladungsschreiben, falls zutreffend. Bereiten Sie sich darauf vor, den Zweck Ihrer Reise zu erkl\u00e4ren und eine enge Verbindung zu den Niederlanden nachzuweisen.  <\/li>\n<\/ol>\n\n<h2 class=\"wp-block-heading\">Tipps f\u00fcr eine erfolgreiche Bewerbung<\/h2>\n\n<ul class=\"wp-block-list\">\n<li>\u00dcberpr\u00fcfen Sie alle Angaben auf Ihrem DS-160 Formular, um Fehler zu vermeiden.<\/li>\n\n\n\n<li>Bereiten Sie klare und pr\u00e4gnante Antworten f\u00fcr Ihr Visum-Interview vor.<\/li>\n\n\n\n<li>Ordnen Sie alle Belege \u00fcbersichtlich an, um einen \u00fcberzeugenden Fall zu pr\u00e4sentieren.<\/li>\n\n\n\n<li>Bleiben Sie auf dem Laufenden mit den neuesten Richtlinien und Anforderungen der US-Botschaft in den Niederlanden.<\/li>\n<\/ul>\n\n<div style=\"height:20px\" aria-hidden=\"true\" class=\"wp-block-spacer\"><\/div>\n\n<p>Niederl\u00e4ndische Bewerber k\u00f6nnen auf Probleme sto\u00dfen, wie z.B. Unstimmigkeiten bei den Dokumenten oder Terminprobleme. Vergewissern Sie sich daher, dass alle Informationen korrekt und vollst\u00e4ndig sind. Wenn Probleme auftreten, konsultieren Sie die offizielle Website der Botschaft oder wenden Sie sich an den Support-Service, um rechtzeitig Hilfe zu erhalten. Vorbereitung und Sorgfalt sind die wichtigsten Faktoren, um unn\u00f6tige Verz\u00f6gerungen zu vermeiden.   <\/p>\n\n<h2 class=\"wp-block-heading\">Schlussfolgerung<\/h2>\n\n<p>Das Verfahren zur Beantragung eines Visums f\u00fcr niederl\u00e4ndische Staatsangeh\u00f6rige bei der US-Botschaft in den Niederlanden ist unkompliziert, wenn Sie die Richtlinien sorgf\u00e4ltig befolgen. Wenn Sie die Schritte verstehen, alle erforderlichen Unterlagen vorbereiten und Ihr Interview im Voraus planen, k\u00f6nnen Sie Ihre Chancen auf ein B1\/B2-Visum f\u00fcr Ihre Reise in die Vereinigten Staaten verbessern. Die aktuellsten Informationen und detaillierte Anweisungen finden Sie immer auf der <a href=\"https:\/\/nl.usembassy.gov\/\">offiziellen Website der US-Botschaft<\/a> in den Niederlanden.  <\/p>\n\n<p>Ein gut vorbereiteter Antrag ist der erste Schritt auf dem Weg zu einer erfolgreichen Reise, ganz gleich, ob Ihr Reiseziel gesch\u00e4ftlich oder privat bedingt ist. Viel Gl\u00fcck bei Ihrem Visumantrag! <\/p>\n","protected":false},"excerpt":{"rendered":"<p>Beantragung eines US-Visums f\u00fcr niederl\u00e4ndische Staatsangeh\u00f6rige in den Niederlanden Planen Sie als niederl\u00e4ndischer Staatsb\u00fcrger eine Reise in die Vereinigten Staaten aus touristischen oder gesch\u00e4ftlichen Gr\u00fcnden? Dieser Leitfaden enth\u00e4lt wichtige Informationen zur Beantragung eines B1\/B2-Visums bei der US-Botschaft in den Niederlanden. Erfahren Sie mehr \u00fcber die notwendigen Schritte, Tipps f\u00fcr eine erfolgreiche Bewerbung und n\u00fctzliche Informationen [&hellip;]<\/p>\n","protected":false},"author":1,"featured_media":0,"parent":0,"menu_order":0,"comment_status":"closed","ping_status":"closed","template":"","meta":{"footnotes":""},"class_list":["post-685","page","type-page","status-publish","hentry"],"yoast_head":"<!-- This site is optimized with the Yoast SEO plugin v26.2 - https:\/\/yoast.com\/wordpress\/plugins\/seo\/ -->\n<title>Visa-Dienstleistungen f\u00fcr niederl\u00e4ndische Staatsangeh\u00f6rige bei der US-Botschaft in den Niederlanden - USA<\/title>\n<meta name=\"robots\" content=\"index, follow, max-snippet:-1, max-image-preview:large, max-video-preview:-1\" \/>\n<link rel=\"canonical\" href=\"https:\/\/www.usemb.nl\/de\/visa-service-fuer-niederlaendische-staatsangehoerige-bei-der-us-botschaft-in-den-niederlanden\/\" \/>\n<meta property=\"og:locale\" content=\"de_DE\" \/>\n<meta property=\"og:type\" content=\"article\" \/>\n<meta property=\"og:title\" content=\"Visa-Dienstleistungen f\u00fcr niederl\u00e4ndische Staatsangeh\u00f6rige bei der US-Botschaft in den Niederlanden - USA\" \/>\n<meta property=\"og:description\" content=\"Beantragung eines US-Visums f\u00fcr niederl\u00e4ndische Staatsangeh\u00f6rige in den Niederlanden Planen Sie als niederl\u00e4ndischer Staatsb\u00fcrger eine Reise in die Vereinigten Staaten aus touristischen oder gesch\u00e4ftlichen Gr\u00fcnden? Dieser Leitfaden enth\u00e4lt wichtige Informationen zur Beantragung eines B1\/B2-Visums bei der US-Botschaft in den Niederlanden. Erfahren Sie mehr \u00fcber die notwendigen Schritte, Tipps f\u00fcr eine erfolgreiche Bewerbung und n\u00fctzliche Informationen [&hellip;]\" \/>\n<meta property=\"og:url\" content=\"https:\/\/www.usemb.nl\/de\/visa-service-fuer-niederlaendische-staatsangehoerige-bei-der-us-botschaft-in-den-niederlanden\/\" \/>\n<meta property=\"og:site_name\" content=\"USA\" \/>\n<meta property=\"article:modified_time\" content=\"2025-03-03T15:16:01+00:00\" \/>\n<meta name=\"twitter:card\" content=\"summary_large_image\" \/>\n<meta name=\"twitter:label1\" content=\"Gesch\u00e4tzte Lesezeit\" \/>\n\t<meta name=\"twitter:data1\" content=\"3\u00a0Minuten\" \/>\n<script type=\"application\/ld+json\" class=\"yoast-schema-graph\">{\"@context\":\"https:\/\/schema.org\",\"@graph\":[{\"@type\":\"WebPage\",\"@id\":\"https:\/\/www.usemb.nl\/de\/visa-service-fuer-niederlaendische-staatsangehoerige-bei-der-us-botschaft-in-den-niederlanden\/\",\"url\":\"https:\/\/www.usemb.nl\/de\/visa-service-fuer-niederlaendische-staatsangehoerige-bei-der-us-botschaft-in-den-niederlanden\/\",\"name\":\"Visa-Dienstleistungen f\u00fcr niederl\u00e4ndische Staatsangeh\u00f6rige bei der US-Botschaft in den Niederlanden - USA\",\"isPartOf\":{\"@id\":\"https:\/\/www.usemb.nl\/de\/#website\"},\"datePublished\":\"2025-03-03T14:54:49+00:00\",\"dateModified\":\"2025-03-03T15:16:01+00:00\",\"breadcrumb\":{\"@id\":\"https:\/\/www.usemb.nl\/de\/visa-service-fuer-niederlaendische-staatsangehoerige-bei-der-us-botschaft-in-den-niederlanden\/#breadcrumb\"},\"inLanguage\":\"de\",\"potentialAction\":[{\"@type\":\"ReadAction\",\"target\":[\"https:\/\/www.usemb.nl\/de\/visa-service-fuer-niederlaendische-staatsangehoerige-bei-der-us-botschaft-in-den-niederlanden\/\"]}]},{\"@type\":\"BreadcrumbList\",\"@id\":\"https:\/\/www.usemb.nl\/de\/visa-service-fuer-niederlaendische-staatsangehoerige-bei-der-us-botschaft-in-den-niederlanden\/#breadcrumb\",\"itemListElement\":[{\"@type\":\"ListItem\",\"position\":1,\"name\":\"Home\",\"item\":\"https:\/\/www.usemb.nl\/de\/\"},{\"@type\":\"ListItem\",\"position\":2,\"name\":\"Visa-Dienstleistungen f\u00fcr niederl\u00e4ndische Staatsangeh\u00f6rige bei der US-Botschaft in den Niederlanden\"}]},{\"@type\":\"WebSite\",\"@id\":\"https:\/\/www.usemb.nl\/de\/#website\",\"url\":\"https:\/\/www.usemb.nl\/de\/\",\"name\":\"USA\",\"description\":\"United States of America\",\"potentialAction\":[{\"@type\":\"SearchAction\",\"target\":{\"@type\":\"EntryPoint\",\"urlTemplate\":\"https:\/\/www.usemb.nl\/de\/?s={search_term_string}\"},\"query-input\":{\"@type\":\"PropertyValueSpecification\",\"valueRequired\":true,\"valueName\":\"search_term_string\"}}],\"inLanguage\":\"de\"}]}<\/script>\n<!-- \/ Yoast SEO plugin. -->","yoast_head_json":{"title":"Visa-Dienstleistungen f\u00fcr niederl\u00e4ndische Staatsangeh\u00f6rige bei der US-Botschaft in den Niederlanden - USA","robots":{"index":"index","follow":"follow","max-snippet":"max-snippet:-1","max-image-preview":"max-image-preview:large","max-video-preview":"max-video-preview:-1"},"canonical":"https:\/\/www.usemb.nl\/de\/visa-service-fuer-niederlaendische-staatsangehoerige-bei-der-us-botschaft-in-den-niederlanden\/","og_locale":"de_DE","og_type":"article","og_title":"Visa-Dienstleistungen f\u00fcr niederl\u00e4ndische Staatsangeh\u00f6rige bei der US-Botschaft in den Niederlanden - USA","og_description":"Beantragung eines US-Visums f\u00fcr niederl\u00e4ndische Staatsangeh\u00f6rige in den Niederlanden Planen Sie als niederl\u00e4ndischer Staatsb\u00fcrger eine Reise in die Vereinigten Staaten aus touristischen oder gesch\u00e4ftlichen Gr\u00fcnden? Dieser Leitfaden enth\u00e4lt wichtige Informationen zur Beantragung eines B1\/B2-Visums bei der US-Botschaft in den Niederlanden. Erfahren Sie mehr \u00fcber die notwendigen Schritte, Tipps f\u00fcr eine erfolgreiche Bewerbung und n\u00fctzliche Informationen [&hellip;]","og_url":"https:\/\/www.usemb.nl\/de\/visa-service-fuer-niederlaendische-staatsangehoerige-bei-der-us-botschaft-in-den-niederlanden\/","og_site_name":"USA","article_modified_time":"2025-03-03T15:16:01+00:00","twitter_card":"summary_large_image","twitter_misc":{"Gesch\u00e4tzte Lesezeit":"3\u00a0Minuten"},"schema":{"@context":"https:\/\/schema.org","@graph":[{"@type":"WebPage","@id":"https:\/\/www.usemb.nl\/de\/visa-service-fuer-niederlaendische-staatsangehoerige-bei-der-us-botschaft-in-den-niederlanden\/","url":"https:\/\/www.usemb.nl\/de\/visa-service-fuer-niederlaendische-staatsangehoerige-bei-der-us-botschaft-in-den-niederlanden\/","name":"Visa-Dienstleistungen f\u00fcr niederl\u00e4ndische Staatsangeh\u00f6rige bei der US-Botschaft in den Niederlanden - USA","isPartOf":{"@id":"https:\/\/www.usemb.nl\/de\/#website"},"datePublished":"2025-03-03T14:54:49+00:00","dateModified":"2025-03-03T15:16:01+00:00","breadcrumb":{"@id":"https:\/\/www.usemb.nl\/de\/visa-service-fuer-niederlaendische-staatsangehoerige-bei-der-us-botschaft-in-den-niederlanden\/#breadcrumb"},"inLanguage":"de","potentialAction":[{"@type":"ReadAction","target":["https:\/\/www.usemb.nl\/de\/visa-service-fuer-niederlaendische-staatsangehoerige-bei-der-us-botschaft-in-den-niederlanden\/"]}]},{"@type":"BreadcrumbList","@id":"https:\/\/www.usemb.nl\/de\/visa-service-fuer-niederlaendische-staatsangehoerige-bei-der-us-botschaft-in-den-niederlanden\/#breadcrumb","itemListElement":[{"@type":"ListItem","position":1,"name":"Home","item":"https:\/\/www.usemb.nl\/de\/"},{"@type":"ListItem","position":2,"name":"Visa-Dienstleistungen f\u00fcr niederl\u00e4ndische Staatsangeh\u00f6rige bei der US-Botschaft in den Niederlanden"}]},{"@type":"WebSite","@id":"https:\/\/www.usemb.nl\/de\/#website","url":"https:\/\/www.usemb.nl\/de\/","name":"USA","description":"United States of America","potentialAction":[{"@type":"SearchAction","target":{"@type":"EntryPoint","urlTemplate":"https:\/\/www.usemb.nl\/de\/?s={search_term_string}"},"query-input":{"@type":"PropertyValueSpecification","valueRequired":true,"valueName":"search_term_string"}}],"inLanguage":"de"}]}},"_links":{"self":[{"href":"https:\/\/www.usemb.nl\/de\/wp-json\/wp\/v2\/pages\/685","targetHints":{"allow":["GET"]}}],"collection":[{"href":"https:\/\/www.usemb.nl\/de\/wp-json\/wp\/v2\/pages"}],"about":[{"href":"https:\/\/www.usemb.nl\/de\/wp-json\/wp\/v2\/types\/page"}],"author":[{"embeddable":true,"href":"https:\/\/www.usemb.nl\/de\/wp-json\/wp\/v2\/users\/1"}],"replies":[{"embeddable":true,"href":"https:\/\/www.usemb.nl\/de\/wp-json\/wp\/v2\/comments?post=685"}],"version-history":[{"count":4,"href":"https:\/\/www.usemb.nl\/de\/wp-json\/wp\/v2\/pages\/685\/revisions"}],"predecessor-version":[{"id":790,"href":"https:\/\/www.usemb.nl\/de\/wp-json\/wp\/v2\/pages\/685\/revisions\/790"}],"wp:attachment":[{"href":"https:\/\/www.usemb.nl\/de\/wp-json\/wp\/v2\/media?parent=685"}],"curies":[{"name":"wp","href":"https:\/\/api.w.org\/{rel}","templated":true}]}}