{"id":167,"date":"2022-03-07T09:56:47","date_gmt":"2022-03-07T14:56:47","guid":{"rendered":"https:\/\/www.usemb.nl\/reise-in-die-uns\/"},"modified":"2025-01-30T03:45:00","modified_gmt":"2025-01-30T08:45:00","slug":"reise-in-die-uns","status":"publish","type":"page","link":"https:\/\/www.usemb.nl\/de\/reise-in-die-uns\/","title":{"rendered":"Was ist ESTA?"},"content":{"rendered":"\n<h1 class=\"wp-block-heading\">Elektronisches System zur Reisegenehmigung<\/h1>\n\n<p>ESTA ist eine elektronische Reisegenehmigung f\u00fcr die Einreise in die Vereinigten Staaten. Es ist obligatorisch, wenn Sie auf dem Seeweg oder mit dem Flugzeug anreisen, einschlie\u00dflich bei der Durchreise durch die Vereinigten Staaten. Dieser Antrag wurde gestellt, um die Verfahren f\u00fcr die Einreise in die Vereinigten Staaten f\u00fcr Staatsangeh\u00f6rige der 41 Mitgliedsl\u00e4nder des Waiver Visa Program zu erleichtern.<\/p>\n\n<p>ESTA-Antr\u00e4ge fallen in den Zust\u00e4ndigkeitsbereich des <a href=\"https:\/\/www.dhs.gov\/\">US-Heimatschutzministeriums<\/a> (DHS), das f\u00fcr die innere Sicherheit der Vereinigten Staaten zust\u00e4ndig ist. Auf der anderen Seite kann Sie trotz Ihrer vom DHS validierten ESTA-Genehmigung nur der Zoll beim Aussteigen aus dem Flugzeug in das amerikanische Hoheitsgebiet einreisen lassen.<\/p>\n\n<h2 class=\"wp-block-heading\">ESTA-G\u00fcltigkeitsdauer<\/h2>\n\n<p>Die <a href=\"https:\/\/www.usemb.nl\/de\/die-grundlagen-uber-esta\/\" data-type=\"page\" data-id=\"88\">ESTA-Genehmigung<\/a> ist zwei Jahre ab Ausstellungsdatum g\u00fcltig. Andererseits verpflichten Sie sich, w\u00e4hrend der 2-Jahres-Frist alle \u00c4nderungen Ihrer Situation zu melden, insbesondere im Falle einer \u00c4nderung des Personenstands, der Rechts- und Krankengeschichte. Wenn die G\u00fcltigkeit Ihres Reisepasses w\u00e4hrend dieser zwei Jahre abl\u00e4uft, verf\u00e4llt Ihre Genehmigung, Sie m\u00fcssen also einen neuen Antrag stellen. <\/p>\n\n<p>Keine Panik, wenn Ihre ESTA-Genehmigung w\u00e4hrend Ihrer Reise abl\u00e4uft, Sie k\u00f6nnen die Reise beenden und nach Hause zur\u00fcckkehren, da die Genehmigung nur zum Betreten des amerikanischen Territoriums, aber nicht zum Verlassen erforderlich ist.<\/p>\n\n<p>Seien Sie vorsichtig, auch wenn Ihre ESTA-Genehmigung zwei Jahre g\u00fcltig ist, k\u00f6nnen Sie sich nicht l\u00e4nger als 90 Tage in den Vereinigten Staaten aufhalten. Beachten Sie auch, dass Ihre Bordkarte nicht bearbeitet werden kann, wenn Sie am Tag Ihres Abflugs am Flughafen nicht im Besitz einer g\u00fcltigen ESTA-Genehmigung sind, und Sie das Flugzeug dann nicht besteigen k\u00f6nnen.<\/p>\n\n<p>Wenn Sie l\u00e4nger als 90 Tage bleiben m\u00f6chten, m\u00fcssen Sie ein US-Visum beantragen. Wenn Sie dauerhaft in den USA leben m\u00f6chten, m\u00fcssen Sie eine USA Green Card beantragen.<\/p>\n\n<h2 class=\"wp-block-heading\">Sind Kinder von ESTA betroffen<\/h2>\n\n<p>Alle VWP-Staatsangeh\u00f6rigen sind von dem ESTA-Antrag betroffen, unabh\u00e4ngig von ihrem Alter. Minderj\u00e4hrige sind daher ebenfalls betroffen und m\u00fcssen im Besitz einer Reisegenehmigung sein. Beachten Sie, dass der Elternteil, der nicht den gleichen Namen tr\u00e4gt wie das Kind, mit dem er reist, das Familienbuch haben muss. Bei Klassenfahrten muss zudem eine besondere Genehmigung im Besitz des Reisenden sein.<\/p>\n\n<h2 class=\"wp-block-heading\">So beantragen Sie ESTA<\/h2>\n\n<p>F\u00fcr die Beantragung ist es nicht erforderlich, zur Botschaft zu kommen. Um eine effiziente und schnelle Behandlung zu gew\u00e4hrleisten, wird das Verfahren ausschlie\u00dflich \u00fcber das Internet unter <a href=\"https:\/\/esta.cbp.dhs.gov\/\">https:\/\/esta.cbp.dhs.gov\/<\/a> durchgef\u00fchrt.<\/p>\n\n<h2 class=\"wp-block-heading\">Was kostet ESTA?<\/h2>\n\n<p>Die Kosten f\u00fcr die Bearbeitung des ESTA-Antrags belaufen sich auf $21. Diese Kosten gliedern sich in zwei Teile:<\/p>\n\n<ul class=\"wp-block-list\">\n<li>$4 Bearbeitungsgeb\u00fchr f\u00fcr alle Reisenden, die einen Anspruch einreichen;<\/li>\n\n\n\n<li>17 $ US Travel Promotion-Geb\u00fchr f\u00fcr alle Reisenden, die ein ESTA erhalten.<\/li>\n<\/ul>\n\n<p>Wird Ihr Antrag abgelehnt, erhalten Sie eine Erstattung von 17 $.<\/p>\n\n<h2 class=\"wp-block-heading\">Wie bezahle ich meinen ESTA-Antrag?<\/h2>\n\n<p>Die ESTA-Anfrage ist zu 100 % elektronisch, daher muss die Zahlung per Kreditkarte auf der sicheren Seite erfolgen. Dieser dematerialisierte Ansatz zielt darauf ab, eine schnelle Bearbeitung zu gew\u00e4hrleisten.<\/p>\n","protected":false},"excerpt":{"rendered":"<p>Elektronisches System zur Reisegenehmigung ESTA ist eine elektronische Reisegenehmigung f\u00fcr die Einreise in die Vereinigten Staaten. Es ist obligatorisch, wenn Sie auf dem Seeweg oder mit dem Flugzeug anreisen, einschlie\u00dflich bei der Durchreise durch die Vereinigten Staaten. Dieser Antrag wurde gestellt, um die Verfahren f\u00fcr die Einreise in die Vereinigten Staaten f\u00fcr Staatsangeh\u00f6rige der 41 [&hellip;]<\/p>\n","protected":false},"author":1,"featured_media":0,"parent":0,"menu_order":0,"comment_status":"closed","ping_status":"closed","template":"","meta":{"footnotes":""},"class_list":["post-167","page","type-page","status-publish","hentry"],"yoast_head":"<!-- This site is optimized with the Yoast SEO plugin v26.2 - https:\/\/yoast.com\/wordpress\/plugins\/seo\/ -->\n<title>Was ist ESTA? - USA<\/title>\n<meta name=\"robots\" content=\"index, follow, max-snippet:-1, max-image-preview:large, max-video-preview:-1\" \/>\n<link rel=\"canonical\" href=\"https:\/\/www.usemb.nl\/de\/reise-in-die-uns\/\" \/>\n<meta property=\"og:locale\" content=\"de_DE\" \/>\n<meta property=\"og:type\" content=\"article\" \/>\n<meta property=\"og:title\" content=\"Was ist ESTA? - USA\" \/>\n<meta property=\"og:description\" content=\"Elektronisches System zur Reisegenehmigung ESTA ist eine elektronische Reisegenehmigung f\u00fcr die Einreise in die Vereinigten Staaten. Es ist obligatorisch, wenn Sie auf dem Seeweg oder mit dem Flugzeug anreisen, einschlie\u00dflich bei der Durchreise durch die Vereinigten Staaten. Dieser Antrag wurde gestellt, um die Verfahren f\u00fcr die Einreise in die Vereinigten Staaten f\u00fcr Staatsangeh\u00f6rige der 41 [&hellip;]\" \/>\n<meta property=\"og:url\" content=\"https:\/\/www.usemb.nl\/de\/reise-in-die-uns\/\" \/>\n<meta property=\"og:site_name\" content=\"USA\" \/>\n<meta property=\"article:modified_time\" content=\"2025-01-30T08:45:00+00:00\" \/>\n<meta name=\"twitter:card\" content=\"summary_large_image\" \/>\n<meta name=\"twitter:label1\" content=\"Gesch\u00e4tzte Lesezeit\" \/>\n\t<meta name=\"twitter:data1\" content=\"2\u00a0Minuten\" \/>\n<script type=\"application\/ld+json\" class=\"yoast-schema-graph\">{\"@context\":\"https:\/\/schema.org\",\"@graph\":[{\"@type\":\"WebPage\",\"@id\":\"https:\/\/www.usemb.nl\/de\/reise-in-die-uns\/\",\"url\":\"https:\/\/www.usemb.nl\/de\/reise-in-die-uns\/\",\"name\":\"Was ist ESTA? - USA\",\"isPartOf\":{\"@id\":\"https:\/\/www.usemb.nl\/de\/#website\"},\"datePublished\":\"2022-03-07T14:56:47+00:00\",\"dateModified\":\"2025-01-30T08:45:00+00:00\",\"breadcrumb\":{\"@id\":\"https:\/\/www.usemb.nl\/de\/reise-in-die-uns\/#breadcrumb\"},\"inLanguage\":\"de\",\"potentialAction\":[{\"@type\":\"ReadAction\",\"target\":[\"https:\/\/www.usemb.nl\/de\/reise-in-die-uns\/\"]}]},{\"@type\":\"BreadcrumbList\",\"@id\":\"https:\/\/www.usemb.nl\/de\/reise-in-die-uns\/#breadcrumb\",\"itemListElement\":[{\"@type\":\"ListItem\",\"position\":1,\"name\":\"Home\",\"item\":\"https:\/\/www.usemb.nl\/de\/\"},{\"@type\":\"ListItem\",\"position\":2,\"name\":\"Was ist ESTA?\"}]},{\"@type\":\"WebSite\",\"@id\":\"https:\/\/www.usemb.nl\/de\/#website\",\"url\":\"https:\/\/www.usemb.nl\/de\/\",\"name\":\"USA\",\"description\":\"United States of America\",\"potentialAction\":[{\"@type\":\"SearchAction\",\"target\":{\"@type\":\"EntryPoint\",\"urlTemplate\":\"https:\/\/www.usemb.nl\/de\/?s={search_term_string}\"},\"query-input\":{\"@type\":\"PropertyValueSpecification\",\"valueRequired\":true,\"valueName\":\"search_term_string\"}}],\"inLanguage\":\"de\"}]}<\/script>\n<!-- \/ Yoast SEO plugin. -->","yoast_head_json":{"title":"Was ist ESTA? - USA","robots":{"index":"index","follow":"follow","max-snippet":"max-snippet:-1","max-image-preview":"max-image-preview:large","max-video-preview":"max-video-preview:-1"},"canonical":"https:\/\/www.usemb.nl\/de\/reise-in-die-uns\/","og_locale":"de_DE","og_type":"article","og_title":"Was ist ESTA? - USA","og_description":"Elektronisches System zur Reisegenehmigung ESTA ist eine elektronische Reisegenehmigung f\u00fcr die Einreise in die Vereinigten Staaten. Es ist obligatorisch, wenn Sie auf dem Seeweg oder mit dem Flugzeug anreisen, einschlie\u00dflich bei der Durchreise durch die Vereinigten Staaten. Dieser Antrag wurde gestellt, um die Verfahren f\u00fcr die Einreise in die Vereinigten Staaten f\u00fcr Staatsangeh\u00f6rige der 41 [&hellip;]","og_url":"https:\/\/www.usemb.nl\/de\/reise-in-die-uns\/","og_site_name":"USA","article_modified_time":"2025-01-30T08:45:00+00:00","twitter_card":"summary_large_image","twitter_misc":{"Gesch\u00e4tzte Lesezeit":"2\u00a0Minuten"},"schema":{"@context":"https:\/\/schema.org","@graph":[{"@type":"WebPage","@id":"https:\/\/www.usemb.nl\/de\/reise-in-die-uns\/","url":"https:\/\/www.usemb.nl\/de\/reise-in-die-uns\/","name":"Was ist ESTA? - USA","isPartOf":{"@id":"https:\/\/www.usemb.nl\/de\/#website"},"datePublished":"2022-03-07T14:56:47+00:00","dateModified":"2025-01-30T08:45:00+00:00","breadcrumb":{"@id":"https:\/\/www.usemb.nl\/de\/reise-in-die-uns\/#breadcrumb"},"inLanguage":"de","potentialAction":[{"@type":"ReadAction","target":["https:\/\/www.usemb.nl\/de\/reise-in-die-uns\/"]}]},{"@type":"BreadcrumbList","@id":"https:\/\/www.usemb.nl\/de\/reise-in-die-uns\/#breadcrumb","itemListElement":[{"@type":"ListItem","position":1,"name":"Home","item":"https:\/\/www.usemb.nl\/de\/"},{"@type":"ListItem","position":2,"name":"Was ist ESTA?"}]},{"@type":"WebSite","@id":"https:\/\/www.usemb.nl\/de\/#website","url":"https:\/\/www.usemb.nl\/de\/","name":"USA","description":"United States of America","potentialAction":[{"@type":"SearchAction","target":{"@type":"EntryPoint","urlTemplate":"https:\/\/www.usemb.nl\/de\/?s={search_term_string}"},"query-input":{"@type":"PropertyValueSpecification","valueRequired":true,"valueName":"search_term_string"}}],"inLanguage":"de"}]}},"_links":{"self":[{"href":"https:\/\/www.usemb.nl\/de\/wp-json\/wp\/v2\/pages\/167","targetHints":{"allow":["GET"]}}],"collection":[{"href":"https:\/\/www.usemb.nl\/de\/wp-json\/wp\/v2\/pages"}],"about":[{"href":"https:\/\/www.usemb.nl\/de\/wp-json\/wp\/v2\/types\/page"}],"author":[{"embeddable":true,"href":"https:\/\/www.usemb.nl\/de\/wp-json\/wp\/v2\/users\/1"}],"replies":[{"embeddable":true,"href":"https:\/\/www.usemb.nl\/de\/wp-json\/wp\/v2\/comments?post=167"}],"version-history":[{"count":8,"href":"https:\/\/www.usemb.nl\/de\/wp-json\/wp\/v2\/pages\/167\/revisions"}],"predecessor-version":[{"id":625,"href":"https:\/\/www.usemb.nl\/de\/wp-json\/wp\/v2\/pages\/167\/revisions\/625"}],"wp:attachment":[{"href":"https:\/\/www.usemb.nl\/de\/wp-json\/wp\/v2\/media?parent=167"}],"curies":[{"name":"wp","href":"https:\/\/api.w.org\/{rel}","templated":true}]}}