{"id":165,"date":"2022-03-07T09:56:22","date_gmt":"2022-03-07T14:56:22","guid":{"rendered":"https:\/\/www.usemb.nl\/die-grundlagen-uber-esta\/"},"modified":"2025-01-30T03:45:04","modified_gmt":"2025-01-30T08:45:04","slug":"die-grundlagen-uber-esta","status":"publish","type":"page","link":"https:\/\/www.usemb.nl\/de\/die-grundlagen-uber-esta\/","title":{"rendered":"Die Grundlagen zu ESTA"},"content":{"rendered":"\n<h1 class=\"wp-block-heading\">Wie n\u00fctzlich ist ESTA<\/h1>\n\n<p>Die ESTA-Erkl\u00e4rung erm\u00f6glicht es Ihnen vor allem, sich von einem herk\u00f6mmlichen Visumantrag zu befreien, wenn Ihre Reise 90 Tage nicht \u00fcberschreitet. Dank des Programms f\u00fcr visumfreies Reisen (Visa Waiver Program) kann jeder B\u00fcrger eines der 41 teilnehmenden L\u00e4nder diese Reisegenehmigung beantragen, bevor er in die Vereinigten Staaten reist. Mit dem ESTA k\u00f6nnen Sie :<\/p>\n\n<ol class=\"wp-block-list\">\n<li>Machen Sie eine Gesch\u00e4ftsreise: Nehmen Sie an Besprechungen teil, unterzeichnen Sie Vertr\u00e4ge mit Partnern, nehmen Sie aber auch an kurzfristigen und unbezahlten Schulungen teil;<\/li>\n\n\n\n<li>Machen Sie eine touristische Reise: Reisen Sie frei durch das Land, um an verschiedenen kulturellen Aktivit\u00e4ten teilzunehmen, Kurse zu besuchen, sofern diese nicht f\u00fcr einen Universit\u00e4tsabschluss angerechnet werden.<\/li>\n<\/ol>\n\n<p>ESTA ist ein System, das 2009 eingef\u00fchrt wurde, um Reisenden sicherere Reisebedingungen zu bieten und somit die Sicherheit des amerikanischen Territoriums zu st\u00e4rken. Die Bearbeitungsgeb\u00fchren in H\u00f6he von 21 USD werden f\u00fcr die Modernisierung der bestehenden Sicherheitssysteme, aber auch f\u00fcr die F\u00f6rderung des Tourismus in die Vereinigten Staaten verwendet. Um Ihre ESTA-Erkl\u00e4rung auszuf\u00fcllen, k\u00f6nnen Sie den Prozess auf der <a href=\"https:\/\/esta.cbp.dhs.gov\/\">offiziellen Website des US-Zolls<\/a> abschlie\u00dfen oder umfassende Hilfe in Anspruch nehmen, indem Sie ein spezielles Formular verwenden.<\/p>\n\n<p>Das Programm zur Befreiung von der Visumpflicht hat mehrere andere L\u00e4nder auf der ganzen Welt inspiriert. Im Jahr 2024 wurde die britische eTA-Genehmigung f\u00fcr Reisende eingef\u00fchrt, die sich weniger als 90 Tage im Vereinigten K\u00f6nigreich aufhalten. <\/p>\n\n<p>Wenn Ihr ESTA-Antrag aus irgendeinem Grund abgelehnt wird, sollten Sie erw\u00e4gen, ein US-Visum zu beantragen. F\u00fcr Touristenreisen finden Sie online weitere Informationen \u00fcber das B2-Touristenvisum. <\/p>\n\n<h2 class=\"wp-block-heading\">Aufgaben des Heimatschutzministeriums<\/h2>\n\n<p>Das <a href=\"https:\/\/www.dhs.gov\/\">Department of Homeland Security<\/a> wurde 2002 als Reaktion auf die Anschl\u00e4ge vom 11. September gegr\u00fcndet, um die innere Sicherheit der Vereinigten Staaten zu erh\u00f6hen.<\/p>\n\n<p>Sie besteht aus 15 Bundesbeh\u00f6rden und arbeitet unter der \u00c4gide der US-Regierung. Die Funktionen von DHS sind vielf\u00e4ltig. Dieser spezielle Service gew\u00e4hrleistet unter anderem die Verwaltung des Visa Waiver Program (VWP). Reisende, die ohne Visum in die USA reisen m\u00f6chten, m\u00fcssen ein ESTA-Formular ausf\u00fcllen, das mehrere Fragen zur Identit\u00e4t des Antragstellers, seinem Gesundheitszustand, seinem Vorstrafenregister usw. enth\u00e4lt. Diese Antworten werden dann an das DHS gesendet, das entscheidet ob dem Antragsteller die Aufenthaltserlaubnis erteilt wird oder nicht. Tats\u00e4chlich k\u00f6nnen die Beh\u00f6rden, die die terroristische Bedrohung so weit wie m\u00f6glich begrenzen m\u00f6chten, im Falle eines \u201eriskanten\u201c Profils entscheiden, das Dokument nicht auszustellen.<\/p>\n\n<h2 class=\"wp-block-heading\">Reisep\u00e4sse, die zum Aufenthalt in den Vereinigten Staaten berechtigt sind<\/h2>\n\n<p>Wenn Sie planen, in die Vereinigten Staaten zu reisen, beachten Sie, dass Sie einen g\u00fcltigen Reisepass haben m\u00fcssen, andernfalls wird Ihnen das Einsteigen verweigert. Derzeit werden zwei Arten von P\u00e4ssen akzeptiert:<\/p>\n\n<ul class=\"wp-block-list\">\n<li>Elektronischer Reisepass: Wird seit 2006 verwendet und enth\u00e4lt einen elektronischen Chip. Die aufgezeichneten Informationen k\u00f6nnen \u00fcber ein elektromagnetisches Leseger\u00e4t aus kurzer Entfernung ausgelesen werden (Name, Nationalit\u00e4t, Geburtsdatum, Passnummer).<\/li>\n\n\n\n<li>Der biometrische Reisepass: 2009 in Umlauf gebracht, verf\u00fcgt er \u00fcber einen elektronischen Chip, der mehr Informationen enth\u00e4lt als der elektronische Reisepass: Lichtbild und Fingerabdr\u00fccke des Inhabers sind integriert. Diese neue Version wurde implementiert, um das Risiko von Identit\u00e4tsdiebstahl weiter einzuschr\u00e4nken.<\/li>\n<\/ul>\n\n<p>Ein Reisepass ist 10 Jahre f\u00fcr Erwachsene und 5 Jahre f\u00fcr Minderj\u00e4hrige g\u00fcltig. Wenn Sie keinen Reisepass haben oder dieser abgelaufen ist, gehen Sie zum Rathaus. Es werden mehrere Dokumente ben\u00f6tigt:<\/p>\n\n<ul class=\"wp-block-list\">\n<li>Ein Personalausweis oder der alte Reisepass;<\/li>\n\n\n\n<li>Ein g\u00fcltiges Ausweisfoto;<\/li>\n\n\n\n<li>Adressnachweis: Original + Fotokopie;<\/li>\n\n\n\n<li>Eine Voranfragenummer oder das ordnungsgem\u00e4\u00df ausgef\u00fcllte Anfrageformular;<\/li>\n\n\n\n<li>Eine Steuermarke.<\/li>\n<\/ul>\n\n<p>Im Ausland lebende Personen m\u00fcssen einen Antrag beim Konsulat stellen und einen Betrag von 96 Euro bezahlen.<br\/>Bevor Sie in die Vereinigten Staaten reisen, sollten Sie au\u00dferdem \u00fcberpr\u00fcfen, ob die Nummer in Ihrem Reisepass mit der auf Ihrem ESTA vermerkten Nummer \u00fcbereinstimmt. Wenn Sie zwischenzeitlich Ihren Reisepass ge\u00e4ndert haben, m\u00fcssen Sie ESTA erneut beantragen.<\/p>\n","protected":false},"excerpt":{"rendered":"<p>Wie n\u00fctzlich ist ESTA Die ESTA-Erkl\u00e4rung erm\u00f6glicht es Ihnen vor allem, sich von einem herk\u00f6mmlichen Visumantrag zu befreien, wenn Ihre Reise 90 Tage nicht \u00fcberschreitet. Dank des Programms f\u00fcr visumfreies Reisen (Visa Waiver Program) kann jeder B\u00fcrger eines der 41 teilnehmenden L\u00e4nder diese Reisegenehmigung beantragen, bevor er in die Vereinigten Staaten reist. Mit dem ESTA [&hellip;]<\/p>\n","protected":false},"author":1,"featured_media":0,"parent":0,"menu_order":0,"comment_status":"closed","ping_status":"closed","template":"","meta":{"footnotes":""},"class_list":["post-165","page","type-page","status-publish","hentry"],"yoast_head":"<!-- This site is optimized with the Yoast SEO plugin v26.2 - https:\/\/yoast.com\/wordpress\/plugins\/seo\/ -->\n<title>Die Grundlagen zu ESTA - USA<\/title>\n<meta name=\"robots\" content=\"index, follow, max-snippet:-1, max-image-preview:large, max-video-preview:-1\" \/>\n<link rel=\"canonical\" href=\"https:\/\/www.usemb.nl\/de\/die-grundlagen-uber-esta\/\" \/>\n<meta property=\"og:locale\" content=\"de_DE\" \/>\n<meta property=\"og:type\" content=\"article\" \/>\n<meta property=\"og:title\" content=\"Die Grundlagen zu ESTA - USA\" \/>\n<meta property=\"og:description\" content=\"Wie n\u00fctzlich ist ESTA Die ESTA-Erkl\u00e4rung erm\u00f6glicht es Ihnen vor allem, sich von einem herk\u00f6mmlichen Visumantrag zu befreien, wenn Ihre Reise 90 Tage nicht \u00fcberschreitet. Dank des Programms f\u00fcr visumfreies Reisen (Visa Waiver Program) kann jeder B\u00fcrger eines der 41 teilnehmenden L\u00e4nder diese Reisegenehmigung beantragen, bevor er in die Vereinigten Staaten reist. Mit dem ESTA [&hellip;]\" \/>\n<meta property=\"og:url\" content=\"https:\/\/www.usemb.nl\/de\/die-grundlagen-uber-esta\/\" \/>\n<meta property=\"og:site_name\" content=\"USA\" \/>\n<meta property=\"article:modified_time\" content=\"2025-01-30T08:45:04+00:00\" \/>\n<meta name=\"twitter:card\" content=\"summary_large_image\" \/>\n<meta name=\"twitter:label1\" content=\"Gesch\u00e4tzte Lesezeit\" \/>\n\t<meta name=\"twitter:data1\" content=\"3\u00a0Minuten\" \/>\n<script type=\"application\/ld+json\" class=\"yoast-schema-graph\">{\"@context\":\"https:\/\/schema.org\",\"@graph\":[{\"@type\":\"WebPage\",\"@id\":\"https:\/\/www.usemb.nl\/de\/die-grundlagen-uber-esta\/\",\"url\":\"https:\/\/www.usemb.nl\/de\/die-grundlagen-uber-esta\/\",\"name\":\"Die Grundlagen zu ESTA - USA\",\"isPartOf\":{\"@id\":\"https:\/\/www.usemb.nl\/de\/#website\"},\"datePublished\":\"2022-03-07T14:56:22+00:00\",\"dateModified\":\"2025-01-30T08:45:04+00:00\",\"breadcrumb\":{\"@id\":\"https:\/\/www.usemb.nl\/de\/die-grundlagen-uber-esta\/#breadcrumb\"},\"inLanguage\":\"de\",\"potentialAction\":[{\"@type\":\"ReadAction\",\"target\":[\"https:\/\/www.usemb.nl\/de\/die-grundlagen-uber-esta\/\"]}]},{\"@type\":\"BreadcrumbList\",\"@id\":\"https:\/\/www.usemb.nl\/de\/die-grundlagen-uber-esta\/#breadcrumb\",\"itemListElement\":[{\"@type\":\"ListItem\",\"position\":1,\"name\":\"Home\",\"item\":\"https:\/\/www.usemb.nl\/de\/\"},{\"@type\":\"ListItem\",\"position\":2,\"name\":\"Die Grundlagen zu ESTA\"}]},{\"@type\":\"WebSite\",\"@id\":\"https:\/\/www.usemb.nl\/de\/#website\",\"url\":\"https:\/\/www.usemb.nl\/de\/\",\"name\":\"USA\",\"description\":\"United States of America\",\"potentialAction\":[{\"@type\":\"SearchAction\",\"target\":{\"@type\":\"EntryPoint\",\"urlTemplate\":\"https:\/\/www.usemb.nl\/de\/?s={search_term_string}\"},\"query-input\":{\"@type\":\"PropertyValueSpecification\",\"valueRequired\":true,\"valueName\":\"search_term_string\"}}],\"inLanguage\":\"de\"}]}<\/script>\n<!-- \/ Yoast SEO plugin. -->","yoast_head_json":{"title":"Die Grundlagen zu ESTA - USA","robots":{"index":"index","follow":"follow","max-snippet":"max-snippet:-1","max-image-preview":"max-image-preview:large","max-video-preview":"max-video-preview:-1"},"canonical":"https:\/\/www.usemb.nl\/de\/die-grundlagen-uber-esta\/","og_locale":"de_DE","og_type":"article","og_title":"Die Grundlagen zu ESTA - USA","og_description":"Wie n\u00fctzlich ist ESTA Die ESTA-Erkl\u00e4rung erm\u00f6glicht es Ihnen vor allem, sich von einem herk\u00f6mmlichen Visumantrag zu befreien, wenn Ihre Reise 90 Tage nicht \u00fcberschreitet. Dank des Programms f\u00fcr visumfreies Reisen (Visa Waiver Program) kann jeder B\u00fcrger eines der 41 teilnehmenden L\u00e4nder diese Reisegenehmigung beantragen, bevor er in die Vereinigten Staaten reist. Mit dem ESTA [&hellip;]","og_url":"https:\/\/www.usemb.nl\/de\/die-grundlagen-uber-esta\/","og_site_name":"USA","article_modified_time":"2025-01-30T08:45:04+00:00","twitter_card":"summary_large_image","twitter_misc":{"Gesch\u00e4tzte Lesezeit":"3\u00a0Minuten"},"schema":{"@context":"https:\/\/schema.org","@graph":[{"@type":"WebPage","@id":"https:\/\/www.usemb.nl\/de\/die-grundlagen-uber-esta\/","url":"https:\/\/www.usemb.nl\/de\/die-grundlagen-uber-esta\/","name":"Die Grundlagen zu ESTA - USA","isPartOf":{"@id":"https:\/\/www.usemb.nl\/de\/#website"},"datePublished":"2022-03-07T14:56:22+00:00","dateModified":"2025-01-30T08:45:04+00:00","breadcrumb":{"@id":"https:\/\/www.usemb.nl\/de\/die-grundlagen-uber-esta\/#breadcrumb"},"inLanguage":"de","potentialAction":[{"@type":"ReadAction","target":["https:\/\/www.usemb.nl\/de\/die-grundlagen-uber-esta\/"]}]},{"@type":"BreadcrumbList","@id":"https:\/\/www.usemb.nl\/de\/die-grundlagen-uber-esta\/#breadcrumb","itemListElement":[{"@type":"ListItem","position":1,"name":"Home","item":"https:\/\/www.usemb.nl\/de\/"},{"@type":"ListItem","position":2,"name":"Die Grundlagen zu ESTA"}]},{"@type":"WebSite","@id":"https:\/\/www.usemb.nl\/de\/#website","url":"https:\/\/www.usemb.nl\/de\/","name":"USA","description":"United States of America","potentialAction":[{"@type":"SearchAction","target":{"@type":"EntryPoint","urlTemplate":"https:\/\/www.usemb.nl\/de\/?s={search_term_string}"},"query-input":{"@type":"PropertyValueSpecification","valueRequired":true,"valueName":"search_term_string"}}],"inLanguage":"de"}]}},"_links":{"self":[{"href":"https:\/\/www.usemb.nl\/de\/wp-json\/wp\/v2\/pages\/165","targetHints":{"allow":["GET"]}}],"collection":[{"href":"https:\/\/www.usemb.nl\/de\/wp-json\/wp\/v2\/pages"}],"about":[{"href":"https:\/\/www.usemb.nl\/de\/wp-json\/wp\/v2\/types\/page"}],"author":[{"embeddable":true,"href":"https:\/\/www.usemb.nl\/de\/wp-json\/wp\/v2\/users\/1"}],"replies":[{"embeddable":true,"href":"https:\/\/www.usemb.nl\/de\/wp-json\/wp\/v2\/comments?post=165"}],"version-history":[{"count":10,"href":"https:\/\/www.usemb.nl\/de\/wp-json\/wp\/v2\/pages\/165\/revisions"}],"predecessor-version":[{"id":636,"href":"https:\/\/www.usemb.nl\/de\/wp-json\/wp\/v2\/pages\/165\/revisions\/636"}],"wp:attachment":[{"href":"https:\/\/www.usemb.nl\/de\/wp-json\/wp\/v2\/media?parent=165"}],"curies":[{"name":"wp","href":"https:\/\/api.w.org\/{rel}","templated":true}]}}