{"id":163,"date":"2022-03-07T09:55:55","date_gmt":"2022-03-07T14:55:55","guid":{"rendered":"https:\/\/www.usemb.nl\/heimat\/"},"modified":"2025-04-07T14:46:44","modified_gmt":"2025-04-07T18:46:44","slug":"heimat","status":"publish","type":"page","link":"https:\/\/www.usemb.nl\/de\/","title":{"rendered":"Heim"},"content":{"rendered":"\t\t<div data-elementor-type=\"wp-page\" data-elementor-id=\"163\" class=\"elementor elementor-163 elementor-39\" data-elementor-post-type=\"page\">\n\t\t\t\t\t\t<section class=\"elementor-section elementor-top-section elementor-element elementor-element-0f7719f elementor-section-boxed elementor-section-height-default elementor-section-height-default\" data-id=\"0f7719f\" data-element_type=\"section\">\n\t\t\t\t\t\t<div class=\"elementor-container elementor-column-gap-default\">\n\t\t\t\t\t<div class=\"elementor-column elementor-col-100 elementor-top-column elementor-element elementor-element-c4cdb2c\" data-id=\"c4cdb2c\" data-element_type=\"column\">\n\t\t\t<div class=\"elementor-widget-wrap elementor-element-populated\">\n\t\t\t\t\t\t<div class=\"elementor-element elementor-element-5e446b2 elementor-widget elementor-widget-image\" data-id=\"5e446b2\" data-element_type=\"widget\" data-widget_type=\"image.default\">\n\t\t\t\t<div class=\"elementor-widget-container\">\n\t\t\t\t\t\t\t\t\t\t\t\t\t\t\t<img fetchpriority=\"high\" decoding=\"async\" width=\"2048\" height=\"318\" src=\"https:\/\/www.usemb.nl\/wp-content\/uploads\/2022\/05\/usa-visa-image.jpg\" class=\"attachment-full size-full wp-image-305\" alt=\"Amerikanisches Visum USA\" srcset=\"https:\/\/www.usemb.nl\/wp-content\/uploads\/2022\/05\/usa-visa-image.jpg 2048w, https:\/\/www.usemb.nl\/wp-content\/uploads\/2022\/05\/usa-visa-image-300x47.jpg 300w, https:\/\/www.usemb.nl\/wp-content\/uploads\/2022\/05\/usa-visa-image-1024x159.jpg 1024w, https:\/\/www.usemb.nl\/wp-content\/uploads\/2022\/05\/usa-visa-image-768x119.jpg 768w, https:\/\/www.usemb.nl\/wp-content\/uploads\/2022\/05\/usa-visa-image-1536x239.jpg 1536w\" sizes=\"(max-width: 2048px) 100vw, 2048px\" \/>\t\t\t\t\t\t\t\t\t\t\t\t\t\t\t<\/div>\n\t\t\t\t<\/div>\n\t\t\t\t\t<\/div>\n\t\t<\/div>\n\t\t\t\t\t<\/div>\n\t\t<\/section>\n\t\t\t\t<section class=\"elementor-section elementor-top-section elementor-element elementor-element-bef3891 elementor-section-boxed elementor-section-height-default elementor-section-height-default\" data-id=\"bef3891\" data-element_type=\"section\">\n\t\t\t\t\t\t<div class=\"elementor-container elementor-column-gap-default\">\n\t\t\t\t\t<div class=\"elementor-column elementor-col-100 elementor-top-column elementor-element elementor-element-31ee7ae\" data-id=\"31ee7ae\" data-element_type=\"column\">\n\t\t\t<div class=\"elementor-widget-wrap elementor-element-populated\">\n\t\t\t\t\t\t<div class=\"elementor-element elementor-element-d91e52a elementor-widget elementor-widget-heading\" data-id=\"d91e52a\" data-element_type=\"widget\" data-widget_type=\"heading.default\">\n\t\t\t\t<div class=\"elementor-widget-container\">\n\t\t\t\t\t<h1 class=\"elementor-heading-title elementor-size-default\">Reisen in die USA<\/h1>\t\t\t\t<\/div>\n\t\t\t\t<\/div>\n\t\t\t\t\t<\/div>\n\t\t<\/div>\n\t\t\t\t\t<\/div>\n\t\t<\/section>\n\t\t\t\t<section class=\"elementor-section elementor-top-section elementor-element elementor-element-71e9513 elementor-section-boxed elementor-section-height-default elementor-section-height-default\" data-id=\"71e9513\" data-element_type=\"section\">\n\t\t\t\t\t\t<div class=\"elementor-container elementor-column-gap-default\">\n\t\t\t\t\t<div class=\"elementor-column elementor-col-100 elementor-top-column elementor-element elementor-element-df07416\" data-id=\"df07416\" data-element_type=\"column\">\n\t\t\t<div class=\"elementor-widget-wrap elementor-element-populated\">\n\t\t\t\t\t\t<div class=\"elementor-element elementor-element-c1e32ad elementor-widget elementor-widget-text-editor\" data-id=\"c1e32ad\" data-element_type=\"widget\" data-widget_type=\"text-editor.default\">\n\t\t\t\t<div class=\"elementor-widget-container\">\n\t\t\t\t\t\t\t\t\t<p>Bei Reisen in die Vereinigten Staaten von Amerika m\u00fcssen die letzten Anforderungen beachtet werden. Sie sollten sich an die US-Botschaft wenden, um aktuelle Informationen zur Situation zu erhalten. Vorschriften f\u00fcr Ausl\u00e4nder, die in die USA reisen, \u00e4ndern sich h\u00e4ufig mit kurzer Verz\u00f6gerung. <\/p>\t\t\t\t\t\t\t\t<\/div>\n\t\t\t\t<\/div>\n\t\t\t\t\t<\/div>\n\t\t<\/div>\n\t\t\t\t\t<\/div>\n\t\t<\/section>\n\t\t\t\t<section class=\"elementor-section elementor-top-section elementor-element elementor-element-907ce81 elementor-section-boxed elementor-section-height-default elementor-section-height-default\" data-id=\"907ce81\" data-element_type=\"section\">\n\t\t\t\t\t\t<div class=\"elementor-container elementor-column-gap-default\">\n\t\t\t\t\t<div class=\"elementor-column elementor-col-100 elementor-top-column elementor-element elementor-element-17535b7\" data-id=\"17535b7\" data-element_type=\"column\">\n\t\t\t<div class=\"elementor-widget-wrap elementor-element-populated\">\n\t\t\t\t\t\t<div class=\"elementor-element elementor-element-18fed13 elementor-widget elementor-widget-text-editor\" data-id=\"18fed13\" data-element_type=\"widget\" data-widget_type=\"text-editor.default\">\n\t\t\t\t<div class=\"elementor-widget-container\">\n\t\t\t\t\t\t\t\t\t<h2>Die Botschaft der Vereinigten Staaten<\/h2><p>Die <span style=\"text-decoration: underline;\"><a href=\"https:\/\/nl.usembassy.gov\/\">U.S.-Botschaft<\/a><\/span> ist verantwortlich f\u00fcr die Beziehungen zwischen den Vereinigten Staaten und den Niederlanden. Sie arbeiten aktiv daran, die Zusammenarbeit zu verschiedenen internationalen Zwecken zu f\u00f6rdern und die <span style=\"color: var( --e-global-color-text ); font-family: var( --e-global-typography-text-font-family ), Sans-serif; font-weight: var( --e-global-typography-text-font-weight ); font-size: 1rem;\">US-Botschaft in allen L\u00e4ndern der EU als starken internationalen Partner f\u00fcr wirtschaftliche Ziele zu st\u00e4rken .<\/span><\/p><p>Die amerikanische Botschaft in Den Haag hat keine Konsularabteilung. Es gibt ein US-Konsulat in Amsterdam, das Dienstleistungen f\u00fcr die US-Bev\u00f6lkerung in den Niederlanden anbietet.<\/p>\t\t\t\t\t\t\t\t<\/div>\n\t\t\t\t<\/div>\n\t\t\t\t\t<\/div>\n\t\t<\/div>\n\t\t\t\t\t<\/div>\n\t\t<\/section>\n\t\t\t\t<section class=\"elementor-section elementor-top-section elementor-element elementor-element-6ad2359 elementor-section-boxed elementor-section-height-default elementor-section-height-default\" data-id=\"6ad2359\" data-element_type=\"section\">\n\t\t\t\t\t\t<div class=\"elementor-container elementor-column-gap-default\">\n\t\t\t\t\t<div class=\"elementor-column elementor-col-50 elementor-top-column elementor-element elementor-element-c3f4328\" data-id=\"c3f4328\" data-element_type=\"column\">\n\t\t\t<div class=\"elementor-widget-wrap elementor-element-populated\">\n\t\t\t\t\t\t<div class=\"elementor-element elementor-element-ce0de21 elementor-widget elementor-widget-text-editor\" data-id=\"ce0de21\" data-element_type=\"widget\" data-widget_type=\"text-editor.default\">\n\t\t\t\t<div class=\"elementor-widget-container\">\n\t\t\t\t\t\t\t\t\t<h2>US-Botschaft in den Niederlanden<\/h2><p>Die <strong>US-Botschaft in den Niederlanden<\/strong> mit Sitz in Den Haag ist eine wichtige Anlaufstelle f\u00fcr niederl\u00e4ndische Staatsb\u00fcrger und US-B\u00fcrger, die in den Niederlanden wohnen oder die Niederlande besuchen. Diese Website bietet detaillierte Informationen \u00fcber die Dienstleistungen der Botschaft, die Bedingungen f\u00fcr Reisen in die Vereinigten Staaten und die historischen Beziehungen zwischen den Niederlanden und den USA. <\/p>\t\t\t\t\t\t\t\t<\/div>\n\t\t\t\t<\/div>\n\t\t\t\t\t<\/div>\n\t\t<\/div>\n\t\t\t\t<div class=\"elementor-column elementor-col-50 elementor-top-column elementor-element elementor-element-e48fb14\" data-id=\"e48fb14\" data-element_type=\"column\">\n\t\t\t<div class=\"elementor-widget-wrap elementor-element-populated\">\n\t\t\t\t\t\t<div class=\"elementor-element elementor-element-6454c44 elementor-widget elementor-widget-text-editor\" data-id=\"6454c44\" data-element_type=\"widget\" data-widget_type=\"text-editor.default\">\n\t\t\t\t<div class=\"elementor-widget-container\">\n\t\t\t\t\t\t\t\t\t<h2>Standort und Kontaktinformationen<\/h2><p>Die US-Botschaft in den Niederlanden befindet sich in Den Haag.<\/p><ul><li><strong>Adresse<\/strong>: John Adams Park 1, 2244 BZ, Wassenaar.<\/li><li><strong>Telefon<\/strong>: +31 70 310 2209.<\/li><li><strong>E-Mail<\/strong>: Kontakt \u00fcber die offizielle Website.<\/li><li><strong>Website<\/strong>: Besuchen Sie die <span style=\"text-decoration: underline;\"><a href=\"https:\/\/nl.usembassy.gov\/\" target=\"_new\" rel=\"noopener\">offizielle Website der US-Botschaft<\/a><\/span> f\u00fcr die neuesten Updates.<\/li><\/ul><h2>Betriebsstunden<\/h2><ul><li>Montag bis Freitag: 8:30 AM &#8211; 5:00 PM.<\/li><li>An Wochenenden und offiziellen US-amerikanischen und niederl\u00e4ndischen Feiertagen geschlossen.<\/li><\/ul>\t\t\t\t\t\t\t\t<\/div>\n\t\t\t\t<\/div>\n\t\t\t\t\t<\/div>\n\t\t<\/div>\n\t\t\t\t\t<\/div>\n\t\t<\/section>\n\t\t\t\t<section class=\"elementor-section elementor-top-section elementor-element elementor-element-ae80f05 elementor-section-boxed elementor-section-height-default elementor-section-height-default\" data-id=\"ae80f05\" data-element_type=\"section\">\n\t\t\t\t\t\t<div class=\"elementor-container elementor-column-gap-default\">\n\t\t\t\t\t<div class=\"elementor-column elementor-col-100 elementor-top-column elementor-element elementor-element-48ceb10\" data-id=\"48ceb10\" data-element_type=\"column\">\n\t\t\t<div class=\"elementor-widget-wrap elementor-element-populated\">\n\t\t\t\t\t\t<div class=\"elementor-element elementor-element-cba6da5 elementor-widget elementor-widget-heading\" data-id=\"cba6da5\" data-element_type=\"widget\" data-widget_type=\"heading.default\">\n\t\t\t\t<div class=\"elementor-widget-container\">\n\t\t\t\t\t<h2 class=\"elementor-heading-title elementor-size-default\">Dienstleistungen der U.S.-Botschaft<\/h2>\t\t\t\t<\/div>\n\t\t\t\t<\/div>\n\t\t\t\t\t<\/div>\n\t\t<\/div>\n\t\t\t\t\t<\/div>\n\t\t<\/section>\n\t\t\t\t<section class=\"elementor-section elementor-top-section elementor-element elementor-element-5e528fb elementor-section-boxed elementor-section-height-default elementor-section-height-default\" data-id=\"5e528fb\" data-element_type=\"section\">\n\t\t\t\t\t\t<div class=\"elementor-container elementor-column-gap-default\">\n\t\t\t\t\t<div class=\"elementor-column elementor-col-100 elementor-top-column elementor-element elementor-element-c53100a\" data-id=\"c53100a\" data-element_type=\"column\">\n\t\t\t<div class=\"elementor-widget-wrap elementor-element-populated\">\n\t\t\t\t\t\t<div class=\"elementor-element elementor-element-d1f17e9 elementor-widget elementor-widget-text-editor\" data-id=\"d1f17e9\" data-element_type=\"widget\" data-widget_type=\"text-editor.default\">\n\t\t\t\t<div class=\"elementor-widget-container\">\n\t\t\t\t\t\t\t\t\t<p>  Die Botschaft bietet eine breite Palette von Dienstleistungen sowohl f\u00fcr US-B\u00fcrger als auch f\u00fcr niederl\u00e4ndische Staatsangeh\u00f6rige:<\/p><h3><strong>1. Dienstleistungen f\u00fcr U.S.-B\u00fcrger<\/strong><\/h3><ul><li><strong>Passport Services<\/strong>: Erneuern oder ersetzen Sie Ihren U.S.-Pass.<\/li><li><strong>Notarielle Dienstleistungen<\/strong>: Beglaubigung von juristischen Dokumenten.<\/li><li><strong>Notfallhilfe<\/strong>: Unterst\u00fctzung f\u00fcr U.S. Staatsangeh\u00f6rige in Not.<\/li><\/ul><h3> <\/h3><h3><strong>2. Visa-Dienstleistungen f\u00fcr niederl\u00e4ndische Staatsangeh\u00f6rige<\/strong><\/h3><p>Die Botschaft bearbeitet Visumantr\u00e4ge f\u00fcr Reisende, die in die Vereinigten Staaten reisen:<\/p><ul><li><a href=\"https:\/\/www.usemb.nl\/de\/visa-service-fuer-niederlaendische-staatsangehoerige-bei-der-us-botschaft-in-den-niederlanden\/\">Touristen- oder Gesch\u00e4ftsvisum B1\/B2<\/a>.<\/li><li><strong>Arbeiten oder Studieren<\/strong>: Einschlie\u00dflich H-1B-, F-1- und J-1-Visa.<\/li><li><strong>Einwanderungsvisa<\/strong>: F\u00fcr diejenigen, die dauerhaft in die U.S.A. umziehen.<\/li><\/ul><div><br>Es ist auch m\u00f6glich, <a href=\"https:\/\/www.usemb.nl\/de\/erneuern-us-besuch-in-den-niederlanden\/\">ein US-Visum von den Niederlanden aus zu verl\u00e4ngern<\/a>.<\/div><div> <\/div><h3><strong>3. Bildungs- und Kulturprogramme<\/strong><\/h3><ul><li>Stipendien und Austauschprogramme wie <strong>Fulbright<\/strong>.<\/li><li>Unterst\u00fctzung f\u00fcr kulturelle Kooperationen zwischen den USA und den Niederlanden.<\/li><\/ul>\t\t\t\t\t\t\t\t<\/div>\n\t\t\t\t<\/div>\n\t\t\t\t\t<\/div>\n\t\t<\/div>\n\t\t\t\t\t<\/div>\n\t\t<\/section>\n\t\t\t\t<section class=\"elementor-section elementor-top-section elementor-element elementor-element-0a852d1 elementor-section-boxed elementor-section-height-default elementor-section-height-default\" data-id=\"0a852d1\" data-element_type=\"section\">\n\t\t\t\t\t\t<div class=\"elementor-container elementor-column-gap-default\">\n\t\t\t\t\t<div class=\"elementor-column elementor-col-100 elementor-top-column elementor-element elementor-element-81f6366\" data-id=\"81f6366\" data-element_type=\"column\">\n\t\t\t<div class=\"elementor-widget-wrap elementor-element-populated\">\n\t\t\t\t\t\t<div class=\"elementor-element elementor-element-65d49dd elementor-widget elementor-widget-heading\" data-id=\"65d49dd\" data-element_type=\"widget\" data-widget_type=\"heading.default\">\n\t\t\t\t<div class=\"elementor-widget-container\">\n\t\t\t\t\t<h2 class=\"elementor-heading-title elementor-size-default\">Geschichte der Beziehungen zwischen den USA und den Niederlanden<\/h2>\t\t\t\t<\/div>\n\t\t\t\t<\/div>\n\t\t\t\t\t<\/div>\n\t\t<\/div>\n\t\t\t\t\t<\/div>\n\t\t<\/section>\n\t\t\t\t<section class=\"elementor-section elementor-top-section elementor-element elementor-element-8edf6bf elementor-section-boxed elementor-section-height-default elementor-section-height-default\" data-id=\"8edf6bf\" data-element_type=\"section\">\n\t\t\t\t\t\t<div class=\"elementor-container elementor-column-gap-default\">\n\t\t\t\t\t<div class=\"elementor-column elementor-col-100 elementor-top-column elementor-element elementor-element-692661e\" data-id=\"692661e\" data-element_type=\"column\">\n\t\t\t<div class=\"elementor-widget-wrap elementor-element-populated\">\n\t\t\t\t\t\t<div class=\"elementor-element elementor-element-2c84039 elementor-widget elementor-widget-text-editor\" data-id=\"2c84039\" data-element_type=\"widget\" data-widget_type=\"text-editor.default\">\n\t\t\t\t<div class=\"elementor-widget-container\">\n\t\t\t\t\t\t\t\t\t<p>Die Partnerschaft zwischen den Vereinigten Staaten und den Niederlanden hat ihre Wurzeln in der Amerikanischen Revolution, bei der die Niederlande Unterst\u00fctzung anboten.<\/p>\n<p>Die diplomatischen Beziehungen zwischen den beiden L\u00e4ndern wurden offiziell im Jahr 1782 aufgenommen und sind damit eine der \u00e4ltesten ununterbrochenen bilateralen Beziehungen der Vereinigten Staaten.\nDiese starken Bindungen basieren auf der gemeinsamen Geschichte, Kultur und dem gegenseitigen Engagement f\u00fcr individuelle Freiheit und Menschenrechte. <\/p>\n<p>Die Vereinigten Staaten und die Niederlande vertreten in vielen wichtigen Fragen \u00e4hnliche Ansichten und arbeiten sowohl bilateral als auch in internationalen Organisationen wie den Vereinten Nationen (UN) und der Nordatlantikvertragsorganisation (NATO) zusammen.<\/p>\t\t\t\t\t\t\t\t<\/div>\n\t\t\t\t<\/div>\n\t\t\t\t\t<\/div>\n\t\t<\/div>\n\t\t\t\t\t<\/div>\n\t\t<\/section>\n\t\t\t\t<section class=\"elementor-section elementor-top-section elementor-element elementor-element-1922d4d elementor-section-boxed elementor-section-height-default elementor-section-height-default\" data-id=\"1922d4d\" data-element_type=\"section\">\n\t\t\t\t\t\t<div class=\"elementor-container elementor-column-gap-default\">\n\t\t\t\t\t<div class=\"elementor-column elementor-col-100 elementor-top-column elementor-element elementor-element-06748f3\" data-id=\"06748f3\" data-element_type=\"column\">\n\t\t\t<div class=\"elementor-widget-wrap elementor-element-populated\">\n\t\t\t\t\t\t<div class=\"elementor-element elementor-element-482ff2a elementor-widget elementor-widget-heading\" data-id=\"482ff2a\" data-element_type=\"widget\" data-widget_type=\"heading.default\">\n\t\t\t\t<div class=\"elementor-widget-container\">\n\t\t\t\t\t<h2 class=\"elementor-heading-title elementor-size-default\">\u00c4nderungen der Reisebestimmungen zwischen den USA und den Niederlanden<\/h2>\t\t\t\t<\/div>\n\t\t\t\t<\/div>\n\t\t\t\t\t<\/div>\n\t\t<\/div>\n\t\t\t\t\t<\/div>\n\t\t<\/section>\n\t\t\t\t<section class=\"elementor-section elementor-top-section elementor-element elementor-element-a710781 elementor-section-boxed elementor-section-height-default elementor-section-height-default\" data-id=\"a710781\" data-element_type=\"section\">\n\t\t\t\t\t\t<div class=\"elementor-container elementor-column-gap-default\">\n\t\t\t\t\t<div class=\"elementor-column elementor-col-100 elementor-top-column elementor-element elementor-element-9a8705b\" data-id=\"9a8705b\" data-element_type=\"column\">\n\t\t\t<div class=\"elementor-widget-wrap elementor-element-populated\">\n\t\t\t\t\t\t<div class=\"elementor-element elementor-element-806f117 elementor-widget elementor-widget-text-editor\" data-id=\"806f117\" data-element_type=\"widget\" data-widget_type=\"text-editor.default\">\n\t\t\t\t<div class=\"elementor-widget-container\">\n\t\t\t\t\t\t\t\t\t<p>Ab Ende 2025 m\u00fcssen US-B\u00fcrger eine <a href=\"https:\/\/etias-eu.net\/de\/etias-netherlands\/\">ETIAS-Genehmigung einholen bevor sie in die Niederlande reisen k\u00f6nnen<\/a>. W\u00e4hrend Amerikaner traditionell von der visafreien Einreise f\u00fcr Kurzaufenthalte profitiert haben, wird das kommende ETIAS-System ein neues Vorabpr\u00fcfungsverfahren einf\u00fchren, \u00e4hnlich dem, das die USA seit Jahren mit dem ESTA-System (Electronic System for Travel Authorization) durchgesetzt haben. <\/p><p>Diese \u00c4nderung spiegelt den reziproken Ansatz der EU bei der Reisesicherheit wider. Seit 2009 m\u00fcssen Reisende aus Europa eine ESTA beantragen, bevor sie in die Vereinigten Staaten fliegen. Jetzt m\u00fcssen sich auch Amerikaner vor ihrer Reise online registrieren, eine geringe Geb\u00fchr entrichten und eine Genehmigung erhalten, bevor sie in die Niederlande oder ein anderes Land des Schengen-Raums einreisen k\u00f6nnen.  <\/p><p>Obwohl das ETIAS kein Visum ist, wird es f\u00fcr alle Kurzzeitbesucher aus L\u00e4ndern, die von der Visumpflicht befreit sind, obligatorisch sein. F\u00fcr amerikanische Touristen, Gesch\u00e4ftsreisende oder diejenigen, die Freunde und Familie in den Niederlanden besuchen, bedeutet dies, dass sie im Voraus planen und sich vor der Abreise um die Genehmigung des ETIAS k\u00fcmmern m\u00fcssen. Das Verfahren soll schnell gehen und f\u00fcr mehrere Einreisen \u00fcber einen Zeitraum von drei Jahren g\u00fcltig sein.  <\/p>\t\t\t\t\t\t\t\t<\/div>\n\t\t\t\t<\/div>\n\t\t\t\t\t<\/div>\n\t\t<\/div>\n\t\t\t\t\t<\/div>\n\t\t<\/section>\n\t\t\t\t<\/div>\n\t\t","protected":false},"excerpt":{"rendered":"<p>Reisen in die USA Bei Reisen in die Vereinigten Staaten von Amerika m\u00fcssen die letzten Anforderungen beachtet werden. Sie sollten sich an die US-Botschaft wenden, um aktuelle Informationen zur Situation zu erhalten. Vorschriften f\u00fcr Ausl\u00e4nder, die in die USA reisen, \u00e4ndern sich h\u00e4ufig mit kurzer Verz\u00f6gerung. Die Botschaft der Vereinigten Staaten Die U.S.-Botschaft ist verantwortlich [&hellip;]<\/p>\n","protected":false},"author":1,"featured_media":0,"parent":0,"menu_order":0,"comment_status":"closed","ping_status":"closed","template":"","meta":{"footnotes":""},"class_list":["post-163","page","type-page","status-publish","hentry"],"yoast_head":"<!-- This site is optimized with the Yoast SEO plugin v26.2 - https:\/\/yoast.com\/wordpress\/plugins\/seo\/ -->\n<title>Heim - USA<\/title>\n<meta name=\"robots\" content=\"index, follow, max-snippet:-1, max-image-preview:large, max-video-preview:-1\" \/>\n<link rel=\"canonical\" href=\"https:\/\/www.usemb.nl\/de\/\" \/>\n<meta property=\"og:locale\" content=\"de_DE\" \/>\n<meta property=\"og:type\" content=\"article\" \/>\n<meta property=\"og:title\" content=\"Heim - USA\" \/>\n<meta property=\"og:description\" content=\"Reisen in die USA Bei Reisen in die Vereinigten Staaten von Amerika m\u00fcssen die letzten Anforderungen beachtet werden. Sie sollten sich an die US-Botschaft wenden, um aktuelle Informationen zur Situation zu erhalten. Vorschriften f\u00fcr Ausl\u00e4nder, die in die USA reisen, \u00e4ndern sich h\u00e4ufig mit kurzer Verz\u00f6gerung. Die Botschaft der Vereinigten Staaten Die U.S.-Botschaft ist verantwortlich [&hellip;]\" \/>\n<meta property=\"og:url\" content=\"https:\/\/www.usemb.nl\/de\/\" \/>\n<meta property=\"og:site_name\" content=\"USA\" \/>\n<meta property=\"article:modified_time\" content=\"2025-04-07T18:46:44+00:00\" \/>\n<meta property=\"og:image\" content=\"https:\/\/www.usemb.nl\/wp-content\/uploads\/2022\/05\/usa-visa-image.jpg\" \/>\n<meta name=\"twitter:card\" content=\"summary_large_image\" \/>\n<meta name=\"twitter:label1\" content=\"Gesch\u00e4tzte Lesezeit\" \/>\n\t<meta name=\"twitter:data1\" content=\"4\u00a0Minuten\" \/>\n<script type=\"application\/ld+json\" class=\"yoast-schema-graph\">{\"@context\":\"https:\/\/schema.org\",\"@graph\":[{\"@type\":\"WebPage\",\"@id\":\"https:\/\/www.usemb.nl\/de\/\",\"url\":\"https:\/\/www.usemb.nl\/de\/\",\"name\":\"Heim - USA\",\"isPartOf\":{\"@id\":\"https:\/\/www.usemb.nl\/de\/#website\"},\"primaryImageOfPage\":{\"@id\":\"https:\/\/www.usemb.nl\/de\/#primaryimage\"},\"image\":{\"@id\":\"https:\/\/www.usemb.nl\/de\/#primaryimage\"},\"thumbnailUrl\":\"https:\/\/www.usemb.nl\/wp-content\/uploads\/2022\/05\/usa-visa-image.jpg\",\"datePublished\":\"2022-03-07T14:55:55+00:00\",\"dateModified\":\"2025-04-07T18:46:44+00:00\",\"breadcrumb\":{\"@id\":\"https:\/\/www.usemb.nl\/de\/#breadcrumb\"},\"inLanguage\":\"de\",\"potentialAction\":[{\"@type\":\"ReadAction\",\"target\":[\"https:\/\/www.usemb.nl\/de\/\"]}]},{\"@type\":\"ImageObject\",\"inLanguage\":\"de\",\"@id\":\"https:\/\/www.usemb.nl\/de\/#primaryimage\",\"url\":\"https:\/\/www.usemb.nl\/wp-content\/uploads\/2022\/05\/usa-visa-image.jpg\",\"contentUrl\":\"https:\/\/www.usemb.nl\/wp-content\/uploads\/2022\/05\/usa-visa-image.jpg\"},{\"@type\":\"BreadcrumbList\",\"@id\":\"https:\/\/www.usemb.nl\/de\/#breadcrumb\",\"itemListElement\":[{\"@type\":\"ListItem\",\"position\":1,\"name\":\"Home\",\"item\":\"https:\/\/www.usemb.nl\/de\/\"},{\"@type\":\"ListItem\",\"position\":2,\"name\":\"Heim\"}]},{\"@type\":\"WebSite\",\"@id\":\"https:\/\/www.usemb.nl\/de\/#website\",\"url\":\"https:\/\/www.usemb.nl\/de\/\",\"name\":\"USA\",\"description\":\"United States of America\",\"potentialAction\":[{\"@type\":\"SearchAction\",\"target\":{\"@type\":\"EntryPoint\",\"urlTemplate\":\"https:\/\/www.usemb.nl\/de\/?s={search_term_string}\"},\"query-input\":{\"@type\":\"PropertyValueSpecification\",\"valueRequired\":true,\"valueName\":\"search_term_string\"}}],\"inLanguage\":\"de\"}]}<\/script>\n<!-- \/ Yoast SEO plugin. -->","yoast_head_json":{"title":"Heim - USA","robots":{"index":"index","follow":"follow","max-snippet":"max-snippet:-1","max-image-preview":"max-image-preview:large","max-video-preview":"max-video-preview:-1"},"canonical":"https:\/\/www.usemb.nl\/de\/","og_locale":"de_DE","og_type":"article","og_title":"Heim - USA","og_description":"Reisen in die USA Bei Reisen in die Vereinigten Staaten von Amerika m\u00fcssen die letzten Anforderungen beachtet werden. Sie sollten sich an die US-Botschaft wenden, um aktuelle Informationen zur Situation zu erhalten. Vorschriften f\u00fcr Ausl\u00e4nder, die in die USA reisen, \u00e4ndern sich h\u00e4ufig mit kurzer Verz\u00f6gerung. Die Botschaft der Vereinigten Staaten Die U.S.-Botschaft ist verantwortlich [&hellip;]","og_url":"https:\/\/www.usemb.nl\/de\/","og_site_name":"USA","article_modified_time":"2025-04-07T18:46:44+00:00","og_image":[{"url":"https:\/\/www.usemb.nl\/wp-content\/uploads\/2022\/05\/usa-visa-image.jpg","type":"","width":"","height":""}],"twitter_card":"summary_large_image","twitter_misc":{"Gesch\u00e4tzte Lesezeit":"4\u00a0Minuten"},"schema":{"@context":"https:\/\/schema.org","@graph":[{"@type":"WebPage","@id":"https:\/\/www.usemb.nl\/de\/","url":"https:\/\/www.usemb.nl\/de\/","name":"Heim - USA","isPartOf":{"@id":"https:\/\/www.usemb.nl\/de\/#website"},"primaryImageOfPage":{"@id":"https:\/\/www.usemb.nl\/de\/#primaryimage"},"image":{"@id":"https:\/\/www.usemb.nl\/de\/#primaryimage"},"thumbnailUrl":"https:\/\/www.usemb.nl\/wp-content\/uploads\/2022\/05\/usa-visa-image.jpg","datePublished":"2022-03-07T14:55:55+00:00","dateModified":"2025-04-07T18:46:44+00:00","breadcrumb":{"@id":"https:\/\/www.usemb.nl\/de\/#breadcrumb"},"inLanguage":"de","potentialAction":[{"@type":"ReadAction","target":["https:\/\/www.usemb.nl\/de\/"]}]},{"@type":"ImageObject","inLanguage":"de","@id":"https:\/\/www.usemb.nl\/de\/#primaryimage","url":"https:\/\/www.usemb.nl\/wp-content\/uploads\/2022\/05\/usa-visa-image.jpg","contentUrl":"https:\/\/www.usemb.nl\/wp-content\/uploads\/2022\/05\/usa-visa-image.jpg"},{"@type":"BreadcrumbList","@id":"https:\/\/www.usemb.nl\/de\/#breadcrumb","itemListElement":[{"@type":"ListItem","position":1,"name":"Home","item":"https:\/\/www.usemb.nl\/de\/"},{"@type":"ListItem","position":2,"name":"Heim"}]},{"@type":"WebSite","@id":"https:\/\/www.usemb.nl\/de\/#website","url":"https:\/\/www.usemb.nl\/de\/","name":"USA","description":"United States of America","potentialAction":[{"@type":"SearchAction","target":{"@type":"EntryPoint","urlTemplate":"https:\/\/www.usemb.nl\/de\/?s={search_term_string}"},"query-input":{"@type":"PropertyValueSpecification","valueRequired":true,"valueName":"search_term_string"}}],"inLanguage":"de"}]}},"_links":{"self":[{"href":"https:\/\/www.usemb.nl\/de\/wp-json\/wp\/v2\/pages\/163","targetHints":{"allow":["GET"]}}],"collection":[{"href":"https:\/\/www.usemb.nl\/de\/wp-json\/wp\/v2\/pages"}],"about":[{"href":"https:\/\/www.usemb.nl\/de\/wp-json\/wp\/v2\/types\/page"}],"author":[{"embeddable":true,"href":"https:\/\/www.usemb.nl\/de\/wp-json\/wp\/v2\/users\/1"}],"replies":[{"embeddable":true,"href":"https:\/\/www.usemb.nl\/de\/wp-json\/wp\/v2\/comments?post=163"}],"version-history":[{"count":13,"href":"https:\/\/www.usemb.nl\/de\/wp-json\/wp\/v2\/pages\/163\/revisions"}],"predecessor-version":[{"id":893,"href":"https:\/\/www.usemb.nl\/de\/wp-json\/wp\/v2\/pages\/163\/revisions\/893"}],"wp:attachment":[{"href":"https:\/\/www.usemb.nl\/de\/wp-json\/wp\/v2\/media?parent=163"}],"curies":[{"name":"wp","href":"https:\/\/api.w.org\/{rel}","templated":true}]}}