{"id":850,"date":"2025-04-07T14:34:20","date_gmt":"2025-04-07T18:34:20","guid":{"rendered":"https:\/\/www.usemb.nl\/forny-usa-besoeg-i-nederlandene\/"},"modified":"2025-04-07T14:51:22","modified_gmt":"2025-04-07T18:51:22","slug":"forny-usa-besoeg-i-nederlandene","status":"publish","type":"page","link":"https:\/\/www.usemb.nl\/da\/forny-usa-besoeg-i-nederlandene\/","title":{"rendered":"Forny et amerikansk visum i Holland"},"content":{"rendered":"\n<h1 class=\"wp-block-heading\">Fornyelse af dit amerikanske visum fra Holland<\/h1>\n\n<p>At forny dit amerikanske visum fra Holland er en ligetil proces, men det er vigtigt at v\u00e6re informeret om kriterier, tidsfrister og potentielle undtagelser for at sikre en problemfri oplevelse.<\/p>\n\n<h2 class=\"wp-block-heading\">Kriterier for fornyelse af amerikansk visum<\/h2>\n\n<p>Du er generelt berettiget til visumfornyelse uden et interview, hvis:<\/p>\n\n<ul class=\"wp-block-list\">\n<li>Du fornyer et visum med samme klassifikation som dit tidligere visum.<\/li>\n\n\n\n<li>Dit tidligere visum blev udstedt, da du var 14 \u00e5r eller \u00e6ldre.<\/li>\n\n\n\n<li>Dit visum er enten stadig gyldigt eller er udl\u00f8bet inden for de seneste 48 m\u00e5neder.<\/li>\n\n\n\n<li>Du er ikke blevet n\u00e6gtet et amerikansk visum efter udstedelsen af dit tidligere visum.<\/li>\n\n\n\n<li>Du er fysisk til stede i Holland under din ans\u00f8gning om fornyelse.<\/li>\n<\/ul>\n\n<div style=\"height:20px\" aria-hidden=\"true\" class=\"wp-block-spacer\"><\/div>\n\n<h2 class=\"wp-block-heading\">Fornyelsesproces<\/h2>\n\n<h3 class=\"wp-block-heading\">Trin for trin-guide:<\/h3>\n\n<ol start=\"1\" class=\"wp-block-list\">\n<li><strong>Udfyld DS-160-formularen online<\/strong>:\n<ul class=\"wp-block-list\">\n<li>Udfyld ans\u00f8gningen om nonimmigrantvisum <a href=\"https:\/\/travel.state.gov\/content\/travel\/en\/us-visas\/visa-information-resources\/forms\/ds-160-online-nonimmigrant-visa-application.html\">DS-160<\/a>.<\/li>\n\n\n\n<li>Udskriv og gem bekr\u00e6ftelsessiden med stregkoden.<\/li>\n<\/ul>\n<\/li>\n\n\n\n<li><strong>Betal gebyret for visumans\u00f8gningen<\/strong>:\n<ul class=\"wp-block-list\">\n<li>Betal <a href=\"https:\/\/usa-b2.com\/da\/gebyrer-b2-visum\/\">visumgebyret<\/a> online via den officielle aftalehjemmeside.<\/li>\n\n\n\n<li>Udskriv betalingsbekr\u00e6ftelsen.<\/li>\n<\/ul>\n<\/li>\n\n\n\n<li><strong>Tjek, om du er berettiget til fritagelse for interview<\/strong>:\n<ul class=\"wp-block-list\">\n<li>Tjek, om du er berettiget til at blive fritaget for interview p\u00e5 den <a href=\"https:\/\/nl.usembassy.gov\/\">amerikanske ambassades hjemmeside<\/a>.<\/li>\n<\/ul>\n<\/li>\n\n\n\n<li><strong>Bestil tid eller send dokumenter med posten<\/strong>:\n<ul class=\"wp-block-list\">\n<li>Hvis du er berettiget til at blive fritaget for interview, skal du f\u00f8lge instruktionerne for at sende dit pas og dine dokumenter.<\/li>\n\n\n\n<li>Hvis du skal til samtale, skal du bestille tid online.<\/li>\n<\/ul>\n<\/li>\n\n\n\n<li><strong>Indsend dine dokumenter<\/strong>:\n<ul class=\"wp-block-list\">\n<li>Medbring dit pas, DS-160-bekr\u00e6ftelse, kvittering for visumgebyr, et nyt foto og dokumentation (f.eks. en kopi af et tidligere visum).<\/li>\n<\/ul>\n<\/li>\n<\/ol>\n\n<div style=\"height:20px\" aria-hidden=\"true\" class=\"wp-block-spacer\"><\/div>\n\n<h2 class=\"wp-block-heading\">Tidslinjer<\/h2>\n\n<p>Behandlingstiden varierer normalt fra <strong>7 til 15 arbejdsdage<\/strong> for fornyelser af interviewdispensationer. Hvis et interview er p\u00e5kr\u00e6vet, kan behandlingstiden variere afh\u00e6ngigt af ledige tider og s\u00e6sonbestemt eftersp\u00f8rgsel. <\/p>\n\n<h2 class=\"wp-block-heading\">Undtagelser<\/h2>\n\n<p>Du har m\u00e5ske brug for en samtale, hvis:<\/p>\n\n<ul class=\"wp-block-list\">\n<li>Dit tidligere visum blev mistet, stj\u00e5let eller annulleret.<\/li>\n\n\n\n<li>Du har tidligere opholdt dig for l\u00e6nge i USA.<\/li>\n\n\n\n<li>Du har skiftet visumkategori eller oplevet v\u00e6sentlige \u00e6ndringer i din personlige status.<\/li>\n\n\n\n<li>Den konsul\u00e6re medarbejder vurderer, at et interview er n\u00f8dvendigt.<\/li>\n<\/ul>\n\n<div style=\"height:20px\" aria-hidden=\"true\" class=\"wp-block-spacer\"><\/div>\n\n<p>Bekr\u00e6ft altid din status og de specifikke instruktioner fra den <a href=\"https:\/\/www.usemb.nl\/da\/visumservice-for-hollandske-statsborgere-paa-den-amerikanske-ambassade-i-holland\/\">amerikanske visumans\u00f8gning for hollandske statsborgere for<\/a> at sikre n\u00f8jagtighed.<\/p>\n\n<h2 class=\"wp-block-heading\">Yderligere tips<\/h2>\n\n<p>Start din fornyelsesproces mindst 3 m\u00e5neder f\u00f8r din planlagte rejse for at undg\u00e5 forsinkelser. S\u00f8rg for, at dit pas er gyldigt i mindst seks m\u00e5neder efter dit planlagte ophold i USA, og f\u00f8lg n\u00f8je instruktionerne for indsendelse af dokumenter for at undg\u00e5 forsinkelser i behandlingen. <\/p>\n","protected":false},"excerpt":{"rendered":"<p>Fornyelse af dit amerikanske visum fra Holland At forny dit amerikanske visum fra Holland er en ligetil proces, men det er vigtigt at v\u00e6re informeret om kriterier, tidsfrister og potentielle undtagelser for at sikre en problemfri oplevelse. Kriterier for fornyelse af amerikansk visum Du er generelt berettiget til visumfornyelse uden et interview, hvis: Fornyelsesproces Trin [&hellip;]<\/p>\n","protected":false},"author":1,"featured_media":0,"parent":0,"menu_order":0,"comment_status":"closed","ping_status":"closed","template":"","meta":{"footnotes":""},"class_list":["post-850","page","type-page","status-publish","hentry"],"yoast_head":"<!-- This site is optimized with the Yoast SEO plugin v26.2 - https:\/\/yoast.com\/wordpress\/plugins\/seo\/ -->\n<title>Forny et amerikansk visum i Holland - USA<\/title>\n<meta name=\"description\" content=\"Fornyelse af et amerikansk visum fra Holland skal f\u00f8lge instruktioner og tidslinjer for at sikre en problemfri oplevelse\" \/>\n<meta name=\"robots\" content=\"index, follow, max-snippet:-1, max-image-preview:large, max-video-preview:-1\" \/>\n<link rel=\"canonical\" href=\"https:\/\/www.usemb.nl\/da\/forny-usa-besoeg-i-nederlandene\/\" \/>\n<meta property=\"og:locale\" content=\"da_DK\" \/>\n<meta property=\"og:type\" content=\"article\" \/>\n<meta property=\"og:title\" content=\"Forny et amerikansk visum i Holland - USA\" \/>\n<meta property=\"og:description\" content=\"Fornyelse af et amerikansk visum fra Holland skal f\u00f8lge instruktioner og tidslinjer for at sikre en problemfri oplevelse\" \/>\n<meta property=\"og:url\" content=\"https:\/\/www.usemb.nl\/da\/forny-usa-besoeg-i-nederlandene\/\" \/>\n<meta property=\"og:site_name\" content=\"USA\" \/>\n<meta property=\"article:modified_time\" content=\"2025-04-07T18:51:22+00:00\" \/>\n<meta name=\"twitter:card\" content=\"summary_large_image\" \/>\n<meta name=\"twitter:label1\" content=\"Estimeret l\u00e6setid\" \/>\n\t<meta name=\"twitter:data1\" content=\"2 minutter\" \/>\n<script type=\"application\/ld+json\" class=\"yoast-schema-graph\">{\"@context\":\"https:\/\/schema.org\",\"@graph\":[{\"@type\":\"WebPage\",\"@id\":\"https:\/\/www.usemb.nl\/da\/forny-usa-besoeg-i-nederlandene\/\",\"url\":\"https:\/\/www.usemb.nl\/da\/forny-usa-besoeg-i-nederlandene\/\",\"name\":\"Forny et amerikansk visum i Holland - USA\",\"isPartOf\":{\"@id\":\"https:\/\/www.usemb.nl\/da\/#website\"},\"datePublished\":\"2025-04-07T18:34:20+00:00\",\"dateModified\":\"2025-04-07T18:51:22+00:00\",\"description\":\"Fornyelse af et amerikansk visum fra Holland skal f\u00f8lge instruktioner og tidslinjer for at sikre en problemfri oplevelse\",\"breadcrumb\":{\"@id\":\"https:\/\/www.usemb.nl\/da\/forny-usa-besoeg-i-nederlandene\/#breadcrumb\"},\"inLanguage\":\"da-DK\",\"potentialAction\":[{\"@type\":\"ReadAction\",\"target\":[\"https:\/\/www.usemb.nl\/da\/forny-usa-besoeg-i-nederlandene\/\"]}]},{\"@type\":\"BreadcrumbList\",\"@id\":\"https:\/\/www.usemb.nl\/da\/forny-usa-besoeg-i-nederlandene\/#breadcrumb\",\"itemListElement\":[{\"@type\":\"ListItem\",\"position\":1,\"name\":\"Home\",\"item\":\"https:\/\/www.usemb.nl\/da\/\"},{\"@type\":\"ListItem\",\"position\":2,\"name\":\"Forny et amerikansk visum i Holland\"}]},{\"@type\":\"WebSite\",\"@id\":\"https:\/\/www.usemb.nl\/da\/#website\",\"url\":\"https:\/\/www.usemb.nl\/da\/\",\"name\":\"USA\",\"description\":\"United States of America\",\"potentialAction\":[{\"@type\":\"SearchAction\",\"target\":{\"@type\":\"EntryPoint\",\"urlTemplate\":\"https:\/\/www.usemb.nl\/da\/?s={search_term_string}\"},\"query-input\":{\"@type\":\"PropertyValueSpecification\",\"valueRequired\":true,\"valueName\":\"search_term_string\"}}],\"inLanguage\":\"da-DK\"}]}<\/script>\n<!-- \/ Yoast SEO plugin. -->","yoast_head_json":{"title":"Forny et amerikansk visum i Holland - USA","description":"Fornyelse af et amerikansk visum fra Holland skal f\u00f8lge instruktioner og tidslinjer for at sikre en problemfri oplevelse","robots":{"index":"index","follow":"follow","max-snippet":"max-snippet:-1","max-image-preview":"max-image-preview:large","max-video-preview":"max-video-preview:-1"},"canonical":"https:\/\/www.usemb.nl\/da\/forny-usa-besoeg-i-nederlandene\/","og_locale":"da_DK","og_type":"article","og_title":"Forny et amerikansk visum i Holland - USA","og_description":"Fornyelse af et amerikansk visum fra Holland skal f\u00f8lge instruktioner og tidslinjer for at sikre en problemfri oplevelse","og_url":"https:\/\/www.usemb.nl\/da\/forny-usa-besoeg-i-nederlandene\/","og_site_name":"USA","article_modified_time":"2025-04-07T18:51:22+00:00","twitter_card":"summary_large_image","twitter_misc":{"Estimeret l\u00e6setid":"2 minutter"},"schema":{"@context":"https:\/\/schema.org","@graph":[{"@type":"WebPage","@id":"https:\/\/www.usemb.nl\/da\/forny-usa-besoeg-i-nederlandene\/","url":"https:\/\/www.usemb.nl\/da\/forny-usa-besoeg-i-nederlandene\/","name":"Forny et amerikansk visum i Holland - USA","isPartOf":{"@id":"https:\/\/www.usemb.nl\/da\/#website"},"datePublished":"2025-04-07T18:34:20+00:00","dateModified":"2025-04-07T18:51:22+00:00","description":"Fornyelse af et amerikansk visum fra Holland skal f\u00f8lge instruktioner og tidslinjer for at sikre en problemfri oplevelse","breadcrumb":{"@id":"https:\/\/www.usemb.nl\/da\/forny-usa-besoeg-i-nederlandene\/#breadcrumb"},"inLanguage":"da-DK","potentialAction":[{"@type":"ReadAction","target":["https:\/\/www.usemb.nl\/da\/forny-usa-besoeg-i-nederlandene\/"]}]},{"@type":"BreadcrumbList","@id":"https:\/\/www.usemb.nl\/da\/forny-usa-besoeg-i-nederlandene\/#breadcrumb","itemListElement":[{"@type":"ListItem","position":1,"name":"Home","item":"https:\/\/www.usemb.nl\/da\/"},{"@type":"ListItem","position":2,"name":"Forny et amerikansk visum i Holland"}]},{"@type":"WebSite","@id":"https:\/\/www.usemb.nl\/da\/#website","url":"https:\/\/www.usemb.nl\/da\/","name":"USA","description":"United States of America","potentialAction":[{"@type":"SearchAction","target":{"@type":"EntryPoint","urlTemplate":"https:\/\/www.usemb.nl\/da\/?s={search_term_string}"},"query-input":{"@type":"PropertyValueSpecification","valueRequired":true,"valueName":"search_term_string"}}],"inLanguage":"da-DK"}]}},"_links":{"self":[{"href":"https:\/\/www.usemb.nl\/da\/wp-json\/wp\/v2\/pages\/850","targetHints":{"allow":["GET"]}}],"collection":[{"href":"https:\/\/www.usemb.nl\/da\/wp-json\/wp\/v2\/pages"}],"about":[{"href":"https:\/\/www.usemb.nl\/da\/wp-json\/wp\/v2\/types\/page"}],"author":[{"embeddable":true,"href":"https:\/\/www.usemb.nl\/da\/wp-json\/wp\/v2\/users\/1"}],"replies":[{"embeddable":true,"href":"https:\/\/www.usemb.nl\/da\/wp-json\/wp\/v2\/comments?post=850"}],"version-history":[{"count":6,"href":"https:\/\/www.usemb.nl\/da\/wp-json\/wp\/v2\/pages\/850\/revisions"}],"predecessor-version":[{"id":920,"href":"https:\/\/www.usemb.nl\/da\/wp-json\/wp\/v2\/pages\/850\/revisions\/920"}],"wp:attachment":[{"href":"https:\/\/www.usemb.nl\/da\/wp-json\/wp\/v2\/media?parent=850"}],"curies":[{"name":"wp","href":"https:\/\/api.w.org\/{rel}","templated":true}]}}