{"id":280,"date":"2022-05-20T06:03:27","date_gmt":"2022-05-20T10:03:27","guid":{"rendered":"https:\/\/www.usemb.nl\/rejse-til-usa\/"},"modified":"2025-01-30T03:45:00","modified_gmt":"2025-01-30T08:45:00","slug":"rejse-til-usa","status":"publish","type":"page","link":"https:\/\/www.usemb.nl\/da\/rejse-til-usa\/","title":{"rendered":"Hvad er ESTA?"},"content":{"rendered":"\n<h1 class=\"wp-block-heading\">Elektronisk system til rejsetilladelse<\/h1>\n\n<p>ESTA er en elektronisk rejsetilladelse til at rejse ind i USA. Det er obligatorisk, hvis du ankommer til s\u00f8s eller med fly, ogs\u00e5 n\u00e5r du er p\u00e5 transit gennem USA. Denne anmodning blev indf\u00f8rt for at lette procedurerne for indrejse i USA for statsborgere fra de 41 medlemslande i Waiver Visa Program.<\/p>\n\n<p>ESTA-ans\u00f8gninger h\u00f8rer under det amerikanske <a href=\"https:\/\/www.dhs.gov\/\">Homeland Security Department<\/a> (DHS), som administrerer USA&#8217;s interne sikkerhed. P\u00e5 den anden side, p\u00e5 trods af din ESTA-autorisation valideret af DHS, er det kun toldv\u00e6senet, der kan lade dig komme ind p\u00e5 amerikansk territorium, n\u00e5r du stiger af flyet.<\/p>\n\n<h2 class=\"wp-block-heading\">ESTA gyldighedsperiode<\/h2>\n\n<p><a href=\"https:\/\/www.usemb.nl\/da\/det-grundlaeggende-om-esta\/\" data-type=\"page\" data-id=\"88\">ESTA-godkendelsen<\/a> er gyldig i to \u00e5r fra udstedelsesdatoen. Derimod forpligter du dig til at indberette eventuelle \u00e6ndringer i din situation i l\u00f8bet af den 2-\u00e5rige periode, is\u00e6r ved \u00e6ndring af civilstand, rets- og sygehistorie. Hvis gyldigheden af dit pas udl\u00f8ber i l\u00f8bet af disse to \u00e5r, bortfalder din autorisation, og du skal derfor indsende en ny ans\u00f8gning. <\/p>\n\n<p>G\u00e5 ikke i panik, hvis din ESTA-autorisation udl\u00f8ber under din rejse, du vil v\u00e6re i stand til at afslutte og vende hjem, fordi tilladelsen kun er p\u00e5kr\u00e6vet for at komme ind i amerikansk territorium, men ikke for at forlade det.<\/p>\n\n<p>V\u00e6r forsigtig, selvom din ESTA-autorisation er gyldig i to \u00e5r, kan du ikke opholde dig mere end 90 dage i USA. V\u00e6r ogs\u00e5 opm\u00e6rksom p\u00e5, at hvis du ikke er i besiddelse af en gyldig ESTA i lufthavnen p\u00e5 afrejsedagen, kan dit boardingkort ikke redigeres, du vil s\u00e5 ikke kunne g\u00e5 ombord p\u00e5 flyet.<\/p>\n\n<p>Hvis du gerne vil blive i mere end 90 dage, skal du ans\u00f8ge om et amerikansk visum. Hvis du vil bo permanent i USA, skal du ans\u00f8ge om et USA Green Card.<\/p>\n\n<h2 class=\"wp-block-heading\">Er b\u00f8rn bekymrede over ESTA?<\/h2>\n\n<p>Alle VWP-statsborgere er ber\u00f8rt af ESTA-ans\u00f8gningen uanset deres alder. Mindre\u00e5rige b\u00f8rn er derfor ogs\u00e5 bekymrede og skal v\u00e6re i besiddelse af en rejsetilladelse. Bem\u00e6rk, at for\u00e6lderen, der ikke b\u00e6rer samme navn som det barn, han rejser med, skal have familiejournalen. Med hensyn til skolerejser skal der endvidere v\u00e6re en konkret autorisation i den rejsendes besiddelse.<\/p>\n\n<h2 class=\"wp-block-heading\">S\u00e5dan ans\u00f8ger du om ESTA<\/h2>\n\n<p>Det er ikke n\u00f8dvendigt at komme til ambassaden for at ans\u00f8ge. For at sikre en effektiv og hurtig behandling udf\u00f8res processen kun via internettet p\u00e5 <a href=\"https:\/\/esta.cbp.dhs.gov\/\">https:\/\/esta.cbp.dhs.gov\/<\/a>.<\/p>\n\n<h2 class=\"wp-block-heading\">Hvad er prisen p\u00e5 ESTA<\/h2>\n\n<p>Omkostningerne til behandling af ESTA-ans\u00f8gningen er sat til $21. Disse omkostninger er opdelt i to dele:<\/p>\n\n<ul class=\"wp-block-list\">\n<li>$4 ekspeditionsgebyr for alle rejsende, der indgiver et krav;<\/li>\n\n\n\n<li>$17 US Travel promotion fee for alle rejsende, der f\u00e5r en ESTA.<\/li>\n<\/ul>\n\n<p>Hvis din anmodning afvises, vil du blive refunderet $17.<\/p>\n\n<h2 class=\"wp-block-heading\">S\u00e5dan betaler du min ESTA-ans\u00f8gning<\/h2>\n\n<p>ESTA-anmodningen er 100 % elektronisk, derfor skal betaling ske med kreditkort p\u00e5 den sikre side. Denne dematerialiserede tilgang har til form\u00e5l at sikre hurtig behandling.<\/p>\n","protected":false},"excerpt":{"rendered":"<p>Elektronisk system til rejsetilladelse ESTA er en elektronisk rejsetilladelse til at rejse ind i USA. Det er obligatorisk, hvis du ankommer til s\u00f8s eller med fly, ogs\u00e5 n\u00e5r du er p\u00e5 transit gennem USA. Denne anmodning blev indf\u00f8rt for at lette procedurerne for indrejse i USA for statsborgere fra de 41 medlemslande i Waiver Visa [&hellip;]<\/p>\n","protected":false},"author":1,"featured_media":0,"parent":0,"menu_order":0,"comment_status":"closed","ping_status":"closed","template":"","meta":{"footnotes":""},"class_list":["post-280","page","type-page","status-publish","hentry"],"yoast_head":"<!-- This site is optimized with the Yoast SEO plugin v26.2 - https:\/\/yoast.com\/wordpress\/plugins\/seo\/ -->\n<title>Hvad er ESTA? - USA<\/title>\n<meta name=\"robots\" content=\"index, follow, max-snippet:-1, max-image-preview:large, max-video-preview:-1\" \/>\n<link rel=\"canonical\" href=\"https:\/\/www.usemb.nl\/da\/rejse-til-usa\/\" \/>\n<meta property=\"og:locale\" content=\"da_DK\" \/>\n<meta property=\"og:type\" content=\"article\" \/>\n<meta property=\"og:title\" content=\"Hvad er ESTA? - USA\" \/>\n<meta property=\"og:description\" content=\"Elektronisk system til rejsetilladelse ESTA er en elektronisk rejsetilladelse til at rejse ind i USA. Det er obligatorisk, hvis du ankommer til s\u00f8s eller med fly, ogs\u00e5 n\u00e5r du er p\u00e5 transit gennem USA. Denne anmodning blev indf\u00f8rt for at lette procedurerne for indrejse i USA for statsborgere fra de 41 medlemslande i Waiver Visa [&hellip;]\" \/>\n<meta property=\"og:url\" content=\"https:\/\/www.usemb.nl\/da\/rejse-til-usa\/\" \/>\n<meta property=\"og:site_name\" content=\"USA\" \/>\n<meta property=\"article:modified_time\" content=\"2025-01-30T08:45:00+00:00\" \/>\n<meta name=\"twitter:card\" content=\"summary_large_image\" \/>\n<meta name=\"twitter:label1\" content=\"Estimeret l\u00e6setid\" \/>\n\t<meta name=\"twitter:data1\" content=\"2 minutter\" \/>\n<script type=\"application\/ld+json\" class=\"yoast-schema-graph\">{\"@context\":\"https:\/\/schema.org\",\"@graph\":[{\"@type\":\"WebPage\",\"@id\":\"https:\/\/www.usemb.nl\/da\/rejse-til-usa\/\",\"url\":\"https:\/\/www.usemb.nl\/da\/rejse-til-usa\/\",\"name\":\"Hvad er ESTA? - USA\",\"isPartOf\":{\"@id\":\"https:\/\/www.usemb.nl\/da\/#website\"},\"datePublished\":\"2022-05-20T10:03:27+00:00\",\"dateModified\":\"2025-01-30T08:45:00+00:00\",\"breadcrumb\":{\"@id\":\"https:\/\/www.usemb.nl\/da\/rejse-til-usa\/#breadcrumb\"},\"inLanguage\":\"da-DK\",\"potentialAction\":[{\"@type\":\"ReadAction\",\"target\":[\"https:\/\/www.usemb.nl\/da\/rejse-til-usa\/\"]}]},{\"@type\":\"BreadcrumbList\",\"@id\":\"https:\/\/www.usemb.nl\/da\/rejse-til-usa\/#breadcrumb\",\"itemListElement\":[{\"@type\":\"ListItem\",\"position\":1,\"name\":\"Home\",\"item\":\"https:\/\/www.usemb.nl\/da\/\"},{\"@type\":\"ListItem\",\"position\":2,\"name\":\"Hvad er ESTA?\"}]},{\"@type\":\"WebSite\",\"@id\":\"https:\/\/www.usemb.nl\/da\/#website\",\"url\":\"https:\/\/www.usemb.nl\/da\/\",\"name\":\"USA\",\"description\":\"United States of America\",\"potentialAction\":[{\"@type\":\"SearchAction\",\"target\":{\"@type\":\"EntryPoint\",\"urlTemplate\":\"https:\/\/www.usemb.nl\/da\/?s={search_term_string}\"},\"query-input\":{\"@type\":\"PropertyValueSpecification\",\"valueRequired\":true,\"valueName\":\"search_term_string\"}}],\"inLanguage\":\"da-DK\"}]}<\/script>\n<!-- \/ Yoast SEO plugin. -->","yoast_head_json":{"title":"Hvad er ESTA? - USA","robots":{"index":"index","follow":"follow","max-snippet":"max-snippet:-1","max-image-preview":"max-image-preview:large","max-video-preview":"max-video-preview:-1"},"canonical":"https:\/\/www.usemb.nl\/da\/rejse-til-usa\/","og_locale":"da_DK","og_type":"article","og_title":"Hvad er ESTA? - USA","og_description":"Elektronisk system til rejsetilladelse ESTA er en elektronisk rejsetilladelse til at rejse ind i USA. Det er obligatorisk, hvis du ankommer til s\u00f8s eller med fly, ogs\u00e5 n\u00e5r du er p\u00e5 transit gennem USA. Denne anmodning blev indf\u00f8rt for at lette procedurerne for indrejse i USA for statsborgere fra de 41 medlemslande i Waiver Visa [&hellip;]","og_url":"https:\/\/www.usemb.nl\/da\/rejse-til-usa\/","og_site_name":"USA","article_modified_time":"2025-01-30T08:45:00+00:00","twitter_card":"summary_large_image","twitter_misc":{"Estimeret l\u00e6setid":"2 minutter"},"schema":{"@context":"https:\/\/schema.org","@graph":[{"@type":"WebPage","@id":"https:\/\/www.usemb.nl\/da\/rejse-til-usa\/","url":"https:\/\/www.usemb.nl\/da\/rejse-til-usa\/","name":"Hvad er ESTA? - USA","isPartOf":{"@id":"https:\/\/www.usemb.nl\/da\/#website"},"datePublished":"2022-05-20T10:03:27+00:00","dateModified":"2025-01-30T08:45:00+00:00","breadcrumb":{"@id":"https:\/\/www.usemb.nl\/da\/rejse-til-usa\/#breadcrumb"},"inLanguage":"da-DK","potentialAction":[{"@type":"ReadAction","target":["https:\/\/www.usemb.nl\/da\/rejse-til-usa\/"]}]},{"@type":"BreadcrumbList","@id":"https:\/\/www.usemb.nl\/da\/rejse-til-usa\/#breadcrumb","itemListElement":[{"@type":"ListItem","position":1,"name":"Home","item":"https:\/\/www.usemb.nl\/da\/"},{"@type":"ListItem","position":2,"name":"Hvad er ESTA?"}]},{"@type":"WebSite","@id":"https:\/\/www.usemb.nl\/da\/#website","url":"https:\/\/www.usemb.nl\/da\/","name":"USA","description":"United States of America","potentialAction":[{"@type":"SearchAction","target":{"@type":"EntryPoint","urlTemplate":"https:\/\/www.usemb.nl\/da\/?s={search_term_string}"},"query-input":{"@type":"PropertyValueSpecification","valueRequired":true,"valueName":"search_term_string"}}],"inLanguage":"da-DK"}]}},"_links":{"self":[{"href":"https:\/\/www.usemb.nl\/da\/wp-json\/wp\/v2\/pages\/280","targetHints":{"allow":["GET"]}}],"collection":[{"href":"https:\/\/www.usemb.nl\/da\/wp-json\/wp\/v2\/pages"}],"about":[{"href":"https:\/\/www.usemb.nl\/da\/wp-json\/wp\/v2\/types\/page"}],"author":[{"embeddable":true,"href":"https:\/\/www.usemb.nl\/da\/wp-json\/wp\/v2\/users\/1"}],"replies":[{"embeddable":true,"href":"https:\/\/www.usemb.nl\/da\/wp-json\/wp\/v2\/comments?post=280"}],"version-history":[{"count":6,"href":"https:\/\/www.usemb.nl\/da\/wp-json\/wp\/v2\/pages\/280\/revisions"}],"predecessor-version":[{"id":631,"href":"https:\/\/www.usemb.nl\/da\/wp-json\/wp\/v2\/pages\/280\/revisions\/631"}],"wp:attachment":[{"href":"https:\/\/www.usemb.nl\/da\/wp-json\/wp\/v2\/media?parent=280"}],"curies":[{"name":"wp","href":"https:\/\/api.w.org\/{rel}","templated":true}]}}