{"id":278,"date":"2022-05-20T06:02:09","date_gmt":"2022-05-20T10:02:09","guid":{"rendered":"https:\/\/www.usemb.nl\/det-grundlaeggende-om-esta\/"},"modified":"2025-01-30T03:45:04","modified_gmt":"2025-01-30T08:45:04","slug":"det-grundlaeggende-om-esta","status":"publish","type":"page","link":"https:\/\/www.usemb.nl\/da\/det-grundlaeggende-om-esta\/","title":{"rendered":"Det grundl\u00e6ggende om ESTA"},"content":{"rendered":"\n<h1 class=\"wp-block-heading\">Hvor nyttig er ESTA<\/h1>\n\n<p>ESTA-erkl\u00e6ringen giver dig f\u00f8rst og fremmest mulighed for at frig\u00f8re dig fra en traditionel visumans\u00f8gning, hvis din rejse ikke overstiger 90 dage. Takket v\u00e6re Visa Waiver-programmet kan alle borgere i et af de 41 deltagende lande ans\u00f8ge om denne rejsetilladelse, f\u00f8r de rejser til USA. The ESTA allows to :<\/p>\n\n<ol class=\"wp-block-list\">\n<li>Tag p\u00e5 forretningsrejse: Deltag i m\u00f8der, underskriv kontrakter med partnere, men deltag ogs\u00e5 i kortvarig og ul\u00f8nnet tr\u00e6ning;<\/li>\n\n\n\n<li>Take a tourist trip: travel freely throughout the country, to participate in various cultural activities, to take courses provided that they do not issue credits to obtain a university degree.<\/li>\n<\/ol>\n\n<p>ESTA er et system, der blev indf\u00f8rt i 2009 for at give sikrere rejseforhold for rejsende og dermed styrke sikkerheden p\u00e5 amerikansk territorium. Behandlingsgebyrerne p\u00e5 21 USD bruges til at modernisere de allerede eksisterende sikkerhedssystemer, men ogs\u00e5 til at fremme turismen til USA. For at udfylde din ESTA-erkl\u00e6ring kan du gennemf\u00f8re processen p\u00e5 det <a href=\"https:\/\/esta.cbp.dhs.gov\/\">officielle amerikanske toldwebsted<\/a> eller drage fordel af fuld assistance ved at bruge en specialiseret formular.<\/p>\n\n<p>Visumfritagelsesprogrammet har inspireret flere andre lande rundt om i verden. I 2024 blev den britiske eTA-godkendelse lanceret for rejsende, der opholder sig mindre end 90 dage i Storbritannien. <\/p>\n\n<p>Hvis din ESTA-ans\u00f8gning af en eller anden grund bliver afvist, b\u00f8r du overveje at ans\u00f8ge om et amerikansk visum. Hvis du skal p\u00e5 turistrejse, kan du finde mere information online om B2-turistvisum. <\/p>\n\n<h2 class=\"wp-block-heading\">Funktioner i Homeland Security Department<\/h2>\n\n<p><a href=\"https:\/\/www.dhs.gov\/\">Department of Homeland Security<\/a> blev dannet i 2002 som svar p\u00e5 angrebene den 11. september for at \u00f8ge den indre sikkerhed i USA.<\/p>\n\n<p>Best\u00e5r af 15 f\u00f8derale agenturer og opererer under den amerikanske regerings regi. DHS&#8217;s funktioner er forskellige. Denne specifikke service sikrer blandt andet styringen af Visa Waiver Program (VWP). Rejsende, der \u00f8nsker at rejse til USA uden visum, skal udfylde en ESTA-formular, der omfatter flere sp\u00f8rgsm\u00e5l vedr\u00f8rende ans\u00f8gerens identitet, hans helbredstilstand, hans straffeattest \u2026 Disse svar sendes derefter til DHS, som beslutter om der skal gives ans\u00f8gers opholdstilladelse eller ej. Faktisk kan myndigheder, der \u00f8nsker at begr\u00e6nse terrortruslen s\u00e5 meget som muligt, i tilf\u00e6lde af en &#8220;risikofyldt&#8221; profil v\u00e6lge ikke at udstede dokumentet.<\/p>\n\n<h2 class=\"wp-block-heading\">Pas godkendt til ophold i USA<\/h2>\n\n<p>Hvis du planl\u00e6gger at tage til USA, skal du v\u00e6re opm\u00e6rksom p\u00e5, at du skal have et gyldigt pas, ellers vil boarding blive afvist. To typer pas accepteres i \u00f8jeblikket:<\/p>\n\n<ul class=\"wp-block-list\">\n<li>Elektronisk pas: brugt siden 2006, det indeholder en elektronisk chip. De registrerede oplysninger kan l\u00e6ses p\u00e5 kort afstand via en elektromagnetisk l\u00e6ser (navn, nationalitet, f\u00f8dselsdato, pasnummer).<\/li>\n\n\n\n<li>Det biometriske pas: sat i oml\u00f8b i 2009, det har en elektronisk chip, der indeholder flere oplysninger end det elektroniske pas: indehaverens foto og fingeraftryk er integreret. Denne nye version er blevet implementeret for yderligere at begr\u00e6nse risikoen for identitetstyveri.<\/li>\n<\/ul>\n\n<p>Et pas er gyldigt i 10 \u00e5r for voksne og 5 \u00e5r for mindre\u00e5rige. Hvis du ikke har et pas, eller er det udl\u00f8bet, s\u00e5 g\u00e5 til R\u00e5dhuset. Der kr\u00e6ves flere dokumenter:<\/p>\n\n<ul class=\"wp-block-list\">\n<li>Et identitetskort eller det gamle pas;<\/li>\n\n\n\n<li>Et gyldigt identitetsbillede;<\/li>\n\n\n\n<li>Bevis for adresse: original + fotokopi;<\/li>\n\n\n\n<li>Et forh\u00e5ndsanmodningsnummer eller den beh\u00f8rigt udfyldte anmodningsformular;<\/li>\n\n\n\n<li>Et skattem\u00e6rke.<\/li>\n<\/ul>\n\n<p>Folk, der bor i udlandet, skal ans\u00f8ge p\u00e5 konsulatet og betale et bel\u00f8b p\u00e5 96 euro.<br\/>F\u00f8r du rejser til USA, skal du ogs\u00e5 huske at kontrollere, at nummeret i dit pas er det samme som det, der er angivet p\u00e5 din ESTA. Hvis du har skiftet pas i mellemtiden, skal du ans\u00f8ge om ESTA igen.<\/p>\n","protected":false},"excerpt":{"rendered":"<p>Hvor nyttig er ESTA ESTA-erkl\u00e6ringen giver dig f\u00f8rst og fremmest mulighed for at frig\u00f8re dig fra en traditionel visumans\u00f8gning, hvis din rejse ikke overstiger 90 dage. Takket v\u00e6re Visa Waiver-programmet kan alle borgere i et af de 41 deltagende lande ans\u00f8ge om denne rejsetilladelse, f\u00f8r de rejser til USA. The ESTA allows to : ESTA [&hellip;]<\/p>\n","protected":false},"author":1,"featured_media":0,"parent":0,"menu_order":0,"comment_status":"closed","ping_status":"closed","template":"","meta":{"footnotes":""},"class_list":["post-278","page","type-page","status-publish","hentry"],"yoast_head":"<!-- This site is optimized with the Yoast SEO plugin v26.2 - https:\/\/yoast.com\/wordpress\/plugins\/seo\/ -->\n<title>Det grundl\u00e6ggende om ESTA - USA<\/title>\n<meta name=\"robots\" content=\"index, follow, max-snippet:-1, max-image-preview:large, max-video-preview:-1\" \/>\n<link rel=\"canonical\" href=\"https:\/\/www.usemb.nl\/da\/det-grundlaeggende-om-esta\/\" \/>\n<meta property=\"og:locale\" content=\"da_DK\" \/>\n<meta property=\"og:type\" content=\"article\" \/>\n<meta property=\"og:title\" content=\"Det grundl\u00e6ggende om ESTA - USA\" \/>\n<meta property=\"og:description\" content=\"Hvor nyttig er ESTA ESTA-erkl\u00e6ringen giver dig f\u00f8rst og fremmest mulighed for at frig\u00f8re dig fra en traditionel visumans\u00f8gning, hvis din rejse ikke overstiger 90 dage. Takket v\u00e6re Visa Waiver-programmet kan alle borgere i et af de 41 deltagende lande ans\u00f8ge om denne rejsetilladelse, f\u00f8r de rejser til USA. The ESTA allows to : ESTA [&hellip;]\" \/>\n<meta property=\"og:url\" content=\"https:\/\/www.usemb.nl\/da\/det-grundlaeggende-om-esta\/\" \/>\n<meta property=\"og:site_name\" content=\"USA\" \/>\n<meta property=\"article:modified_time\" content=\"2025-01-30T08:45:04+00:00\" \/>\n<meta name=\"twitter:card\" content=\"summary_large_image\" \/>\n<meta name=\"twitter:label1\" content=\"Estimeret l\u00e6setid\" \/>\n\t<meta name=\"twitter:data1\" content=\"3 minutter\" \/>\n<script type=\"application\/ld+json\" class=\"yoast-schema-graph\">{\"@context\":\"https:\/\/schema.org\",\"@graph\":[{\"@type\":\"WebPage\",\"@id\":\"https:\/\/www.usemb.nl\/da\/det-grundlaeggende-om-esta\/\",\"url\":\"https:\/\/www.usemb.nl\/da\/det-grundlaeggende-om-esta\/\",\"name\":\"Det grundl\u00e6ggende om ESTA - USA\",\"isPartOf\":{\"@id\":\"https:\/\/www.usemb.nl\/da\/#website\"},\"datePublished\":\"2022-05-20T10:02:09+00:00\",\"dateModified\":\"2025-01-30T08:45:04+00:00\",\"breadcrumb\":{\"@id\":\"https:\/\/www.usemb.nl\/da\/det-grundlaeggende-om-esta\/#breadcrumb\"},\"inLanguage\":\"da-DK\",\"potentialAction\":[{\"@type\":\"ReadAction\",\"target\":[\"https:\/\/www.usemb.nl\/da\/det-grundlaeggende-om-esta\/\"]}]},{\"@type\":\"BreadcrumbList\",\"@id\":\"https:\/\/www.usemb.nl\/da\/det-grundlaeggende-om-esta\/#breadcrumb\",\"itemListElement\":[{\"@type\":\"ListItem\",\"position\":1,\"name\":\"Home\",\"item\":\"https:\/\/www.usemb.nl\/da\/\"},{\"@type\":\"ListItem\",\"position\":2,\"name\":\"Det grundl\u00e6ggende om ESTA\"}]},{\"@type\":\"WebSite\",\"@id\":\"https:\/\/www.usemb.nl\/da\/#website\",\"url\":\"https:\/\/www.usemb.nl\/da\/\",\"name\":\"USA\",\"description\":\"United States of America\",\"potentialAction\":[{\"@type\":\"SearchAction\",\"target\":{\"@type\":\"EntryPoint\",\"urlTemplate\":\"https:\/\/www.usemb.nl\/da\/?s={search_term_string}\"},\"query-input\":{\"@type\":\"PropertyValueSpecification\",\"valueRequired\":true,\"valueName\":\"search_term_string\"}}],\"inLanguage\":\"da-DK\"}]}<\/script>\n<!-- \/ Yoast SEO plugin. -->","yoast_head_json":{"title":"Det grundl\u00e6ggende om ESTA - USA","robots":{"index":"index","follow":"follow","max-snippet":"max-snippet:-1","max-image-preview":"max-image-preview:large","max-video-preview":"max-video-preview:-1"},"canonical":"https:\/\/www.usemb.nl\/da\/det-grundlaeggende-om-esta\/","og_locale":"da_DK","og_type":"article","og_title":"Det grundl\u00e6ggende om ESTA - USA","og_description":"Hvor nyttig er ESTA ESTA-erkl\u00e6ringen giver dig f\u00f8rst og fremmest mulighed for at frig\u00f8re dig fra en traditionel visumans\u00f8gning, hvis din rejse ikke overstiger 90 dage. Takket v\u00e6re Visa Waiver-programmet kan alle borgere i et af de 41 deltagende lande ans\u00f8ge om denne rejsetilladelse, f\u00f8r de rejser til USA. The ESTA allows to : ESTA [&hellip;]","og_url":"https:\/\/www.usemb.nl\/da\/det-grundlaeggende-om-esta\/","og_site_name":"USA","article_modified_time":"2025-01-30T08:45:04+00:00","twitter_card":"summary_large_image","twitter_misc":{"Estimeret l\u00e6setid":"3 minutter"},"schema":{"@context":"https:\/\/schema.org","@graph":[{"@type":"WebPage","@id":"https:\/\/www.usemb.nl\/da\/det-grundlaeggende-om-esta\/","url":"https:\/\/www.usemb.nl\/da\/det-grundlaeggende-om-esta\/","name":"Det grundl\u00e6ggende om ESTA - USA","isPartOf":{"@id":"https:\/\/www.usemb.nl\/da\/#website"},"datePublished":"2022-05-20T10:02:09+00:00","dateModified":"2025-01-30T08:45:04+00:00","breadcrumb":{"@id":"https:\/\/www.usemb.nl\/da\/det-grundlaeggende-om-esta\/#breadcrumb"},"inLanguage":"da-DK","potentialAction":[{"@type":"ReadAction","target":["https:\/\/www.usemb.nl\/da\/det-grundlaeggende-om-esta\/"]}]},{"@type":"BreadcrumbList","@id":"https:\/\/www.usemb.nl\/da\/det-grundlaeggende-om-esta\/#breadcrumb","itemListElement":[{"@type":"ListItem","position":1,"name":"Home","item":"https:\/\/www.usemb.nl\/da\/"},{"@type":"ListItem","position":2,"name":"Det grundl\u00e6ggende om ESTA"}]},{"@type":"WebSite","@id":"https:\/\/www.usemb.nl\/da\/#website","url":"https:\/\/www.usemb.nl\/da\/","name":"USA","description":"United States of America","potentialAction":[{"@type":"SearchAction","target":{"@type":"EntryPoint","urlTemplate":"https:\/\/www.usemb.nl\/da\/?s={search_term_string}"},"query-input":{"@type":"PropertyValueSpecification","valueRequired":true,"valueName":"search_term_string"}}],"inLanguage":"da-DK"}]}},"_links":{"self":[{"href":"https:\/\/www.usemb.nl\/da\/wp-json\/wp\/v2\/pages\/278","targetHints":{"allow":["GET"]}}],"collection":[{"href":"https:\/\/www.usemb.nl\/da\/wp-json\/wp\/v2\/pages"}],"about":[{"href":"https:\/\/www.usemb.nl\/da\/wp-json\/wp\/v2\/types\/page"}],"author":[{"embeddable":true,"href":"https:\/\/www.usemb.nl\/da\/wp-json\/wp\/v2\/users\/1"}],"replies":[{"embeddable":true,"href":"https:\/\/www.usemb.nl\/da\/wp-json\/wp\/v2\/comments?post=278"}],"version-history":[{"count":12,"href":"https:\/\/www.usemb.nl\/da\/wp-json\/wp\/v2\/pages\/278\/revisions"}],"predecessor-version":[{"id":640,"href":"https:\/\/www.usemb.nl\/da\/wp-json\/wp\/v2\/pages\/278\/revisions\/640"}],"wp:attachment":[{"href":"https:\/\/www.usemb.nl\/da\/wp-json\/wp\/v2\/media?parent=278"}],"curies":[{"name":"wp","href":"https:\/\/api.w.org\/{rel}","templated":true}]}}