{"id":276,"date":"2022-05-20T06:01:40","date_gmt":"2022-05-20T10:01:40","guid":{"rendered":"https:\/\/www.usemb.nl\/hjem\/"},"modified":"2025-04-07T14:47:29","modified_gmt":"2025-04-07T18:47:29","slug":"hjem","status":"publish","type":"page","link":"https:\/\/www.usemb.nl\/da\/","title":{"rendered":"Hjem"},"content":{"rendered":"\t\t<div data-elementor-type=\"wp-page\" data-elementor-id=\"276\" class=\"elementor elementor-276 elementor-39\" data-elementor-post-type=\"page\">\n\t\t\t\t\t\t<section class=\"elementor-section elementor-top-section elementor-element elementor-element-0f7719f elementor-section-boxed elementor-section-height-default elementor-section-height-default\" data-id=\"0f7719f\" data-element_type=\"section\">\n\t\t\t\t\t\t<div class=\"elementor-container elementor-column-gap-default\">\n\t\t\t\t\t<div class=\"elementor-column elementor-col-100 elementor-top-column elementor-element elementor-element-c4cdb2c\" data-id=\"c4cdb2c\" data-element_type=\"column\">\n\t\t\t<div class=\"elementor-widget-wrap elementor-element-populated\">\n\t\t\t\t\t\t<div class=\"elementor-element elementor-element-5e446b2 elementor-widget elementor-widget-image\" data-id=\"5e446b2\" data-element_type=\"widget\" data-widget_type=\"image.default\">\n\t\t\t\t<div class=\"elementor-widget-container\">\n\t\t\t\t\t\t\t\t\t\t\t\t\t\t\t<img fetchpriority=\"high\" decoding=\"async\" width=\"2048\" height=\"318\" src=\"https:\/\/www.usemb.nl\/wp-content\/uploads\/2022\/05\/usa-visa-image.jpg\" class=\"attachment-full size-full wp-image-302\" alt=\"Amerikansk visum til USA\" srcset=\"https:\/\/www.usemb.nl\/wp-content\/uploads\/2022\/05\/usa-visa-image.jpg 2048w, https:\/\/www.usemb.nl\/wp-content\/uploads\/2022\/05\/usa-visa-image-300x47.jpg 300w, https:\/\/www.usemb.nl\/wp-content\/uploads\/2022\/05\/usa-visa-image-1024x159.jpg 1024w, https:\/\/www.usemb.nl\/wp-content\/uploads\/2022\/05\/usa-visa-image-768x119.jpg 768w, https:\/\/www.usemb.nl\/wp-content\/uploads\/2022\/05\/usa-visa-image-1536x239.jpg 1536w\" sizes=\"(max-width: 2048px) 100vw, 2048px\" \/>\t\t\t\t\t\t\t\t\t\t\t\t\t\t\t<\/div>\n\t\t\t\t<\/div>\n\t\t\t\t\t<\/div>\n\t\t<\/div>\n\t\t\t\t\t<\/div>\n\t\t<\/section>\n\t\t\t\t<section class=\"elementor-section elementor-top-section elementor-element elementor-element-bef3891 elementor-section-boxed elementor-section-height-default elementor-section-height-default\" data-id=\"bef3891\" data-element_type=\"section\">\n\t\t\t\t\t\t<div class=\"elementor-container elementor-column-gap-default\">\n\t\t\t\t\t<div class=\"elementor-column elementor-col-100 elementor-top-column elementor-element elementor-element-31ee7ae\" data-id=\"31ee7ae\" data-element_type=\"column\">\n\t\t\t<div class=\"elementor-widget-wrap elementor-element-populated\">\n\t\t\t\t\t\t<div class=\"elementor-element elementor-element-d91e52a elementor-widget elementor-widget-heading\" data-id=\"d91e52a\" data-element_type=\"widget\" data-widget_type=\"heading.default\">\n\t\t\t\t<div class=\"elementor-widget-container\">\n\t\t\t\t\t<h1 class=\"elementor-heading-title elementor-size-default\">Rejser til USA<\/h1>\t\t\t\t<\/div>\n\t\t\t\t<\/div>\n\t\t\t\t\t<\/div>\n\t\t<\/div>\n\t\t\t\t\t<\/div>\n\t\t<\/section>\n\t\t\t\t<section class=\"elementor-section elementor-top-section elementor-element elementor-element-71e9513 elementor-section-boxed elementor-section-height-default elementor-section-height-default\" data-id=\"71e9513\" data-element_type=\"section\">\n\t\t\t\t\t\t<div class=\"elementor-container elementor-column-gap-default\">\n\t\t\t\t\t<div class=\"elementor-column elementor-col-100 elementor-top-column elementor-element elementor-element-df07416\" data-id=\"df07416\" data-element_type=\"column\">\n\t\t\t<div class=\"elementor-widget-wrap elementor-element-populated\">\n\t\t\t\t\t\t<div class=\"elementor-element elementor-element-c1e32ad elementor-widget elementor-widget-text-editor\" data-id=\"c1e32ad\" data-element_type=\"widget\" data-widget_type=\"text-editor.default\">\n\t\t\t\t<div class=\"elementor-widget-container\">\n\t\t\t\t\t\t\t\t\t<p>Rejser til USA kr\u00e6ver at v\u00e6re opm\u00e6rksom p\u00e5 de sidste krav. Du b\u00f8r kontakte den amerikanske ambassade for at f\u00e5 opdateret situationsoplysninger. Regler vedr\u00f8rende udl\u00e6ndinge, der rejser til USA, \u00e6ndres ofte med kort forsinkelse. <\/p>\t\t\t\t\t\t\t\t<\/div>\n\t\t\t\t<\/div>\n\t\t\t\t\t<\/div>\n\t\t<\/div>\n\t\t\t\t\t<\/div>\n\t\t<\/section>\n\t\t\t\t<section class=\"elementor-section elementor-top-section elementor-element elementor-element-907ce81 elementor-section-boxed elementor-section-height-default elementor-section-height-default\" data-id=\"907ce81\" data-element_type=\"section\">\n\t\t\t\t\t\t<div class=\"elementor-container elementor-column-gap-default\">\n\t\t\t\t\t<div class=\"elementor-column elementor-col-100 elementor-top-column elementor-element elementor-element-17535b7\" data-id=\"17535b7\" data-element_type=\"column\">\n\t\t\t<div class=\"elementor-widget-wrap elementor-element-populated\">\n\t\t\t\t\t\t<div class=\"elementor-element elementor-element-18fed13 elementor-widget elementor-widget-text-editor\" data-id=\"18fed13\" data-element_type=\"widget\" data-widget_type=\"text-editor.default\">\n\t\t\t\t<div class=\"elementor-widget-container\">\n\t\t\t\t\t\t\t\t\t<h2>USA&#8217;s ambassade<\/h2><p>Den amerikanske <span style=\"text-decoration: underline;\"><a href=\"https:\/\/nl.usembassy.gov\/\">Den amerikanske ambassade<\/a><\/span> er ansvarlig for forbindelserne mellem USA og Holland. De arbejder aktivt for at fremme samarbejdet om forskellige internationale form\u00e5l og styrke USA&#8217;s <span style=\"color: var( --e-global-color-text ); font-family: var( --e-global-typography-text-font-family ), Sans-serif; font-weight: var( --e-global-typography-text-font-weight ); font-size: 1rem;\">ambassade i alle lande i EU som en st\u00e6rk international partner for \u00f8konomiske m\u00e5l.<\/span><\/p><p>Den amerikanske ambassade i Haag har ingen konsul\u00e6re afdelinger. Der er et amerikansk konsulat i Amsterdam, som leverer tjenester til den amerikanske befolkning i Nederlandene.<\/p>\t\t\t\t\t\t\t\t<\/div>\n\t\t\t\t<\/div>\n\t\t\t\t\t<\/div>\n\t\t<\/div>\n\t\t\t\t\t<\/div>\n\t\t<\/section>\n\t\t\t\t<section class=\"elementor-section elementor-top-section elementor-element elementor-element-6ad2359 elementor-section-boxed elementor-section-height-default elementor-section-height-default\" data-id=\"6ad2359\" data-element_type=\"section\">\n\t\t\t\t\t\t<div class=\"elementor-container elementor-column-gap-default\">\n\t\t\t\t\t<div class=\"elementor-column elementor-col-50 elementor-top-column elementor-element elementor-element-c3f4328\" data-id=\"c3f4328\" data-element_type=\"column\">\n\t\t\t<div class=\"elementor-widget-wrap elementor-element-populated\">\n\t\t\t\t\t\t<div class=\"elementor-element elementor-element-ce0de21 elementor-widget elementor-widget-text-editor\" data-id=\"ce0de21\" data-element_type=\"widget\" data-widget_type=\"text-editor.default\">\n\t\t\t\t<div class=\"elementor-widget-container\">\n\t\t\t\t\t\t\t\t\t<h2>USA&#8217;s ambassade i Holland<\/h2><p>Den <strong>amerikanske ambassade i Holland,<\/strong> der ligger i Haag, er et vigtigt kontaktpunkt for hollandske borgere og amerikanske statsborgere, der bor i eller bes\u00f8ger Holland. Denne hjemmeside indeholder detaljerede oplysninger om ambassadens tjenester, betingelserne for at rejse til USA og det historiske forhold mellem Holland og USA. <\/p>\t\t\t\t\t\t\t\t<\/div>\n\t\t\t\t<\/div>\n\t\t\t\t\t<\/div>\n\t\t<\/div>\n\t\t\t\t<div class=\"elementor-column elementor-col-50 elementor-top-column elementor-element elementor-element-e48fb14\" data-id=\"e48fb14\" data-element_type=\"column\">\n\t\t\t<div class=\"elementor-widget-wrap elementor-element-populated\">\n\t\t\t\t\t\t<div class=\"elementor-element elementor-element-6454c44 elementor-widget elementor-widget-text-editor\" data-id=\"6454c44\" data-element_type=\"widget\" data-widget_type=\"text-editor.default\">\n\t\t\t\t<div class=\"elementor-widget-container\">\n\t\t\t\t\t\t\t\t\t<h2>Placering og kontaktoplysninger<\/h2><p>Den amerikanske ambassade i Holland ligger i Haag.<\/p><ul><li><strong>Adresse<\/strong>: John Adams Park 1, 2244 BZ, Wassenaar.<\/li><li><strong>Telefon<\/strong>: +31 70 310 2209: +31 70 310 2209.<\/li><li><strong>E-mail<\/strong>: Kontakt via den officielle hjemmeside.<\/li><li><strong>Hjemmeside:<\/strong> Bes\u00f8g den <span style=\"text-decoration: underline;\"><a href=\"https:\/\/nl.usembassy.gov\/\" target=\"_new\" rel=\"noopener\">den amerikanske ambassades officielle hjemmeside<\/a><\/span> for de seneste opdateringer.<\/li><\/ul><h2>\u00c5bningstider<\/h2><ul><li>Mandag til fredag: 8:30 &#8211; 17:00.<\/li><li>Lukket i weekender og p\u00e5 officielle amerikanske og hollandske helligdage.<\/li><\/ul>\t\t\t\t\t\t\t\t<\/div>\n\t\t\t\t<\/div>\n\t\t\t\t\t<\/div>\n\t\t<\/div>\n\t\t\t\t\t<\/div>\n\t\t<\/section>\n\t\t\t\t<section class=\"elementor-section elementor-top-section elementor-element elementor-element-ae80f05 elementor-section-boxed elementor-section-height-default elementor-section-height-default\" data-id=\"ae80f05\" data-element_type=\"section\">\n\t\t\t\t\t\t<div class=\"elementor-container elementor-column-gap-default\">\n\t\t\t\t\t<div class=\"elementor-column elementor-col-100 elementor-top-column elementor-element elementor-element-48ceb10\" data-id=\"48ceb10\" data-element_type=\"column\">\n\t\t\t<div class=\"elementor-widget-wrap elementor-element-populated\">\n\t\t\t\t\t\t<div class=\"elementor-element elementor-element-cba6da5 elementor-widget elementor-widget-heading\" data-id=\"cba6da5\" data-element_type=\"widget\" data-widget_type=\"heading.default\">\n\t\t\t\t<div class=\"elementor-widget-container\">\n\t\t\t\t\t<h2 class=\"elementor-heading-title elementor-size-default\">Tjenester tilbudt af den amerikanske ambassade<\/h2>\t\t\t\t<\/div>\n\t\t\t\t<\/div>\n\t\t\t\t\t<\/div>\n\t\t<\/div>\n\t\t\t\t\t<\/div>\n\t\t<\/section>\n\t\t\t\t<section class=\"elementor-section elementor-top-section elementor-element elementor-element-5e528fb elementor-section-boxed elementor-section-height-default elementor-section-height-default\" data-id=\"5e528fb\" data-element_type=\"section\">\n\t\t\t\t\t\t<div class=\"elementor-container elementor-column-gap-default\">\n\t\t\t\t\t<div class=\"elementor-column elementor-col-100 elementor-top-column elementor-element elementor-element-c53100a\" data-id=\"c53100a\" data-element_type=\"column\">\n\t\t\t<div class=\"elementor-widget-wrap elementor-element-populated\">\n\t\t\t\t\t\t<div class=\"elementor-element elementor-element-d1f17e9 elementor-widget elementor-widget-text-editor\" data-id=\"d1f17e9\" data-element_type=\"widget\" data-widget_type=\"text-editor.default\">\n\t\t\t\t<div class=\"elementor-widget-container\">\n\t\t\t\t\t\t\t\t\t<p>  Ambassaden tilbyder en bred vifte af tjenester til b\u00e5de amerikanske og hollandske statsborgere:<\/p><h3><strong>1. Tjenester til amerikanske borgere<\/strong><\/h3><ul><li><strong>Passervice<\/strong>: Forny eller udskift dit amerikanske pas.<\/li><li><strong>Notarial service<\/strong>: Notarisering af juridiske dokumenter.<\/li><li><strong>N\u00f8dhj\u00e6lp<\/strong>: St\u00f8tte til amerikanske statsborgere i n\u00f8d.<\/li><\/ul><h3> <\/h3><h3><strong>2. Visumservice for hollandske statsborgere<\/strong><\/h3><p>Ambassaden behandler visumans\u00f8gninger for dem, der rejser til USA for:<\/p><ul><li><a href=\"https:\/\/www.usemb.nl\/da\/visumservice-for-hollandske-statsborgere-paa-den-amerikanske-ambassade-i-holland\/\">Turisme- eller forretningsvisum B1\/B2<\/a>.<\/li><li><strong>Arbejde eller studier<\/strong>: Herunder H-1B-, F-1- og J-1-visa.<\/li><li><strong>Immigrationsvisum<\/strong>: Til dem, der flytter permanent til USA.<\/li><\/ul><div><br>Det er ogs\u00e5 muligt at <a href=\"https:\/\/www.usemb.nl\/da\/forny-usa-besoeg-i-nederlandene\/\">forny et amerikansk visum fra Holland.<\/a><\/div><div> <\/div><h3><strong>3. Uddannelses- og kulturprogrammer<\/strong><\/h3><ul><li>Stipendier og udvekslingsprogrammer som <strong>Fulbright<\/strong>.<\/li><li>St\u00f8tte til kulturelle samarbejder mellem USA og Holland.<\/li><\/ul>\t\t\t\t\t\t\t\t<\/div>\n\t\t\t\t<\/div>\n\t\t\t\t\t<\/div>\n\t\t<\/div>\n\t\t\t\t\t<\/div>\n\t\t<\/section>\n\t\t\t\t<section class=\"elementor-section elementor-top-section elementor-element elementor-element-0a852d1 elementor-section-boxed elementor-section-height-default elementor-section-height-default\" data-id=\"0a852d1\" data-element_type=\"section\">\n\t\t\t\t\t\t<div class=\"elementor-container elementor-column-gap-default\">\n\t\t\t\t\t<div class=\"elementor-column elementor-col-100 elementor-top-column elementor-element elementor-element-81f6366\" data-id=\"81f6366\" data-element_type=\"column\">\n\t\t\t<div class=\"elementor-widget-wrap elementor-element-populated\">\n\t\t\t\t\t\t<div class=\"elementor-element elementor-element-65d49dd elementor-widget elementor-widget-heading\" data-id=\"65d49dd\" data-element_type=\"widget\" data-widget_type=\"heading.default\">\n\t\t\t\t<div class=\"elementor-widget-container\">\n\t\t\t\t\t<h2 class=\"elementor-heading-title elementor-size-default\">Historien om forholdet mellem USA og Holland<\/h2>\t\t\t\t<\/div>\n\t\t\t\t<\/div>\n\t\t\t\t\t<\/div>\n\t\t<\/div>\n\t\t\t\t\t<\/div>\n\t\t<\/section>\n\t\t\t\t<section class=\"elementor-section elementor-top-section elementor-element elementor-element-8edf6bf elementor-section-boxed elementor-section-height-default elementor-section-height-default\" data-id=\"8edf6bf\" data-element_type=\"section\">\n\t\t\t\t\t\t<div class=\"elementor-container elementor-column-gap-default\">\n\t\t\t\t\t<div class=\"elementor-column elementor-col-100 elementor-top-column elementor-element elementor-element-692661e\" data-id=\"692661e\" data-element_type=\"column\">\n\t\t\t<div class=\"elementor-widget-wrap elementor-element-populated\">\n\t\t\t\t\t\t<div class=\"elementor-element elementor-element-2c84039 elementor-widget elementor-widget-text-editor\" data-id=\"2c84039\" data-element_type=\"widget\" data-widget_type=\"text-editor.default\">\n\t\t\t\t<div class=\"elementor-widget-container\">\n\t\t\t\t\t\t\t\t\t<p>Partnerskabet mellem USA og Holland har sine r\u00f8dder i den amerikanske revolution, hvor Holland tilb\u00f8d sin st\u00f8tte.<\/p>\n<p>De diplomatiske forbindelser mellem de to lande blev officielt etableret i 1782, hvilket markerer et af de \u00e6ldste kontinuerlige bilaterale forhold for USA. Disse st\u00e6rke b\u00e5nd er bygget p\u00e5 f\u00e6lles historie, kultur og en gensidig forpligtelse til individuel frihed og menneskerettigheder. <\/p>\n<p>USA og Holland har samme syn p\u00e5 mange vigtige sp\u00f8rgsm\u00e5l og samarbejder b\u00e5de bilateralt og inden for internationale organisationer som FN og NATO.<\/p>\t\t\t\t\t\t\t\t<\/div>\n\t\t\t\t<\/div>\n\t\t\t\t\t<\/div>\n\t\t<\/div>\n\t\t\t\t\t<\/div>\n\t\t<\/section>\n\t\t\t\t<section class=\"elementor-section elementor-top-section elementor-element elementor-element-1922d4d elementor-section-boxed elementor-section-height-default elementor-section-height-default\" data-id=\"1922d4d\" data-element_type=\"section\">\n\t\t\t\t\t\t<div class=\"elementor-container elementor-column-gap-default\">\n\t\t\t\t\t<div class=\"elementor-column elementor-col-100 elementor-top-column elementor-element elementor-element-06748f3\" data-id=\"06748f3\" data-element_type=\"column\">\n\t\t\t<div class=\"elementor-widget-wrap elementor-element-populated\">\n\t\t\t\t\t\t<div class=\"elementor-element elementor-element-482ff2a elementor-widget elementor-widget-heading\" data-id=\"482ff2a\" data-element_type=\"widget\" data-widget_type=\"heading.default\">\n\t\t\t\t<div class=\"elementor-widget-container\">\n\t\t\t\t\t<h2 class=\"elementor-heading-title elementor-size-default\">\u00c6ndringer i rejsereglerne mellem USA og Holland<\/h2>\t\t\t\t<\/div>\n\t\t\t\t<\/div>\n\t\t\t\t\t<\/div>\n\t\t<\/div>\n\t\t\t\t\t<\/div>\n\t\t<\/section>\n\t\t\t\t<section class=\"elementor-section elementor-top-section elementor-element elementor-element-a710781 elementor-section-boxed elementor-section-height-default elementor-section-height-default\" data-id=\"a710781\" data-element_type=\"section\">\n\t\t\t\t\t\t<div class=\"elementor-container elementor-column-gap-default\">\n\t\t\t\t\t<div class=\"elementor-column elementor-col-100 elementor-top-column elementor-element elementor-element-9a8705b\" data-id=\"9a8705b\" data-element_type=\"column\">\n\t\t\t<div class=\"elementor-widget-wrap elementor-element-populated\">\n\t\t\t\t\t\t<div class=\"elementor-element elementor-element-806f117 elementor-widget elementor-widget-text-editor\" data-id=\"806f117\" data-element_type=\"widget\" data-widget_type=\"text-editor.default\">\n\t\t\t\t<div class=\"elementor-widget-container\">\n\t\t\t\t\t\t\t\t\t<p>Fra slutningen af 2025 skal amerikanske statsborgere have en <a href=\"https:\/\/etias-eu.net\/en\/etias-netherlands\/\">ETIAS-godkendelse, f\u00f8r de rejser til Holland<\/a>. Mens amerikanere traditionelt har haft visumfri indrejse for korte ophold, vil det kommende ETIAS-system indf\u00f8re en ny forudg\u00e5ende screeningsproces, der ligner den, som USA har h\u00e5ndh\u00e6vet i \u00e5revis med ESTA (Electronic System for Travel Authorization). <\/p><p>Denne \u00e6ndring afspejler den gensidige tilgang til rejsesikkerhed, som EU har vedtaget. Siden 2009 har rejsende fra Europa skullet ans\u00f8ge om en ESTA, f\u00f8r de kunne flyve til USA. Nu skal amerikanerne ogs\u00e5 registrere sig online f\u00f8r deres rejse, betale et mindre gebyr og modtage godkendelse, f\u00f8r de g\u00e5r om bord p\u00e5 deres fly til Holland eller et andet land i Schengen-omr\u00e5det.  <\/p><p>Selvom ETIAS ikke er et visum, vil det v\u00e6re obligatorisk for alle korttidsbes\u00f8gende fra lande, der er fritaget for visum. For amerikanske turister, forretningsrejsende eller dem, der bes\u00f8ger venner og familie i Holland, betyder det, at de skal planl\u00e6gge i god tid og sikre sig ETIAS-godkendelse inden afrejse. Processen forventes at v\u00e6re hurtig og gyldig for flere indrejser i l\u00f8bet af en tre\u00e5rig periode.  <\/p>\t\t\t\t\t\t\t\t<\/div>\n\t\t\t\t<\/div>\n\t\t\t\t\t<\/div>\n\t\t<\/div>\n\t\t\t\t\t<\/div>\n\t\t<\/section>\n\t\t\t\t<\/div>\n\t\t","protected":false},"excerpt":{"rendered":"<p>Rejser til USA Rejser til USA kr\u00e6ver at v\u00e6re opm\u00e6rksom p\u00e5 de sidste krav. Du b\u00f8r kontakte den amerikanske ambassade for at f\u00e5 opdateret situationsoplysninger. Regler vedr\u00f8rende udl\u00e6ndinge, der rejser til USA, \u00e6ndres ofte med kort forsinkelse. USA&#8217;s ambassade Den amerikanske Den amerikanske ambassade er ansvarlig for forbindelserne mellem USA og Holland. De arbejder aktivt [&hellip;]<\/p>\n","protected":false},"author":1,"featured_media":0,"parent":0,"menu_order":0,"comment_status":"closed","ping_status":"closed","template":"","meta":{"footnotes":""},"class_list":["post-276","page","type-page","status-publish","hentry"],"yoast_head":"<!-- This site is optimized with the Yoast SEO plugin v26.2 - https:\/\/yoast.com\/wordpress\/plugins\/seo\/ -->\n<title>Hjem - USA<\/title>\n<meta name=\"robots\" content=\"index, follow, max-snippet:-1, max-image-preview:large, max-video-preview:-1\" \/>\n<link rel=\"canonical\" href=\"https:\/\/www.usemb.nl\/da\/\" \/>\n<meta property=\"og:locale\" content=\"da_DK\" \/>\n<meta property=\"og:type\" content=\"article\" \/>\n<meta property=\"og:title\" content=\"Hjem - USA\" \/>\n<meta property=\"og:description\" content=\"Rejser til USA Rejser til USA kr\u00e6ver at v\u00e6re opm\u00e6rksom p\u00e5 de sidste krav. Du b\u00f8r kontakte den amerikanske ambassade for at f\u00e5 opdateret situationsoplysninger. Regler vedr\u00f8rende udl\u00e6ndinge, der rejser til USA, \u00e6ndres ofte med kort forsinkelse. USA&#8217;s ambassade Den amerikanske Den amerikanske ambassade er ansvarlig for forbindelserne mellem USA og Holland. De arbejder aktivt [&hellip;]\" \/>\n<meta property=\"og:url\" content=\"https:\/\/www.usemb.nl\/da\/\" \/>\n<meta property=\"og:site_name\" content=\"USA\" \/>\n<meta property=\"article:modified_time\" content=\"2025-04-07T18:47:29+00:00\" \/>\n<meta property=\"og:image\" content=\"https:\/\/www.usemb.nl\/wp-content\/uploads\/2022\/05\/usa-visa-image.jpg\" \/>\n<meta name=\"twitter:card\" content=\"summary_large_image\" \/>\n<meta name=\"twitter:label1\" content=\"Estimeret l\u00e6setid\" \/>\n\t<meta name=\"twitter:data1\" content=\"3 minutter\" \/>\n<script type=\"application\/ld+json\" class=\"yoast-schema-graph\">{\"@context\":\"https:\/\/schema.org\",\"@graph\":[{\"@type\":\"WebPage\",\"@id\":\"https:\/\/www.usemb.nl\/da\/\",\"url\":\"https:\/\/www.usemb.nl\/da\/\",\"name\":\"Hjem - USA\",\"isPartOf\":{\"@id\":\"https:\/\/www.usemb.nl\/da\/#website\"},\"primaryImageOfPage\":{\"@id\":\"https:\/\/www.usemb.nl\/da\/#primaryimage\"},\"image\":{\"@id\":\"https:\/\/www.usemb.nl\/da\/#primaryimage\"},\"thumbnailUrl\":\"https:\/\/www.usemb.nl\/wp-content\/uploads\/2022\/05\/usa-visa-image.jpg\",\"datePublished\":\"2022-05-20T10:01:40+00:00\",\"dateModified\":\"2025-04-07T18:47:29+00:00\",\"breadcrumb\":{\"@id\":\"https:\/\/www.usemb.nl\/da\/#breadcrumb\"},\"inLanguage\":\"da-DK\",\"potentialAction\":[{\"@type\":\"ReadAction\",\"target\":[\"https:\/\/www.usemb.nl\/da\/\"]}]},{\"@type\":\"ImageObject\",\"inLanguage\":\"da-DK\",\"@id\":\"https:\/\/www.usemb.nl\/da\/#primaryimage\",\"url\":\"https:\/\/www.usemb.nl\/wp-content\/uploads\/2022\/05\/usa-visa-image.jpg\",\"contentUrl\":\"https:\/\/www.usemb.nl\/wp-content\/uploads\/2022\/05\/usa-visa-image.jpg\"},{\"@type\":\"BreadcrumbList\",\"@id\":\"https:\/\/www.usemb.nl\/da\/#breadcrumb\",\"itemListElement\":[{\"@type\":\"ListItem\",\"position\":1,\"name\":\"Home\",\"item\":\"https:\/\/www.usemb.nl\/da\/\"},{\"@type\":\"ListItem\",\"position\":2,\"name\":\"Hjem\"}]},{\"@type\":\"WebSite\",\"@id\":\"https:\/\/www.usemb.nl\/da\/#website\",\"url\":\"https:\/\/www.usemb.nl\/da\/\",\"name\":\"USA\",\"description\":\"United States of America\",\"potentialAction\":[{\"@type\":\"SearchAction\",\"target\":{\"@type\":\"EntryPoint\",\"urlTemplate\":\"https:\/\/www.usemb.nl\/da\/?s={search_term_string}\"},\"query-input\":{\"@type\":\"PropertyValueSpecification\",\"valueRequired\":true,\"valueName\":\"search_term_string\"}}],\"inLanguage\":\"da-DK\"}]}<\/script>\n<!-- \/ Yoast SEO plugin. -->","yoast_head_json":{"title":"Hjem - USA","robots":{"index":"index","follow":"follow","max-snippet":"max-snippet:-1","max-image-preview":"max-image-preview:large","max-video-preview":"max-video-preview:-1"},"canonical":"https:\/\/www.usemb.nl\/da\/","og_locale":"da_DK","og_type":"article","og_title":"Hjem - USA","og_description":"Rejser til USA Rejser til USA kr\u00e6ver at v\u00e6re opm\u00e6rksom p\u00e5 de sidste krav. Du b\u00f8r kontakte den amerikanske ambassade for at f\u00e5 opdateret situationsoplysninger. Regler vedr\u00f8rende udl\u00e6ndinge, der rejser til USA, \u00e6ndres ofte med kort forsinkelse. USA&#8217;s ambassade Den amerikanske Den amerikanske ambassade er ansvarlig for forbindelserne mellem USA og Holland. De arbejder aktivt [&hellip;]","og_url":"https:\/\/www.usemb.nl\/da\/","og_site_name":"USA","article_modified_time":"2025-04-07T18:47:29+00:00","og_image":[{"url":"https:\/\/www.usemb.nl\/wp-content\/uploads\/2022\/05\/usa-visa-image.jpg","type":"","width":"","height":""}],"twitter_card":"summary_large_image","twitter_misc":{"Estimeret l\u00e6setid":"3 minutter"},"schema":{"@context":"https:\/\/schema.org","@graph":[{"@type":"WebPage","@id":"https:\/\/www.usemb.nl\/da\/","url":"https:\/\/www.usemb.nl\/da\/","name":"Hjem - USA","isPartOf":{"@id":"https:\/\/www.usemb.nl\/da\/#website"},"primaryImageOfPage":{"@id":"https:\/\/www.usemb.nl\/da\/#primaryimage"},"image":{"@id":"https:\/\/www.usemb.nl\/da\/#primaryimage"},"thumbnailUrl":"https:\/\/www.usemb.nl\/wp-content\/uploads\/2022\/05\/usa-visa-image.jpg","datePublished":"2022-05-20T10:01:40+00:00","dateModified":"2025-04-07T18:47:29+00:00","breadcrumb":{"@id":"https:\/\/www.usemb.nl\/da\/#breadcrumb"},"inLanguage":"da-DK","potentialAction":[{"@type":"ReadAction","target":["https:\/\/www.usemb.nl\/da\/"]}]},{"@type":"ImageObject","inLanguage":"da-DK","@id":"https:\/\/www.usemb.nl\/da\/#primaryimage","url":"https:\/\/www.usemb.nl\/wp-content\/uploads\/2022\/05\/usa-visa-image.jpg","contentUrl":"https:\/\/www.usemb.nl\/wp-content\/uploads\/2022\/05\/usa-visa-image.jpg"},{"@type":"BreadcrumbList","@id":"https:\/\/www.usemb.nl\/da\/#breadcrumb","itemListElement":[{"@type":"ListItem","position":1,"name":"Home","item":"https:\/\/www.usemb.nl\/da\/"},{"@type":"ListItem","position":2,"name":"Hjem"}]},{"@type":"WebSite","@id":"https:\/\/www.usemb.nl\/da\/#website","url":"https:\/\/www.usemb.nl\/da\/","name":"USA","description":"United States of America","potentialAction":[{"@type":"SearchAction","target":{"@type":"EntryPoint","urlTemplate":"https:\/\/www.usemb.nl\/da\/?s={search_term_string}"},"query-input":{"@type":"PropertyValueSpecification","valueRequired":true,"valueName":"search_term_string"}}],"inLanguage":"da-DK"}]}},"_links":{"self":[{"href":"https:\/\/www.usemb.nl\/da\/wp-json\/wp\/v2\/pages\/276","targetHints":{"allow":["GET"]}}],"collection":[{"href":"https:\/\/www.usemb.nl\/da\/wp-json\/wp\/v2\/pages"}],"about":[{"href":"https:\/\/www.usemb.nl\/da\/wp-json\/wp\/v2\/types\/page"}],"author":[{"embeddable":true,"href":"https:\/\/www.usemb.nl\/da\/wp-json\/wp\/v2\/users\/1"}],"replies":[{"embeddable":true,"href":"https:\/\/www.usemb.nl\/da\/wp-json\/wp\/v2\/comments?post=276"}],"version-history":[{"count":12,"href":"https:\/\/www.usemb.nl\/da\/wp-json\/wp\/v2\/pages\/276\/revisions"}],"predecessor-version":[{"id":898,"href":"https:\/\/www.usemb.nl\/da\/wp-json\/wp\/v2\/pages\/276\/revisions\/898"}],"wp:attachment":[{"href":"https:\/\/www.usemb.nl\/da\/wp-json\/wp\/v2\/media?parent=276"}],"curies":[{"name":"wp","href":"https:\/\/api.w.org\/{rel}","templated":true}]}}